{"id":17527,"date":"2022-06-28T02:59:39","date_gmt":"2022-06-28T02:59:39","guid":{"rendered":"https:\/\/zecovalve.com\/?post_type=product&#038;p=17527"},"modified":"2023-06-15T13:15:47","modified_gmt":"2023-06-15T13:15:47","slug":"pressure-seal-gate-valve","status":"publish","type":"product","link":"https:\/\/zecovalve.com\/tr\/urun\/pressure-seal-gate-valve","title":{"rendered":"Bas\u0131n\u00e7 Contal\u0131 S\u00fcrg\u00fcl\u00fc Vana"},"content":{"rendered":"<div class=\"col-xs-12\">\n<div class=\"rbt\">\n<p>&nbsp;<\/p>\n<\/div>\n<\/div>\n<div class=\"text\">\n<div id=\"productdetail\">\n<div id=\"productdetail_img\" class=\"col-md-5 col-sm-6 col-xs-12\">\n<p><img loading=\"lazy\" decoding=\"async\" class=\"size-medium wp-image-17928\" src=\"https:\/\/zecovalve.com\/wp-content\/uploads\/2022\/06\/Pressure-Seal-Gate-Valve-300x225.jpg\" alt=\"Bas\u0131n\u00e7 Contal\u0131 S\u00fcrg\u00fcl\u00fc Vana\" width=\"300\" height=\"225\" srcset=\"https:\/\/zecovalve.com\/wp-content\/uploads\/2022\/06\/Pressure-Seal-Gate-Valve-300x225.jpg 300w, https:\/\/zecovalve.com\/wp-content\/uploads\/2022\/06\/Pressure-Seal-Gate-Valve-768x576.jpg 768w, https:\/\/zecovalve.com\/wp-content\/uploads\/2022\/06\/Pressure-Seal-Gate-Valve-600x450.jpg 600w, https:\/\/zecovalve.com\/wp-content\/uploads\/2022\/06\/Pressure-Seal-Gate-Valve.jpg 800w\" sizes=\"auto, (max-width: 300px) 100vw, 300px\" \/><\/p>\n<div class=\"product\"><\/div>\n<\/div>\n<div id=\"productdetail_txt\" class=\"col-md-7 col-sm-6 col-xs-12\">\n<p><strong>Bas\u0131n\u00e7 Contal\u0131 S\u00fcrg\u00fcl\u00fc Vana<\/strong><\/p>\n<p>Zeco&#039;nun bas\u0131n\u00e7 contal\u0131 s\u00fcrg\u00fcl\u00fc vanalar\u0131, \u015fiddetli durumlar d\u0131\u015f\u0131nda her t\u00fcrl\u00fc ak\u0131\u015fkanda y\u00fcksek bas\u0131n\u00e7, y\u00fcksek s\u0131cakl\u0131k uygulamalar\u0131 i\u00e7in tasarlanm\u0131\u015ft\u0131r.<\/p>\n<\/div>\n<\/div>\n<div id=\"myTabContent\" class=\"tab-content\">\n<div id=\"page1\" class=\"tab-pane fade in active\">\n<div class=\"col-xs-12\">\n<div class=\"\">\n<p><b>Prensip<\/b><b>:<\/b><b>\u00a0<\/b><\/p>\n<p>Bas\u0131n\u00e7 contal\u0131 s\u00fcrg\u00fcl\u00fc vanalar, y\u00fcksek s\u0131cakl\u0131k ve y\u00fcksek bas\u0131n\u00e7ta hizmet vermek \u00fczere API600 ve ASME B16.34&#039;e uygun olarak tasarlanm\u0131\u015ft\u0131r ve fosil yak\u0131t enerji santrallerinde yayg\u0131n olarak kullan\u0131lmaktad\u0131r. C\u0131vatal\u0131 kapak ba\u011flant\u0131 valfleri ile kar\u015f\u0131la\u015ft\u0131r\u0131ld\u0131\u011f\u0131nda, kapak ba\u011flant\u0131 noktas\u0131n\u0131n mutlak g\u00fcvenilir s\u0131zd\u0131rmazl\u0131\u011f\u0131n\u0131 sa\u011flar, b\u00f6ylece bas\u0131n\u00e7 s\u0131zd\u0131rmazl\u0131k valfleri daha kompakt ve sa\u011flam olmas\u0131n\u0131n yan\u0131 s\u0131ra, y\u00fcksek s\u0131cakl\u0131k ve y\u00fcksek bas\u0131n\u00e7 servisinde bak\u0131m a\u00e7\u0131s\u0131ndan uygun maliyetlidir.<\/p>\n<p>Bu t\u00fcr s\u00fcrg\u00fcl\u00fc vanalar sadece basit yap\u0131 ve g\u00fcvenilir kullan\u0131m ile karakterize edilmez, ayn\u0131 zamanda i\u015fleme s\u0131ras\u0131nda olu\u015fan s\u0131zd\u0131rmazl\u0131k y\u00fczeyi a\u00e7\u0131s\u0131n\u0131n sapmas\u0131n\u0131 telafi etmek i\u00e7in hafif esnek deformasyon olu\u015fturabilir, b\u00f6ylece i\u015flem performans\u0131n\u0131 art\u0131rabilir. Ek olarak, yuva ve kap\u0131 diski conta y\u00fczeyi, uzun s\u00fcre boyunca demir bazl\u0131 ala\u015f\u0131m veya Co-bazl\u0131 ala\u015f\u0131m veya karb\u00fcr ala\u015f\u0131m\u0131 ile kaplanm\u0131\u015ft\u0131r.<\/p>\n<p align=\"justify\"><b>\u00d6zellikler\uff1a<\/b><b><\/b><\/p>\n<p align=\"justify\">1. Valf, kendinden s\u0131zd\u0131rmaz tipte kaportaya sahiptir;<\/p>\n<p align=\"justify\">2. Diskin s\u0131k\u0131\u015fmas\u0131 olgusunun s\u0131cakl\u0131k y\u00fckseldi\u011finde ortaya \u00e7\u0131kmas\u0131 muhtemel de\u011fildir;<\/p>\n<p align=\"justify\">3. Esnek kama;<\/p>\n<p align=\"justify\">4. Tam stellit kaplama koltuk s\u0131zd\u0131rmazl\u0131k y\u00fczeyi;<\/p>\n<p align=\"justify\">5. Tam kama k\u0131lavuz tasar\u0131m\u0131;<\/p>\n<p align=\"justify\">6. Mutlak kaporta ba\u011flant\u0131s\u0131 s\u0131zd\u0131rmaz;<\/p>\n<p align=\"justify\">7. \u0130ste\u011fe ba\u011fl\u0131 baypas tasar\u0131m\u0131.<\/p>\n<p align=\"justify\"><b>\u00dcr\u00fcn Yelpazesi:<\/b><b><\/b><\/p>\n<p>G\u00f6vde malzemesi: karbon \u00e7eli\u011fi, paslanmaz \u00e7elik, ala\u015f\u0131ml\u0131 \u00e7elik<\/p>\n<p>Nominal \u00e7ap: 1\/2\u2033\uff5e60\u2033\uff08DN15~1500\uff09<\/p>\n<p>Bas\u0131n\u00e7 aral\u0131\u011f\u0131: Class150\uff5e2500\uff08PN10~420\uff09<\/p>\n<p>U\u00e7 ba\u011flant\u0131s\u0131: RF, RTJ, BW<\/p>\n<p>\u00c7al\u0131\u015fma s\u0131cakl\u0131\u011f\u0131: -29 \u2103 \uff5e + 560 \u2103<\/p>\n<p>\u00c7al\u0131\u015fma modu: El \u00e7ark\u0131, Di\u015fli Kutusu, Elektrikli Akt\u00fcat\u00f6r, Pn\u00f6matik Akt\u00fcat\u00f6r, vb.<\/p>\n<p>&nbsp;<\/p>\n<table class=\"ke-zeroborder\" border=\"0\" cellspacing=\"0\">\n<tbody>\n<tr>\n<td valign=\"center\" width=\"112\">Marka<\/td>\n<td valign=\"center\" width=\"770\">Zeco<\/td>\n<\/tr>\n<tr>\n<td valign=\"center\" width=\"112\">Valf Tipi<\/td>\n<td valign=\"center\" width=\"770\">Bas\u0131n\u00e7 Contal\u0131 S\u00fcrg\u00fcl\u00fc Vana<\/td>\n<\/tr>\n<tr>\n<td valign=\"center\" width=\"112\">Valf Malzemesi<\/td>\n<td valign=\"center\" width=\"770\">D\u00f6kme \u00e7elik, paslanmaz \u00e7elik, \u00f6zel ala\u015f\u0131m vb.<\/td>\n<\/tr>\n<tr>\n<td valign=\"center\" width=\"112\">Valf Testi<\/td>\n<td valign=\"center\" width=\"770\">100% miktar\u0131 teslimattan \u00f6nce test edilmi\u015ftir<\/td>\n<\/tr>\n<tr>\n<td valign=\"center\" width=\"112\">Valf Garantisi<\/td>\n<td valign=\"center\" width=\"770\">Fabrika \u00e7\u0131k\u0131\u015fl\u0131 sevkiyat tarihinden itibaren 18 ay veya emtia kurulum tarihinden itibaren 12 ay.<\/td>\n<\/tr>\n<tr>\n<td valign=\"center\" width=\"112\">Valf Boyama<\/td>\n<td valign=\"center\" width=\"770\">M\u00fc\u015fteri talebi<\/td>\n<\/tr>\n<tr>\n<td valign=\"center\" width=\"112\">Valf Paketi<\/td>\n<td valign=\"center\" width=\"770\">Tahta sand\u0131k<\/td>\n<\/tr>\n<tr>\n<td valign=\"center\" width=\"112\">ADEDI<\/td>\n<td valign=\"center\" width=\"770\">Gereklilik yok<\/td>\n<\/tr>\n<tr>\n<td valign=\"center\" width=\"112\">Valf Sertifikas\u0131<\/td>\n<td valign=\"center\" width=\"770\">API 6D\/CE\/ISO9001\/ISO14001<\/td>\n<\/tr>\n<tr>\n<td valign=\"center\" width=\"112\">Teslimat Detay\u0131<\/td>\n<td valign=\"center\" width=\"770\">\u00d6deme yap\u0131ld\u0131ktan sonra 4 veya 6 hafta i\u00e7inde g\u00f6nderilir<\/td>\n<\/tr>\n<tr>\n<td valign=\"center\" width=\"112\">Liman<\/td>\n<td valign=\"center\" width=\"770\">\u015eANGHAY<\/td>\n<\/tr>\n<tr>\n<td valign=\"center\" width=\"112\">\u00d6deme Ko\u015fullar\u0131<\/td>\n<td valign=\"center\" width=\"770\">L\/C, D\/A, D\/P, T\/T<\/td>\n<\/tr>\n<tr>\n<td valign=\"center\" width=\"112\">Sunulan Sertifika<\/td>\n<td valign=\"center\" width=\"770\">Paketleme Listesi, Ticari Fatura, Test Raporlar\u0131 ve Malzeme Sertifikalar\u0131, Kalite ve Miktar Sertifikas\u0131, Sat\u0131c\u0131n\u0131n Garanti Belgesi<\/td>\n<\/tr>\n<\/tbody>\n<\/table>\n<p><img loading=\"lazy\" decoding=\"async\" class=\"alignnone size-medium wp-image-17528\" src=\"https:\/\/zecovalve.com\/wp-content\/uploads\/2022\/06\/20190205155834_8781-300x182.jpg\" alt=\"\" width=\"300\" height=\"182\" srcset=\"https:\/\/zecovalve.com\/wp-content\/uploads\/2022\/06\/20190205155834_8781-300x182.jpg 300w, https:\/\/zecovalve.com\/wp-content\/uploads\/2022\/06\/20190205155834_8781-600x365.jpg 600w, https:\/\/zecovalve.com\/wp-content\/uploads\/2022\/06\/20190205155834_8781.jpg 750w\" sizes=\"auto, (max-width: 300px) 100vw, 300px\" \/><\/p>\n<\/div>\n<\/div>\n<\/div>\n<\/div>\n<\/div>","protected":false},"excerpt":{"rendered":"<p>&nbsp; Bas\u0131n\u00e7 Contal\u0131 S\u00fcrg\u00fcl\u00fc Vana Zeco&#039;nun bas\u0131n\u00e7 contal\u0131 s\u00fcrg\u00fcl\u00fc vanalar\u0131 her t\u00fcrl\u00fc y\u00fcksek bas\u0131n\u00e7, y\u00fcksek s\u0131cakl\u0131k uygulamalar\u0131 i\u00e7in tasarlanm\u0131\u015ft\u0131r\u2026 <a title=\"Bas\u0131n\u00e7 Contal\u0131 S\u00fcrg\u00fcl\u00fc Vana\" class=\"read-more\" href=\"https:\/\/zecovalve.com\/tr\/urun\/pressure-seal-gate-valve\" aria-label=\"Bas\u0131n\u00e7 Contal\u0131 S\u00fcrg\u00fcl\u00fc Vana hakk\u0131nda daha fazla bilgi\">Daha fazla bilgi edinin<\/a><\/p>","protected":false},"featured_media":27900,"comment_status":"closed","ping_status":"closed","template":"","meta":{"_generate-full-width-content":"","kt_blocks_editor_width":""},"product_cat":[2052,2456],"product_tag":[2658,2766,2727,2798,2723],"class_list":["post-17527","product","type-product","status-publish","has-post-thumbnail","hentry","product_cat-gate-valve","product_cat-gate-valve-by-form","product_tag-isolation-valve","product_tag-motorised-valve","product_tag-motorized-valve","product_tag-osy-valve","product_tag-what-is-a-valve","sales-flash-overlay","woocommerce-text-align-center","woocommerce-image-align-center","do-quantity-buttons"],"featured_image_src_large":["https:\/\/zecovalve.com\/wp-content\/uploads\/2022\/06\/Pressure-Seal-Gate-Valve-1.jpg",800,600,false],"author_info":[],"comment_info":0,"taxonomy_info":{"product_cat":[{"value":2052,"label":"Gate Valve"},{"value":2456,"label":"Gate Valve By Form"}],"product_tag":[{"value":2658,"label":"Isolation Valve"},{"value":2766,"label":"Motorised Valve"},{"value":2727,"label":"Motorized Valve"},{"value":2798,"label":"OS&amp;Y Valve"},{"value":2723,"label":"What is a Valve"}]},"yoast_head":"<!-- This site is optimized with the Yoast SEO Premium plugin v15.4 - https:\/\/yoast.com\/wordpress\/plugins\/seo\/ -->\n<title>Pressure Seal Gate Valve - ZECO Valve<\/title>\n<meta name=\"robots\" content=\"index, follow, max-snippet:-1, max-image-preview:large, max-video-preview:-1\" \/>\n<link rel=\"canonical\" href=\"https:\/\/zecovalve.com\/tr\/urun\/pressure-seal-gate-valve\" \/>\n<meta property=\"og:locale\" content=\"tr_TR\" \/>\n<meta property=\"og:type\" content=\"article\" \/>\n<meta property=\"og:title\" content=\"Pressure Seal Gate Valve - ZECO Valve\" \/>\n<meta property=\"og:description\" content=\"&nbsp; Pressure Seal Gate Valve Zeco&#8217;s pressure seal gate valves are intended for high pressure, high temperature applications in all types of ... Read more\" \/>\n<meta property=\"og:url\" content=\"https:\/\/zecovalve.com\/tr\/urun\/pressure-seal-gate-valve\" \/>\n<meta property=\"og:site_name\" content=\"ZECO Valve\" \/>\n<meta property=\"article:modified_time\" content=\"2023-06-15T13:15:47+00:00\" \/>\n<meta property=\"og:image\" content=\"https:\/\/zecovalve.com\/wp-content\/uploads\/2022\/06\/Pressure-Seal-Gate-Valve-1.jpg\" \/>\n\t<meta property=\"og:image:width\" content=\"800\" \/>\n\t<meta property=\"og:image:height\" content=\"600\" \/>\n<meta name=\"twitter:card\" content=\"summary_large_image\" \/>\n<meta name=\"twitter:label1\" content=\"Yazan:\">\n\t<meta name=\"twitter:data1\" content=\"Jerry\">\n\t<meta name=\"twitter:label2\" content=\"Tahmini okuma s\u00fcresi\">\n\t<meta name=\"twitter:data2\" content=\"1 dakika\">\n<script type=\"application\/ld+json\" class=\"yoast-schema-graph\">{\"@context\":\"https:\/\/schema.org\",\"@graph\":[{\"@type\":\"WebSite\",\"@id\":\"https:\/\/zecovalve.com\/#website\",\"url\":\"https:\/\/zecovalve.com\/\",\"name\":\"ZECO Valve\",\"description\":\"Industrial Ball Valve, Gate Valve and Globe Valve Manufacturer\",\"potentialAction\":[{\"@type\":\"SearchAction\",\"target\":\"https:\/\/zecovalve.com\/?s={search_term_string}\",\"query-input\":\"required name=search_term_string\"}],\"inLanguage\":\"tr\"},{\"@type\":\"ImageObject\",\"@id\":\"https:\/\/zecovalve.com\/product\/pressure-seal-gate-valve#primaryimage\",\"inLanguage\":\"tr\",\"url\":\"https:\/\/zecovalve.com\/wp-content\/uploads\/2022\/06\/Pressure-Seal-Gate-Valve-1.jpg\",\"width\":800,\"height\":600,\"caption\":\"Pressure Seal Gate Valve\"},{\"@type\":\"WebPage\",\"@id\":\"https:\/\/zecovalve.com\/product\/pressure-seal-gate-valve#webpage\",\"url\":\"https:\/\/zecovalve.com\/product\/pressure-seal-gate-valve\",\"name\":\"Pressure Seal Gate Valve - ZECO Valve\",\"isPartOf\":{\"@id\":\"https:\/\/zecovalve.com\/#website\"},\"primaryImageOfPage\":{\"@id\":\"https:\/\/zecovalve.com\/product\/pressure-seal-gate-valve#primaryimage\"},\"datePublished\":\"2022-06-28T02:59:39+00:00\",\"dateModified\":\"2023-06-15T13:15:47+00:00\",\"breadcrumb\":{\"@id\":\"https:\/\/zecovalve.com\/product\/pressure-seal-gate-valve#breadcrumb\"},\"inLanguage\":\"tr\",\"potentialAction\":[{\"@type\":\"ReadAction\",\"target\":[\"https:\/\/zecovalve.com\/product\/pressure-seal-gate-valve\"]}]},{\"@type\":\"BreadcrumbList\",\"@id\":\"https:\/\/zecovalve.com\/product\/pressure-seal-gate-valve#breadcrumb\",\"itemListElement\":[{\"@type\":\"ListItem\",\"position\":1,\"item\":{\"@type\":\"WebPage\",\"@id\":\"https:\/\/zecovalve.com\/\",\"url\":\"https:\/\/zecovalve.com\/\",\"name\":\"Home\"}},{\"@type\":\"ListItem\",\"position\":2,\"item\":{\"@type\":\"WebPage\",\"@id\":\"https:\/\/zecovalve.com\/product-category\",\"url\":\"https:\/\/zecovalve.com\/product-category\",\"name\":\"Industrial Valve Manufacturer | Water Valve Manufacturer\"}},{\"@type\":\"ListItem\",\"position\":3,\"item\":{\"@type\":\"WebPage\",\"@id\":\"https:\/\/zecovalve.com\/product\/pressure-seal-gate-valve\",\"url\":\"https:\/\/zecovalve.com\/product\/pressure-seal-gate-valve\",\"name\":\"Pressure Seal Gate Valve\"}}]}]}<\/script>\n<!-- \/ Yoast SEO Premium plugin. -->","_links":{"self":[{"href":"https:\/\/zecovalve.com\/tr\/wp-json\/wp\/v2\/product\/17527","targetHints":{"allow":["GET"]}}],"collection":[{"href":"https:\/\/zecovalve.com\/tr\/wp-json\/wp\/v2\/product"}],"about":[{"href":"https:\/\/zecovalve.com\/tr\/wp-json\/wp\/v2\/types\/product"}],"replies":[{"embeddable":true,"href":"https:\/\/zecovalve.com\/tr\/wp-json\/wp\/v2\/comments?post=17527"}],"wp:featuredmedia":[{"embeddable":true,"href":"https:\/\/zecovalve.com\/tr\/wp-json\/wp\/v2\/media\/27900"}],"wp:attachment":[{"href":"https:\/\/zecovalve.com\/tr\/wp-json\/wp\/v2\/media?parent=17527"}],"wp:term":[{"taxonomy":"product_cat","embeddable":true,"href":"https:\/\/zecovalve.com\/tr\/wp-json\/wp\/v2\/product_cat?post=17527"},{"taxonomy":"product_tag","embeddable":true,"href":"https:\/\/zecovalve.com\/tr\/wp-json\/wp\/v2\/product_tag?post=17527"}],"curies":[{"name":"wp","href":"https:\/\/api.w.org\/{rel}","templated":true}]}}