{"id":17532,"date":"2022-06-28T03:04:34","date_gmt":"2022-06-28T03:04:34","guid":{"rendered":"https:\/\/zecovalve.com\/?post_type=product&#038;p=17532"},"modified":"2023-06-17T02:54:18","modified_gmt":"2023-06-17T02:54:18","slug":"combined-butterfly-check-valve","status":"publish","type":"product","link":"https:\/\/zecovalve.com\/tr\/urun\/combined-butterfly-check-valve","title":{"rendered":"Kombine Kelebek-\u00c7ek Valf"},"content":{"rendered":"<div class=\"col-xs-12\">\n<div class=\"rbt\">\n<h1><\/h1>\n<\/div>\n<\/div>\n<div class=\"text\">\n<div id=\"productdetail\">\n<div class=\"col-xs-12\">\n<div class=\"underline-solid\"><\/div>\n<\/div>\n<div id=\"productdetail_img\" class=\"col-md-5 col-sm-6 col-xs-12\">\n<p><img loading=\"lazy\" decoding=\"async\" class=\"wp-image-27936 size-medium\" src=\"https:\/\/zecovalve.com\/wp-content\/uploads\/2022\/06\/Combined-Butterfly-Check-Valve-1-300x225.jpg\" alt=\"Kombine Kelebek-\u00c7ek Valf\" width=\"300\" height=\"225\" srcset=\"https:\/\/zecovalve.com\/wp-content\/uploads\/2022\/06\/Combined-Butterfly-Check-Valve-1-300x225.jpg 300w, https:\/\/zecovalve.com\/wp-content\/uploads\/2022\/06\/Combined-Butterfly-Check-Valve-1-768x576.jpg 768w, https:\/\/zecovalve.com\/wp-content\/uploads\/2022\/06\/Combined-Butterfly-Check-Valve-1-600x450.jpg 600w, https:\/\/zecovalve.com\/wp-content\/uploads\/2022\/06\/Combined-Butterfly-Check-Valve-1.jpg 800w\" sizes=\"auto, (max-width: 300px) 100vw, 300px\" \/><\/p>\n<div class=\"product\"><\/div>\n<\/div>\n<div id=\"productdetail_txt\" class=\"col-md-7 col-sm-6 col-xs-12\">\n<p><strong>Kombine Kelebek-\u00c7ek Valf<\/strong><\/p>\n<p>Zeco Kombine Kelebek-\u00c7ek Vana, pompa \u00e7\u0131k\u0131\u015f\u0131 ve t\u00fcrbinin giri\u015f borusu i\u00e7in kullan\u0131l\u0131r.<\/p>\n<\/div>\n<\/div>\n<div id=\"myTabContent\" class=\"tab-content\">\n<div id=\"page1\" class=\"tab-pane fade in active\">\n<div class=\"col-xs-12\">\n<div class=\"\">\n<p><strong>Uygulama<\/strong><\/p>\n<p>\u00dcr\u00fcn Kapsam\u0131: NPS 20\" ~ NPS56\", 10bar ~ 16bar<\/p>\n<p><strong>\u00d6zellikler:<\/strong><\/p>\n<p>Tam Boru Boyutu Ak\u0131\u015f Alan\u0131<\/p>\n<p>Kesinlikle G\u00fcvenilir, Yer\u00e7ekimi Destekli Kapatma Sistemi ve Hidrolik Kontrol Sistemi<\/p>\n<p>\u0130ki H\u0131zl\u0131 Kapanma Hareketi A\u015f\u0131r\u0131 Bas\u0131n\u00e7lar\u0131 \u00d6nler<\/p>\n<p>Vana Acil Durum El Pompas\u0131 Kullan\u0131larak A\u00e7\u0131labilir<\/p>\n<p>G\u00fc\u00e7 Kesildi\u011finde Pompan\u0131n Ters D\u00f6nmesini \u00d6nleyin<\/p>\n<p>Y\u00fcz Y\u00fcze Boyutlar:AMSE B16.10<\/p>\n<p>Flan\u015f U\u00e7 \u00d6l\u00e7\u00fcs\u00fc: AMSE B16.10<\/p>\n<p>Kaplama: F\u00fczyon Ba\u011flant\u0131l\u0131 Epoksi Kaplama<\/p>\n<p>Muayene ve Test\uff1aAPI 598 \/ ISO 5208 \/ EN 12226-2<\/p>\n<p><img loading=\"lazy\" decoding=\"async\" class=\"alignnone size-medium wp-image-17534\" src=\"https:\/\/zecovalve.com\/wp-content\/uploads\/2022\/06\/20180828142424_9674-300x225.png\" alt=\"\" width=\"300\" height=\"225\" srcset=\"https:\/\/zecovalve.com\/wp-content\/uploads\/2022\/06\/20180828142424_9674-300x225.png 300w, https:\/\/zecovalve.com\/wp-content\/uploads\/2022\/06\/20180828142424_9674.png 600w\" sizes=\"auto, (max-width: 300px) 100vw, 300px\" \/><\/p>\n<table border=\"1\">\n<tbody>\n<tr>\n<td>Par\u00e7a<\/td>\n<td>Malzeme<\/td>\n<td>EN Spec.<\/td>\n<\/tr>\n<tr>\n<td>V\u00fccut<\/td>\n<td>Sfero D\u00f6k\u00fcm<\/td>\n<td>EN-JS1050<\/td>\n<\/tr>\n<tr>\n<td>A\u011f\u0131r Yumruk<\/td>\n<td>Sfero D\u00f6k\u00fcm<\/td>\n<td>EN-JS1050<\/td>\n<\/tr>\n<tr>\n<td>Disk \/ K\u00f6k<\/td>\n<td>Paslanmaz \u00c7elik 420<\/p>\n<p>Paslanmaz \u00c7elik 431<\/td>\n<td>BS970 420S37<\/p>\n<p>BS970 431S29<\/td>\n<\/tr>\n<tr>\n<td>Hidrolik G\u00fc\u00e7 Paketi<\/td>\n<td>Siemens veya di\u011ferleri<\/td>\n<td>Ticari<\/td>\n<\/tr>\n<tr>\n<td colspan=\"3\">Listede bulunmayan malzeme se\u00e7enekleri i\u00e7in fabrikaya dan\u0131\u015f\u0131n.<\/p>\n<p>Zeco, 50'den fazla farkl\u0131 ala\u015f\u0131mdan valf \u00fcretmektedir.<\/td>\n<\/tr>\n<\/tbody>\n<\/table>\n<p><img loading=\"lazy\" decoding=\"async\" class=\"alignnone size-medium wp-image-17535\" src=\"https:\/\/zecovalve.com\/wp-content\/uploads\/2022\/06\/20180828142433_1548-300x225.png\" alt=\"\" width=\"300\" height=\"225\" srcset=\"https:\/\/zecovalve.com\/wp-content\/uploads\/2022\/06\/20180828142433_1548-300x225.png 300w, https:\/\/zecovalve.com\/wp-content\/uploads\/2022\/06\/20180828142433_1548.png 600w\" sizes=\"auto, (max-width: 300px) 100vw, 300px\" \/><\/p>\n<table border=\"1\">\n<tbody>\n<tr>\n<td>NPS<\/td>\n<td>\u0130\u00e7inde<\/td>\n<td>20<\/td>\n<td>24<\/td>\n<td>28<\/td>\n<td>32<\/td>\n<td>36<\/td>\n<td>40<\/td>\n<td>48<\/td>\n<td>56<\/td>\n<\/tr>\n<tr>\n<td>O<\/td>\n<td>mm<\/td>\n<td>400<\/td>\n<td>400<\/td>\n<td>400<\/td>\n<td>400<\/td>\n<td>400<\/td>\n<td>400<\/td>\n<td>400<\/td>\n<td>500<\/td>\n<\/tr>\n<tr>\n<td>N<\/td>\n<td>mm<\/td>\n<td>342<\/td>\n<td>397<\/td>\n<td>437<\/td>\n<td>517<\/td>\n<td>567<\/td>\n<td>637<\/td>\n<td>730<\/td>\n<td>902<\/td>\n<\/tr>\n<tr>\n<td>Q<\/td>\n<td>mm<\/td>\n<td>358<\/td>\n<td>439<\/td>\n<td>451<\/td>\n<td>546<\/td>\n<td>588<\/td>\n<td>646<\/td>\n<td>756<\/td>\n<td>993<\/td>\n<\/tr>\n<tr>\n<td>P<\/td>\n<td>mm<\/td>\n<td>1012<\/td>\n<td>1067<\/td>\n<td>1107<\/td>\n<td>1187<\/td>\n<td>1237<\/td>\n<td>1307<\/td>\n<td>1400<\/td>\n<td>1582<\/td>\n<\/tr>\n<\/tbody>\n<\/table>\n<\/div>\n<\/div>\n<\/div>\n<\/div>\n<div class=\"col-md-12 col-sm-12 col-xs-12\"><\/div>\n<\/div>","protected":false},"excerpt":{"rendered":"<p>Kombine Kelebek \u00c7ek Valf Zeco Kombine Kelebek \u00c7ek Valf, pompa \u00e7\u0131k\u0131\u015f\u0131 ve t\u00fcrbinin giri\u015f borusunda kullan\u0131l\u0131r. Uygulama \u00dcr\u00fcn Kapsam\u0131: NPS\u2026 <a title=\"Kombine Kelebek-\u00c7ek Valf\" class=\"read-more\" href=\"https:\/\/zecovalve.com\/tr\/urun\/combined-butterfly-check-valve\" aria-label=\"Kombine Kelebek-\u00c7ek Valf hakk\u0131nda daha fazla bilgi\">Daha fazla bilgi edinin<\/a><\/p>","protected":false},"featured_media":27936,"comment_status":"closed","ping_status":"closed","template":"","meta":{"_generate-full-width-content":"","kt_blocks_editor_width":""},"product_cat":[2455],"product_tag":[2657,2661],"class_list":["post-17532","product","type-product","status-publish","has-post-thumbnail","hentry","product_cat-check-valve","product_tag-non-return-valve","product_tag-nrv-valve","sales-flash-overlay","woocommerce-text-align-center","woocommerce-image-align-center","do-quantity-buttons"],"featured_image_src_large":["https:\/\/zecovalve.com\/wp-content\/uploads\/2022\/06\/Combined-Butterfly-Check-Valve-1.jpg",800,600,false],"author_info":[],"comment_info":0,"taxonomy_info":{"product_cat":[{"value":2455,"label":"Check Valve"}],"product_tag":[{"value":2657,"label":"Non Return Valve"},{"value":2661,"label":"NRV Valve"}]},"yoast_head":"<!-- This site is optimized with the Yoast SEO Premium plugin v15.4 - https:\/\/yoast.com\/wordpress\/plugins\/seo\/ -->\n<title>Combined Butterfly-Check Valve - ZECO Valve<\/title>\n<meta name=\"robots\" content=\"index, follow, max-snippet:-1, max-image-preview:large, max-video-preview:-1\" \/>\n<link rel=\"canonical\" href=\"https:\/\/zecovalve.com\/tr\/urun\/combined-butterfly-check-valve\" \/>\n<meta property=\"og:locale\" content=\"tr_TR\" \/>\n<meta property=\"og:type\" content=\"article\" \/>\n<meta property=\"og:title\" content=\"Combined Butterfly-Check Valve - ZECO Valve\" \/>\n<meta property=\"og:description\" content=\"Combined Butterfly-Check Valve Zeco Combined Butterfly-Check Valve is used for the inlet pipe of pump outlet and turbine. Application Product Scope: NPS ... Read more\" \/>\n<meta property=\"og:url\" content=\"https:\/\/zecovalve.com\/tr\/urun\/combined-butterfly-check-valve\" \/>\n<meta property=\"og:site_name\" content=\"ZECO Valve\" \/>\n<meta property=\"article:modified_time\" content=\"2023-06-17T02:54:18+00:00\" \/>\n<meta property=\"og:image\" content=\"https:\/\/zecovalve.com\/wp-content\/uploads\/2022\/06\/Combined-Butterfly-Check-Valve-1.jpg\" \/>\n\t<meta property=\"og:image:width\" content=\"800\" \/>\n\t<meta property=\"og:image:height\" content=\"600\" \/>\n<meta name=\"twitter:card\" content=\"summary_large_image\" \/>\n<meta name=\"twitter:label1\" content=\"Yazan:\">\n\t<meta name=\"twitter:data1\" content=\"Jerry\">\n\t<meta name=\"twitter:label2\" content=\"Tahmini okuma s\u00fcresi\">\n\t<meta name=\"twitter:data2\" content=\"1 dakika\">\n<script type=\"application\/ld+json\" class=\"yoast-schema-graph\">{\"@context\":\"https:\/\/schema.org\",\"@graph\":[{\"@type\":\"WebSite\",\"@id\":\"https:\/\/zecovalve.com\/#website\",\"url\":\"https:\/\/zecovalve.com\/\",\"name\":\"ZECO Valve\",\"description\":\"Industrial Ball Valve, Gate Valve and Globe Valve Manufacturer\",\"potentialAction\":[{\"@type\":\"SearchAction\",\"target\":\"https:\/\/zecovalve.com\/?s={search_term_string}\",\"query-input\":\"required name=search_term_string\"}],\"inLanguage\":\"tr\"},{\"@type\":\"ImageObject\",\"@id\":\"https:\/\/zecovalve.com\/product\/combined-butterfly-check-valve#primaryimage\",\"inLanguage\":\"tr\",\"url\":\"https:\/\/zecovalve.com\/wp-content\/uploads\/2022\/06\/Combined-Butterfly-Check-Valve-1.jpg\",\"width\":800,\"height\":600,\"caption\":\"Combined Butterfly-Check Valve\"},{\"@type\":\"WebPage\",\"@id\":\"https:\/\/zecovalve.com\/product\/combined-butterfly-check-valve#webpage\",\"url\":\"https:\/\/zecovalve.com\/product\/combined-butterfly-check-valve\",\"name\":\"Combined Butterfly-Check Valve - ZECO Valve\",\"isPartOf\":{\"@id\":\"https:\/\/zecovalve.com\/#website\"},\"primaryImageOfPage\":{\"@id\":\"https:\/\/zecovalve.com\/product\/combined-butterfly-check-valve#primaryimage\"},\"datePublished\":\"2022-06-28T03:04:34+00:00\",\"dateModified\":\"2023-06-17T02:54:18+00:00\",\"breadcrumb\":{\"@id\":\"https:\/\/zecovalve.com\/product\/combined-butterfly-check-valve#breadcrumb\"},\"inLanguage\":\"tr\",\"potentialAction\":[{\"@type\":\"ReadAction\",\"target\":[\"https:\/\/zecovalve.com\/product\/combined-butterfly-check-valve\"]}]},{\"@type\":\"BreadcrumbList\",\"@id\":\"https:\/\/zecovalve.com\/product\/combined-butterfly-check-valve#breadcrumb\",\"itemListElement\":[{\"@type\":\"ListItem\",\"position\":1,\"item\":{\"@type\":\"WebPage\",\"@id\":\"https:\/\/zecovalve.com\/\",\"url\":\"https:\/\/zecovalve.com\/\",\"name\":\"Home\"}},{\"@type\":\"ListItem\",\"position\":2,\"item\":{\"@type\":\"WebPage\",\"@id\":\"https:\/\/zecovalve.com\/product-category\",\"url\":\"https:\/\/zecovalve.com\/product-category\",\"name\":\"Industrial Valve Manufacturer | Water Valve Manufacturer\"}},{\"@type\":\"ListItem\",\"position\":3,\"item\":{\"@type\":\"WebPage\",\"@id\":\"https:\/\/zecovalve.com\/product\/combined-butterfly-check-valve\",\"url\":\"https:\/\/zecovalve.com\/product\/combined-butterfly-check-valve\",\"name\":\"Combined Butterfly-Check Valve\"}}]}]}<\/script>\n<!-- \/ Yoast SEO Premium plugin. -->","_links":{"self":[{"href":"https:\/\/zecovalve.com\/tr\/wp-json\/wp\/v2\/product\/17532","targetHints":{"allow":["GET"]}}],"collection":[{"href":"https:\/\/zecovalve.com\/tr\/wp-json\/wp\/v2\/product"}],"about":[{"href":"https:\/\/zecovalve.com\/tr\/wp-json\/wp\/v2\/types\/product"}],"replies":[{"embeddable":true,"href":"https:\/\/zecovalve.com\/tr\/wp-json\/wp\/v2\/comments?post=17532"}],"wp:featuredmedia":[{"embeddable":true,"href":"https:\/\/zecovalve.com\/tr\/wp-json\/wp\/v2\/media\/27936"}],"wp:attachment":[{"href":"https:\/\/zecovalve.com\/tr\/wp-json\/wp\/v2\/media?parent=17532"}],"wp:term":[{"taxonomy":"product_cat","embeddable":true,"href":"https:\/\/zecovalve.com\/tr\/wp-json\/wp\/v2\/product_cat?post=17532"},{"taxonomy":"product_tag","embeddable":true,"href":"https:\/\/zecovalve.com\/tr\/wp-json\/wp\/v2\/product_tag?post=17532"}],"curies":[{"name":"wp","href":"https:\/\/api.w.org\/{rel}","templated":true}]}}