{"id":17536,"date":"2022-06-28T03:09:43","date_gmt":"2022-06-28T03:09:43","guid":{"rendered":"https:\/\/zecovalve.com\/?post_type=product&#038;p=17536"},"modified":"2023-06-26T06:07:21","modified_gmt":"2023-06-26T06:07:21","slug":"motorized-control-valve","status":"publish","type":"product","link":"https:\/\/zecovalve.com\/tr\/urun\/motorized-control-valve","title":{"rendered":"Motorlu Kontrol Vanas\u0131"},"content":{"rendered":"<div class=\"col-xs-12\">\n<div class=\"rbt\">\n<h1>Motorlu Kontrol Vanas\u0131<\/h1>\n<\/div>\n<\/div>\n<div class=\"text\">\n<div id=\"productdetail\">\n<div class=\"col-xs-12\">\n<div class=\"underline-solid\">\n<p><img loading=\"lazy\" decoding=\"async\" class=\"size-medium wp-image-17036\" src=\"https:\/\/zecovalve.com\/wp-content\/uploads\/2022\/06\/two-way-globe-valve-300x273.jpg\" alt=\"\u0130ki Yollu K\u00fcresel Vana\" width=\"300\" height=\"273\" srcset=\"https:\/\/zecovalve.com\/wp-content\/uploads\/2022\/06\/two-way-globe-valve-300x273.jpg 300w, https:\/\/zecovalve.com\/wp-content\/uploads\/2022\/06\/two-way-globe-valve.jpg 330w\" sizes=\"auto, (max-width: 300px) 100vw, 300px\" \/><\/p>\n<\/div>\n<\/div>\n<div id=\"productdetail_img\" class=\"col-md-5 col-sm-6 col-xs-12\">\n<div class=\"product\"><\/div>\n<\/div>\n<div id=\"productdetail_txt\" class=\"col-md-7 col-sm-6 col-xs-12\">\n<p><strong>Motorlu Kontrol Vanas\u0131<\/strong>Zeco Motorlu Kontrol Vanas\u0131 merkezi iklimlendirme, \u0131s\u0131tma, su ar\u0131tma, end\u00fcstriyel ak\u0131\u015fkan kontrol\u00fc i\u00e7in kullan\u0131l\u0131r.<\/p>\n<\/div>\n<\/div>\n<div id=\"myTabContent\" class=\"tab-content\">\n<div id=\"page1\" class=\"tab-pane fade in active\">\n<div class=\"col-xs-12\">\n<div class=\"\">\n<p><strong>A<\/strong><strong>uygulama<\/strong><\/p>\n<p>\u00dcr\u00fcn Kapsam\u0131: NPS 2 1\/2\u201d ~ NPS8\u201d , 10bar ~ 25bar<\/p>\n<p><strong>\u00d6zellikler:<\/strong><\/p>\n<p>Do\u011fru Ak\u0131\u015f Kontrol\u00fc<\/p>\n<p>\u0130ki Yard\u0131mc\u0131 Anahtar ve Manuel Kontrol \u00c7ubu\u011fu Tak\u0131labilir<\/p>\n<p>D\u00fc\u015f\u00fck AC Gerilim Tersinir Senkron Motor S\u00fcr\u00fcc\u00fcs\u00fc<\/p>\n<p>Tamamen Otomatik \u00c7al\u0131\u015fma veya Uzun Mesafe \u00c7al\u0131\u015fmas\u0131<\/p>\n<p>Y\u00fcz Y\u00fcze Boyutlar:AMSE B16.10<\/p>\n<p>Flan\u015f U\u00e7 \u00d6l\u00e7\u00fcs\u00fc: AMSE B16.10<\/p>\n<p>Kaplama: F\u00fczyon Ba\u011flant\u0131l\u0131 Epoksi Kaplama<\/p>\n<p>Muayene ve Test\uff1aAPI 598 \/ ISO 5208 \/ EN 12226-2<\/p>\n<p><img loading=\"lazy\" decoding=\"async\" class=\"alignnone size-medium wp-image-17295\" src=\"https:\/\/zecovalve.com\/wp-content\/uploads\/2022\/06\/two-way-globe-valve-for-hvac-principle-300x250.jpg\" alt=\"\" width=\"300\" height=\"250\" srcset=\"https:\/\/zecovalve.com\/wp-content\/uploads\/2022\/06\/two-way-globe-valve-for-hvac-principle-300x250.jpg 300w, https:\/\/zecovalve.com\/wp-content\/uploads\/2022\/06\/two-way-globe-valve-for-hvac-principle.jpg 600w\" sizes=\"auto, (max-width: 300px) 100vw, 300px\" \/><\/p>\n<table border=\"1\">\n<tbody>\n<tr>\n<td>Par\u00e7a<\/td>\n<td>Malzeme<\/td>\n<td>EN Spec.<\/td>\n<\/tr>\n<tr>\n<td>V\u00fccut<\/td>\n<td>Sfero D\u00f6k\u00fcm<\/td>\n<td>EN-JS1050<\/td>\n<\/tr>\n<tr>\n<td>Bone<\/td>\n<td>Sfero D\u00f6k\u00fcm<\/td>\n<td>EN-JS1050<\/td>\n<\/tr>\n<tr>\n<td>D\u00f6\u015feme<\/td>\n<td>Paslanmaz \u00c7elik 431<\/td>\n<td>BS970 431S29<\/td>\n<\/tr>\n<tr>\n<td>Koltuk<\/td>\n<td>Paslanmaz \u00c7elik 431<\/td>\n<td>BS970 431S29<\/td>\n<\/tr>\n<tr>\n<td>Diyafram<\/td>\n<td>EPDM<\/td>\n<td>Ticari<\/td>\n<\/tr>\n<tr>\n<td colspan=\"3\">Listede bulunmayan malzeme se\u00e7enekleri i\u00e7in fabrikaya dan\u0131\u015f\u0131n.<\/p>\n<p>Zeco, 50'den fazla farkl\u0131 ala\u015f\u0131mdan valf \u00fcretmektedir.<\/td>\n<\/tr>\n<\/tbody>\n<\/table>\n<p><img loading=\"lazy\" decoding=\"async\" class=\"alignnone size-medium wp-image-17537\" src=\"https:\/\/zecovalve.com\/wp-content\/uploads\/2022\/06\/20180515171011_9558-300x268.jpg\" alt=\"\" width=\"300\" height=\"268\" srcset=\"https:\/\/zecovalve.com\/wp-content\/uploads\/2022\/06\/20180515171011_9558-300x268.jpg 300w, https:\/\/zecovalve.com\/wp-content\/uploads\/2022\/06\/20180515171011_9558-1024x916.jpg 1024w, https:\/\/zecovalve.com\/wp-content\/uploads\/2022\/06\/20180515171011_9558-768x687.jpg 768w, https:\/\/zecovalve.com\/wp-content\/uploads\/2022\/06\/20180515171011_9558-600x537.jpg 600w, https:\/\/zecovalve.com\/wp-content\/uploads\/2022\/06\/20180515171011_9558.jpg 1526w\" sizes=\"auto, (max-width: 300px) 100vw, 300px\" \/><\/p>\n<table border=\"1\">\n<tbody>\n<tr>\n<td>NPS<\/td>\n<td>\u0130\u00e7inde<\/td>\n<td>2 1\/2<\/td>\n<td>3<\/td>\n<td>4<\/td>\n<td>5<\/td>\n<td>6<\/td>\n<td>8<\/td>\n<\/tr>\n<tr>\n<td>L<\/td>\n<td>mm<\/td>\n<td>250<\/td>\n<td>300<\/td>\n<td>350<\/td>\n<td>365<\/td>\n<td>415<\/td>\n<td>510<\/td>\n<\/tr>\n<tr>\n<td>H<\/td>\n<td>mm<\/td>\n<td>148<\/td>\n<td>185<\/td>\n<td>206<\/td>\n<td>227<\/td>\n<td>272<\/td>\n<td>279<\/td>\n<\/tr>\n<tr>\n<td>D<\/td>\n<td>mm<\/td>\n<td>185<\/td>\n<td>200<\/td>\n<td>220<\/td>\n<td>250<\/td>\n<td>285<\/td>\n<td>340<\/td>\n<\/tr>\n<tr>\n<td>K<\/td>\n<td>mm<\/td>\n<td>145<\/td>\n<td>160<\/td>\n<td>180<\/td>\n<td>210<\/td>\n<td>240<\/td>\n<td>295<\/td>\n<\/tr>\n<tr>\n<td>B<\/td>\n<td>mm<\/td>\n<td>20<\/td>\n<td>20<\/td>\n<td>20<\/td>\n<td>22<\/td>\n<td>22<\/td>\n<td>30<\/td>\n<\/tr>\n<tr>\n<td>Nd<\/td>\n<td>mm<\/td>\n<td>4-18<\/td>\n<td>8-18<\/td>\n<td>8-18<\/td>\n<td>8-18<\/td>\n<td>8-18<\/td>\n<td>8-22<\/td>\n<\/tr>\n<tr>\n<td>Seyahat<\/td>\n<td>mm<\/td>\n<td>42<\/td>\n<td>42<\/td>\n<td>42<\/td>\n<td>42<\/td>\n<td>42<\/td>\n<td>42<\/td>\n<\/tr>\n<tr>\n<td>KV&#039;ler<\/td>\n<td>m3\/saat<\/td>\n<td>64<\/td>\n<td>101.5<\/td>\n<td>163<\/td>\n<td>252<\/td>\n<td>410<\/td>\n<td>602<\/td>\n<\/tr>\n<tr>\n<td>Maksimum Bas\u0131n\u00e7 Fark\u0131<\/td>\n<td>mpa<\/td>\n<td>0.8<\/td>\n<td>0.6<\/td>\n<td>0.4<\/td>\n<td>0.3<\/td>\n<td>0.2<\/td>\n<td>0.1<\/td>\n<\/tr>\n<\/tbody>\n<\/table>\n<\/div>\n<\/div>\n<\/div>\n<\/div>\n<\/div>","protected":false},"excerpt":{"rendered":"<p>Motorlu Kontrol Vanas\u0131 Motorlu Kontrol Vanas\u0131Zeco Motorlu Kontrol Vanas\u0131 merkezi iklimlendirme, \u0131s\u0131tma, su ar\u0131tma, end\u00fcstriyel ak\u0131\u015fkan kontrol\u00fc i\u00e7in kullan\u0131l\u0131r. Ba\u015fvuru \u2026 <a title=\"Motorlu Kontrol Vanas\u0131\" class=\"read-more\" href=\"https:\/\/zecovalve.com\/tr\/urun\/motorized-control-valve\" aria-label=\"Motorlu Kontrol Vanas\u0131 hakk\u0131nda daha fazlas\u0131\">Daha fazla bilgi edinin<\/a><\/p>","protected":false},"featured_media":27963,"comment_status":"closed","ping_status":"closed","template":"","meta":{"_generate-full-width-content":"","kt_blocks_editor_width":""},"product_cat":[2512],"product_tag":[2724,2654,2766,2727],"class_list":["post-17536","product","type-product","status-publish","has-post-thumbnail","hentry","product_cat-balancing-valve","product_tag-balancing-valve","product_tag-hvac-valve","product_tag-motorised-valve","product_tag-motorized-valve","sales-flash-overlay","woocommerce-text-align-center","woocommerce-image-align-center","do-quantity-buttons"],"featured_image_src_large":["https:\/\/zecovalve.com\/wp-content\/uploads\/2022\/06\/Motorized-Control-Valve.jpg",800,600,false],"author_info":[],"comment_info":0,"taxonomy_info":{"product_cat":[{"value":2512,"label":"Balancing Valve"}],"product_tag":[{"value":2724,"label":"Balancing Valve"},{"value":2654,"label":"HVAC Valve"},{"value":2766,"label":"Motorised Valve"},{"value":2727,"label":"Motorized Valve"}]},"yoast_head":"<!-- This site is optimized with the Yoast SEO Premium plugin v15.4 - https:\/\/yoast.com\/wordpress\/plugins\/seo\/ -->\n<title>Motorized Control Valve - ZECO Valve<\/title>\n<meta name=\"robots\" content=\"index, follow, max-snippet:-1, max-image-preview:large, max-video-preview:-1\" \/>\n<link rel=\"canonical\" href=\"https:\/\/zecovalve.com\/tr\/urun\/motorized-control-valve\" \/>\n<meta property=\"og:locale\" content=\"tr_TR\" \/>\n<meta property=\"og:type\" content=\"article\" \/>\n<meta property=\"og:title\" content=\"Motorized Control Valve - ZECO Valve\" \/>\n<meta property=\"og:description\" content=\"Motorized Control Valve Motorized Control ValveZeco Motorized Control Valve is used for central air conditioning, heating, water treatment, industrial fluid control. Application ... Read more\" \/>\n<meta property=\"og:url\" content=\"https:\/\/zecovalve.com\/tr\/urun\/motorized-control-valve\" \/>\n<meta property=\"og:site_name\" content=\"ZECO Valve\" \/>\n<meta property=\"article:modified_time\" content=\"2023-06-26T06:07:21+00:00\" \/>\n<meta property=\"og:image\" content=\"https:\/\/zecovalve.com\/wp-content\/uploads\/2022\/06\/Motorized-Control-Valve.jpg\" \/>\n\t<meta property=\"og:image:width\" content=\"800\" \/>\n\t<meta property=\"og:image:height\" content=\"600\" \/>\n<meta name=\"twitter:card\" content=\"summary_large_image\" \/>\n<meta name=\"twitter:label1\" content=\"Yazan:\">\n\t<meta name=\"twitter:data1\" content=\"Jerry\">\n\t<meta name=\"twitter:label2\" content=\"Tahmini okuma s\u00fcresi\">\n\t<meta name=\"twitter:data2\" content=\"1 dakika\">\n<script type=\"application\/ld+json\" class=\"yoast-schema-graph\">{\"@context\":\"https:\/\/schema.org\",\"@graph\":[{\"@type\":\"WebSite\",\"@id\":\"https:\/\/zecovalve.com\/#website\",\"url\":\"https:\/\/zecovalve.com\/\",\"name\":\"ZECO Valve\",\"description\":\"Industrial Ball Valve, Gate Valve and Globe Valve Manufacturer\",\"potentialAction\":[{\"@type\":\"SearchAction\",\"target\":\"https:\/\/zecovalve.com\/?s={search_term_string}\",\"query-input\":\"required name=search_term_string\"}],\"inLanguage\":\"tr\"},{\"@type\":\"ImageObject\",\"@id\":\"https:\/\/zecovalve.com\/product\/motorized-control-valve#primaryimage\",\"inLanguage\":\"tr\",\"url\":\"https:\/\/zecovalve.com\/wp-content\/uploads\/2022\/06\/Motorized-Control-Valve.jpg\",\"width\":800,\"height\":600,\"caption\":\"Motorized Control Valve\"},{\"@type\":\"WebPage\",\"@id\":\"https:\/\/zecovalve.com\/product\/motorized-control-valve#webpage\",\"url\":\"https:\/\/zecovalve.com\/product\/motorized-control-valve\",\"name\":\"Motorized Control Valve - ZECO Valve\",\"isPartOf\":{\"@id\":\"https:\/\/zecovalve.com\/#website\"},\"primaryImageOfPage\":{\"@id\":\"https:\/\/zecovalve.com\/product\/motorized-control-valve#primaryimage\"},\"datePublished\":\"2022-06-28T03:09:43+00:00\",\"dateModified\":\"2023-06-26T06:07:21+00:00\",\"breadcrumb\":{\"@id\":\"https:\/\/zecovalve.com\/product\/motorized-control-valve#breadcrumb\"},\"inLanguage\":\"tr\",\"potentialAction\":[{\"@type\":\"ReadAction\",\"target\":[\"https:\/\/zecovalve.com\/product\/motorized-control-valve\"]}]},{\"@type\":\"BreadcrumbList\",\"@id\":\"https:\/\/zecovalve.com\/product\/motorized-control-valve#breadcrumb\",\"itemListElement\":[{\"@type\":\"ListItem\",\"position\":1,\"item\":{\"@type\":\"WebPage\",\"@id\":\"https:\/\/zecovalve.com\/\",\"url\":\"https:\/\/zecovalve.com\/\",\"name\":\"Home\"}},{\"@type\":\"ListItem\",\"position\":2,\"item\":{\"@type\":\"WebPage\",\"@id\":\"https:\/\/zecovalve.com\/product-category\",\"url\":\"https:\/\/zecovalve.com\/product-category\",\"name\":\"Industrial Valve Manufacturer | Water Valve Manufacturer\"}},{\"@type\":\"ListItem\",\"position\":3,\"item\":{\"@type\":\"WebPage\",\"@id\":\"https:\/\/zecovalve.com\/product\/motorized-control-valve\",\"url\":\"https:\/\/zecovalve.com\/product\/motorized-control-valve\",\"name\":\"Motorized Control Valve\"}}]}]}<\/script>\n<!-- \/ Yoast SEO Premium plugin. -->","_links":{"self":[{"href":"https:\/\/zecovalve.com\/tr\/wp-json\/wp\/v2\/product\/17536","targetHints":{"allow":["GET"]}}],"collection":[{"href":"https:\/\/zecovalve.com\/tr\/wp-json\/wp\/v2\/product"}],"about":[{"href":"https:\/\/zecovalve.com\/tr\/wp-json\/wp\/v2\/types\/product"}],"replies":[{"embeddable":true,"href":"https:\/\/zecovalve.com\/tr\/wp-json\/wp\/v2\/comments?post=17536"}],"wp:featuredmedia":[{"embeddable":true,"href":"https:\/\/zecovalve.com\/tr\/wp-json\/wp\/v2\/media\/27963"}],"wp:attachment":[{"href":"https:\/\/zecovalve.com\/tr\/wp-json\/wp\/v2\/media?parent=17536"}],"wp:term":[{"taxonomy":"product_cat","embeddable":true,"href":"https:\/\/zecovalve.com\/tr\/wp-json\/wp\/v2\/product_cat?post=17536"},{"taxonomy":"product_tag","embeddable":true,"href":"https:\/\/zecovalve.com\/tr\/wp-json\/wp\/v2\/product_tag?post=17536"}],"curies":[{"name":"wp","href":"https:\/\/api.w.org\/{rel}","templated":true}]}}