{"id":17549,"date":"2022-06-28T03:30:30","date_gmt":"2022-06-28T03:30:30","guid":{"rendered":"https:\/\/zecovalve.com\/?post_type=product&#038;p=17549"},"modified":"2022-09-22T06:29:24","modified_gmt":"2022-09-22T06:29:24","slug":"forged-steel-floating-ball-valve","status":"publish","type":"product","link":"https:\/\/zecovalve.com\/tr\/urun\/forged-steel-floating-ball-valve","title":{"rendered":"D\u00f6vme \u00c7elik Y\u00fczer K\u00fcresel Vana"},"content":{"rendered":"<div class=\"col-xs-12\">\n<div class=\"rbt\">\n<h1>D\u00f6vme \u00c7elik Y\u00fczer K\u00fcresel Vana<\/h1>\n<\/div>\n<\/div>\n<div class=\"text\">\n<div id=\"productdetail\">\n<div id=\"productdetail_img\" class=\"col-md-5 col-sm-6 col-xs-12\">\n<div class=\"product\">\n<figure id=\"attachment_17551\" aria-describedby=\"caption-attachment-17551\" style=\"width: 290px\" class=\"wp-caption alignnone\"><img loading=\"lazy\" decoding=\"async\" class=\"size-medium wp-image-17551\" src=\"https:\/\/zecovalve.com\/wp-content\/uploads\/2022\/06\/\u672a\u6807\u9898-2-110908-300x225.jpg\" alt=\"D\u00f6vme \u00c7elik Y\u00fczer K\u00fcresel Vana\" width=\"300\" height=\"225\" srcset=\"https:\/\/zecovalve.com\/wp-content\/uploads\/2022\/06\/\u672a\u6807\u9898-2-110908-300x225.jpg 300w, https:\/\/zecovalve.com\/wp-content\/uploads\/2022\/06\/\u672a\u6807\u9898-2-110908-768x576.jpg 768w, https:\/\/zecovalve.com\/wp-content\/uploads\/2022\/06\/\u672a\u6807\u9898-2-110908-600x450.jpg 600w, https:\/\/zecovalve.com\/wp-content\/uploads\/2022\/06\/\u672a\u6807\u9898-2-110908.jpg 800w\" sizes=\"auto, (max-width: 300px) 100vw, 300px\" \/><figcaption id=\"caption-attachment-17551\" class=\"wp-caption-text\">D\u00f6vme \u00c7elik Y\u00fczer K\u00fcresel Vana<\/figcaption><\/figure>\n<\/div>\n<\/div>\n<div id=\"productdetail_txt\" class=\"col-md-7 col-sm-6 col-xs-12\">\n<p><strong>D\u00f6vme \u00c7elik Y\u00fczer K\u00fcresel Vana<\/strong>Zeco&#039;nun d\u00f6vme k\u00fcresel vanas\u0131, iki valf yuvas\u0131 taraf\u0131ndan desteklenen y\u00fczer bir bilyeye sahiptir.<\/p>\n<\/div>\n<\/div>\n<div id=\"myTabContent\" class=\"tab-content\">\n<div id=\"page1\" class=\"tab-pane fade in active\">\n<div class=\"col-xs-12\">\n<div class=\"\">\n<h2 align=\"justify\"><strong>Prensip<\/strong><strong>:<\/strong><strong>\u00a0<\/strong><\/h2>\n<p align=\"justify\">Bu t\u00fcr d\u00f6vme k\u00fcresel vana, iki valf yuvas\u0131 taraf\u0131ndan desteklenen y\u00fczen bir bilyeye sahiptir. Orta bas\u0131n\u00e7 etkisi alt\u0131nda, bilyenin kendisi taraf\u0131ndan \u00e7\u0131k\u0131\u015ftaki koltuk conta halkas\u0131na bast\u0131r\u0131lacak \u015fekilde belirli bir yer de\u011fi\u015ftirme olu\u015fturulabilir, bu da \u00e7\u0131k\u0131\u015fta s\u0131zd\u0131rmazl\u0131\u011f\u0131 garanti eder.<\/p>\n<h2 align=\"justify\"><strong>\u00d6zellikler<\/strong><strong>\uff1a<\/strong><\/h2>\n<p align=\"justify\">1. \u0130yi s\u0131zd\u0131rmazl\u0131k ve k\u00fc\u00e7\u00fck torka sahip basit yap\u0131;<\/p>\n<p align=\"justify\">2. Minimum ak\u0131\u015f direncine sahip (asl\u0131nda s\u0131f\u0131r) azalt\u0131lm\u0131\u015f delik tipine ve tam tipe sahip olun;<\/p>\n<p align=\"justify\">3. D\u00fc\u015f\u00fck emisyonlu paketleme;<\/p>\n<p align=\"justify\">4. Yang\u0131na dayan\u0131kl\u0131, anti-statik ve patlamaya kar\u015f\u0131 dayan\u0131kl\u0131 g\u00f6vde tasar\u0131m\u0131;<\/p>\n<p align=\"justify\">5. \u0130ste\u011fe ba\u011fl\u0131 kilitleme cihaz\u0131.<\/p>\n<h2 align=\"justify\"><strong>\u00dcr\u00fcn Yelpazesi:<\/strong><\/h2>\n<p>G\u00f6vde malzemesi: karbon \u00e7eli\u011fi, paslanmaz \u00e7elik, ala\u015f\u0131ml\u0131 \u00e7elik<\/p>\n<p>Nominal \u00e7ap: 1\/2\u2033\uff5e6\u2033\uff08DN15~DN150\uff09<\/p>\n<p>U\u00e7 Ba\u011flant\u0131s\u0131: RF, RTJ, BW, THR, SW<\/p>\n<p>Bas\u0131n\u00e7 aral\u0131\u011f\u0131: Class150 \u2013 2500\uff08PN16~PN420\uff09<\/p>\n<p>Operasyon: \u0130ngiliz anahtar\u0131, sonsuz di\u015fli, elektrik vb.<\/p>\n<table class=\"ke-zeroborder\" border=\"0\" cellspacing=\"0\">\n<tbody>\n<tr>\n<td valign=\"center\" width=\"112\">Marka<\/td>\n<td valign=\"center\" width=\"770\">Zeco<\/td>\n<\/tr>\n<tr>\n<td valign=\"center\" width=\"112\">Valf Tipi<\/td>\n<td valign=\"center\" width=\"770\">D\u00f6vme \u00c7elik Y\u00fczer K\u00fcresel Vana<\/td>\n<\/tr>\n<tr>\n<td valign=\"center\" width=\"112\">Valf Malzemesi<\/td>\n<td valign=\"center\" width=\"770\">D\u00f6kme \u00e7elik, paslanmaz \u00e7elik, \u00f6zel ala\u015f\u0131m, vb.<\/td>\n<\/tr>\n<tr>\n<td valign=\"center\" width=\"112\">Valf Testi<\/td>\n<td valign=\"center\" width=\"770\">100% miktar\u0131 teslimattan \u00f6nce test edilmi\u015ftir<\/td>\n<\/tr>\n<tr>\n<td valign=\"center\" width=\"112\">Valf Garantisi<\/td>\n<td valign=\"center\" width=\"770\">Fabrika \u00e7\u0131k\u0131\u015fl\u0131 sevkiyat tarihinden itibaren 18 ay veya emtia kurulum tarihinden itibaren 12 ay.<\/td>\n<\/tr>\n<tr>\n<td valign=\"center\" width=\"112\">Valf Boyama<\/td>\n<td valign=\"center\" width=\"770\">M\u00fc\u015fteri talebi<\/td>\n<\/tr>\n<tr>\n<td valign=\"center\" width=\"112\">Valf Paketi<\/td>\n<td valign=\"center\" width=\"770\">Tahta sand\u0131k<\/td>\n<\/tr>\n<tr>\n<td valign=\"center\" width=\"112\">ADEDI<\/td>\n<td valign=\"center\" width=\"770\">Gereklilik yok<\/td>\n<\/tr>\n<tr>\n<td valign=\"center\" width=\"112\">Valf Sertifikas\u0131<\/td>\n<td valign=\"center\" width=\"770\">API 6D\/CE\/ISO9001\/ISO14001<\/td>\n<\/tr>\n<tr>\n<td valign=\"center\" width=\"112\">Teslimat Detay\u0131<\/td>\n<td valign=\"center\" width=\"770\">\u00d6deme yap\u0131ld\u0131ktan sonra 4 veya 6 hafta i\u00e7inde g\u00f6nderilir<\/td>\n<\/tr>\n<tr>\n<td valign=\"center\" width=\"112\">Liman<\/td>\n<td valign=\"center\" width=\"770\">\u015eANGHAY<\/td>\n<\/tr>\n<tr>\n<td valign=\"center\" width=\"112\">\u00d6deme Ko\u015fullar\u0131<\/td>\n<td valign=\"center\" width=\"770\">L\/C, D\/A, D\/P, T\/T<\/td>\n<\/tr>\n<tr>\n<td valign=\"center\" width=\"112\">Sunulan Sertifika<\/td>\n<td valign=\"center\" width=\"770\">Paketleme Listesi, Ticari Fatura, Test Raporlar\u0131 ve Malzeme Sertifikalar\u0131, Kalite ve Miktar Sertifikas\u0131, Sat\u0131c\u0131n\u0131n Garanti Belgesi<\/td>\n<\/tr>\n<\/tbody>\n<\/table>\n<p align=\"justify\"><img loading=\"lazy\" decoding=\"async\" class=\"alignnone size-medium wp-image-17553\" src=\"https:\/\/zecovalve.com\/wp-content\/uploads\/2022\/06\/20190202141829_1415-300x182.jpg\" alt=\"\" width=\"300\" height=\"182\" srcset=\"https:\/\/zecovalve.com\/wp-content\/uploads\/2022\/06\/20190202141829_1415-300x182.jpg 300w, https:\/\/zecovalve.com\/wp-content\/uploads\/2022\/06\/20190202141829_1415-600x365.jpg 600w, https:\/\/zecovalve.com\/wp-content\/uploads\/2022\/06\/20190202141829_1415.jpg 750w\" sizes=\"auto, (max-width: 300px) 100vw, 300px\" \/><\/p>\n<\/div>\n<\/div>\n<\/div>\n<\/div>\n<\/div>","protected":false},"excerpt":{"rendered":"<p>D\u00f6vme \u00c7elik Y\u00fczer K\u00fcresel Vana D\u00f6vme \u00c7elik Y\u00fczer K\u00fcresel VanaZeco&#039;nun d\u00f6vme k\u00fcresel vanas\u0131, iki valf yuvas\u0131 taraf\u0131ndan desteklenen y\u00fczer bir bilyeye sahiptir. \u2026 <a title=\"D\u00f6vme \u00c7elik Y\u00fczer K\u00fcresel Vana\" class=\"read-more\" href=\"https:\/\/zecovalve.com\/tr\/urun\/forged-steel-floating-ball-valve\" aria-label=\"D\u00f6vme \u00c7elik Y\u00fczer K\u00fcresel Vana hakk\u0131nda daha fazlas\u0131\">Daha fazla bilgi edinin<\/a><\/p>","protected":false},"featured_media":17551,"comment_status":"closed","ping_status":"closed","template":"","meta":{"_generate-full-width-content":"","kt_blocks_editor_width":""},"product_cat":[2047,2465],"product_tag":[2804,3920,2658,3922,3921],"class_list":["post-17549","product","type-product","status-publish","has-post-thumbnail","hentry","product_cat-ball-valve","product_cat-forged-steel-ball-valve","product_tag-2-inch-ball-valve","product_tag-api-6d-ball-valve","product_tag-isolation-valve","product_tag-metal-seat-ball-valve","product_tag-metal-seated-ball-valve","sales-flash-overlay","woocommerce-text-align-center","woocommerce-image-align-center","do-quantity-buttons"],"featured_image_src_large":["https:\/\/zecovalve.com\/wp-content\/uploads\/2022\/06\/\u672a\u6807\u9898-2-110908.jpg",800,600,false],"author_info":[],"comment_info":0,"taxonomy_info":{"product_cat":[{"value":2047,"label":"Ball Valve"},{"value":2465,"label":"Forged Ball Valve"}],"product_tag":[{"value":2804,"label":"2 inch Ball Valve"},{"value":3920,"label":"API 6D Ball Valve"},{"value":2658,"label":"Isolation Valve"},{"value":3922,"label":"Metal Seat Ball Valve"},{"value":3921,"label":"Metal Seated Ball Valve"}]},"yoast_head":"<!-- This site is optimized with the Yoast SEO Premium plugin v15.4 - https:\/\/yoast.com\/wordpress\/plugins\/seo\/ -->\n<title>Forged Steel Floating Ball Valve - ZECO Valve<\/title>\n<meta name=\"robots\" content=\"index, follow, max-snippet:-1, max-image-preview:large, max-video-preview:-1\" \/>\n<link rel=\"canonical\" href=\"https:\/\/zecovalve.com\/tr\/urun\/forged-steel-floating-ball-valve\" \/>\n<meta property=\"og:locale\" content=\"tr_TR\" \/>\n<meta property=\"og:type\" content=\"article\" \/>\n<meta property=\"og:title\" content=\"Forged Steel Floating Ball Valve - ZECO Valve\" \/>\n<meta property=\"og:description\" content=\"Forged Steel Floating Ball Valve Forged Steel Floating Ball ValveZeco&#8217;s \u00a0forging ball valve has a floating ball supported by two valve seats. ... Read more\" \/>\n<meta property=\"og:url\" content=\"https:\/\/zecovalve.com\/tr\/urun\/forged-steel-floating-ball-valve\" \/>\n<meta property=\"og:site_name\" content=\"ZECO Valve\" \/>\n<meta property=\"article:modified_time\" content=\"2022-09-22T06:29:24+00:00\" \/>\n<meta property=\"og:image\" content=\"https:\/\/zecovalve.com\/wp-content\/uploads\/2022\/06\/\u672a\u6807\u9898-2-110908.jpg\" \/>\n\t<meta property=\"og:image:width\" content=\"800\" \/>\n\t<meta property=\"og:image:height\" content=\"600\" \/>\n<meta name=\"twitter:card\" content=\"summary_large_image\" \/>\n<meta name=\"twitter:label1\" content=\"Yazan:\">\n\t<meta name=\"twitter:data1\" content=\"Jerry\">\n\t<meta name=\"twitter:label2\" content=\"Tahmini okuma s\u00fcresi\">\n\t<meta name=\"twitter:data2\" content=\"1 dakika\">\n<script type=\"application\/ld+json\" class=\"yoast-schema-graph\">{\"@context\":\"https:\/\/schema.org\",\"@graph\":[{\"@type\":\"WebSite\",\"@id\":\"https:\/\/zecovalve.com\/#website\",\"url\":\"https:\/\/zecovalve.com\/\",\"name\":\"ZECO Valve\",\"description\":\"Industrial Ball Valve, Gate Valve and Globe Valve Manufacturer\",\"potentialAction\":[{\"@type\":\"SearchAction\",\"target\":\"https:\/\/zecovalve.com\/?s={search_term_string}\",\"query-input\":\"required name=search_term_string\"}],\"inLanguage\":\"tr\"},{\"@type\":\"ImageObject\",\"@id\":\"https:\/\/zecovalve.com\/product\/forged-steel-floating-ball-valve#primaryimage\",\"inLanguage\":\"tr\",\"url\":\"https:\/\/zecovalve.com\/wp-content\/uploads\/2022\/06\/\\u672a\\u6807\\u9898-2-110908.jpg\",\"width\":800,\"height\":600,\"caption\":\"Forged Steel Floating Ball Valve\"},{\"@type\":\"WebPage\",\"@id\":\"https:\/\/zecovalve.com\/product\/forged-steel-floating-ball-valve#webpage\",\"url\":\"https:\/\/zecovalve.com\/product\/forged-steel-floating-ball-valve\",\"name\":\"Forged Steel Floating Ball Valve - ZECO Valve\",\"isPartOf\":{\"@id\":\"https:\/\/zecovalve.com\/#website\"},\"primaryImageOfPage\":{\"@id\":\"https:\/\/zecovalve.com\/product\/forged-steel-floating-ball-valve#primaryimage\"},\"datePublished\":\"2022-06-28T03:30:30+00:00\",\"dateModified\":\"2022-09-22T06:29:24+00:00\",\"breadcrumb\":{\"@id\":\"https:\/\/zecovalve.com\/product\/forged-steel-floating-ball-valve#breadcrumb\"},\"inLanguage\":\"tr\",\"potentialAction\":[{\"@type\":\"ReadAction\",\"target\":[\"https:\/\/zecovalve.com\/product\/forged-steel-floating-ball-valve\"]}]},{\"@type\":\"BreadcrumbList\",\"@id\":\"https:\/\/zecovalve.com\/product\/forged-steel-floating-ball-valve#breadcrumb\",\"itemListElement\":[{\"@type\":\"ListItem\",\"position\":1,\"item\":{\"@type\":\"WebPage\",\"@id\":\"https:\/\/zecovalve.com\/\",\"url\":\"https:\/\/zecovalve.com\/\",\"name\":\"Home\"}},{\"@type\":\"ListItem\",\"position\":2,\"item\":{\"@type\":\"WebPage\",\"@id\":\"https:\/\/zecovalve.com\/product-category\",\"url\":\"https:\/\/zecovalve.com\/product-category\",\"name\":\"Industrial Valve Manufacturer | Water Valve Manufacturer\"}},{\"@type\":\"ListItem\",\"position\":3,\"item\":{\"@type\":\"WebPage\",\"@id\":\"https:\/\/zecovalve.com\/product\/forged-steel-floating-ball-valve\",\"url\":\"https:\/\/zecovalve.com\/product\/forged-steel-floating-ball-valve\",\"name\":\"Forged Steel Floating Ball Valve\"}}]}]}<\/script>\n<!-- \/ Yoast SEO Premium plugin. -->","_links":{"self":[{"href":"https:\/\/zecovalve.com\/tr\/wp-json\/wp\/v2\/product\/17549","targetHints":{"allow":["GET"]}}],"collection":[{"href":"https:\/\/zecovalve.com\/tr\/wp-json\/wp\/v2\/product"}],"about":[{"href":"https:\/\/zecovalve.com\/tr\/wp-json\/wp\/v2\/types\/product"}],"replies":[{"embeddable":true,"href":"https:\/\/zecovalve.com\/tr\/wp-json\/wp\/v2\/comments?post=17549"}],"wp:featuredmedia":[{"embeddable":true,"href":"https:\/\/zecovalve.com\/tr\/wp-json\/wp\/v2\/media\/17551"}],"wp:attachment":[{"href":"https:\/\/zecovalve.com\/tr\/wp-json\/wp\/v2\/media?parent=17549"}],"wp:term":[{"taxonomy":"product_cat","embeddable":true,"href":"https:\/\/zecovalve.com\/tr\/wp-json\/wp\/v2\/product_cat?post=17549"},{"taxonomy":"product_tag","embeddable":true,"href":"https:\/\/zecovalve.com\/tr\/wp-json\/wp\/v2\/product_tag?post=17549"}],"curies":[{"name":"wp","href":"https:\/\/api.w.org\/{rel}","templated":true}]}}