{"id":17555,"date":"2022-06-28T03:44:53","date_gmt":"2022-06-28T03:44:53","guid":{"rendered":"https:\/\/zecovalve.com\/?post_type=product&#038;p=17555"},"modified":"2022-06-29T06:15:55","modified_gmt":"2022-06-29T06:15:55","slug":"dbb-monoflange-ball-valve","status":"publish","type":"product","link":"https:\/\/zecovalve.com\/tr\/urun\/dbb-monoflange-ball-valve","title":{"rendered":"DBB Monoflan\u015f K\u00fcresel Vana"},"content":{"rendered":"<div class=\"col-xs-12\">\n<div class=\"rbt\">\n<h1>DBB Monoflan\u015f K\u00fcresel Vana<\/h1>\n<\/div>\n<\/div>\n<div class=\"text\">\n<div id=\"productdetail\">\n<div class=\"col-xs-12\">\n<div class=\"underline-solid\"><\/div>\n<\/div>\n<div id=\"productdetail_img\" class=\"col-md-5 col-sm-6 col-xs-12\">\n<div class=\"product\">\n<figure id=\"attachment_17556\" aria-describedby=\"caption-attachment-17556\" style=\"width: 290px\" class=\"wp-caption alignnone\"><img loading=\"lazy\" decoding=\"async\" class=\"size-medium wp-image-17556\" src=\"https:\/\/zecovalve.com\/wp-content\/uploads\/2022\/06\/\u672a\u6807\u9898-2-122546-300x225.jpg\" alt=\"DBB Monoflan\u015f K\u00fcresel Vana\" width=\"300\" height=\"225\" srcset=\"https:\/\/zecovalve.com\/wp-content\/uploads\/2022\/06\/\u672a\u6807\u9898-2-122546-300x225.jpg 300w, https:\/\/zecovalve.com\/wp-content\/uploads\/2022\/06\/\u672a\u6807\u9898-2-122546-768x576.jpg 768w, https:\/\/zecovalve.com\/wp-content\/uploads\/2022\/06\/\u672a\u6807\u9898-2-122546-600x450.jpg 600w, https:\/\/zecovalve.com\/wp-content\/uploads\/2022\/06\/\u672a\u6807\u9898-2-122546.jpg 800w\" sizes=\"auto, (max-width: 300px) 100vw, 300px\" \/><figcaption id=\"caption-attachment-17556\" class=\"wp-caption-text\">DBB Monoflan\u015f K\u00fcresel Vana<\/figcaption><\/figure>\n<\/div>\n<\/div>\n<p class=\"col-md-7 col-sm-6 col-xs-12\"><strong>DBB Monoflan\u015f K\u00fcresel Vana<\/strong><\/p>\n<p>\u00c7ift Blok ve S\u0131zd\u0131rmazl\u0131k, \u0130\u011fne konfig\u00fcrasyonu, flan\u015fl\u0131 giri\u015fli tek flan\u015fl\u0131 valf ve hem a\u015f\u0131r\u0131 bas\u0131n\u00e7larda hem de s\u0131cakl\u0131klarda \u00fcst\u00fcn, kabarc\u0131k ge\u00e7irmez s\u0131zd\u0131rmazl\u0131k \u00f6zellikleri i\u00e7in metalden metale yuva ve kapaktan g\u00f6vdeye ba\u011flant\u0131 kullanan di\u015fli \u00e7\u0131k\u0131\u015f ve havaland\u0131rma ba\u011flant\u0131lar\u0131<\/p>\n<\/div>\n<div id=\"myTabContent\" class=\"tab-content\">\n<div id=\"page1\" class=\"tab-pane fade in active\">\n<div class=\"col-xs-12\">\n<div class=\"\">\n<h2 align=\"justify\"><b>Prensip:<\/b><b><\/b><\/h2>\n<p>\u00c7ift Blok ve S\u0131zd\u0131rma, \u0130\u011fne konfig\u00fcrasyonu, flan\u015fl\u0131 giri\u015fli tek flan\u015fl\u0131 valf ve hem a\u015f\u0131r\u0131 bas\u0131n\u00e7larda hem de s\u0131cakl\u0131klarda \u00fcst\u00fcn, kabarc\u0131k ge\u00e7irmez s\u0131zd\u0131rmazl\u0131k \u00f6zellikleri i\u00e7in metalden metale yuva ve kapaktan g\u00f6vdeye ba\u011flant\u0131 kullanan di\u015fli \u00e7\u0131k\u0131\u015f ve havaland\u0131rma ba\u011flant\u0131lar\u0131.<\/p>\n<h2 align=\"justify\"><b>\u00d6zellikler\uff1a<\/b><b><\/b><\/h2>\n<p align=\"justify\">1. ASME B16.5 flan\u015fl\u0131 giri\u015f ba\u011flant\u0131lar\u0131 1\/2\u201d ila 2\u201d boyutlar\u0131nda;<\/p>\n<p align=\"justify\">2. Standart 1\/2\u201d NPT di\u015fi \u00e7\u0131k\u0131\u015f;<\/p>\n<p align=\"justify\">3. Alt\u0131gen Fi\u015fli bo\u015faltma portu 1\/2\u201d NPT di\u015fi standartt\u0131r;<\/p>\n<p align=\"justify\">4. Grafit salmastral\u0131 OS&amp;Y standart, iste\u011fe ba\u011fl\u0131 PTFE&#039;dir;<\/p>\n<p align=\"justify\">5. PTFE salmastral\u0131 i\u011fne valfi standartt\u0131r, iste\u011fe ba\u011fl\u0131 Grafittir;<\/p>\n<h2 align=\"justify\"><strong>\u00dcr\u00fcn Yelpazesi:<\/strong><\/h2>\n<p>G\u00f6vde malzemesi: karbon \u00e7eli\u011fi, paslanmaz \u00e7elik, ala\u015f\u0131ml\u0131 \u00e7elik<\/p>\n<p>Nominal \u00e7ap:1\/2\u201d~2\u201d<\/p>\n<p>Bas\u0131n\u00e7 aral\u0131\u011f\u0131: Class150 \u2013 2500<\/p>\n<p>U\u00e7 Ba\u011flant\u0131s\u0131: NPTF&#039;ye Flan\u015f<\/p>\n<p>\u00c7al\u0131\u015fma s\u0131cakl\u0131\u011f\u0131: -46 \u2103 \uff5e + 200 \u2103<\/p>\n<p>\u00c7al\u0131\u015fma: Anahtar, sonsuz di\u015fli, elektrikli, pn\u00f6matik, gazl\u0131 ya\u011f akt\u00fcat\u00f6r\u00fc ve elektro-hidrolik akt\u00fcat\u00f6r<\/p>\n<p>&nbsp;<\/p>\n<table class=\"ke-zeroborder\" border=\"0\" cellspacing=\"0\">\n<tbody>\n<tr>\n<td valign=\"center\" width=\"112\">Marka<\/td>\n<td valign=\"center\" width=\"770\">Zeco<\/td>\n<\/tr>\n<tr>\n<td valign=\"center\" width=\"112\">Valf Tipi<\/td>\n<td valign=\"center\" width=\"770\">DBB Monoflan\u015f K\u00fcresel Vana<\/td>\n<\/tr>\n<tr>\n<td valign=\"center\" width=\"112\">Valf Malzemesi<\/td>\n<td valign=\"center\" width=\"770\">D\u00f6kme \u00e7elik, paslanmaz \u00e7elik, \u00f6zel ala\u015f\u0131m vb.<\/td>\n<\/tr>\n<tr>\n<td valign=\"center\" width=\"112\">Valf Testi<\/td>\n<td valign=\"center\" width=\"770\">100% miktar\u0131 teslimattan \u00f6nce test edilmi\u015ftir<\/td>\n<\/tr>\n<tr>\n<td valign=\"center\" width=\"112\">Valf Garantisi<\/td>\n<td valign=\"center\" width=\"770\">Fabrika \u00e7\u0131k\u0131\u015fl\u0131 sevkiyat tarihinden itibaren 18 ay veya emtia kurulum tarihinden itibaren 12 ay.<\/td>\n<\/tr>\n<tr>\n<td valign=\"center\" width=\"112\">Valf Boyama<\/td>\n<td valign=\"center\" width=\"770\">M\u00fc\u015fteri talebi<\/td>\n<\/tr>\n<tr>\n<td valign=\"center\" width=\"112\">Valf Paketi<\/td>\n<td valign=\"center\" width=\"770\">Tahta sand\u0131k<\/td>\n<\/tr>\n<tr>\n<td valign=\"center\" width=\"112\">ADEDI<\/td>\n<td valign=\"center\" width=\"770\">Gereklilik yok<\/td>\n<\/tr>\n<tr>\n<td valign=\"center\" width=\"112\">Valf Sertifikas\u0131<\/td>\n<td valign=\"center\" width=\"770\">API 6D\/CE\/ISO9001\/ISO14001<\/td>\n<\/tr>\n<tr>\n<td valign=\"center\" width=\"112\">Teslimat Detay\u0131<\/td>\n<td valign=\"center\" width=\"770\">\u00d6deme yap\u0131ld\u0131ktan sonra 4 veya 6 hafta i\u00e7inde g\u00f6nderilir<\/td>\n<\/tr>\n<tr>\n<td valign=\"center\" width=\"112\">Liman<\/td>\n<td valign=\"center\" width=\"770\">\u015eANGHAY<\/td>\n<\/tr>\n<tr>\n<td valign=\"center\" width=\"112\">\u00d6deme Ko\u015fullar\u0131<\/td>\n<td valign=\"center\" width=\"770\">L\/C, D\/A, D\/P, T\/T<\/td>\n<\/tr>\n<tr>\n<td valign=\"center\" width=\"112\">Sunulan Sertifika<\/td>\n<td valign=\"center\" width=\"770\">Paketleme Listesi\uff0cTicari Fatura\uff0cTest Raporlar\u0131 ve Malzeme Sertifikalar\u0131\uff0cKalite ve miktar belgesi, Sat\u0131c\u0131n\u0131n Garanti Belgesi<\/td>\n<\/tr>\n<\/tbody>\n<\/table>\n<p><img loading=\"lazy\" decoding=\"async\" class=\"alignnone size-medium wp-image-17557\" src=\"https:\/\/zecovalve.com\/wp-content\/uploads\/2022\/06\/20190207052109_4488-300x182.jpg\" alt=\"\" width=\"300\" height=\"182\" srcset=\"https:\/\/zecovalve.com\/wp-content\/uploads\/2022\/06\/20190207052109_4488-300x182.jpg 300w, https:\/\/zecovalve.com\/wp-content\/uploads\/2022\/06\/20190207052109_4488-600x365.jpg 600w, https:\/\/zecovalve.com\/wp-content\/uploads\/2022\/06\/20190207052109_4488.jpg 750w\" sizes=\"auto, (max-width: 300px) 100vw, 300px\" \/><\/p>\n<\/div>\n<\/div>\n<\/div>\n<\/div>\n<\/div>","protected":false},"excerpt":{"rendered":"<p>DBB Tek Flan\u015fl\u0131 K\u00fcresel Vana DBB Tek Flan\u015fl\u0131 K\u00fcresel Vana \u00c7ift Blok ve S\u0131zd\u0131rma, \u0130\u011fne konfig\u00fcrasyonu, flan\u015fl\u0131 giri\u015f ve di\u015fli \u00e7\u0131k\u0131\u015fl\u0131 tek flan\u015fl\u0131 vana\u2026 <a title=\"DBB Monoflan\u015f K\u00fcresel Vana\" class=\"read-more\" href=\"https:\/\/zecovalve.com\/tr\/urun\/dbb-monoflange-ball-valve\" aria-label=\"DBB Monoflan\u015fl\u0131 K\u00fcresel Vana hakk\u0131nda daha fazlas\u0131\">Daha fazla bilgi edinin<\/a><\/p>","protected":false},"featured_media":17556,"comment_status":"closed","ping_status":"closed","template":"","meta":{"_generate-full-width-content":"","kt_blocks_editor_width":""},"product_cat":[2047,2459],"product_tag":[2655,2656],"class_list":["post-17555","product","type-product","status-publish","has-post-thumbnail","hentry","product_cat-ball-valve","product_cat-ball-valve-by-form","product_tag-1-2-ball-valve","product_tag-3-4-ball-valve","sales-flash-overlay","woocommerce-text-align-center","woocommerce-image-align-center","do-quantity-buttons"],"featured_image_src_large":["https:\/\/zecovalve.com\/wp-content\/uploads\/2022\/06\/\u672a\u6807\u9898-2-122546.jpg",800,600,false],"author_info":[],"comment_info":0,"taxonomy_info":{"product_cat":[{"value":2047,"label":"Ball Valve"},{"value":2459,"label":"Ball Valve By Form"}],"product_tag":[{"value":2655,"label":"1 2 ball valve"},{"value":2656,"label":"3 4 ball valve"}]},"yoast_head":"<!-- This site is optimized with the Yoast SEO Premium plugin v15.4 - https:\/\/yoast.com\/wordpress\/plugins\/seo\/ -->\n<title>DBB Monoflange Ball Valve - ZECO Valve<\/title>\n<meta name=\"robots\" content=\"index, follow, max-snippet:-1, max-image-preview:large, max-video-preview:-1\" \/>\n<link rel=\"canonical\" href=\"https:\/\/zecovalve.com\/tr\/urun\/dbb-monoflange-ball-valve\" \/>\n<meta property=\"og:locale\" content=\"tr_TR\" \/>\n<meta property=\"og:type\" content=\"article\" \/>\n<meta property=\"og:title\" content=\"DBB Monoflange Ball Valve - ZECO Valve\" \/>\n<meta property=\"og:description\" content=\"DBB Monoflange Ball Valve DBB Monoflange Ball Valve Double Block and Bleed, Needle configuration, monoflange valve with flanged inlet, and threaded outlet ... Read more\" \/>\n<meta property=\"og:url\" content=\"https:\/\/zecovalve.com\/tr\/urun\/dbb-monoflange-ball-valve\" \/>\n<meta property=\"og:site_name\" content=\"ZECO Valve\" \/>\n<meta property=\"article:modified_time\" content=\"2022-06-29T06:15:55+00:00\" \/>\n<meta property=\"og:image\" content=\"https:\/\/zecovalve.com\/wp-content\/uploads\/2022\/06\/\u672a\u6807\u9898-2-122546.jpg\" \/>\n\t<meta property=\"og:image:width\" content=\"800\" \/>\n\t<meta property=\"og:image:height\" content=\"600\" \/>\n<meta name=\"twitter:card\" content=\"summary_large_image\" \/>\n<meta name=\"twitter:label1\" content=\"Yazan:\">\n\t<meta name=\"twitter:data1\" content=\"Jerry\">\n\t<meta name=\"twitter:label2\" content=\"Tahmini okuma s\u00fcresi\">\n\t<meta name=\"twitter:data2\" content=\"1 dakika\">\n<script type=\"application\/ld+json\" class=\"yoast-schema-graph\">{\"@context\":\"https:\/\/schema.org\",\"@graph\":[{\"@type\":\"WebSite\",\"@id\":\"https:\/\/zecovalve.com\/#website\",\"url\":\"https:\/\/zecovalve.com\/\",\"name\":\"ZECO Valve\",\"description\":\"Industrial Ball Valve, Gate Valve and Globe Valve Manufacturer\",\"potentialAction\":[{\"@type\":\"SearchAction\",\"target\":\"https:\/\/zecovalve.com\/?s={search_term_string}\",\"query-input\":\"required name=search_term_string\"}],\"inLanguage\":\"tr\"},{\"@type\":\"ImageObject\",\"@id\":\"https:\/\/zecovalve.com\/product\/dbb-monoflange-ball-valve#primaryimage\",\"inLanguage\":\"tr\",\"url\":\"https:\/\/zecovalve.com\/wp-content\/uploads\/2022\/06\/\\u672a\\u6807\\u9898-2-122546.jpg\",\"width\":800,\"height\":600,\"caption\":\"DBB Monoflange Ball Valve\"},{\"@type\":\"WebPage\",\"@id\":\"https:\/\/zecovalve.com\/product\/dbb-monoflange-ball-valve#webpage\",\"url\":\"https:\/\/zecovalve.com\/product\/dbb-monoflange-ball-valve\",\"name\":\"DBB Monoflange Ball Valve - ZECO Valve\",\"isPartOf\":{\"@id\":\"https:\/\/zecovalve.com\/#website\"},\"primaryImageOfPage\":{\"@id\":\"https:\/\/zecovalve.com\/product\/dbb-monoflange-ball-valve#primaryimage\"},\"datePublished\":\"2022-06-28T03:44:53+00:00\",\"dateModified\":\"2022-06-29T06:15:55+00:00\",\"breadcrumb\":{\"@id\":\"https:\/\/zecovalve.com\/product\/dbb-monoflange-ball-valve#breadcrumb\"},\"inLanguage\":\"tr\",\"potentialAction\":[{\"@type\":\"ReadAction\",\"target\":[\"https:\/\/zecovalve.com\/product\/dbb-monoflange-ball-valve\"]}]},{\"@type\":\"BreadcrumbList\",\"@id\":\"https:\/\/zecovalve.com\/product\/dbb-monoflange-ball-valve#breadcrumb\",\"itemListElement\":[{\"@type\":\"ListItem\",\"position\":1,\"item\":{\"@type\":\"WebPage\",\"@id\":\"https:\/\/zecovalve.com\/\",\"url\":\"https:\/\/zecovalve.com\/\",\"name\":\"Home\"}},{\"@type\":\"ListItem\",\"position\":2,\"item\":{\"@type\":\"WebPage\",\"@id\":\"https:\/\/zecovalve.com\/product-category\",\"url\":\"https:\/\/zecovalve.com\/product-category\",\"name\":\"Industrial Valve Manufacturer | Water Valve Manufacturer\"}},{\"@type\":\"ListItem\",\"position\":3,\"item\":{\"@type\":\"WebPage\",\"@id\":\"https:\/\/zecovalve.com\/product\/dbb-monoflange-ball-valve\",\"url\":\"https:\/\/zecovalve.com\/product\/dbb-monoflange-ball-valve\",\"name\":\"DBB Monoflange Ball Valve\"}}]}]}<\/script>\n<!-- \/ Yoast SEO Premium plugin. -->","_links":{"self":[{"href":"https:\/\/zecovalve.com\/tr\/wp-json\/wp\/v2\/product\/17555","targetHints":{"allow":["GET"]}}],"collection":[{"href":"https:\/\/zecovalve.com\/tr\/wp-json\/wp\/v2\/product"}],"about":[{"href":"https:\/\/zecovalve.com\/tr\/wp-json\/wp\/v2\/types\/product"}],"replies":[{"embeddable":true,"href":"https:\/\/zecovalve.com\/tr\/wp-json\/wp\/v2\/comments?post=17555"}],"wp:featuredmedia":[{"embeddable":true,"href":"https:\/\/zecovalve.com\/tr\/wp-json\/wp\/v2\/media\/17556"}],"wp:attachment":[{"href":"https:\/\/zecovalve.com\/tr\/wp-json\/wp\/v2\/media?parent=17555"}],"wp:term":[{"taxonomy":"product_cat","embeddable":true,"href":"https:\/\/zecovalve.com\/tr\/wp-json\/wp\/v2\/product_cat?post=17555"},{"taxonomy":"product_tag","embeddable":true,"href":"https:\/\/zecovalve.com\/tr\/wp-json\/wp\/v2\/product_tag?post=17555"}],"curies":[{"name":"wp","href":"https:\/\/api.w.org\/{rel}","templated":true}]}}