{"id":17573,"date":"2022-06-28T04:42:00","date_gmt":"2022-06-28T04:42:00","guid":{"rendered":"https:\/\/zecovalve.com\/?post_type=product&#038;p=17573"},"modified":"2023-06-16T13:51:21","modified_gmt":"2023-06-16T13:51:21","slug":"pressure-seal-check-valve","status":"publish","type":"product","link":"https:\/\/zecovalve.com\/tr\/urun\/pressure-seal-check-valve","title":{"rendered":"Bas\u0131n\u00e7 Contal\u0131 \u00c7ekvalf"},"content":{"rendered":"<div class=\"col-xs-12\">\n<div class=\"rbt\">\n<p><img loading=\"lazy\" decoding=\"async\" class=\"size-medium wp-image-27919\" src=\"https:\/\/zecovalve.com\/wp-content\/uploads\/2022\/06\/Pressure-Seal-Check-Valve-1-300x225.jpg\" alt=\"Bas\u0131n\u00e7 Contal\u0131 \u00c7ekvalf\" width=\"300\" height=\"225\" srcset=\"https:\/\/zecovalve.com\/wp-content\/uploads\/2022\/06\/Pressure-Seal-Check-Valve-1-300x225.jpg 300w, https:\/\/zecovalve.com\/wp-content\/uploads\/2022\/06\/Pressure-Seal-Check-Valve-1-768x576.jpg 768w, https:\/\/zecovalve.com\/wp-content\/uploads\/2022\/06\/Pressure-Seal-Check-Valve-1-600x450.jpg 600w, https:\/\/zecovalve.com\/wp-content\/uploads\/2022\/06\/Pressure-Seal-Check-Valve-1.jpg 800w\" sizes=\"auto, (max-width: 300px) 100vw, 300px\" \/><\/p>\n<\/div>\n<\/div>\n<div class=\"text\">\n<div id=\"productdetail\">\n<div id=\"productdetail_img\" class=\"col-md-5 col-sm-6 col-xs-12\">\n<div class=\"product\"><\/div>\n<\/div>\n<div id=\"productdetail_txt\" class=\"col-md-7 col-sm-6 col-xs-12\">\n<p><strong>Bas\u0131n\u00e7 Contal\u0131 \u00c7ekvalf<\/strong>Zeco'nun bas\u0131n\u00e7 s\u0131zd\u0131rmaz \u00e7ek valfleri, ciddi durumlar d\u0131\u015f\u0131nda t\u00fcm ak\u0131\u015fkan t\u00fcrlerinde y\u00fcksek bas\u0131n\u00e7, y\u00fcksek s\u0131cakl\u0131k uygulamalar\u0131 i\u00e7in tasarlanm\u0131\u015ft\u0131r.<\/p>\n<\/div>\n<\/div>\n<div id=\"myTabContent\" class=\"tab-content\">\n<div id=\"page1\" class=\"tab-pane fade in active\">\n<div class=\"col-xs-12\">\n<div class=\"\">\n<p>Bas\u0131n\u00e7 s\u0131zd\u0131rmazl\u0131k \u00e7ek valfleri, y\u00fcksek s\u0131cakl\u0131k ve y\u00fcksek bas\u0131n\u00e7ta hizmet i\u00e7in BS1868 ve ASME B16.34'e uygun olarak tasarlanm\u0131\u015ft\u0131r ve fosil yak\u0131tl\u0131 enerji santrallerinde yayg\u0131n olarak kullan\u0131lmaktad\u0131r. C\u0131vatal\u0131 kaput mafsall\u0131 vanalarla kar\u015f\u0131la\u015ft\u0131r\u0131ld\u0131\u011f\u0131nda, kaput mafsal\u0131n\u0131n mutlak g\u00fcvenilir s\u0131zd\u0131rmazl\u0131\u011f\u0131n\u0131 sa\u011flar, b\u00f6ylece bas\u0131n\u00e7 contal\u0131 \u00e7ek vanalar daha kompakt ve rijittir ve y\u00fcksek s\u0131cakl\u0131k ve y\u00fcksek bas\u0131n\u00e7 hizmetinde bak\u0131m maliyeti d\u00fc\u015f\u00fckt\u00fcr.<\/p>\n<p>Boru hatt\u0131 i\u00e7inde akan ortam taraf\u0131ndan \u00fcretilen kuvvet taraf\u0131ndan otomatik olarak a\u00e7\u0131ld\u0131\u011f\u0131nda veya kapat\u0131ld\u0131\u011f\u0131nda otomatik bir \u00e7ek valftir. Ba\u015fl\u0131ca i\u015flevi, boru hatt\u0131ndaki ortam\u0131n geri ak\u0131\u015f\u0131n\u0131, pompan\u0131n ve tahrik motorunun ters d\u00f6nmesini ve kaptaki ortam\u0131n bo\u015falmas\u0131n\u0131 \u00f6nlemektir.<\/p>\n<p align=\"justify\"><b>\u00d6zellikler\uff1a<\/b><b><\/b><\/p>\n<p align=\"justify\">1. Vana g\u00f6vdesi ve vana diski \u00fczerinde sadece bir s\u0131zd\u0131rmazl\u0131k y\u00fczeyi tasarlanm\u0131\u015ft\u0131r;<\/p>\n<p align=\"justify\">2. Tam stellit kaplamal\u0131 yuva s\u0131zd\u0131rmazl\u0131k y\u00fczeyi;<\/p>\n<p align=\"justify\">3. \u00dcretim s\u00fcreci i\u00e7in iyidir ve bak\u0131m\u0131 kolayd\u0131r;<\/p>\n<p align=\"justify\">4. Esnek ve dokuma grafit i\u015fbirli\u011fi tipi ambalaj kullan\u0131n \uff1b<\/p>\n<p align=\"justify\">5. Mutlak kaput eklemi s\u0131zd\u0131rmaz \uff1b<\/p>\n<p align=\"justify\">6.  \u0130ste\u011fe ba\u011fl\u0131 by-pass tasar\u0131m\u0131 \uff1b<\/p>\n<p align=\"justify\">7. \u0130ste\u011fe ba\u011fl\u0131 olarak bir S\u00f6n\u00fcmleme Silindiri ile tasarlanm\u0131\u015ft\u0131r.<\/p>\n<p align=\"justify\"><b>\u00dcr\u00fcn Yelpazesi:<\/b><b><\/b><\/p>\n<p>G\u00f6vde malzemesi: karbon \u00e7eli\u011fi, paslanmaz \u00e7elik, ala\u015f\u0131ml\u0131 \u00e7elik, vb.<br \/>\nNominal \u00e7ap: 1\/2 \u2033 \uff5e 24 \u2033<\/p>\n<p>Pressure range:Class150\uff5e2500\uff08PN10~PN420\uff09<\/p>\n<p>U\u00e7 Ba\u011flant\u0131s\u0131: RF, RTJ, BW<\/p>\n<p>\u00c7al\u0131\u015fma s\u0131cakl\u0131\u011f\u0131: -29 \u2103 \uff5e + 560 \u2103<\/p>\n<table class=\"ke-zeroborder\" border=\"0\" cellspacing=\"0\">\n<tbody>\n<tr>\n<td valign=\"center\" width=\"112\">Marka<\/td>\n<td valign=\"center\" width=\"770\">Zeco<\/td>\n<\/tr>\n<tr>\n<td valign=\"center\" width=\"112\">Valf Tipi<\/td>\n<td valign=\"center\" width=\"770\">Bas\u0131n\u00e7 Contal\u0131 \u00c7ekvalf<\/td>\n<\/tr>\n<tr>\n<td valign=\"center\" width=\"112\">Valf Malzemesi<\/td>\n<td valign=\"center\" width=\"770\">karbon \u00e7eli\u011fi, paslanmaz \u00e7elik, ala\u015f\u0131ml\u0131 \u00e7elik, vb.<\/td>\n<\/tr>\n<tr>\n<td valign=\"center\" width=\"112\">Valf Testi<\/td>\n<td valign=\"center\" width=\"770\">100% miktar\u0131 teslimattan \u00f6nce test edilmi\u015ftir<\/td>\n<\/tr>\n<tr>\n<td valign=\"center\" width=\"112\">Valf Garantisi<\/td>\n<td valign=\"center\" width=\"770\">Fabrika \u00e7\u0131k\u0131\u015fl\u0131 sevkiyat tarihinden itibaren 18 ay veya emtia kurulum tarihinden itibaren 12 ay.<\/td>\n<\/tr>\n<tr>\n<td valign=\"center\" width=\"112\">Valf Boyama<\/td>\n<td valign=\"center\" width=\"770\">M\u00fc\u015fteri talebi<\/td>\n<\/tr>\n<tr>\n<td valign=\"center\" width=\"112\">Valf Paketi<\/td>\n<td valign=\"center\" width=\"770\">Tahta sand\u0131k<\/td>\n<\/tr>\n<tr>\n<td valign=\"center\" width=\"112\">ADEDI<\/td>\n<td valign=\"center\" width=\"770\">Gereklilik yok<\/td>\n<\/tr>\n<tr>\n<td valign=\"center\" width=\"112\">Valf Sertifikas\u0131<\/td>\n<td valign=\"center\" width=\"770\">API 6D\/CE\/ISO9001\/ISO14001<\/td>\n<\/tr>\n<tr>\n<td valign=\"center\" width=\"112\">Teslimat Detay\u0131<\/td>\n<td valign=\"center\" width=\"770\">\u00d6deme yap\u0131ld\u0131ktan sonra 4 veya 6 hafta i\u00e7inde g\u00f6nderilir<\/td>\n<\/tr>\n<tr>\n<td valign=\"center\" width=\"112\">Liman<\/td>\n<td valign=\"center\" width=\"770\">\u015eANGHAY<\/td>\n<\/tr>\n<tr>\n<td valign=\"center\" width=\"112\">\u00d6deme Ko\u015fullar\u0131<\/td>\n<td valign=\"center\" width=\"770\">L\/C, D\/A, D\/P, T\/T<\/td>\n<\/tr>\n<tr>\n<td valign=\"center\" width=\"112\">Sunulan Sertifika<\/td>\n<td valign=\"center\" width=\"770\">Paketleme Listesi\uff0cTicari Fatura\uff0cTest Raporlar\u0131 ve Malzeme Sertifikalar\u0131\uff0cKalite ve miktar belgesi, Sat\u0131c\u0131n\u0131n Garanti Belgesi<\/td>\n<\/tr>\n<\/tbody>\n<\/table>\n<p><img loading=\"lazy\" decoding=\"async\" class=\"alignnone size-medium wp-image-17528\" src=\"https:\/\/zecovalve.com\/wp-content\/uploads\/2022\/06\/20190205155834_8781-300x182.jpg\" alt=\"\" width=\"300\" height=\"182\" srcset=\"https:\/\/zecovalve.com\/wp-content\/uploads\/2022\/06\/20190205155834_8781-300x182.jpg 300w, https:\/\/zecovalve.com\/wp-content\/uploads\/2022\/06\/20190205155834_8781-600x365.jpg 600w, https:\/\/zecovalve.com\/wp-content\/uploads\/2022\/06\/20190205155834_8781.jpg 750w\" sizes=\"auto, (max-width: 300px) 100vw, 300px\" \/><\/p>\n<\/div>\n<\/div>\n<\/div>\n<\/div>\n<\/div>","protected":false},"excerpt":{"rendered":"<p>Bas\u0131n\u00e7 Ke\u00e7eli \u00c7ek ValfZeco&#039;nun bas\u0131n\u00e7 s\u0131zd\u0131rmaz \u00e7ek valfleri, a\u015fa\u011f\u0131dakiler hari\u00e7 t\u00fcm ak\u0131\u015fkan t\u00fcrlerinde y\u00fcksek bas\u0131n\u00e7, y\u00fcksek s\u0131cakl\u0131k uygulamalar\u0131 i\u00e7in tasarlanm\u0131\u015ft\u0131r\u2026 <a title=\"Bas\u0131n\u00e7 Contal\u0131 \u00c7ekvalf\" class=\"read-more\" href=\"https:\/\/zecovalve.com\/tr\/urun\/pressure-seal-check-valve\" aria-label=\"Bas\u0131n\u00e7 Contal\u0131 \u00c7ekvalf hakk\u0131nda daha fazla bilgi\">Daha fazla bilgi edinin<\/a><\/p>","protected":false},"featured_media":27919,"comment_status":"closed","ping_status":"closed","template":"","meta":{"_generate-full-width-content":"","kt_blocks_editor_width":""},"product_cat":[2455,2067],"product_tag":[2657,2661,2660,2723],"class_list":["post-17573","product","type-product","status-publish","has-post-thumbnail","hentry","product_cat-check-valve","product_cat-swing-check-valve","product_tag-non-return-valve","product_tag-nrv-valve","product_tag-swing-check-valve","product_tag-what-is-a-valve","sales-flash-overlay","woocommerce-text-align-center","woocommerce-image-align-center","do-quantity-buttons"],"featured_image_src_large":["https:\/\/zecovalve.com\/wp-content\/uploads\/2022\/06\/Pressure-Seal-Check-Valve-1.jpg",800,600,false],"author_info":[],"comment_info":0,"taxonomy_info":{"product_cat":[{"value":2455,"label":"Check Valve"},{"value":2067,"label":"Swing Check Valve"}],"product_tag":[{"value":2657,"label":"Non Return Valve"},{"value":2661,"label":"NRV Valve"},{"value":2660,"label":"Swing Check Valve"},{"value":2723,"label":"What is a Valve"}]},"yoast_head":"<!-- This site is optimized with the Yoast SEO Premium plugin v15.4 - https:\/\/yoast.com\/wordpress\/plugins\/seo\/ -->\n<title>Pressure Seal Check Valve - ZECO Valve<\/title>\n<meta name=\"robots\" content=\"index, follow, max-snippet:-1, max-image-preview:large, max-video-preview:-1\" \/>\n<link rel=\"canonical\" href=\"https:\/\/zecovalve.com\/tr\/urun\/pressure-seal-check-valve\" \/>\n<meta property=\"og:locale\" content=\"tr_TR\" \/>\n<meta property=\"og:type\" content=\"article\" \/>\n<meta property=\"og:title\" content=\"Pressure Seal Check Valve - ZECO Valve\" \/>\n<meta property=\"og:description\" content=\"Pressure Seal Check ValveZeco&#8217;s pressure sealed check valves are intended for high pressure, high temperature applications in all types of fluid except ... Read more\" \/>\n<meta property=\"og:url\" content=\"https:\/\/zecovalve.com\/tr\/urun\/pressure-seal-check-valve\" \/>\n<meta property=\"og:site_name\" content=\"ZECO Valve\" \/>\n<meta property=\"article:modified_time\" content=\"2023-06-16T13:51:21+00:00\" \/>\n<meta property=\"og:image\" content=\"https:\/\/zecovalve.com\/wp-content\/uploads\/2022\/06\/Pressure-Seal-Check-Valve-1.jpg\" \/>\n\t<meta property=\"og:image:width\" content=\"800\" \/>\n\t<meta property=\"og:image:height\" content=\"600\" \/>\n<meta name=\"twitter:card\" content=\"summary_large_image\" \/>\n<meta name=\"twitter:label1\" content=\"Yazan:\">\n\t<meta name=\"twitter:data1\" content=\"Jerry\">\n\t<meta name=\"twitter:label2\" content=\"Tahmini okuma s\u00fcresi\">\n\t<meta name=\"twitter:data2\" content=\"1 dakika\">\n<script type=\"application\/ld+json\" class=\"yoast-schema-graph\">{\"@context\":\"https:\/\/schema.org\",\"@graph\":[{\"@type\":\"WebSite\",\"@id\":\"https:\/\/zecovalve.com\/#website\",\"url\":\"https:\/\/zecovalve.com\/\",\"name\":\"ZECO Valve\",\"description\":\"Industrial Ball Valve, Gate Valve and Globe Valve Manufacturer\",\"potentialAction\":[{\"@type\":\"SearchAction\",\"target\":\"https:\/\/zecovalve.com\/?s={search_term_string}\",\"query-input\":\"required name=search_term_string\"}],\"inLanguage\":\"tr\"},{\"@type\":\"ImageObject\",\"@id\":\"https:\/\/zecovalve.com\/product\/pressure-seal-check-valve#primaryimage\",\"inLanguage\":\"tr\",\"url\":\"https:\/\/zecovalve.com\/wp-content\/uploads\/2022\/06\/Pressure-Seal-Check-Valve-1.jpg\",\"width\":800,\"height\":600,\"caption\":\"Pressure Seal Check Valve\"},{\"@type\":\"WebPage\",\"@id\":\"https:\/\/zecovalve.com\/product\/pressure-seal-check-valve#webpage\",\"url\":\"https:\/\/zecovalve.com\/product\/pressure-seal-check-valve\",\"name\":\"Pressure Seal Check Valve - ZECO Valve\",\"isPartOf\":{\"@id\":\"https:\/\/zecovalve.com\/#website\"},\"primaryImageOfPage\":{\"@id\":\"https:\/\/zecovalve.com\/product\/pressure-seal-check-valve#primaryimage\"},\"datePublished\":\"2022-06-28T04:42:00+00:00\",\"dateModified\":\"2023-06-16T13:51:21+00:00\",\"breadcrumb\":{\"@id\":\"https:\/\/zecovalve.com\/product\/pressure-seal-check-valve#breadcrumb\"},\"inLanguage\":\"tr\",\"potentialAction\":[{\"@type\":\"ReadAction\",\"target\":[\"https:\/\/zecovalve.com\/product\/pressure-seal-check-valve\"]}]},{\"@type\":\"BreadcrumbList\",\"@id\":\"https:\/\/zecovalve.com\/product\/pressure-seal-check-valve#breadcrumb\",\"itemListElement\":[{\"@type\":\"ListItem\",\"position\":1,\"item\":{\"@type\":\"WebPage\",\"@id\":\"https:\/\/zecovalve.com\/\",\"url\":\"https:\/\/zecovalve.com\/\",\"name\":\"Home\"}},{\"@type\":\"ListItem\",\"position\":2,\"item\":{\"@type\":\"WebPage\",\"@id\":\"https:\/\/zecovalve.com\/product-category\",\"url\":\"https:\/\/zecovalve.com\/product-category\",\"name\":\"Industrial Valve Manufacturer | Water Valve Manufacturer\"}},{\"@type\":\"ListItem\",\"position\":3,\"item\":{\"@type\":\"WebPage\",\"@id\":\"https:\/\/zecovalve.com\/product\/pressure-seal-check-valve\",\"url\":\"https:\/\/zecovalve.com\/product\/pressure-seal-check-valve\",\"name\":\"Pressure Seal Check Valve\"}}]}]}<\/script>\n<!-- \/ Yoast SEO Premium plugin. -->","_links":{"self":[{"href":"https:\/\/zecovalve.com\/tr\/wp-json\/wp\/v2\/product\/17573","targetHints":{"allow":["GET"]}}],"collection":[{"href":"https:\/\/zecovalve.com\/tr\/wp-json\/wp\/v2\/product"}],"about":[{"href":"https:\/\/zecovalve.com\/tr\/wp-json\/wp\/v2\/types\/product"}],"replies":[{"embeddable":true,"href":"https:\/\/zecovalve.com\/tr\/wp-json\/wp\/v2\/comments?post=17573"}],"wp:featuredmedia":[{"embeddable":true,"href":"https:\/\/zecovalve.com\/tr\/wp-json\/wp\/v2\/media\/27919"}],"wp:attachment":[{"href":"https:\/\/zecovalve.com\/tr\/wp-json\/wp\/v2\/media?parent=17573"}],"wp:term":[{"taxonomy":"product_cat","embeddable":true,"href":"https:\/\/zecovalve.com\/tr\/wp-json\/wp\/v2\/product_cat?post=17573"},{"taxonomy":"product_tag","embeddable":true,"href":"https:\/\/zecovalve.com\/tr\/wp-json\/wp\/v2\/product_tag?post=17573"}],"curies":[{"name":"wp","href":"https:\/\/api.w.org\/{rel}","templated":true}]}}