{"id":17587,"date":"2022-06-28T05:03:28","date_gmt":"2022-06-28T05:03:28","guid":{"rendered":"https:\/\/zecovalve.com\/?post_type=product&#038;p=17587"},"modified":"2022-07-03T09:42:55","modified_gmt":"2022-07-03T09:42:55","slug":"sbb-ball-valve","status":"publish","type":"product","link":"https:\/\/zecovalve.com\/tr\/urun\/sbb-ball-valve","title":{"rendered":"SBB K\u00fcresel Vana"},"content":{"rendered":"<div class=\"col-xs-12\">\n<div class=\"rbt\">\n<h1>SBB K\u00fcresel Vana<\/h1>\n<figure id=\"attachment_17563\" aria-describedby=\"caption-attachment-17563\" style=\"width: 290px\" class=\"wp-caption alignnone\"><img loading=\"lazy\" decoding=\"async\" class=\"size-medium wp-image-17563\" src=\"https:\/\/zecovalve.com\/wp-content\/uploads\/2022\/06\/\u672a\u6807\u9898-3-113915-300x225.jpg\" alt=\"SBB K\u00fcresel Vana\" width=\"300\" height=\"225\" srcset=\"https:\/\/zecovalve.com\/wp-content\/uploads\/2022\/06\/\u672a\u6807\u9898-3-113915-300x225.jpg 300w, https:\/\/zecovalve.com\/wp-content\/uploads\/2022\/06\/\u672a\u6807\u9898-3-113915.jpg 400w\" sizes=\"auto, (max-width: 300px) 100vw, 300px\" \/><figcaption id=\"caption-attachment-17563\" class=\"wp-caption-text\">SBB K\u00fcresel Vana<\/figcaption><\/figure>\n<\/div>\n<\/div>\n<div class=\"text\">\n<div id=\"productdetail\">\n<div id=\"productdetail_txt\" class=\"col-md-7 col-sm-6 col-xs-12\"><strong>SBB K\u00fcresel Vana<\/strong>SBB k\u00fcresel vanalar\u0131na ili\u015fkin sorular\u0131n\u0131z i\u00e7in l\u00fctfen ZECO ile ileti\u015fime ge\u00e7in<\/p>\n<\/div>\n<\/div>\n<div id=\"myTabContent\" class=\"tab-content\">\n<div id=\"page1\" class=\"tab-pane fade in active\">\n<div class=\"col-xs-12\">\n<div class=\"\">\n<p align=\"justify\"><b>Prensip:<\/b><b><\/b><\/p>\n<p align=\"justify\">ZECO, m\u00fc\u015fteri gereksinimlerini kar\u015f\u0131lamak i\u00e7in geni\u015f bir k\u00fcresel vana ve GGC yelpazesinin ara\u015ft\u0131r\u0131lmas\u0131nda uzmanla\u015fm\u0131\u015ft\u0131r.<\/p>\n<p align=\"justify\"><b>\u00d6zellikler\uff1a<\/b><b><\/b><\/p>\n<p align=\"justify\">1. Valf yar\u0131m k\u00fcresi bimetal kullan\u0131r, temel malzeme y\u00fczey kaplama kayna\u011f\u0131 farkl\u0131 ala\u015f\u0131md\u0131r, valf yuvas\u0131 y\u00fczey kaplama kayna\u011f\u0131 \u00f6zel i\u015flemden ge\u00e7er, korozyon \u00f6nleyici, a\u015f\u0131nmaya diren\u00e7li, y\u00fcksek mukavemetli, farkl\u0131 durum taleplerini kar\u015f\u0131lar;<\/p>\n<p align=\"justify\">2. S\u0131k\u0131 conta, zararl\u0131 gaz\u0131n iletimi s\u0131f\u0131r s\u0131z\u0131nt\u0131ya ula\u015fabilir;<\/p>\n<p align=\"justify\">3. S\u0131zd\u0131rmazl\u0131k \u00e7iftinin valf g\u00f6be\u011fi, valf yata\u011f\u0131 a\u015f\u0131nd\u0131ktan sonra telafi edici bir miktara sahiptir, birka\u00e7 kez tekrar kapat\u0131n, yine de g\u00fcvenilir bir \u015fekilde s\u0131zd\u0131rmaz hale getirebilir, servis \u00f6mr\u00fcn\u00fc uzatabilir;<\/p>\n<p align=\"justify\">4. Conta ar\u0131zas\u0131ndan sonra hurdaya \u00e7\u0131kma dezavantaj\u0131n\u0131 \u00f6nlemek i\u00e7in, s\u0131k\u0131\u015ft\u0131rma somunu s\u00f6k\u00fclerek ayarland\u0131ktan veya de\u011fi\u015ftirildikten sonra valf yuvas\u0131 hala kullan\u0131labilir.<\/p>\n<p align=\"justify\"><strong>\u00dcr\u00fcn Yelpazesi:<\/strong><\/p>\n<p>G\u00f6vde malzemesi: karbon \u00e7eli\u011fi, paslanmaz \u00e7elik, ala\u015f\u0131ml\u0131 \u00e7elik<\/p>\n<p>Nominal \u00e7ap: 1\/2\u201d~32\u201d<\/p>\n<p>Bas\u0131n\u00e7 aral\u0131\u011f\u0131: Class150 \u2013 300\uff08PN16~PN40\uff09<\/p>\n<p>U\u00e7 Ba\u011flant\u0131s\u0131: RF, BW, THR<\/p>\n<p>\u00c7al\u0131\u015fma s\u0131cakl\u0131\u011f\u0131:-29\u00b0C~+425\u00b0C<\/p>\n<p>\u00c7al\u0131\u015fma: \u0130ngiliz anahtar\u0131, sonsuz di\u015fli, elektrik vb.<\/p>\n<p>&nbsp;<\/p>\n<table class=\"ke-zeroborder\" border=\"0\" cellspacing=\"0\">\n<tbody>\n<tr>\n<td valign=\"center\" width=\"112\">Marka<\/td>\n<td valign=\"center\" width=\"770\">Zeco<\/td>\n<\/tr>\n<tr>\n<td valign=\"center\" width=\"112\">Valf Tipi<\/td>\n<td valign=\"center\" width=\"770\">SBB K\u00fcresel Vana<\/td>\n<\/tr>\n<tr>\n<td valign=\"center\" width=\"112\">Valf Malzemesi<\/td>\n<td valign=\"center\" width=\"770\">D\u00f6kme \u00e7elik, paslanmaz \u00e7elik, \u00f6zel ala\u015f\u0131m vb.<\/td>\n<\/tr>\n<tr>\n<td valign=\"center\" width=\"112\">Valf Testi<\/td>\n<td valign=\"center\" width=\"770\">100% miktar\u0131 teslimattan \u00f6nce test edilmi\u015ftir<\/td>\n<\/tr>\n<tr>\n<td valign=\"center\" width=\"112\">Valf Garantisi<\/td>\n<td valign=\"center\" width=\"770\">Fabrika \u00e7\u0131k\u0131\u015fl\u0131 sevkiyat tarihinden itibaren 18 ay veya emtia kurulum tarihinden itibaren 12 ay.<\/td>\n<\/tr>\n<tr>\n<td valign=\"center\" width=\"112\">Valf Boyama<\/td>\n<td valign=\"center\" width=\"770\">M\u00fc\u015fteri talebi<\/td>\n<\/tr>\n<tr>\n<td valign=\"center\" width=\"112\">Valf Paketi<\/td>\n<td valign=\"center\" width=\"770\">Tahta sand\u0131k<\/td>\n<\/tr>\n<tr>\n<td valign=\"center\" width=\"112\">ADEDI<\/td>\n<td valign=\"center\" width=\"770\">Gereklilik yok<\/td>\n<\/tr>\n<tr>\n<td valign=\"center\" width=\"112\">Valf Sertifikas\u0131<\/td>\n<td valign=\"center\" width=\"770\">API 6D\/CE\/ISO9001\/ISO14001<\/td>\n<\/tr>\n<tr>\n<td valign=\"center\" width=\"112\">Teslimat Detay\u0131<\/td>\n<td valign=\"center\" width=\"770\">\u00d6deme yap\u0131ld\u0131ktan sonra 4 veya 6 hafta i\u00e7inde g\u00f6nderilir<\/td>\n<\/tr>\n<tr>\n<td valign=\"center\" width=\"112\">Liman<\/td>\n<td valign=\"center\" width=\"770\">\u015eANGHAY<\/td>\n<\/tr>\n<tr>\n<td valign=\"center\" width=\"112\">\u00d6deme Ko\u015fullar\u0131<\/td>\n<td valign=\"center\" width=\"770\">L\/C, D\/A, D\/P, T\/T<\/td>\n<\/tr>\n<tr>\n<td valign=\"center\" width=\"112\">Sunulan Sertifika<\/td>\n<td valign=\"center\" width=\"770\">Paketleme Listesi\uff0cTicari Fatura\uff0cTest Raporlar\u0131 ve Malzeme Sertifikalar\u0131\uff0cKalite ve miktar belgesi, Sat\u0131c\u0131n\u0131n Garanti Belgesi<\/td>\n<\/tr>\n<\/tbody>\n<\/table>\n<p>&nbsp;<\/p>\n<p>&nbsp;<\/p>\n<\/div>\n<\/div>\n<\/div>\n<\/div>\n<\/div>","protected":false},"excerpt":{"rendered":"<p>SBB K\u00fcresel Vana SBB K\u00fcresel VanaSBB k\u00fcresel vanalar\u0131yla ilgili her t\u00fcrl\u00fc sorunuz i\u00e7in l\u00fctfen ZECO ile ileti\u015fime ge\u00e7in Prensip: ZECO geni\u015f bir ara\u015ft\u0131rma konusunda uzmanla\u015fm\u0131\u015ft\u0131r\u2026 <a title=\"SBB K\u00fcresel Vana\" class=\"read-more\" href=\"https:\/\/zecovalve.com\/tr\/urun\/sbb-ball-valve\" aria-label=\"SBB K\u00fcresel Vana hakk\u0131nda daha fazlas\u0131\">Daha fazla bilgi edinin<\/a><\/p>","protected":false},"featured_media":17563,"comment_status":"closed","ping_status":"closed","template":"","meta":{"_generate-full-width-content":"","kt_blocks_editor_width":""},"product_cat":[2047,2459],"product_tag":[2655,2656],"class_list":["post-17587","product","type-product","status-publish","has-post-thumbnail","hentry","product_cat-ball-valve","product_cat-ball-valve-by-form","product_tag-1-2-ball-valve","product_tag-3-4-ball-valve","sales-flash-overlay","woocommerce-text-align-center","woocommerce-image-align-center","do-quantity-buttons"],"featured_image_src_large":["https:\/\/zecovalve.com\/wp-content\/uploads\/2022\/06\/\u672a\u6807\u9898-3-113915.jpg",400,300,false],"author_info":[],"comment_info":0,"taxonomy_info":{"product_cat":[{"value":2047,"label":"Ball Valve"},{"value":2459,"label":"Ball Valve By Form"}],"product_tag":[{"value":2655,"label":"1 2 ball valve"},{"value":2656,"label":"3 4 ball valve"}]},"yoast_head":"<!-- This site is optimized with the Yoast SEO Premium plugin v15.4 - https:\/\/yoast.com\/wordpress\/plugins\/seo\/ -->\n<title>SBB Ball Valve - ZECO Valve<\/title>\n<meta name=\"robots\" content=\"index, follow, max-snippet:-1, max-image-preview:large, max-video-preview:-1\" \/>\n<link rel=\"canonical\" href=\"https:\/\/zecovalve.com\/tr\/urun\/sbb-ball-valve\" \/>\n<meta property=\"og:locale\" content=\"tr_TR\" \/>\n<meta property=\"og:type\" content=\"article\" \/>\n<meta property=\"og:title\" content=\"SBB Ball Valve - ZECO Valve\" \/>\n<meta property=\"og:description\" content=\"SBB Ball Valve SBB Ball ValveFor any enquiries regarding SBB ball valves, please contact ZECO Principle\uff1a ZECO specialises in researching a wide ... Read more\" \/>\n<meta property=\"og:url\" content=\"https:\/\/zecovalve.com\/tr\/urun\/sbb-ball-valve\" \/>\n<meta property=\"og:site_name\" content=\"ZECO Valve\" \/>\n<meta property=\"article:modified_time\" content=\"2022-07-03T09:42:55+00:00\" \/>\n<meta property=\"og:image\" content=\"https:\/\/zecovalve.com\/wp-content\/uploads\/2022\/06\/\u672a\u6807\u9898-3-113915.jpg\" \/>\n\t<meta property=\"og:image:width\" content=\"400\" \/>\n\t<meta property=\"og:image:height\" content=\"300\" \/>\n<meta name=\"twitter:card\" content=\"summary_large_image\" \/>\n<meta name=\"twitter:label1\" content=\"Yazan:\">\n\t<meta name=\"twitter:data1\" content=\"Jerry\">\n\t<meta name=\"twitter:label2\" content=\"Tahmini okuma s\u00fcresi\">\n\t<meta name=\"twitter:data2\" content=\"1 dakika\">\n<script type=\"application\/ld+json\" class=\"yoast-schema-graph\">{\"@context\":\"https:\/\/schema.org\",\"@graph\":[{\"@type\":\"WebSite\",\"@id\":\"https:\/\/zecovalve.com\/#website\",\"url\":\"https:\/\/zecovalve.com\/\",\"name\":\"ZECO Valve\",\"description\":\"Industrial Ball Valve, Gate Valve and Globe Valve Manufacturer\",\"potentialAction\":[{\"@type\":\"SearchAction\",\"target\":\"https:\/\/zecovalve.com\/?s={search_term_string}\",\"query-input\":\"required name=search_term_string\"}],\"inLanguage\":\"tr\"},{\"@type\":\"ImageObject\",\"@id\":\"https:\/\/zecovalve.com\/product\/sbb-ball-valve#primaryimage\",\"inLanguage\":\"tr\",\"url\":\"https:\/\/zecovalve.com\/wp-content\/uploads\/2022\/06\/\\u672a\\u6807\\u9898-3-113915.jpg\",\"width\":400,\"height\":300,\"caption\":\"SBB Ball Valve\"},{\"@type\":\"WebPage\",\"@id\":\"https:\/\/zecovalve.com\/product\/sbb-ball-valve#webpage\",\"url\":\"https:\/\/zecovalve.com\/product\/sbb-ball-valve\",\"name\":\"SBB Ball Valve - ZECO Valve\",\"isPartOf\":{\"@id\":\"https:\/\/zecovalve.com\/#website\"},\"primaryImageOfPage\":{\"@id\":\"https:\/\/zecovalve.com\/product\/sbb-ball-valve#primaryimage\"},\"datePublished\":\"2022-06-28T05:03:28+00:00\",\"dateModified\":\"2022-07-03T09:42:55+00:00\",\"breadcrumb\":{\"@id\":\"https:\/\/zecovalve.com\/product\/sbb-ball-valve#breadcrumb\"},\"inLanguage\":\"tr\",\"potentialAction\":[{\"@type\":\"ReadAction\",\"target\":[\"https:\/\/zecovalve.com\/product\/sbb-ball-valve\"]}]},{\"@type\":\"BreadcrumbList\",\"@id\":\"https:\/\/zecovalve.com\/product\/sbb-ball-valve#breadcrumb\",\"itemListElement\":[{\"@type\":\"ListItem\",\"position\":1,\"item\":{\"@type\":\"WebPage\",\"@id\":\"https:\/\/zecovalve.com\/\",\"url\":\"https:\/\/zecovalve.com\/\",\"name\":\"Home\"}},{\"@type\":\"ListItem\",\"position\":2,\"item\":{\"@type\":\"WebPage\",\"@id\":\"https:\/\/zecovalve.com\/product-category\",\"url\":\"https:\/\/zecovalve.com\/product-category\",\"name\":\"Industrial Valve Manufacturer | Water Valve Manufacturer\"}},{\"@type\":\"ListItem\",\"position\":3,\"item\":{\"@type\":\"WebPage\",\"@id\":\"https:\/\/zecovalve.com\/product\/sbb-ball-valve\",\"url\":\"https:\/\/zecovalve.com\/product\/sbb-ball-valve\",\"name\":\"SBB Ball Valve\"}}]}]}<\/script>\n<!-- \/ Yoast SEO Premium plugin. -->","_links":{"self":[{"href":"https:\/\/zecovalve.com\/tr\/wp-json\/wp\/v2\/product\/17587","targetHints":{"allow":["GET"]}}],"collection":[{"href":"https:\/\/zecovalve.com\/tr\/wp-json\/wp\/v2\/product"}],"about":[{"href":"https:\/\/zecovalve.com\/tr\/wp-json\/wp\/v2\/types\/product"}],"replies":[{"embeddable":true,"href":"https:\/\/zecovalve.com\/tr\/wp-json\/wp\/v2\/comments?post=17587"}],"wp:featuredmedia":[{"embeddable":true,"href":"https:\/\/zecovalve.com\/tr\/wp-json\/wp\/v2\/media\/17563"}],"wp:attachment":[{"href":"https:\/\/zecovalve.com\/tr\/wp-json\/wp\/v2\/media?parent=17587"}],"wp:term":[{"taxonomy":"product_cat","embeddable":true,"href":"https:\/\/zecovalve.com\/tr\/wp-json\/wp\/v2\/product_cat?post=17587"},{"taxonomy":"product_tag","embeddable":true,"href":"https:\/\/zecovalve.com\/tr\/wp-json\/wp\/v2\/product_tag?post=17587"}],"curies":[{"name":"wp","href":"https:\/\/api.w.org\/{rel}","templated":true}]}}