{"id":17915,"date":"2022-07-01T02:04:08","date_gmt":"2022-07-01T02:04:08","guid":{"rendered":"https:\/\/zecovalve.com\/?post_type=product&#038;p=17915"},"modified":"2023-06-16T14:05:21","modified_gmt":"2023-06-16T14:05:21","slug":"swing-check-valve","status":"publish","type":"product","link":"https:\/\/zecovalve.com\/tr\/urun\/swing-check-valve","title":{"rendered":"Sal\u0131ncak \u00c7ekvalf"},"content":{"rendered":"<p>Sal\u0131ncak \u00c7ek Valf, petrol ve gaz tedarik ve drenaj sistemlerinde kullan\u0131l\u0131r.<\/p>\n<p><img loading=\"lazy\" decoding=\"async\" class=\"wp-image-27923 size-medium\" src=\"https:\/\/zecovalve.com\/wp-content\/uploads\/2022\/07\/Swing-Check-Valve-4-300x225.jpg\" alt=\"Sal\u0131ncak \u00c7ekvalf\" width=\"300\" height=\"225\" srcset=\"https:\/\/zecovalve.com\/wp-content\/uploads\/2022\/07\/Swing-Check-Valve-4-300x225.jpg 300w, https:\/\/zecovalve.com\/wp-content\/uploads\/2022\/07\/Swing-Check-Valve-4-768x576.jpg 768w, https:\/\/zecovalve.com\/wp-content\/uploads\/2022\/07\/Swing-Check-Valve-4-600x450.jpg 600w, https:\/\/zecovalve.com\/wp-content\/uploads\/2022\/07\/Swing-Check-Valve-4.jpg 800w\" sizes=\"auto, (max-width: 300px) 100vw, 300px\" \/><\/p>\n<p>Bu vana, ortam\u0131n geri ak\u0131\u015f\u0131n\u0131 \u00f6nlemek i\u00e7in pompan\u0131n su \u00e7\u0131k\u0131\u015f\u0131na veya su \u00e7\u0131k\u0131\u015f borusuna monte edilebilir.<\/p>\n<p><img loading=\"lazy\" decoding=\"async\" class=\"alignnone size-medium wp-image-17918\" src=\"https:\/\/zecovalve.com\/wp-content\/uploads\/2022\/07\/Swing-Flex-Check-Valve\u66f2\u7ebf-300x225.png\" alt=\"\" width=\"300\" height=\"225\" srcset=\"https:\/\/zecovalve.com\/wp-content\/uploads\/2022\/07\/Swing-Flex-Check-Valve\u66f2\u7ebf-300x225.png 300w, https:\/\/zecovalve.com\/wp-content\/uploads\/2022\/07\/Swing-Flex-Check-Valve\u66f2\u7ebf.png 600w\" sizes=\"auto, (max-width: 300px) 100vw, 300px\" \/><\/p>\n<h2><strong><b>\u00d6zellikler<\/b><\/strong><strong><b>\uff1a<\/b><\/strong><\/h2>\n<ol>\n<li>Anahtar 100.000 kata kadar \u00e7\u0131kabilir;<\/li>\n<li>Tam ak\u0131\u015f alan\u0131, d\u00fc\u015f\u00fck ak\u0131\u015f direnci;<\/li>\n<li>Enkaz biriktirme olas\u0131l\u0131\u011f\u0131 daha d\u00fc\u015f\u00fckt\u00fcr;<\/li>\n<li>Basit yap\u0131 ve uygun bak\u0131m.<\/li>\n<\/ol>\n<h2><strong><b>Prensip<\/b><\/strong><strong><b>\uff1a<\/b><\/strong><\/h2>\n<p>Bu vanan\u0131n s\u0131zd\u0131rmazl\u0131k halkas\u0131 e\u011fimli tasar\u0131m\u0131 benimser ve kapanma s\u00fcresi k\u0131sad\u0131r, bu da su darbesi bas\u0131nc\u0131n\u0131 azaltabilir.<\/p>\n<p><img loading=\"lazy\" decoding=\"async\" class=\"alignnone size-medium wp-image-17917\" src=\"https:\/\/zecovalve.com\/wp-content\/uploads\/2022\/07\/Swing-Flex-Check-Valve\u5b89\u88c5-300x225.png\" alt=\"\" width=\"300\" height=\"225\" srcset=\"https:\/\/zecovalve.com\/wp-content\/uploads\/2022\/07\/Swing-Flex-Check-Valve\u5b89\u88c5-300x225.png 300w, https:\/\/zecovalve.com\/wp-content\/uploads\/2022\/07\/Swing-Flex-Check-Valve\u5b89\u88c5.png 600w\" sizes=\"auto, (max-width: 300px) 100vw, 300px\" \/><\/p>\n<h2><strong><b>Kurulum ve <\/b><\/strong><strong><b>C<\/b><\/strong><strong><b>DEVREYE ALMA<\/b><\/strong><strong><b>\uff1a<\/b><\/strong><\/h2>\n<p>Bu vana kanalizasyona monte edilebilir. \u00d6zel kullan\u0131m i\u00e7in l\u00fctfen Zeco Valve Group'a dan\u0131\u015f\u0131n.<\/p>\n<h2><strong><b>\u00dcr\u00fcn kapsam\u0131<\/b><\/strong><strong><b>, Standartlar &amp; M<\/b><\/strong><strong><b>materyaller<\/b><\/strong><\/h2>\n<p>Boyut Aral\u0131\u011f\u0131: 2\u2033~48\u2033<\/p>\n<p>Bas\u0131n\u00e7 De\u011feri: 150LB~2500LB<\/p>\n<p>Y\u00fcz Y\u00fcze Boyutlar: AMSE B16.10, EN558-1<\/p>\n<p>Flan\u015f U\u00e7 \u00d6l\u00e7\u00fcs\u00fc: AMSE B16.1\/16.42, AS4087, EN1092-2<\/p>\n<p>Muayene ve Test: API 598<\/p>\n<table>\n<tbody>\n<tr>\n<td width=\"146\">Par\u00e7a<\/td>\n<td width=\"251\">Malzeme<\/td>\n<td width=\"171\">Standart<\/td>\n<\/tr>\n<tr>\n<td width=\"146\">V\u00fccut<\/td>\n<td width=\"251\">WCB<\/td>\n<td width=\"171\">ASTM A216<\/td>\n<\/tr>\n<tr>\n<td width=\"146\">Bone<\/td>\n<td width=\"251\">WCB<\/td>\n<td width=\"171\">ASTM A216<\/td>\n<\/tr>\n<tr>\n<td width=\"146\">Disk<\/td>\n<td width=\"251\">WCB+13Cr<\/td>\n<td width=\"171\">ASTM A216<\/td>\n<\/tr>\n<tr>\n<td width=\"146\">Koltuk<\/td>\n<td width=\"251\">A105+13Cr<\/td>\n<td width=\"171\">ASTM A105<\/td>\n<\/tr>\n<tr>\n<td width=\"146\">F\u0131nd\u0131k<\/td>\n<td width=\"251\">2H<\/td>\n<td width=\"171\">ASTM A194<\/td>\n<\/tr>\n<tr>\n<td width=\"146\">C\u0131vatalar<\/td>\n<td width=\"251\">B7<\/td>\n<td width=\"171\">ASTM A193<\/td>\n<\/tr>\n<tr>\n<td colspan=\"3\" width=\"568\">Listede yer almayan malzeme se\u00e7enekleri i\u00e7in fabrikaya dan\u0131\u015f\u0131n.<\/p>\n<p>Zeco, 50'den fazla farkl\u0131 ala\u015f\u0131mdan valf \u00fcretmektedir.<\/td>\n<\/tr>\n<\/tbody>\n<\/table>\n<p>&nbsp;<\/p>\n<p>&nbsp;<\/p>\n<p>&nbsp;<\/p>","protected":false},"excerpt":{"rendered":"<p>Sal\u0131n\u0131ml\u0131 \u00c7ek Valf, petrol ve gaz tedarik ve drenaj sistemlerinde kullan\u0131l\u0131r. Bu vana su \u00e7\u0131k\u0131\u015f\u0131na monte edilebilir\u2026 <a title=\"Sal\u0131ncak \u00c7ekvalf\" class=\"read-more\" href=\"https:\/\/zecovalve.com\/tr\/urun\/swing-check-valve\" aria-label=\"Sal\u0131ncak \u00c7ekvalf hakk\u0131nda daha fazla bilgi\">Daha fazla bilgi edinin<\/a><\/p>","protected":false},"featured_media":27923,"comment_status":"closed","ping_status":"closed","template":"","meta":{"_generate-full-width-content":"","kt_blocks_editor_width":""},"product_cat":[2455,2067],"product_tag":[2657,2661,2660],"class_list":["post-17915","product","type-product","status-publish","has-post-thumbnail","hentry","product_cat-check-valve","product_cat-swing-check-valve","product_tag-non-return-valve","product_tag-nrv-valve","product_tag-swing-check-valve","sales-flash-overlay","woocommerce-text-align-center","woocommerce-image-align-center","do-quantity-buttons"],"featured_image_src_large":["https:\/\/zecovalve.com\/wp-content\/uploads\/2022\/07\/Swing-Check-Valve-4.jpg",800,600,false],"author_info":[],"comment_info":0,"taxonomy_info":{"product_cat":[{"value":2455,"label":"Check Valve"},{"value":2067,"label":"Swing Check Valve"}],"product_tag":[{"value":2657,"label":"Non Return Valve"},{"value":2661,"label":"NRV Valve"},{"value":2660,"label":"Swing Check Valve"}]},"yoast_head":"<!-- This site is optimized with the Yoast SEO Premium plugin v15.4 - https:\/\/yoast.com\/wordpress\/plugins\/seo\/ -->\n<title>Swing Check Valve - ZECO Valve<\/title>\n<meta name=\"robots\" content=\"index, follow, max-snippet:-1, max-image-preview:large, max-video-preview:-1\" \/>\n<link rel=\"canonical\" href=\"https:\/\/zecovalve.com\/tr\/urun\/swing-check-valve\" \/>\n<meta property=\"og:locale\" content=\"tr_TR\" \/>\n<meta property=\"og:type\" content=\"article\" \/>\n<meta property=\"og:title\" content=\"Swing Check Valve - ZECO Valve\" \/>\n<meta property=\"og:description\" content=\"Swing Check Valve is used in oil &amp; gas supply and drainage systems. This valve can be installed at the water outlet ... Read more\" \/>\n<meta property=\"og:url\" content=\"https:\/\/zecovalve.com\/tr\/urun\/swing-check-valve\" \/>\n<meta property=\"og:site_name\" content=\"ZECO Valve\" \/>\n<meta property=\"article:modified_time\" content=\"2023-06-16T14:05:21+00:00\" \/>\n<meta property=\"og:image\" content=\"https:\/\/zecovalve.com\/wp-content\/uploads\/2022\/07\/Swing-Check-Valve-4.jpg\" \/>\n\t<meta property=\"og:image:width\" content=\"800\" \/>\n\t<meta property=\"og:image:height\" content=\"600\" \/>\n<meta name=\"twitter:card\" content=\"summary_large_image\" \/>\n<meta name=\"twitter:label1\" content=\"Yazan:\">\n\t<meta name=\"twitter:data1\" content=\"Jerry\">\n\t<meta name=\"twitter:label2\" content=\"Tahmini okuma s\u00fcresi\">\n\t<meta name=\"twitter:data2\" content=\"1 dakika\">\n<script type=\"application\/ld+json\" class=\"yoast-schema-graph\">{\"@context\":\"https:\/\/schema.org\",\"@graph\":[{\"@type\":\"WebSite\",\"@id\":\"https:\/\/zecovalve.com\/#website\",\"url\":\"https:\/\/zecovalve.com\/\",\"name\":\"ZECO Valve\",\"description\":\"Industrial Ball Valve, Gate Valve and Globe Valve Manufacturer\",\"potentialAction\":[{\"@type\":\"SearchAction\",\"target\":\"https:\/\/zecovalve.com\/?s={search_term_string}\",\"query-input\":\"required name=search_term_string\"}],\"inLanguage\":\"tr\"},{\"@type\":\"ImageObject\",\"@id\":\"https:\/\/zecovalve.com\/product\/swing-check-valve#primaryimage\",\"inLanguage\":\"tr\",\"url\":\"https:\/\/zecovalve.com\/wp-content\/uploads\/2022\/07\/Swing-Check-Valve-4.jpg\",\"width\":800,\"height\":600,\"caption\":\"Swing Check Valve\"},{\"@type\":\"WebPage\",\"@id\":\"https:\/\/zecovalve.com\/product\/swing-check-valve#webpage\",\"url\":\"https:\/\/zecovalve.com\/product\/swing-check-valve\",\"name\":\"Swing Check Valve - ZECO Valve\",\"isPartOf\":{\"@id\":\"https:\/\/zecovalve.com\/#website\"},\"primaryImageOfPage\":{\"@id\":\"https:\/\/zecovalve.com\/product\/swing-check-valve#primaryimage\"},\"datePublished\":\"2022-07-01T02:04:08+00:00\",\"dateModified\":\"2023-06-16T14:05:21+00:00\",\"breadcrumb\":{\"@id\":\"https:\/\/zecovalve.com\/product\/swing-check-valve#breadcrumb\"},\"inLanguage\":\"tr\",\"potentialAction\":[{\"@type\":\"ReadAction\",\"target\":[\"https:\/\/zecovalve.com\/product\/swing-check-valve\"]}]},{\"@type\":\"BreadcrumbList\",\"@id\":\"https:\/\/zecovalve.com\/product\/swing-check-valve#breadcrumb\",\"itemListElement\":[{\"@type\":\"ListItem\",\"position\":1,\"item\":{\"@type\":\"WebPage\",\"@id\":\"https:\/\/zecovalve.com\/\",\"url\":\"https:\/\/zecovalve.com\/\",\"name\":\"Home\"}},{\"@type\":\"ListItem\",\"position\":2,\"item\":{\"@type\":\"WebPage\",\"@id\":\"https:\/\/zecovalve.com\/product-category\",\"url\":\"https:\/\/zecovalve.com\/product-category\",\"name\":\"Industrial Valve Manufacturer | Water Valve Manufacturer\"}},{\"@type\":\"ListItem\",\"position\":3,\"item\":{\"@type\":\"WebPage\",\"@id\":\"https:\/\/zecovalve.com\/product\/swing-check-valve\",\"url\":\"https:\/\/zecovalve.com\/product\/swing-check-valve\",\"name\":\"Swing Check Valve\"}}]}]}<\/script>\n<!-- \/ Yoast SEO Premium plugin. -->","_links":{"self":[{"href":"https:\/\/zecovalve.com\/tr\/wp-json\/wp\/v2\/product\/17915","targetHints":{"allow":["GET"]}}],"collection":[{"href":"https:\/\/zecovalve.com\/tr\/wp-json\/wp\/v2\/product"}],"about":[{"href":"https:\/\/zecovalve.com\/tr\/wp-json\/wp\/v2\/types\/product"}],"replies":[{"embeddable":true,"href":"https:\/\/zecovalve.com\/tr\/wp-json\/wp\/v2\/comments?post=17915"}],"wp:featuredmedia":[{"embeddable":true,"href":"https:\/\/zecovalve.com\/tr\/wp-json\/wp\/v2\/media\/27923"}],"wp:attachment":[{"href":"https:\/\/zecovalve.com\/tr\/wp-json\/wp\/v2\/media?parent=17915"}],"wp:term":[{"taxonomy":"product_cat","embeddable":true,"href":"https:\/\/zecovalve.com\/tr\/wp-json\/wp\/v2\/product_cat?post=17915"},{"taxonomy":"product_tag","embeddable":true,"href":"https:\/\/zecovalve.com\/tr\/wp-json\/wp\/v2\/product_tag?post=17915"}],"curies":[{"name":"wp","href":"https:\/\/api.w.org\/{rel}","templated":true}]}}