{"id":17931,"date":"2022-07-01T06:26:49","date_gmt":"2022-07-01T06:26:49","guid":{"rendered":"https:\/\/zecovalve.com\/?post_type=product&#038;p=17931"},"modified":"2023-06-17T03:03:04","modified_gmt":"2023-06-17T03:03:04","slug":"wafer-swing-check-valve","status":"publish","type":"product","link":"https:\/\/zecovalve.com\/tr\/urun\/wafer-swing-check-valve","title":{"rendered":"Wafer Sal\u0131ncak \u00c7ekvalf"},"content":{"rendered":"<p>Gofret Sal\u0131n\u0131ml\u0131 \u00c7ekvalf, ad\u0131n\u0131 gofret inceli\u011findeki tasar\u0131m\u0131ndan al\u0131r. Bu vanalar \u015f\u0131kt\u0131r ve iki flan\u015f aras\u0131ndaki dar alanlara s\u0131\u011facak \u015fekilde yap\u0131lm\u0131\u015ft\u0131r. Bu valf \u00fczerinde herhangi bir kontrol yoktur. Vanan\u0131n ana bile\u015feni, merkezde bir y\u00f6nde a\u00e7\u0131lan ve s\u0131v\u0131lar\u0131n di\u011fer y\u00f6nde geri akmas\u0131 durumunda kapanan sallanan bir disktir.<\/p>\n<p><img loading=\"lazy\" decoding=\"async\" class=\"wp-image-27937 size-medium\" src=\"https:\/\/zecovalve.com\/wp-content\/uploads\/2022\/07\/Wafer-Swing-Check-Valve-2-300x225.jpg\" alt=\"Wafer Sal\u0131ncak \u00c7ekvalf\" width=\"300\" height=\"225\" srcset=\"https:\/\/zecovalve.com\/wp-content\/uploads\/2022\/07\/Wafer-Swing-Check-Valve-2-300x225.jpg 300w, https:\/\/zecovalve.com\/wp-content\/uploads\/2022\/07\/Wafer-Swing-Check-Valve-2-768x576.jpg 768w, https:\/\/zecovalve.com\/wp-content\/uploads\/2022\/07\/Wafer-Swing-Check-Valve-2-600x450.jpg 600w, https:\/\/zecovalve.com\/wp-content\/uploads\/2022\/07\/Wafer-Swing-Check-Valve-2.jpg 800w\" sizes=\"auto, (max-width: 300px) 100vw, 300px\" \/><\/p>\n<h2>Wafer Swing \u00c7ekvalf nas\u0131l \u00e7al\u0131\u015f\u0131r?<\/h2>\n<p>Vanan\u0131n gofret benzeri profili, k\u0131sa \u00e7\u0131k\u0131\u015f uzunluklar\u0131 gerektiren sistemler i\u00e7in m\u00fckemmel bir se\u00e7im olmas\u0131n\u0131 sa\u011flar. Wafer \u00e7ek valfler, sal\u0131n\u0131ml\u0131 \u00e7ek valflerle ayn\u0131 \u015fekilde \u00e7al\u0131\u015f\u0131r. Sal\u0131n\u0131ml\u0131 \u00e7ek valfler gibi, gofret \u00e7ek valfler de bir disk ve bir oturma d\u00fczeninden olu\u015fur. Malzeme bir y\u00f6nde akt\u0131\u011f\u0131nda, ak\u0131\u015f diski oturma d\u00fczeninden kald\u0131r\u0131r. Bu, malzemenin vanadan akmas\u0131na izin verir. Ak\u0131\u015f vanadan y\u00f6n de\u011fi\u015ftirdi\u011finde, malzeme ak\u0131\u015f\u0131 diski tekrar oturma d\u00fczenine iter ve b\u00f6ylece vanay\u0131 malzeme ak\u0131\u015f\u0131na kapat\u0131r.<br \/>\nWafer \u00e7ek valfler ince ve t\u0131kanma olas\u0131l\u0131\u011f\u0131 d\u00fc\u015f\u00fck olacak \u015fekilde tasarlanm\u0131\u015ft\u0131r. Bu tasar\u0131m onlar\u0131 kat\u0131 par\u00e7ac\u0131klar veya d\u00f6k\u00fcnt\u00fc i\u00e7eren malzemelerle kullan\u0131m i\u00e7in ideal hale getirir. Bu tip vanalar, \u00e7ek vanay\u0131 oturtmak i\u00e7in gereken geri bas\u0131n\u00e7 yeterli oldu\u011fu s\u00fcrece dikey veya yatay olarak monte edilebilir. Geri bas\u0131nc\u0131n yetersiz olmas\u0131 durumunda yard\u0131mc\u0131 valfler sa\u011flamaya yard\u0131mc\u0131 olacak mekanizmalar mevcuttur.<\/p>\n<h2>Wafer Sal\u0131ncak \u00c7ekvalf Uygulamalar\u0131<\/h2>\n<ul>\n<li>Buhar<\/li>\n<li>S\u0131cak &amp; So\u011fuk Su<\/li>\n<li>G\u00fc\u00e7 ve Is\u0131 M\u00fchendisli\u011fi<\/li>\n<li>Bas\u0131n\u00e7l\u0131 Hava<\/li>\n<li>End\u00fcstriyel Teknolojiler<\/li>\n<li>Asitlik veya Alkalilik \u00d6zelli\u011fi Olmayan S\u0131v\u0131lar<\/li>\n<\/ul>\n<h2>Wafer Sal\u0131n\u0131ml\u0131 \u00c7ekvalf Avantajlar\u0131<\/h2>\n<ul>\n<li>Kompakt wafer tarz\u0131 g\u00f6vde ile boru deste\u011fini en aza indirir. Bu wafer \u00e7ekvalf serisi, geleneksel tam g\u00f6vdeli \u00e7ekvalflerden iki ila \u00fc\u00e7 kat daha hafiftir.<\/li>\n<li>\u00d6zel uygulamalar\u0131 ve hizmet ko\u015fullar\u0131n\u0131 kar\u015f\u0131lamak i\u00e7in, bu vanalar silikonsuz temizleme, oksijenle temizleme, dikey hizmet, sol elle \u00e7al\u0131\u015ft\u0131rma, kollar, a\u011f\u0131rl\u0131klar ve yast\u0131klar gibi bir\u00e7ok farkl\u0131 se\u00e7enekle sunulabilir.<\/li>\n<li>Bunlar, lifli madde veya kostik i\u00e7eren ortamlar i\u00e7in yay\u0131 ak\u0131\u015f yolundan \u00e7\u0131karan harici bir yay sunar. Bu, elyaf\u0131n yay\u0131n etraf\u0131na sar\u0131lmas\u0131 veya yay \u00fczerinde kimyasal bir sald\u0131r\u0131 olas\u0131l\u0131\u011f\u0131n\u0131 \u00f6nleyecektir.<\/li>\n<li>T\u00fcm stil ve boyutlarda mevcut olan sahada de\u011fi\u015ftirilebilir O-ring yuvas\u0131 ile bak\u0131m minimum d\u00fczeydedir.<\/li>\n<\/ul>","protected":false},"excerpt":{"rendered":"<p>Wafer Swing \u00c7ek Valf, ad\u0131n\u0131 \u00e7ok ince tasar\u0131m\u0131ndan al\u0131r. Bu vanalar \u015f\u0131kt\u0131r ve dar alanlara s\u0131\u011facak \u015fekilde yap\u0131lm\u0131\u015ft\u0131r\u2026 <a title=\"Wafer Sal\u0131ncak \u00c7ekvalf\" class=\"read-more\" href=\"https:\/\/zecovalve.com\/tr\/urun\/wafer-swing-check-valve\" aria-label=\"Wafer Swing \u00c7ekvalf hakk\u0131nda daha fazla bilgi\">Daha fazla bilgi edinin<\/a><\/p>","protected":false},"featured_media":27937,"comment_status":"closed","ping_status":"closed","template":"","meta":{"_generate-full-width-content":"","kt_blocks_editor_width":""},"product_cat":[2455,2067,2442],"product_tag":[2657,2661,2660,2725,2723],"class_list":["post-17931","product","type-product","status-publish","has-post-thumbnail","hentry","product_cat-check-valve","product_cat-swing-check-valve","product_cat-wafer-check-valve","product_tag-non-return-valve","product_tag-nrv-valve","product_tag-swing-check-valve","product_tag-wafer-check-valve","product_tag-what-is-a-valve","sales-flash-overlay","woocommerce-text-align-center","woocommerce-image-align-center","do-quantity-buttons"],"featured_image_src_large":["https:\/\/zecovalve.com\/wp-content\/uploads\/2022\/07\/Wafer-Swing-Check-Valve-2.jpg",800,600,false],"author_info":[],"comment_info":0,"taxonomy_info":{"product_cat":[{"value":2455,"label":"Check Valve"},{"value":2067,"label":"Swing Check Valve"},{"value":2442,"label":"Wafer Check Valve"}],"product_tag":[{"value":2657,"label":"Non Return Valve"},{"value":2661,"label":"NRV Valve"},{"value":2660,"label":"Swing Check Valve"},{"value":2725,"label":"Wafer Check Valve"},{"value":2723,"label":"What is a Valve"}]},"yoast_head":"<!-- This site is optimized with the Yoast SEO Premium plugin v15.4 - https:\/\/yoast.com\/wordpress\/plugins\/seo\/ -->\n<title>Wafer Swing Check Valve - ZECO Valve<\/title>\n<meta name=\"robots\" content=\"index, follow, max-snippet:-1, max-image-preview:large, max-video-preview:-1\" \/>\n<link rel=\"canonical\" href=\"https:\/\/zecovalve.com\/tr\/urun\/wafer-swing-check-valve\" \/>\n<meta property=\"og:locale\" content=\"tr_TR\" \/>\n<meta property=\"og:type\" content=\"article\" \/>\n<meta property=\"og:title\" content=\"Wafer Swing Check Valve - ZECO Valve\" \/>\n<meta property=\"og:description\" content=\"Wafer Swing Check Valve gets its name from its wafer-thin design. These valves are sleek and made to fit in tight spaces ... Read more\" \/>\n<meta property=\"og:url\" content=\"https:\/\/zecovalve.com\/tr\/urun\/wafer-swing-check-valve\" \/>\n<meta property=\"og:site_name\" content=\"ZECO Valve\" \/>\n<meta property=\"article:modified_time\" content=\"2023-06-17T03:03:04+00:00\" \/>\n<meta property=\"og:image\" content=\"https:\/\/zecovalve.com\/wp-content\/uploads\/2022\/07\/Wafer-Swing-Check-Valve-2.jpg\" \/>\n\t<meta property=\"og:image:width\" content=\"800\" \/>\n\t<meta property=\"og:image:height\" content=\"600\" \/>\n<meta name=\"twitter:card\" content=\"summary_large_image\" \/>\n<meta name=\"twitter:label1\" content=\"Yazan:\">\n\t<meta name=\"twitter:data1\" content=\"Jerry\">\n\t<meta name=\"twitter:label2\" content=\"Tahmini okuma s\u00fcresi\">\n\t<meta name=\"twitter:data2\" content=\"1 dakika\">\n<script type=\"application\/ld+json\" class=\"yoast-schema-graph\">{\"@context\":\"https:\/\/schema.org\",\"@graph\":[{\"@type\":\"WebSite\",\"@id\":\"https:\/\/zecovalve.com\/#website\",\"url\":\"https:\/\/zecovalve.com\/\",\"name\":\"ZECO Valve\",\"description\":\"Industrial Ball Valve, Gate Valve and Globe Valve Manufacturer\",\"potentialAction\":[{\"@type\":\"SearchAction\",\"target\":\"https:\/\/zecovalve.com\/?s={search_term_string}\",\"query-input\":\"required name=search_term_string\"}],\"inLanguage\":\"tr\"},{\"@type\":\"ImageObject\",\"@id\":\"https:\/\/zecovalve.com\/product\/wafer-swing-check-valve#primaryimage\",\"inLanguage\":\"tr\",\"url\":\"https:\/\/zecovalve.com\/wp-content\/uploads\/2022\/07\/Wafer-Swing-Check-Valve-2.jpg\",\"width\":800,\"height\":600,\"caption\":\"Wafer Swing Check Valve\"},{\"@type\":\"WebPage\",\"@id\":\"https:\/\/zecovalve.com\/product\/wafer-swing-check-valve#webpage\",\"url\":\"https:\/\/zecovalve.com\/product\/wafer-swing-check-valve\",\"name\":\"Wafer Swing Check Valve - ZECO Valve\",\"isPartOf\":{\"@id\":\"https:\/\/zecovalve.com\/#website\"},\"primaryImageOfPage\":{\"@id\":\"https:\/\/zecovalve.com\/product\/wafer-swing-check-valve#primaryimage\"},\"datePublished\":\"2022-07-01T06:26:49+00:00\",\"dateModified\":\"2023-06-17T03:03:04+00:00\",\"breadcrumb\":{\"@id\":\"https:\/\/zecovalve.com\/product\/wafer-swing-check-valve#breadcrumb\"},\"inLanguage\":\"tr\",\"potentialAction\":[{\"@type\":\"ReadAction\",\"target\":[\"https:\/\/zecovalve.com\/product\/wafer-swing-check-valve\"]}]},{\"@type\":\"BreadcrumbList\",\"@id\":\"https:\/\/zecovalve.com\/product\/wafer-swing-check-valve#breadcrumb\",\"itemListElement\":[{\"@type\":\"ListItem\",\"position\":1,\"item\":{\"@type\":\"WebPage\",\"@id\":\"https:\/\/zecovalve.com\/\",\"url\":\"https:\/\/zecovalve.com\/\",\"name\":\"Home\"}},{\"@type\":\"ListItem\",\"position\":2,\"item\":{\"@type\":\"WebPage\",\"@id\":\"https:\/\/zecovalve.com\/product-category\",\"url\":\"https:\/\/zecovalve.com\/product-category\",\"name\":\"Industrial Valve Manufacturer | Water Valve Manufacturer\"}},{\"@type\":\"ListItem\",\"position\":3,\"item\":{\"@type\":\"WebPage\",\"@id\":\"https:\/\/zecovalve.com\/product\/wafer-swing-check-valve\",\"url\":\"https:\/\/zecovalve.com\/product\/wafer-swing-check-valve\",\"name\":\"Wafer Swing Check Valve\"}}]}]}<\/script>\n<!-- \/ Yoast SEO Premium plugin. -->","_links":{"self":[{"href":"https:\/\/zecovalve.com\/tr\/wp-json\/wp\/v2\/product\/17931","targetHints":{"allow":["GET"]}}],"collection":[{"href":"https:\/\/zecovalve.com\/tr\/wp-json\/wp\/v2\/product"}],"about":[{"href":"https:\/\/zecovalve.com\/tr\/wp-json\/wp\/v2\/types\/product"}],"replies":[{"embeddable":true,"href":"https:\/\/zecovalve.com\/tr\/wp-json\/wp\/v2\/comments?post=17931"}],"wp:featuredmedia":[{"embeddable":true,"href":"https:\/\/zecovalve.com\/tr\/wp-json\/wp\/v2\/media\/27937"}],"wp:attachment":[{"href":"https:\/\/zecovalve.com\/tr\/wp-json\/wp\/v2\/media?parent=17931"}],"wp:term":[{"taxonomy":"product_cat","embeddable":true,"href":"https:\/\/zecovalve.com\/tr\/wp-json\/wp\/v2\/product_cat?post=17931"},{"taxonomy":"product_tag","embeddable":true,"href":"https:\/\/zecovalve.com\/tr\/wp-json\/wp\/v2\/product_tag?post=17931"}],"curies":[{"name":"wp","href":"https:\/\/api.w.org\/{rel}","templated":true}]}}