{"id":18002,"date":"2022-07-03T08:08:53","date_gmt":"2022-07-03T08:08:53","guid":{"rendered":"https:\/\/zecovalve.com\/?post_type=product&#038;p=18002"},"modified":"2023-06-16T13:52:24","modified_gmt":"2023-06-16T13:52:24","slug":"dual-plate-check-valve","status":"publish","type":"product","link":"https:\/\/zecovalve.com\/tr\/urun\/dual-plate-check-valve","title":{"rendered":"\u00c7ift Plakal\u0131 \u00c7ekvalf"},"content":{"rendered":"<p><img loading=\"lazy\" decoding=\"async\" class=\"size-medium wp-image-27920\" src=\"https:\/\/zecovalve.com\/wp-content\/uploads\/2022\/07\/Dual-Plate-Check-Valve-1-300x225.jpg\" alt=\"\u00c7ift Plakal\u0131 \u00c7ekvalf\" width=\"300\" height=\"225\" srcset=\"https:\/\/zecovalve.com\/wp-content\/uploads\/2022\/07\/Dual-Plate-Check-Valve-1-300x225.jpg 300w, https:\/\/zecovalve.com\/wp-content\/uploads\/2022\/07\/Dual-Plate-Check-Valve-1-768x576.jpg 768w, https:\/\/zecovalve.com\/wp-content\/uploads\/2022\/07\/Dual-Plate-Check-Valve-1-600x450.jpg 600w, https:\/\/zecovalve.com\/wp-content\/uploads\/2022\/07\/Dual-Plate-Check-Valve-1.jpg 800w\" sizes=\"auto, (max-width: 300px) 100vw, 300px\" \/><\/p>\n<p>Vana g\u00f6vdesine bir pimle tutturulmu\u015f ve ak\u0131\u015fkan durdu\u011funda vanay\u0131 hemen kapatmaya ba\u015flayan yaylar\u0131n hareketiyle \u00e7al\u0131\u015fan 2 diskten olu\u015fan \u00e7ift plakal\u0131 \u00e7ekvalfler, geri ak\u0131\u015f\u0131 \u00f6nlemek i\u00e7in kullan\u0131l\u0131r ve ayr\u0131ca su darbesini \u00f6nleme g\u00f6revi g\u00f6r\u00fcr.<br \/>\n\u00c7ift Plakal\u0131 \u00c7ekvalfler, d\u00f6kme demir, \u00f6zel paslanmaz \u00e7elikler vb. dahil olmak \u00fczere \u00e7ok \u00e7e\u015fitli malzemelerden yap\u0131l\u0131r. Yumu\u015fak yatakl\u0131 veya metal yatakl\u0131 yap\u0131da olabilirler ve ayr\u0131ca uygulamaya g\u00f6re yay torkunu ayarlama \u00f6zelli\u011fine sahiptirler, bu da onu genel ve \u00f6zel ama\u00e7lar i\u00e7in uygun bir \u00fcr\u00fcn haline getirir.<\/p>\n<h2>\u00c7ift Plakal\u0131 \u00c7ekvalf \u00d6zellikleri:<\/h2>\n<ol>\n<li>Patentli tutucusuz tasar\u0131m - Y\u00fcksek b\u00fct\u00fcnl\u00fckl\u00fc s\u0131zd\u0131rmazl\u0131k, sahada h\u0131zl\u0131 s\u00f6kmeyi kolayla\u015ft\u0131r\u0131r;<\/li>\n<li>\u0130ki ba\u011f\u0131ms\u0131z yatak - D\u00fczensiz ak\u0131\u015fta bile tutarl\u0131 s\u0131zd\u0131rmazl\u0131k;<\/li>\n<li>Yumu\u015fak yuvan\u0131n y\u00fckseltilmi\u015f profili s\u0131zd\u0131rmazl\u0131\u011f\u0131 art\u0131r\u0131r;<\/li>\n<li>Entegre kal\u0131planm\u0131\u015f astar;<\/li>\n<li>Durdurucu pim disklerin birbiriyle temas etmesini \u00f6nler ve b\u00f6ylece disk hasar\u0131n\u0131 \u00f6nler. Durdurucu pim ayr\u0131ca disklerin tam a\u00e7\u0131k konumun \u00f6tesine ge\u00e7memesini sa\u011flayarak yay ar\u0131zas\u0131n\u0131 da \u00f6nler;<\/li>\n<li>6\" ve \u00fczeri boyutlar i\u00e7in kald\u0131rma halkal\u0131 c\u0131vata se\u00e7ene\u011fi sa\u011flan\u0131r;<\/li>\n<li>Talep \u00fczerine sa\u011flanan tahliye ba\u011flant\u0131lar\u0131<\/li>\n<\/ol>\n<h2>\u00c7ift Plakal\u0131 \u00c7ekvalf Malzemesi:<\/h2>\n<table>\n<tbody>\n<tr class=\"firstRow\">\n<td valign=\"center\">Hay\u0131r<\/td>\n<td valign=\"center\">Par\u00e7a<\/td>\n<td valign=\"center\">Malzeme<\/td>\n<\/tr>\n<tr>\n<td valign=\"center\">1<\/td>\n<td valign=\"center\">V\u00fccut<\/td>\n<td valign=\"center\">ASTM A216 WCB<\/td>\n<\/tr>\n<tr>\n<td valign=\"center\">2<\/td>\n<td valign=\"center\">Koltuk Halkas\u0131<\/td>\n<td valign=\"center\">13Cr<\/td>\n<\/tr>\n<tr>\n<td valign=\"center\">3<\/td>\n<td valign=\"center\">Disk<\/td>\n<td valign=\"center\">ASTM A216 WCB<\/td>\n<\/tr>\n<tr>\n<td valign=\"center\">4<\/td>\n<td valign=\"center\">Bahar<\/td>\n<td valign=\"center\">InconelX 750<\/td>\n<\/tr>\n<tr>\n<td valign=\"center\">5<\/td>\n<td valign=\"center\">Pim<\/td>\n<td valign=\"center\">ASTM A182 F6a<\/td>\n<\/tr>\n<\/tbody>\n<\/table>","protected":false},"excerpt":{"rendered":"<p>Vana g\u00f6vdesine bir pim ile ba\u011flanan ve yaylar\u0131n hareketi ile \u00e7al\u0131\u015ft\u0131r\u0131lan, hemen harekete ge\u00e7en 2 diskten olu\u015fur\u2026 <a title=\"\u00c7ift Plakal\u0131 \u00c7ekvalf\" class=\"read-more\" href=\"https:\/\/zecovalve.com\/tr\/urun\/dual-plate-check-valve\" aria-label=\"\u00c7ift Plakal\u0131 \u00c7ekvalf hakk\u0131nda daha fazla bilgi\">Daha fazla bilgi edinin<\/a><\/p>","protected":false},"featured_media":27920,"comment_status":"closed","ping_status":"closed","template":"","meta":{"_generate-full-width-content":"","kt_blocks_editor_width":""},"product_cat":[2455,2442],"product_tag":[2657,2661,2725],"class_list":["post-18002","product","type-product","status-publish","has-post-thumbnail","hentry","product_cat-check-valve","product_cat-wafer-check-valve","product_tag-non-return-valve","product_tag-nrv-valve","product_tag-wafer-check-valve","sales-flash-overlay","woocommerce-text-align-center","woocommerce-image-align-center","do-quantity-buttons"],"featured_image_src_large":["https:\/\/zecovalve.com\/wp-content\/uploads\/2022\/07\/Dual-Plate-Check-Valve-1.jpg",800,600,false],"author_info":[],"comment_info":0,"taxonomy_info":{"product_cat":[{"value":2455,"label":"Check Valve"},{"value":2442,"label":"Wafer Check Valve"}],"product_tag":[{"value":2657,"label":"Non Return Valve"},{"value":2661,"label":"NRV Valve"},{"value":2725,"label":"Wafer Check Valve"}]},"yoast_head":"<!-- This site is optimized with the Yoast SEO Premium plugin v15.4 - https:\/\/yoast.com\/wordpress\/plugins\/seo\/ -->\n<title>Dual Plate Check Valve - ZECO Valve<\/title>\n<meta name=\"robots\" content=\"index, follow, max-snippet:-1, max-image-preview:large, max-video-preview:-1\" \/>\n<link rel=\"canonical\" href=\"https:\/\/zecovalve.com\/tr\/urun\/dual-plate-check-valve\" \/>\n<meta property=\"og:locale\" content=\"tr_TR\" \/>\n<meta property=\"og:type\" content=\"article\" \/>\n<meta property=\"og:title\" content=\"Dual Plate Check Valve - ZECO Valve\" \/>\n<meta property=\"og:description\" content=\"Consisting of 2 discs attached to the valve body by a pin and operated by the action of springs, which immediately start ... Read more\" \/>\n<meta property=\"og:url\" content=\"https:\/\/zecovalve.com\/tr\/urun\/dual-plate-check-valve\" \/>\n<meta property=\"og:site_name\" content=\"ZECO Valve\" \/>\n<meta property=\"article:modified_time\" content=\"2023-06-16T13:52:24+00:00\" \/>\n<meta property=\"og:image\" content=\"https:\/\/zecovalve.com\/wp-content\/uploads\/2022\/07\/Dual-Plate-Check-Valve-1.jpg\" \/>\n\t<meta property=\"og:image:width\" content=\"800\" \/>\n\t<meta property=\"og:image:height\" content=\"600\" \/>\n<meta name=\"twitter:card\" content=\"summary_large_image\" \/>\n<meta name=\"twitter:label1\" content=\"Yazan:\">\n\t<meta name=\"twitter:data1\" content=\"Jerry\">\n\t<meta name=\"twitter:label2\" content=\"Tahmini okuma s\u00fcresi\">\n\t<meta name=\"twitter:data2\" content=\"1 dakika\">\n<script type=\"application\/ld+json\" class=\"yoast-schema-graph\">{\"@context\":\"https:\/\/schema.org\",\"@graph\":[{\"@type\":\"WebSite\",\"@id\":\"https:\/\/zecovalve.com\/#website\",\"url\":\"https:\/\/zecovalve.com\/\",\"name\":\"ZECO Valve\",\"description\":\"Industrial Ball Valve, Gate Valve and Globe Valve Manufacturer\",\"potentialAction\":[{\"@type\":\"SearchAction\",\"target\":\"https:\/\/zecovalve.com\/?s={search_term_string}\",\"query-input\":\"required name=search_term_string\"}],\"inLanguage\":\"tr\"},{\"@type\":\"ImageObject\",\"@id\":\"https:\/\/zecovalve.com\/product\/dual-plate-check-valve#primaryimage\",\"inLanguage\":\"tr\",\"url\":\"https:\/\/zecovalve.com\/wp-content\/uploads\/2022\/07\/Dual-Plate-Check-Valve-1.jpg\",\"width\":800,\"height\":600,\"caption\":\"Dual Plate Check Valve\"},{\"@type\":\"WebPage\",\"@id\":\"https:\/\/zecovalve.com\/product\/dual-plate-check-valve#webpage\",\"url\":\"https:\/\/zecovalve.com\/product\/dual-plate-check-valve\",\"name\":\"Dual Plate Check Valve - ZECO Valve\",\"isPartOf\":{\"@id\":\"https:\/\/zecovalve.com\/#website\"},\"primaryImageOfPage\":{\"@id\":\"https:\/\/zecovalve.com\/product\/dual-plate-check-valve#primaryimage\"},\"datePublished\":\"2022-07-03T08:08:53+00:00\",\"dateModified\":\"2023-06-16T13:52:24+00:00\",\"breadcrumb\":{\"@id\":\"https:\/\/zecovalve.com\/product\/dual-plate-check-valve#breadcrumb\"},\"inLanguage\":\"tr\",\"potentialAction\":[{\"@type\":\"ReadAction\",\"target\":[\"https:\/\/zecovalve.com\/product\/dual-plate-check-valve\"]}]},{\"@type\":\"BreadcrumbList\",\"@id\":\"https:\/\/zecovalve.com\/product\/dual-plate-check-valve#breadcrumb\",\"itemListElement\":[{\"@type\":\"ListItem\",\"position\":1,\"item\":{\"@type\":\"WebPage\",\"@id\":\"https:\/\/zecovalve.com\/\",\"url\":\"https:\/\/zecovalve.com\/\",\"name\":\"Home\"}},{\"@type\":\"ListItem\",\"position\":2,\"item\":{\"@type\":\"WebPage\",\"@id\":\"https:\/\/zecovalve.com\/product-category\",\"url\":\"https:\/\/zecovalve.com\/product-category\",\"name\":\"Industrial Valve Manufacturer | Water Valve Manufacturer\"}},{\"@type\":\"ListItem\",\"position\":3,\"item\":{\"@type\":\"WebPage\",\"@id\":\"https:\/\/zecovalve.com\/product\/dual-plate-check-valve\",\"url\":\"https:\/\/zecovalve.com\/product\/dual-plate-check-valve\",\"name\":\"Dual Plate Check Valve\"}}]}]}<\/script>\n<!-- \/ Yoast SEO Premium plugin. -->","_links":{"self":[{"href":"https:\/\/zecovalve.com\/tr\/wp-json\/wp\/v2\/product\/18002","targetHints":{"allow":["GET"]}}],"collection":[{"href":"https:\/\/zecovalve.com\/tr\/wp-json\/wp\/v2\/product"}],"about":[{"href":"https:\/\/zecovalve.com\/tr\/wp-json\/wp\/v2\/types\/product"}],"replies":[{"embeddable":true,"href":"https:\/\/zecovalve.com\/tr\/wp-json\/wp\/v2\/comments?post=18002"}],"wp:featuredmedia":[{"embeddable":true,"href":"https:\/\/zecovalve.com\/tr\/wp-json\/wp\/v2\/media\/27920"}],"wp:attachment":[{"href":"https:\/\/zecovalve.com\/tr\/wp-json\/wp\/v2\/media?parent=18002"}],"wp:term":[{"taxonomy":"product_cat","embeddable":true,"href":"https:\/\/zecovalve.com\/tr\/wp-json\/wp\/v2\/product_cat?post=18002"},{"taxonomy":"product_tag","embeddable":true,"href":"https:\/\/zecovalve.com\/tr\/wp-json\/wp\/v2\/product_tag?post=18002"}],"curies":[{"name":"wp","href":"https:\/\/api.w.org\/{rel}","templated":true}]}}