{"id":18004,"date":"2022-07-03T08:33:32","date_gmt":"2022-07-03T08:33:32","guid":{"rendered":"https:\/\/zecovalve.com\/?post_type=product&#038;p=18004"},"modified":"2023-08-17T05:33:04","modified_gmt":"2023-08-17T05:33:04","slug":"wafer-type-check-valve","status":"publish","type":"product","link":"https:\/\/zecovalve.com\/tr\/urun\/wafer-type-check-valve","title":{"rendered":"Wafer Tip \u00c7ekvalf"},"content":{"rendered":"<h1 class=\"sep-title\"><\/h1>\n<p><img loading=\"lazy\" decoding=\"async\" class=\"wp-image-27928 size-medium\" src=\"https:\/\/zecovalve.com\/wp-content\/uploads\/2022\/07\/Wafer-Type-Check-Valve-1-300x225.jpg\" alt=\"Wafer Tip \u00c7ekvalf\" width=\"300\" height=\"225\" srcset=\"https:\/\/zecovalve.com\/wp-content\/uploads\/2022\/07\/Wafer-Type-Check-Valve-1-300x225.jpg 300w, https:\/\/zecovalve.com\/wp-content\/uploads\/2022\/07\/Wafer-Type-Check-Valve-1-768x576.jpg 768w, https:\/\/zecovalve.com\/wp-content\/uploads\/2022\/07\/Wafer-Type-Check-Valve-1-600x450.jpg 600w, https:\/\/zecovalve.com\/wp-content\/uploads\/2022\/07\/Wafer-Type-Check-Valve-1.jpg 800w\" sizes=\"auto, (max-width: 300px) 100vw, 300px\" \/><\/p>\n<h1 class=\"sep-title\"><a style=\"font-size: 17px;\" href=\"https:\/\/zecovalve.com\/tr\/contact\/\"><strong>VANA FI\u0307YATI ALIN<\/strong><\/a><\/h1>\n<div class=\"richtext\">\n<h2>Wafer Tip \u00c7ekvalf A\u00e7\u0131klamas\u0131:<\/h2>\n<p>Wafer \u00e7ek valfler, kompakt boyutlar\u0131 nedeniyle adland\u0131r\u0131lm\u0131\u015ft\u0131r. Vanan\u0131n k\u00fc\u00e7\u00fck boyutu, bir dizi flan\u015f aras\u0131na yerle\u015ftirilmesini sa\u011flar. Flan\u015flar, bir boru sistemi olu\u015fturmak amac\u0131yla borular\u0131, vanalar\u0131 ve \u00e7e\u015fitli boru ekipmanlar\u0131n\u0131 ba\u011flamak i\u00e7in tasarlanm\u0131\u015f malzemelerdir. Temizlik veya ba\u015fka bir bak\u0131m gerekti\u011finde h\u0131zl\u0131 eri\u015fim sa\u011flamaya yard\u0131mc\u0131 olurlar.<\/p>\n<h2>Wafer Tip \u00c7ekvalf \u00d6zellikleri:<\/h2>\n<ol>\n<li>Disk hareketi k\u0131sad\u0131r ve valf kapanmas\u0131n\u0131n neden oldu\u011fu darbe kuvveti daha azd\u0131r;<\/li>\n<li>Disk, daha az su darbesi bas\u0131nc\u0131 ile h\u0131zl\u0131 bir \u015fekilde kapan\u0131r. Su darbesi bas\u0131nc\u0131, flan\u015f tipi sal\u0131n\u0131m \u00e7ek valfinin ve flan\u015f tipi kald\u0131rma \u00e7ek valfinin sadece 1\/2 ila 1\/5 kat\u0131d\u0131r;<\/li>\n<li>D\u00fc\u015f\u00fck ak\u0131\u015f direnci;<\/li>\n<li>Yatay ve dikey kurulum mevcuttur;<\/li>\n<li>\u00c7ok d\u00fc\u015f\u00fck a\u00e7\u0131lma (\u00e7atlama) bas\u0131n\u00e7 fark\u0131;<\/li>\n<li>Daha d\u00fc\u015f\u00fck darbe kuvvetleri ve daha az su darbesi nedeniyle daha g\u00fcvenilir.<\/li>\n<\/ol>\n<h2>Wafer Tip \u00c7ekvalf Malzemesi:<\/h2>\n<table>\n<tbody>\n<tr class=\"firstRow\">\n<td valign=\"center\">Hay\u0131r<\/td>\n<td valign=\"center\">Par\u00e7a<\/td>\n<td valign=\"center\">Malzeme<\/td>\n<\/tr>\n<tr>\n<td valign=\"center\">1<\/td>\n<td valign=\"center\">V\u00fccut<\/td>\n<td valign=\"center\">ASTM A351 CF8<\/td>\n<\/tr>\n<tr>\n<td valign=\"center\">2<\/td>\n<td valign=\"center\">Koltuk Halkas\u0131<\/td>\n<td valign=\"center\">ASTM A182 F304<\/td>\n<\/tr>\n<tr>\n<td valign=\"center\">3<\/td>\n<td valign=\"center\">Disk<\/td>\n<td valign=\"center\">ASTM A351 CF8<\/td>\n<\/tr>\n<tr>\n<td valign=\"center\">4<\/td>\n<td valign=\"center\">Bahar<\/td>\n<td valign=\"center\">InconelX 750<\/td>\n<\/tr>\n<tr>\n<td valign=\"center\">5<\/td>\n<td valign=\"center\">Pim<\/td>\n<td valign=\"center\">ASTM A182 F304<\/td>\n<\/tr>\n<\/tbody>\n<\/table>\n<\/div>\n<h2><\/h2>","protected":false},"excerpt":{"rendered":"<p>VALF F\u0130YATI ALIN Wafer Tip \u00c7ek Valf Tan\u0131m\u0131: Wafer \u00e7ek valfler kompakt boyutlar\u0131 nedeniyle isimlendirilmi\u015ftir. K\u00fc\u00e7\u00fck boyutlu\u2026 <a title=\"Wafer Tip \u00c7ekvalf\" class=\"read-more\" href=\"https:\/\/zecovalve.com\/tr\/urun\/wafer-type-check-valve\" aria-label=\"Wafer Tip \u00c7ekvalf hakk\u0131nda daha fazla bilgi\">Daha fazla bilgi edinin<\/a><\/p>","protected":false},"featured_media":27928,"comment_status":"closed","ping_status":"closed","template":"","meta":{"_generate-full-width-content":"","kt_blocks_editor_width":""},"product_cat":[2455,2442],"product_tag":[2657,2661,2725],"class_list":["post-18004","product","type-product","status-publish","has-post-thumbnail","hentry","product_cat-check-valve","product_cat-wafer-check-valve","product_tag-non-return-valve","product_tag-nrv-valve","product_tag-wafer-check-valve","sales-flash-overlay","woocommerce-text-align-center","woocommerce-image-align-center","do-quantity-buttons"],"featured_image_src_large":["https:\/\/zecovalve.com\/wp-content\/uploads\/2022\/07\/Wafer-Type-Check-Valve-1.jpg",800,600,false],"author_info":[],"comment_info":0,"taxonomy_info":{"product_cat":[{"value":2455,"label":"Check Valve"},{"value":2442,"label":"Wafer Check Valve"}],"product_tag":[{"value":2657,"label":"Non Return Valve"},{"value":2661,"label":"NRV Valve"},{"value":2725,"label":"Wafer Check Valve"}]},"yoast_head":"<!-- This site is optimized with the Yoast SEO Premium plugin v15.4 - https:\/\/yoast.com\/wordpress\/plugins\/seo\/ -->\n<title>Wafer Type Check Valve - ZECO Valve<\/title>\n<meta name=\"robots\" content=\"index, follow, max-snippet:-1, max-image-preview:large, max-video-preview:-1\" \/>\n<link rel=\"canonical\" href=\"https:\/\/zecovalve.com\/tr\/urun\/wafer-type-check-valve\" \/>\n<meta property=\"og:locale\" content=\"tr_TR\" \/>\n<meta property=\"og:type\" content=\"article\" \/>\n<meta property=\"og:title\" content=\"Wafer Type Check Valve - ZECO Valve\" \/>\n<meta property=\"og:description\" content=\"GET VALVE PRICE Description of Wafer Type Check Valve: Wafer check valves are named for their compact size. The small size of ... Read more\" \/>\n<meta property=\"og:url\" content=\"https:\/\/zecovalve.com\/tr\/urun\/wafer-type-check-valve\" \/>\n<meta property=\"og:site_name\" content=\"ZECO Valve\" \/>\n<meta property=\"article:modified_time\" content=\"2023-08-17T05:33:04+00:00\" \/>\n<meta property=\"og:image\" content=\"https:\/\/zecovalve.com\/wp-content\/uploads\/2022\/07\/Wafer-Type-Check-Valve-1.jpg\" \/>\n\t<meta property=\"og:image:width\" content=\"800\" \/>\n\t<meta property=\"og:image:height\" content=\"600\" \/>\n<meta name=\"twitter:card\" content=\"summary_large_image\" \/>\n<meta name=\"twitter:label1\" content=\"Yazan:\">\n\t<meta name=\"twitter:data1\" content=\"Jerry\">\n\t<meta name=\"twitter:label2\" content=\"Tahmini okuma s\u00fcresi\">\n\t<meta name=\"twitter:data2\" content=\"1 dakika\">\n<script type=\"application\/ld+json\" class=\"yoast-schema-graph\">{\"@context\":\"https:\/\/schema.org\",\"@graph\":[{\"@type\":\"WebSite\",\"@id\":\"https:\/\/zecovalve.com\/#website\",\"url\":\"https:\/\/zecovalve.com\/\",\"name\":\"ZECO Valve\",\"description\":\"Industrial Ball Valve, Gate Valve and Globe Valve Manufacturer\",\"potentialAction\":[{\"@type\":\"SearchAction\",\"target\":\"https:\/\/zecovalve.com\/?s={search_term_string}\",\"query-input\":\"required name=search_term_string\"}],\"inLanguage\":\"tr\"},{\"@type\":\"ImageObject\",\"@id\":\"https:\/\/zecovalve.com\/product\/wafer-type-check-valve#primaryimage\",\"inLanguage\":\"tr\",\"url\":\"https:\/\/zecovalve.com\/wp-content\/uploads\/2022\/07\/Wafer-Type-Check-Valve-1.jpg\",\"width\":800,\"height\":600,\"caption\":\"Wafer Type Check Valve\"},{\"@type\":\"WebPage\",\"@id\":\"https:\/\/zecovalve.com\/product\/wafer-type-check-valve#webpage\",\"url\":\"https:\/\/zecovalve.com\/product\/wafer-type-check-valve\",\"name\":\"Wafer Type Check Valve - ZECO Valve\",\"isPartOf\":{\"@id\":\"https:\/\/zecovalve.com\/#website\"},\"primaryImageOfPage\":{\"@id\":\"https:\/\/zecovalve.com\/product\/wafer-type-check-valve#primaryimage\"},\"datePublished\":\"2022-07-03T08:33:32+00:00\",\"dateModified\":\"2023-08-17T05:33:04+00:00\",\"breadcrumb\":{\"@id\":\"https:\/\/zecovalve.com\/product\/wafer-type-check-valve#breadcrumb\"},\"inLanguage\":\"tr\",\"potentialAction\":[{\"@type\":\"ReadAction\",\"target\":[\"https:\/\/zecovalve.com\/product\/wafer-type-check-valve\"]}]},{\"@type\":\"BreadcrumbList\",\"@id\":\"https:\/\/zecovalve.com\/product\/wafer-type-check-valve#breadcrumb\",\"itemListElement\":[{\"@type\":\"ListItem\",\"position\":1,\"item\":{\"@type\":\"WebPage\",\"@id\":\"https:\/\/zecovalve.com\/\",\"url\":\"https:\/\/zecovalve.com\/\",\"name\":\"Home\"}},{\"@type\":\"ListItem\",\"position\":2,\"item\":{\"@type\":\"WebPage\",\"@id\":\"https:\/\/zecovalve.com\/product-category\",\"url\":\"https:\/\/zecovalve.com\/product-category\",\"name\":\"Industrial Valve Manufacturer | Water Valve Manufacturer\"}},{\"@type\":\"ListItem\",\"position\":3,\"item\":{\"@type\":\"WebPage\",\"@id\":\"https:\/\/zecovalve.com\/product\/wafer-type-check-valve\",\"url\":\"https:\/\/zecovalve.com\/product\/wafer-type-check-valve\",\"name\":\"Wafer Type Check Valve\"}}]}]}<\/script>\n<!-- \/ Yoast SEO Premium plugin. -->","_links":{"self":[{"href":"https:\/\/zecovalve.com\/tr\/wp-json\/wp\/v2\/product\/18004","targetHints":{"allow":["GET"]}}],"collection":[{"href":"https:\/\/zecovalve.com\/tr\/wp-json\/wp\/v2\/product"}],"about":[{"href":"https:\/\/zecovalve.com\/tr\/wp-json\/wp\/v2\/types\/product"}],"replies":[{"embeddable":true,"href":"https:\/\/zecovalve.com\/tr\/wp-json\/wp\/v2\/comments?post=18004"}],"wp:featuredmedia":[{"embeddable":true,"href":"https:\/\/zecovalve.com\/tr\/wp-json\/wp\/v2\/media\/27928"}],"wp:attachment":[{"href":"https:\/\/zecovalve.com\/tr\/wp-json\/wp\/v2\/media?parent=18004"}],"wp:term":[{"taxonomy":"product_cat","embeddable":true,"href":"https:\/\/zecovalve.com\/tr\/wp-json\/wp\/v2\/product_cat?post=18004"},{"taxonomy":"product_tag","embeddable":true,"href":"https:\/\/zecovalve.com\/tr\/wp-json\/wp\/v2\/product_tag?post=18004"}],"curies":[{"name":"wp","href":"https:\/\/api.w.org\/{rel}","templated":true}]}}