{"id":18082,"date":"2022-07-06T08:43:40","date_gmt":"2022-07-06T08:43:40","guid":{"rendered":"https:\/\/zecovalve.com\/?post_type=product&#038;p=18082"},"modified":"2023-06-26T06:46:40","modified_gmt":"2023-06-26T06:46:40","slug":"air-vent-valve","status":"publish","type":"product","link":"https:\/\/zecovalve.com\/tr\/urun\/air-vent-valve","title":{"rendered":"Havaland\u0131rma Vanas\u0131"},"content":{"rendered":"<p>ZECO Valve profesyonel bir Havaland\u0131rma Valfi \u00fcreticisidir<\/p>\r\n\r\n\r\n\r\n<figure id=\"attachment_16152\" class=\"wp-block-image size-full is-resized\"><img loading=\"lazy\" decoding=\"async\" class=\"wp-image-18081\" src=\"https:\/\/zecovalve.com\/wp-content\/uploads\/2022\/07\/Air-Vent-Valve-1.jpg\" alt=\"\" width=\"217\" height=\"198\" srcset=\"https:\/\/zecovalve.com\/wp-content\/uploads\/2022\/07\/Air-Vent-Valve-1.jpg 866w, https:\/\/zecovalve.com\/wp-content\/uploads\/2022\/07\/Air-Vent-Valve-1-300x274.jpg 300w, https:\/\/zecovalve.com\/wp-content\/uploads\/2022\/07\/Air-Vent-Valve-1-768x701.jpg 768w, https:\/\/zecovalve.com\/wp-content\/uploads\/2022\/07\/Air-Vent-Valve-1-600x548.jpg 600w\" sizes=\"auto, (max-width: 217px) 100vw, 217px\" \/><\/figure>\r\n\r\n\r\n<div class=\"gb-button-wrapper gb-button-wrapper-6d8495a3\">\r\n\r\n\r\n<p><a class=\"gb-button gb-button-3d442e11 gb-button-text\" href=\"https:\/\/zecovalve.com\/tr\/contact\/\" target=\"_blank\" rel=\"noopener noreferrer\"><strong>VANA FI\u0307YATI ALIN<\/strong><\/a><\/p>\r\n<\/div>\r\n\r\n\r\n\r\n\r\n<h2 class=\"wp-block-heading\" id=\"h-what-is-an-air-vent-valve\">Havaland\u0131rma Vanas\u0131 Nedir?<\/h2>\r\n\r\n\r\n\r\n<p>Hava tahliye vanas\u0131, su boru sistemlerindeki havayla ilgili sorunlar\u0131 \u00f6nlemek i\u00e7in su besleme borular\u0131ndaki havay\u0131 tahliye eden bir g\u00fcvenlik cihaz\u0131d\u0131r.<\/p>\r\n\r\n\r\n\r\n<h2 class=\"wp-block-heading\">Havaland\u0131rma Valfi nas\u0131l \u00e7al\u0131\u015f\u0131r?<\/h2>\r\n\r\n\r\n\r\n<p>Ba\u015flatma s\u0131ras\u0131nda sisteme s\u0131v\u0131 pompaland\u0131\u011f\u0131nda, boru i\u00e7indeki ilk hava, ak\u0131\u015f\u0131n bas\u0131nc\u0131yla havaland\u0131rma deli\u011fine itilir. \u015eamand\u0131ra, havaland\u0131rma deli\u011finin alt k\u0131sm\u0131nda kalarak vanan\u0131n a\u00e7\u0131k kalmas\u0131n\u0131 ve s\u00fcrekli olarak hava tahliyesini sa\u011flar.<\/p>\r\n\r\n\r\n\r\n<p>\u0130lk havaland\u0131rmadan sonra s\u0131v\u0131, havaland\u0131rma deli\u011fine akar. Y\u00fckselen s\u0131v\u0131yla birlikte \u015famand\u0131ra da y\u00fckselir ve vanay\u0131 kapat\u0131r.<\/p>\r\n\r\n\r\n\r\n<p>Kapal\u0131yken havaland\u0131rma deli\u011fine hava girerse, s\u0131v\u0131 seviyesi d\u00fc\u015fer ve \u015famand\u0131ra al\u00e7alarak vanan\u0131n a\u00e7\u0131lmas\u0131na ve tekrar hava tahliyesine olanak tan\u0131r.<\/p>\r\n\r\n\r\n\r\n<h2 class=\"wp-block-heading\">Havaland\u0131rma Vanalar\u0131 ne i\u00e7in kullan\u0131l\u0131r?<\/h2>\r\n\r\n\r\n\r\n<ul class=\"wp-block-list\">\r\n<li>Boru malzemelerini ve sistemlerini havadan (oksijen) kaynaklanan korozyondan korumak i\u00e7in.<\/li>\r\n<li>Hava varl\u0131\u011f\u0131ndan dolay\u0131 muslu\u011fa su s\u0131\u00e7ramas\u0131n\u0131 \u00f6nlemek i\u00e7in.<\/li>\r\n<li>So\u011fuk\/s\u0131cak su besleme sistemlerine, iklimlendirme sistemlerine ve di\u011fer sistemlere hava giri\u015finden kaynaklanan g\u00fcr\u00fclt\u00fcy\u00fc \u00f6nlemek i\u00e7in.<\/li>\r\n<li>\u0130lk su iletimi s\u0131ras\u0131nda hava tahliyesi yoluyla su temini ve di\u011fer sistemlerin\/cihazlar\u0131n sorunsuz ba\u015flat\u0131lmas\u0131 ve kararl\u0131 \u00e7al\u0131\u015fmas\u0131 i\u00e7in.<\/li>\r\n<\/ul>\r\n\r\n\r\n\r\n<h2 class=\"wp-block-heading\">Havaland\u0131rma Vanas\u0131 Uygulamalar\u0131<\/h2>\r\n\r\n\r\n\r\n<ul class=\"wp-block-list\">\r\n<li>So\u011fuk ve s\u0131cak su temin sistemi<\/li>\r\n<li>S\u0131cak su kazan\u0131<\/li>\r\n<li>G\u00fcne\u015f enerjili s\u0131cak su sistemi<\/li>\r\n<li>Di\u011fer \u00e7e\u015fitli cihazlar<\/li>\r\n<li>Klima sistemi<\/li>\r\n<li>S\u0131cak su \u0131s\u0131t\u0131c\u0131 cihaz\u0131<\/li>\r\n<li>Bas\u0131n\u00e7 tank\u0131<\/li>\r\n<\/ul>\r\n\r\n\r\n\r\n<h2 class=\"wp-block-heading\" id=\"h-features-of-air-vent-valves\">Havaland\u0131rma Vanalar\u0131n\u0131n \u00d6zellikleri:<\/h2>\r\n\r\n\r\n\r\n<ul class=\"wp-block-list\">\r\n<li>Y\u00fcksek Kalite: Egzoz mekanizmas\u0131 \u00e7ok g\u00fcvenilirdir ve y\u00fcksek hassasiyetli bile\u015fenlerden yap\u0131lm\u0131\u015ft\u0131r<\/li>\r\n<li>\u0130yi \u00d6zellik: Bu valf, y\u00fcksek s\u0131cakl\u0131k direnci, pas korumas\u0131 ve g\u00fcvenilir s\u0131zd\u0131rmazl\u0131k \u00f6zelliklerine sahiptir.<\/li>\r\n<li>Zarif Tasar\u0131m: Buhar ve su ay\u0131rma tepsisi, egzoz s\u0131ras\u0131nda suyun tahliye edilmemesini sa\u011flayacak \u015fekilde \u00f6zel yap\u0131da tasarlanm\u0131\u015ft\u0131r. Sistemde bas\u0131n\u00e7 oldu\u011fu s\u00fcrece egzoz valfi havaland\u0131rmaya devam edecektir.<\/li>\r\n<li>Kullan\u0131\u015fl\u0131: S\u00f6k\u00fclmesi ve bak\u0131m\u0131 kolayd\u0131r, sistemdeki su d\u0131\u015far\u0131 akmayaca\u011f\u0131ndan sistemin bo\u015falt\u0131lmas\u0131na gerek kalmaz.<\/li>\r\n<li>Buhar ve su ay\u0131rma tepsisi, egzoz s\u0131ras\u0131nda suyun tahliye edilmemesini sa\u011flayacak \u015fekilde \u00f6zel yap\u0131da tasarlanm\u0131\u015ft\u0131r.<\/li>\r\n<\/ul>\r\n\r\n\r\n\r\n<h2 class=\"wp-block-heading\" id=\"h-material-of-air-vent-valves\">Havaland\u0131rma Valflerinin Malzemesi:<\/h2>\r\n\r\n\r\n\r\n<figure class=\"wp-block-table\">\r\n<table>\r\n<tbody>\r\n<tr>\r\n<td>Hay\u0131r<\/td>\r\n<td>Par\u00e7a<\/td>\r\n<td>Malzeme<\/td>\r\n<\/tr>\r\n<tr>\r\n<td>1<\/td>\r\n<td>V\u00fccut<\/td>\r\n<td>Pirin\u00e7 CW 617N<\/td>\r\n<\/tr>\r\n<tr>\r\n<td>2<\/td>\r\n<td>Bone<\/td>\r\n<td>Pirin\u00e7 CW 617N<\/td>\r\n<\/tr>\r\n<tr>\r\n<td>3<\/td>\r\n<td>Batmadan y\u00fczmek<\/td>\r\n<td>Polietilen<\/td>\r\n<\/tr>\r\n<tr>\r\n<td>4<\/td>\r\n<td>Kap<\/td>\r\n<td>Polietilen<\/td>\r\n<\/tr>\r\n<tr>\r\n<td>5<\/td>\r\n<td>Y\u0131kay\u0131c\u0131<\/td>\r\n<td>Pirin\u00e7<\/td>\r\n<\/tr>\r\n<tr>\r\n<td>6<\/td>\r\n<td>Kav\u015fak noktas\u0131<\/td>\r\n<td>Asetal Re\u00e7ine<\/td>\r\n<\/tr>\r\n<tr>\r\n<td>7<\/td>\r\n<td>Kol<\/td>\r\n<td>Asetal Re\u00e7ine<\/td>\r\n<\/tr>\r\n<tr>\r\n<td>8<\/td>\r\n<td>Durmak<\/td>\r\n<td>Asetal Re\u00e7ine<\/td>\r\n<\/tr>\r\n<\/tbody>\r\n<\/table>\r\n<\/figure>","protected":false},"excerpt":{"rendered":"<p>ZECO Valve profesyonel bir Havaland\u0131rma Valfi \u00fcreticisidir. Havaland\u0131rma Valfi nedir? Havaland\u0131rma valfi bir emniyettir\u2026 <a title=\"Havaland\u0131rma Vanas\u0131\" class=\"read-more\" href=\"https:\/\/zecovalve.com\/tr\/urun\/air-vent-valve\" aria-label=\"Havaland\u0131rma Valfi hakk\u0131nda daha fazlas\u0131\">Daha fazla bilgi edinin<\/a><\/p>","protected":false},"featured_media":27971,"comment_status":"closed","ping_status":"closed","template":"","meta":{"_generate-full-width-content":"","kt_blocks_editor_width":""},"product_cat":[2520],"product_tag":[2796,2654,2765],"class_list":["post-18082","product","type-product","status-publish","has-post-thumbnail","hentry","product_cat-air-valve","product_tag-air-vent-valve","product_tag-hvac-valve","product_tag-vent-valve","sales-flash-overlay","woocommerce-text-align-center","woocommerce-image-align-center","do-quantity-buttons"],"featured_image_src_large":["https:\/\/zecovalve.com\/wp-content\/uploads\/2022\/07\/Air-Vent-Valve-2.jpg",800,600,false],"author_info":[],"comment_info":0,"taxonomy_info":{"product_cat":[{"value":2520,"label":"Air Valve Manufacturer and Supplier"}],"product_tag":[{"value":2796,"label":"Air Vent Valve"},{"value":2654,"label":"HVAC Valve"},{"value":2765,"label":"Vent Valve"}]},"yoast_head":"<!-- This site is optimized with the Yoast SEO Premium plugin v15.4 - https:\/\/yoast.com\/wordpress\/plugins\/seo\/ -->\n<title>Air Vent Valve - Vent Valve Manufacturer | ZECO Valve<\/title>\n<meta name=\"robots\" content=\"index, follow, max-snippet:-1, max-image-preview:large, max-video-preview:-1\" \/>\n<link rel=\"canonical\" href=\"https:\/\/zecovalve.com\/tr\/urun\/air-vent-valve\" \/>\n<meta property=\"og:locale\" content=\"tr_TR\" \/>\n<meta property=\"og:type\" content=\"article\" \/>\n<meta property=\"og:title\" content=\"Air Vent Valve - Vent Valve Manufacturer | ZECO Valve\" \/>\n<meta property=\"og:description\" content=\"ZECO Valve is an professional Air Vent Valve manufacturer What is an Air Vent Valve? An air vent valve is a safety ... Read more\" \/>\n<meta property=\"og:url\" content=\"https:\/\/zecovalve.com\/tr\/urun\/air-vent-valve\" \/>\n<meta property=\"og:site_name\" content=\"ZECO Valve\" \/>\n<meta property=\"article:modified_time\" content=\"2023-06-26T06:46:40+00:00\" \/>\n<meta property=\"og:image\" content=\"https:\/\/zecovalve.com\/wp-content\/uploads\/2022\/07\/Air-Vent-Valve-2.jpg\" \/>\n\t<meta property=\"og:image:width\" content=\"800\" \/>\n\t<meta property=\"og:image:height\" content=\"600\" \/>\n<meta name=\"twitter:card\" content=\"summary_large_image\" \/>\n<meta name=\"twitter:label1\" content=\"Yazan:\">\n\t<meta name=\"twitter:data1\" content=\"Jerry\">\n\t<meta name=\"twitter:label2\" content=\"Tahmini okuma s\u00fcresi\">\n\t<meta name=\"twitter:data2\" content=\"2 dakika\">\n<script type=\"application\/ld+json\" class=\"yoast-schema-graph\">{\"@context\":\"https:\/\/schema.org\",\"@graph\":[{\"@type\":\"WebSite\",\"@id\":\"https:\/\/zecovalve.com\/#website\",\"url\":\"https:\/\/zecovalve.com\/\",\"name\":\"ZECO Valve\",\"description\":\"Industrial Ball Valve, Gate Valve and Globe Valve Manufacturer\",\"potentialAction\":[{\"@type\":\"SearchAction\",\"target\":\"https:\/\/zecovalve.com\/?s={search_term_string}\",\"query-input\":\"required name=search_term_string\"}],\"inLanguage\":\"tr\"},{\"@type\":\"ImageObject\",\"@id\":\"https:\/\/zecovalve.com\/product\/air-vent-valve#primaryimage\",\"inLanguage\":\"tr\",\"url\":\"https:\/\/zecovalve.com\/wp-content\/uploads\/2022\/07\/Air-Vent-Valve-2.jpg\",\"width\":800,\"height\":600,\"caption\":\"Air Vent Valve\"},{\"@type\":\"WebPage\",\"@id\":\"https:\/\/zecovalve.com\/product\/air-vent-valve#webpage\",\"url\":\"https:\/\/zecovalve.com\/product\/air-vent-valve\",\"name\":\"Air Vent Valve - Vent Valve Manufacturer | ZECO Valve\",\"isPartOf\":{\"@id\":\"https:\/\/zecovalve.com\/#website\"},\"primaryImageOfPage\":{\"@id\":\"https:\/\/zecovalve.com\/product\/air-vent-valve#primaryimage\"},\"datePublished\":\"2022-07-06T08:43:40+00:00\",\"dateModified\":\"2023-06-26T06:46:40+00:00\",\"breadcrumb\":{\"@id\":\"https:\/\/zecovalve.com\/product\/air-vent-valve#breadcrumb\"},\"inLanguage\":\"tr\",\"potentialAction\":[{\"@type\":\"ReadAction\",\"target\":[\"https:\/\/zecovalve.com\/product\/air-vent-valve\"]}]},{\"@type\":\"BreadcrumbList\",\"@id\":\"https:\/\/zecovalve.com\/product\/air-vent-valve#breadcrumb\",\"itemListElement\":[{\"@type\":\"ListItem\",\"position\":1,\"item\":{\"@type\":\"WebPage\",\"@id\":\"https:\/\/zecovalve.com\/\",\"url\":\"https:\/\/zecovalve.com\/\",\"name\":\"Home\"}},{\"@type\":\"ListItem\",\"position\":2,\"item\":{\"@type\":\"WebPage\",\"@id\":\"https:\/\/zecovalve.com\/product-category\",\"url\":\"https:\/\/zecovalve.com\/product-category\",\"name\":\"Industrial Valve Manufacturer | Water Valve Manufacturer\"}},{\"@type\":\"ListItem\",\"position\":3,\"item\":{\"@type\":\"WebPage\",\"@id\":\"https:\/\/zecovalve.com\/product\/air-vent-valve\",\"url\":\"https:\/\/zecovalve.com\/product\/air-vent-valve\",\"name\":\"Air Vent Valve\"}}]}]}<\/script>\n<!-- \/ Yoast SEO Premium plugin. -->","_links":{"self":[{"href":"https:\/\/zecovalve.com\/tr\/wp-json\/wp\/v2\/product\/18082","targetHints":{"allow":["GET"]}}],"collection":[{"href":"https:\/\/zecovalve.com\/tr\/wp-json\/wp\/v2\/product"}],"about":[{"href":"https:\/\/zecovalve.com\/tr\/wp-json\/wp\/v2\/types\/product"}],"replies":[{"embeddable":true,"href":"https:\/\/zecovalve.com\/tr\/wp-json\/wp\/v2\/comments?post=18082"}],"wp:featuredmedia":[{"embeddable":true,"href":"https:\/\/zecovalve.com\/tr\/wp-json\/wp\/v2\/media\/27971"}],"wp:attachment":[{"href":"https:\/\/zecovalve.com\/tr\/wp-json\/wp\/v2\/media?parent=18082"}],"wp:term":[{"taxonomy":"product_cat","embeddable":true,"href":"https:\/\/zecovalve.com\/tr\/wp-json\/wp\/v2\/product_cat?post=18082"},{"taxonomy":"product_tag","embeddable":true,"href":"https:\/\/zecovalve.com\/tr\/wp-json\/wp\/v2\/product_tag?post=18082"}],"curies":[{"name":"wp","href":"https:\/\/api.w.org\/{rel}","templated":true}]}}