{"id":19481,"date":"2022-07-09T14:47:01","date_gmt":"2022-07-09T14:47:01","guid":{"rendered":"https:\/\/zecovalve.com\/?post_type=product&#038;p=19481"},"modified":"2022-07-14T06:31:38","modified_gmt":"2022-07-14T06:31:38","slug":"brass-ball-valve","status":"publish","type":"product","link":"https:\/\/zecovalve.com\/tr\/urun\/brass-ball-valve","title":{"rendered":"3\/4\u2033 Pirin\u00e7 K\u00fcresel Vana"},"content":{"rendered":"<p>(\u0130\u00e7-d\u0131\u015f) di\u015fli 3\/4\u2033 Pirin\u00e7 k\u00fcresel vana, ak\u0131\u015f\u0131 kontrol etmek i\u00e7in iki yuva aras\u0131na s\u0131k\u0131\u015ft\u0131r\u0131lm\u0131\u015f, ortas\u0131ndan delik a\u00e7\u0131lm\u0131\u015f bir metal bilye kullan\u0131r.<\/p>\r\n\r\n\r\n\r\n<figure class=\"wp-block-image size-full is-resized\"><img loading=\"lazy\" decoding=\"async\" class=\"wp-image-19482\" src=\"https:\/\/zecovalve.com\/wp-content\/uploads\/2022\/07\/Globe-Valve-Check-Valve.jpg\" alt=\"\" width=\"400\" height=\"300\" srcset=\"https:\/\/zecovalve.com\/wp-content\/uploads\/2022\/07\/Globe-Valve-Check-Valve.jpg 800w, https:\/\/zecovalve.com\/wp-content\/uploads\/2022\/07\/Globe-Valve-Check-Valve-300x225.jpg 300w, https:\/\/zecovalve.com\/wp-content\/uploads\/2022\/07\/Globe-Valve-Check-Valve-768x576.jpg 768w, https:\/\/zecovalve.com\/wp-content\/uploads\/2022\/07\/Globe-Valve-Check-Valve-600x450.jpg 600w\" sizes=\"auto, (max-width: 400px) 100vw, 400px\" \/><\/figure>\r\n\r\n\r\n<div class=\"gb-button-wrapper gb-button-wrapper-6d8495a3\">\r\n\r\n\r\n<p><a class=\"gb-button gb-button-3d442e11 gb-button-text\" href=\"https:\/\/zecovalve.com\/tr\/contact\/\" target=\"_blank\" rel=\"noopener noreferrer\"><strong>3\/4\u2033 P\u0130R\u0130N\u00c7 K\u00dcRESEL VANA F\u0130YAT ALIN<\/strong><\/a><\/p>\r\n<\/div>\r\n\r\n\r\n\r\n\r\n<h2 class=\"wp-block-heading\" id=\"h-what-is-a-brass-ball-valve\">3\/4\u2033 Pirin\u00e7 K\u00fcresel Vana Nedir?<\/h2>\r\n\r\n\r\n\r\n<p>ZECO pirin\u00e7 k\u00fcresel vana, bir ak\u0131\u015f kontrol se\u00e7ene\u011fi ararken m\u00fckemmeldir ve su, ya\u011f, gaz veya buhar kullanan standart ticari ve konut sistemlerinde \u00e7al\u0131\u015facak \u015fekilde yap\u0131lm\u0131\u015ft\u0131r. Tam ba\u011flant\u0131 noktas\u0131yla maksimum ak\u0131\u015f h\u0131z\u0131na ve kol koluyla kolay kullan\u0131ma olanak sa\u011flayacak \u015fekilde tasarlanm\u0131\u015ft\u0131r. Bu vana ak\u0131\u015f kontrol\u00fc ihtiya\u00e7lar\u0131n\u0131za dayan\u0131kl\u0131 ve uzun \u00f6m\u00fcrl\u00fc bir \u00e7\u00f6z\u00fcm olacakt\u0131r.<\/p>\r\n\r\n\r\n\r\n<h2 class=\"wp-block-heading\">3\/4\u2033 Pirin\u00e7 K\u00fcresel Vana Uygulamalar\u0131<\/h2>\r\n\r\n\r\n\r\n<p>Pirin\u00e7 k\u00fcresel vana konut, ticari s\u0131hhi tesisat, su kuyular\u0131 ve di\u011fer bir\u00e7ok uygulamada kullan\u0131labilir. K\u00fcresel vanalar gazlar\u0131 ve buharlar\u0131 k\u0131sma kapasitesine sahiptir ve \u00f6zellikle d\u00fc\u015f\u00fck ak\u0131\u015f durumlar\u0131 i\u00e7in kullan\u0131\u015fl\u0131d\u0131r.<\/p>\r\n\r\n\r\n\r\n<h2 class=\"wp-block-heading\">3\/4\u2033 Pirin\u00e7 K\u00fcresel Vanalar\u0131n \u00d6zellikleri:<\/h2>\r\n\r\n\r\n\r\n<ul class=\"wp-block-list\">\r\n<li>IS 554 \/ BS 21 \/ ISO 7&#039;ye g\u00f6re Vidal\u0131 Di\u015fi U\u00e7lar.<\/li>\r\n<li>Tam Ge\u00e7i\u015fli, \u0130ki Par\u00e7al\u0131 Tasar\u0131m.<\/li>\r\n<li>\u00c7eyrek D\u00f6n\u00fc\u015fl\u00fc, Kol Kumandal\u0131.<\/li>\r\n<li>D\u00f6vme Pirin\u00e7 Sert Krom Kaplama Bilye ile birlikte verilmektedir.<\/li>\r\n<li>Cam dolgulu Teflon g\u00f6vde halkalar\u0131 ve salmastra, PTFE Oturma yeri.<\/li>\r\n<li>Muhte\u015fem g\u00f6rsel g\u00f6r\u00fcn\u00fcm.<\/li>\r\n<li>Krom Kaplama Kaplama.<\/li>\r\n<\/ul>\r\n\r\n\r\n\r\n<h2 class=\"wp-block-heading\">3\/4\u2033 Pirin\u00e7 K\u00fcresel Vanalar\u0131n Malzemesi:<\/h2>\r\n\r\n\r\n\r\n<figure class=\"wp-block-table is-style-stripes\">\r\n<table>\r\n<tbody>\r\n<tr>\r\n<td>Hay\u0131r<\/td>\r\n<td>Par\u00e7a<\/td>\r\n<td>Malzeme<\/td>\r\n<\/tr>\r\n<tr>\r\n<td>1<\/td>\r\n<td>V\u00fccut<\/td>\r\n<td>Pirin\u00e7<\/td>\r\n<\/tr>\r\n<tr>\r\n<td>2<\/td>\r\n<td>U\u00e7 Kapa\u011f\u0131<\/td>\r\n<td>Pirin\u00e7<\/td>\r\n<\/tr>\r\n<tr>\r\n<td>3<\/td>\r\n<td>Top<\/td>\r\n<td>Bak\u0131r Ala\u015f\u0131ml\u0131, Krom Kaplama<\/td>\r\n<\/tr>\r\n<tr>\r\n<td>4<\/td>\r\n<td>Koltuk<\/td>\r\n<td>PTFE<\/td>\r\n<\/tr>\r\n<tr>\r\n<td>5<\/td>\r\n<td>K\u00f6k<\/td>\r\n<td>Bak\u0131r ala\u015f\u0131m\u0131<\/td>\r\n<\/tr>\r\n<tr>\r\n<td>6<\/td>\r\n<td>\u0130tme Pul<\/td>\r\n<td>PTFE<\/td>\r\n<\/tr>\r\n<tr>\r\n<td>7<\/td>\r\n<td>Paketleme<\/td>\r\n<td>PTFE<\/td>\r\n<\/tr>\r\n<tr>\r\n<td>8<\/td>\r\n<td>Bez<\/td>\r\n<td>Bak\u0131r ala\u015f\u0131m\u0131<\/td>\r\n<\/tr>\r\n<tr>\r\n<td>9<\/td>\r\n<td>Tutamak<\/td>\r\n<td>Karbon \u00c7elik Kaplama<\/td>\r\n<\/tr>\r\n<tr>\r\n<td>10<\/td>\r\n<td>F\u0131nd\u0131k<\/td>\r\n<td>Karbon \u00c7elik Kaplama<\/td>\r\n<\/tr>\r\n<\/tbody>\r\n<\/table>\r\n<\/figure>","protected":false},"excerpt":{"rendered":"<p>(\u0130\u00e7-d\u0131\u015f) di\u015fli 3\/4\u2033 Pirin\u00e7 k\u00fcresel vana, iki koltuk aras\u0131na s\u0131k\u0131\u015ft\u0131r\u0131lm\u0131\u015f, ortas\u0131ndan delik a\u00e7\u0131lm\u0131\u015f bir metal bilye kullan\u0131r\u2026 <a title=\"3\/4\u2033 Pirin\u00e7 K\u00fcresel Vana\" class=\"read-more\" href=\"https:\/\/zecovalve.com\/tr\/urun\/brass-ball-valve\" aria-label=\"3\/4\u2033 Pirin\u00e7 K\u00fcresel Vana hakk\u0131nda daha fazlas\u0131\">Daha fazla bilgi edinin<\/a><\/p>","protected":false},"featured_media":19482,"comment_status":"closed","ping_status":"closed","template":"","meta":{"_generate-full-width-content":"","kt_blocks_editor_width":""},"product_cat":[2047,2461],"product_tag":[2656,2802,2833],"class_list":["post-19481","product","type-product","status-publish","has-post-thumbnail","hentry","product_cat-ball-valve","product_cat-ball-valve-by-material","product_tag-3-4-ball-valve","product_tag-ball-valve-price","product_tag-brass-ball-valve","sales-flash-overlay","woocommerce-text-align-center","woocommerce-image-align-center","do-quantity-buttons"],"featured_image_src_large":["https:\/\/zecovalve.com\/wp-content\/uploads\/2022\/07\/Globe-Valve-Check-Valve.jpg",800,600,false],"author_info":[],"comment_info":0,"taxonomy_info":{"product_cat":[{"value":2047,"label":"Ball Valve"},{"value":2461,"label":"Ball Valve By Material"}],"product_tag":[{"value":2656,"label":"3 4 ball valve"},{"value":2802,"label":"Ball Valve Price"},{"value":2833,"label":"Brass Ball Valve"}]},"yoast_head":"<!-- This site is optimized with the Yoast SEO Premium plugin v15.4 - https:\/\/yoast.com\/wordpress\/plugins\/seo\/ -->\n<title>3\/4&quot; Brass Ball Valve - Competitive Ball Valve Price | ZECO Valve<\/title>\n<meta name=\"robots\" content=\"index, follow, max-snippet:-1, max-image-preview:large, max-video-preview:-1\" \/>\n<link rel=\"canonical\" href=\"https:\/\/zecovalve.com\/tr\/urun\/brass-ball-valve\" \/>\n<meta property=\"og:locale\" content=\"tr_TR\" \/>\n<meta property=\"og:type\" content=\"article\" \/>\n<meta property=\"og:title\" content=\"3\/4&quot; Brass Ball Valve - Competitive Ball Valve Price | ZECO Valve\" \/>\n<meta property=\"og:description\" content=\"3\/4&#8243; Brass ball valve with (internal-external) threading uses a metal ball with a hole bored through the center, sandwiched between two seats ... Read more\" \/>\n<meta property=\"og:url\" content=\"https:\/\/zecovalve.com\/tr\/urun\/brass-ball-valve\" \/>\n<meta property=\"og:site_name\" content=\"ZECO Valve\" \/>\n<meta property=\"article:modified_time\" content=\"2022-07-14T06:31:38+00:00\" \/>\n<meta property=\"og:image\" content=\"https:\/\/zecovalve.com\/wp-content\/uploads\/2022\/07\/Globe-Valve-Check-Valve.jpg\" \/>\n\t<meta property=\"og:image:width\" content=\"800\" \/>\n\t<meta property=\"og:image:height\" content=\"600\" \/>\n<meta name=\"twitter:card\" content=\"summary_large_image\" \/>\n<meta name=\"twitter:label1\" content=\"Yazan:\">\n\t<meta name=\"twitter:data1\" content=\"Jerry\">\n\t<meta name=\"twitter:label2\" content=\"Tahmini okuma s\u00fcresi\">\n\t<meta name=\"twitter:data2\" content=\"1 dakika\">\n<script type=\"application\/ld+json\" class=\"yoast-schema-graph\">{\"@context\":\"https:\/\/schema.org\",\"@graph\":[{\"@type\":\"WebSite\",\"@id\":\"https:\/\/zecovalve.com\/#website\",\"url\":\"https:\/\/zecovalve.com\/\",\"name\":\"ZECO Valve\",\"description\":\"Industrial Ball Valve, Gate Valve and Globe Valve Manufacturer\",\"potentialAction\":[{\"@type\":\"SearchAction\",\"target\":\"https:\/\/zecovalve.com\/?s={search_term_string}\",\"query-input\":\"required name=search_term_string\"}],\"inLanguage\":\"tr\"},{\"@type\":\"ImageObject\",\"@id\":\"https:\/\/zecovalve.com\/product\/brass-ball-valve#primaryimage\",\"inLanguage\":\"tr\",\"url\":\"https:\/\/zecovalve.com\/wp-content\/uploads\/2022\/07\/Globe-Valve-Check-Valve.jpg\",\"width\":800,\"height\":600,\"caption\":\"Brass Ball Valve\"},{\"@type\":\"WebPage\",\"@id\":\"https:\/\/zecovalve.com\/product\/brass-ball-valve#webpage\",\"url\":\"https:\/\/zecovalve.com\/product\/brass-ball-valve\",\"name\":\"3\/4\\\" Brass Ball Valve - Competitive Ball Valve Price | ZECO Valve\",\"isPartOf\":{\"@id\":\"https:\/\/zecovalve.com\/#website\"},\"primaryImageOfPage\":{\"@id\":\"https:\/\/zecovalve.com\/product\/brass-ball-valve#primaryimage\"},\"datePublished\":\"2022-07-09T14:47:01+00:00\",\"dateModified\":\"2022-07-14T06:31:38+00:00\",\"breadcrumb\":{\"@id\":\"https:\/\/zecovalve.com\/product\/brass-ball-valve#breadcrumb\"},\"inLanguage\":\"tr\",\"potentialAction\":[{\"@type\":\"ReadAction\",\"target\":[\"https:\/\/zecovalve.com\/product\/brass-ball-valve\"]}]},{\"@type\":\"BreadcrumbList\",\"@id\":\"https:\/\/zecovalve.com\/product\/brass-ball-valve#breadcrumb\",\"itemListElement\":[{\"@type\":\"ListItem\",\"position\":1,\"item\":{\"@type\":\"WebPage\",\"@id\":\"https:\/\/zecovalve.com\/\",\"url\":\"https:\/\/zecovalve.com\/\",\"name\":\"Home\"}},{\"@type\":\"ListItem\",\"position\":2,\"item\":{\"@type\":\"WebPage\",\"@id\":\"https:\/\/zecovalve.com\/product-category\",\"url\":\"https:\/\/zecovalve.com\/product-category\",\"name\":\"Industrial Valve Manufacturer | Water Valve Manufacturer\"}},{\"@type\":\"ListItem\",\"position\":3,\"item\":{\"@type\":\"WebPage\",\"@id\":\"https:\/\/zecovalve.com\/product\/brass-ball-valve\",\"url\":\"https:\/\/zecovalve.com\/product\/brass-ball-valve\",\"name\":\"3\/4&#8243; Brass Ball Valve\"}}]}]}<\/script>\n<!-- \/ Yoast SEO Premium plugin. -->","_links":{"self":[{"href":"https:\/\/zecovalve.com\/tr\/wp-json\/wp\/v2\/product\/19481","targetHints":{"allow":["GET"]}}],"collection":[{"href":"https:\/\/zecovalve.com\/tr\/wp-json\/wp\/v2\/product"}],"about":[{"href":"https:\/\/zecovalve.com\/tr\/wp-json\/wp\/v2\/types\/product"}],"replies":[{"embeddable":true,"href":"https:\/\/zecovalve.com\/tr\/wp-json\/wp\/v2\/comments?post=19481"}],"wp:featuredmedia":[{"embeddable":true,"href":"https:\/\/zecovalve.com\/tr\/wp-json\/wp\/v2\/media\/19482"}],"wp:attachment":[{"href":"https:\/\/zecovalve.com\/tr\/wp-json\/wp\/v2\/media?parent=19481"}],"wp:term":[{"taxonomy":"product_cat","embeddable":true,"href":"https:\/\/zecovalve.com\/tr\/wp-json\/wp\/v2\/product_cat?post=19481"},{"taxonomy":"product_tag","embeddable":true,"href":"https:\/\/zecovalve.com\/tr\/wp-json\/wp\/v2\/product_tag?post=19481"}],"curies":[{"name":"wp","href":"https:\/\/api.w.org\/{rel}","templated":true}]}}