{"id":19486,"date":"2022-07-10T09:37:28","date_gmt":"2022-07-10T09:37:28","guid":{"rendered":"https:\/\/zecovalve.com\/?post_type=product&#038;p=19486"},"modified":"2022-09-22T06:28:53","modified_gmt":"2022-09-22T06:28:53","slug":"2-inch-ball-valve","status":"publish","type":"product","link":"https:\/\/zecovalve.com\/tr\/urun\/2-inch-ball-valve","title":{"rendered":"2 in\u00e7 K\u00fcresel Vana"},"content":{"rendered":"<p>2 in\u00e7 K\u00fcresel Vanalar normalde API 6D, API 608 standard\u0131na uygun y\u00fczer k\u00fcresel vanalard\u0131r.<\/p>\r\n\r\n\r\n\r\n<figure class=\"wp-block-image size-full is-resized\">\r\n<p><img loading=\"lazy\" decoding=\"async\" class=\"size-medium wp-image-19557\" src=\"https:\/\/zecovalve.com\/wp-content\/uploads\/2022\/07\/2-Inch-Ball-Valve-1-300x225.jpg\" alt=\"2 \u0130n\u00e7 K\u00fcresel Vana\" width=\"300\" height=\"225\" srcset=\"https:\/\/zecovalve.com\/wp-content\/uploads\/2022\/07\/2-Inch-Ball-Valve-1-300x225.jpg 300w, https:\/\/zecovalve.com\/wp-content\/uploads\/2022\/07\/2-Inch-Ball-Valve-1-1024x768.jpg 1024w, https:\/\/zecovalve.com\/wp-content\/uploads\/2022\/07\/2-Inch-Ball-Valve-1-768x576.jpg 768w, https:\/\/zecovalve.com\/wp-content\/uploads\/2022\/07\/2-Inch-Ball-Valve-1-1536x1152.jpg 1536w, https:\/\/zecovalve.com\/wp-content\/uploads\/2022\/07\/2-Inch-Ball-Valve-1-2048x1536.jpg 2048w, https:\/\/zecovalve.com\/wp-content\/uploads\/2022\/07\/2-Inch-Ball-Valve-1-600x450.jpg 600w\" sizes=\"auto, (max-width: 300px) 100vw, 300px\" \/><\/p>\r\n<\/figure>\r\n\r\n\r\n<div class=\"gb-button-wrapper gb-button-wrapper-6d8495a3\">\r\n\r\n\r\n<p><a class=\"gb-button gb-button-3d442e11 gb-button-text\" href=\"https:\/\/zecovalve.com\/tr\/contact\/\" target=\"_blank\" rel=\"noopener noreferrer\"><strong>VANA FI\u0307YATI ALIN<\/strong><\/a><\/p>\r\n<\/div>\r\n\r\n\r\n\r\n\r\n<h2 class=\"wp-block-heading\" id=\"h-what-is-2-inch-ball-valve\">2 \u0130n\u00e7 K\u00fcresel Vana Nedir?<\/h2>\r\n\r\n\r\n\r\n<p>ZECO 2 in\u00e7 k\u00fcresel vana genellikle y\u00fczer bir k\u00fcresel vanad\u0131r ve pirin\u00e7 k\u00fcresel vana, d\u00f6kme \u00e7elik k\u00fcresel vana ve d\u00f6vme \u00e7elik k\u00fcresel vana olarak mevcuttur.<\/p>\r\n\r\n\r\n\r\n<p>2 in\u00e7lik y\u00fczer k\u00fcresel vana, ad\u0131n\u0131, s\u0131v\u0131 i\u00e7inde as\u0131l\u0131yken iki esnek yuva aras\u0131nda s\u0131k\u0131\u015ft\u0131r\u0131lan, vana g\u00f6vdesi i\u00e7inde serbest\u00e7e &quot;y\u00fczen&quot; k\u00fcre benzeri k\u00fcreden al\u0131r. Y\u00fczen bir k\u00fcresel vanan\u0131n normal olarak \u00e7al\u0131\u015fma s\u0131ras\u0131nda yapt\u0131\u011f\u0131 \u015fey, ak\u0131\u015f y\u00f6n\u00fcnde hafif\u00e7e y\u00fczmektir, bu da oturma mekanizmas\u0131n\u0131n bilyenin alt\u0131nda s\u0131k\u0131\u015fmas\u0131na neden olur. Yuva par\u00e7alan\u0131rsa, top metal g\u00f6vdeye do\u011fru y\u00fczerek onu kapat\u0131r. Bu, tasar\u0131m i\u00e7inde bir ar\u0131za g\u00fcvenli\u011fi sa\u011flar.<\/p>\r\n\r\n\r\n\r\n<h2 class=\"wp-block-heading\" id=\"dimensions--weight-of-12-inch-ball-valve\">2 \u0130n\u00e7 K\u00fcresel Vanan\u0131n Boyutlar\u0131 ve A\u011f\u0131rl\u0131\u011f\u0131<\/h2>\r\n\r\n\r\n\r\n<table border=\"=1\" width=\"800\">\r\n<tbody>\r\n<tr>\r\n<td rowspan=\"2\">Bas\u0131n\u00e7 Derecesi<\/td>\r\n<td>Delik<\/td>\r\n<td colspan=\"3\">\u00a0Y\u00fcz Y\u00fcze Boyut (mm cinsinden)<\/td>\r\n<td>A\u011f\u0131rl\u0131k<\/td>\r\n<\/tr>\r\n<tr>\r\n<td>(mm cinsinden)<\/td>\r\n<td>RF<\/td>\r\n<td>BW<\/td>\r\n<td>RTJ<\/td>\r\n<td>kg<\/td>\r\n<\/tr>\r\n<tr>\r\n<td>SINIF 150<\/td>\r\n<td>49<\/td>\r\n<td>178<\/td>\r\n<td>216<\/td>\r\n<td>191<\/td>\r\n<td>9<\/td>\r\n<\/tr>\r\n<tr>\r\n<td>SINIF 300<\/td>\r\n<td>49<\/td>\r\n<td>216<\/td>\r\n<td>216<\/td>\r\n<td>232<\/td>\r\n<td>9<\/td>\r\n<\/tr>\r\n<tr>\r\n<td>SINIF 600<\/td>\r\n<td>49<\/td>\r\n<td>292<\/td>\r\n<td>292<\/td>\r\n<td>295<\/td>\r\n<td>19<\/td>\r\n<\/tr>\r\n<tr>\r\n<td>SINIF 900<\/td>\r\n<td>49<\/td>\r\n<td>368<\/td>\r\n<td>368<\/td>\r\n<td>371<\/td>\r\n<td>40<\/td>\r\n<\/tr>\r\n<tr>\r\n<td>SINIF 1500<\/td>\r\n<td>49<\/td>\r\n<td>368<\/td>\r\n<td>368<\/td>\r\n<td>371<\/td>\r\n<td>60<\/td>\r\n<\/tr>\r\n<tr>\r\n<td>SINIF 2500<\/td>\r\n<td>42<\/td>\r\n<td>451<\/td>\r\n<td>451<\/td>\r\n<td>454<\/td>\r\n<td>85<\/td>\r\n<\/tr>\r\n<\/tbody>\r\n<\/table>\r\n\r\n\r\n\r\n<h2 class=\"wp-block-heading\" id=\"specification-of-6-gate-valve\">2 K\u00fcresel Vanan\u0131n \u00d6zellikleri<\/h2>\r\n\r\n\r\n\r\n<figure class=\"wp-block-table\">\r\n<table>\r\n<tbody>\r\n<tr>\r\n<td>Tasar\u0131m Onayland\u0131<\/td>\r\n<td>API 6D, API 608<\/td>\r\n<\/tr>\r\n<tr>\r\n<td>Son Standart Onaylar\u0131<\/td>\r\n<td>ASME B16.5, EN 1092-1, ASME B1.20.1<\/td>\r\n<\/tr>\r\n<tr>\r\n<td>S\u0131zd\u0131rmazl\u0131k Kontrol\u00fc<\/td>\r\n<td>API 598, ISO 5208, EN 12266-1<\/td>\r\n<\/tr>\r\n<tr>\r\n<td>Y\u00fcz Y\u00fcze Teyitler<\/td>\r\n<td>API 6D, ASME B16.10, EN 558-1<\/td>\r\n<\/tr>\r\n<tr>\r\n<td>Normal Bas\u0131n\u00e7<\/td>\r\n<td>S\u0131n\u0131f 150 ~ S\u0131n\u0131f 2500, PN10 ~ PN400<\/td>\r\n<\/tr>\r\n<tr>\r\n<td>Kabuk Test Bas\u0131nc\u0131<\/td>\r\n<td>1,5 * Tasar\u0131m Bas\u0131nc\u0131<\/td>\r\n<\/tr>\r\n<tr>\r\n<td>Conta Test Bas\u0131nc\u0131<\/td>\r\n<td>1.1 * Tasar\u0131m Bas\u0131nc\u0131 (Su)<\/td>\r\n<\/tr>\r\n<tr>\r\n<td>Conta Test Bas\u0131nc\u0131 (D\u00fc\u015f\u00fck Bas\u0131n\u00e7)<\/td>\r\n<td>6 Bar (Hava)<\/td>\r\n<\/tr>\r\n<\/tbody>\r\n<\/table>\r\n<\/figure>\r\n\r\n\r\n\r\n<h2 class=\"wp-block-heading\" id=\"h-features-of-2-inch-ball-valve\">2 \u0130n\u00e7 K\u00fcresel Vanan\u0131n \u00d6zellikleri:<\/h2>\r\n\r\n\r\n\r\n<ul class=\"wp-block-list\">\r\n<li>Kompakt tasar\u0131m.<\/li>\r\n<li>Maliyet etkinli\u011fi.<\/li>\r\n<li>\u00d6zelle\u015ftirilebilir.<\/li>\r\n<li>D\u00fc\u015f\u00fck ak\u0131\u015f direnci.<\/li>\r\n<li>G\u00fcvenilir s\u0131zd\u0131rmazl\u0131k fonksiyonlar\u0131.<\/li>\r\n<li>Karma\u015f\u0131k olmayan in\u015faat.<\/li>\r\n<\/ul>\r\n\r\n\r\n\r\n<h2 class=\"wp-block-heading\" id=\"h-material-of-2-inch-ball-valve\">2 \u0130n\u00e7 K\u00fcresel Vana Malzemesi:<\/h2>\r\n\r\n\r\n\r\n<figure class=\"wp-block-table\">\r\n<table>\r\n<tbody>\r\n<tr>\r\n<td>Hay\u0131r<\/td>\r\n<td>Par\u00e7a<\/td>\r\n<td>Malzeme<\/td>\r\n<\/tr>\r\n<tr>\r\n<td>1<\/td>\r\n<td>V\u00fccut<\/td>\r\n<td>ASTM A105<\/td>\r\n<\/tr>\r\n<tr>\r\n<td>2<\/td>\r\n<td>Bone<\/td>\r\n<td>ASTM A105<\/td>\r\n<\/tr>\r\n<tr>\r\n<td>3<\/td>\r\n<td>Top<\/td>\r\n<td>ASTM A182 F316<\/td>\r\n<\/tr>\r\n<tr>\r\n<td>4<\/td>\r\n<td>Koltuk<\/td>\r\n<td>ASTM A182 F316<\/td>\r\n<\/tr>\r\n<tr>\r\n<td>5<\/td>\r\n<td>K\u00f6k<\/td>\r\n<td>ASTM A276 316<\/td>\r\n<\/tr>\r\n<tr>\r\n<td>6<\/td>\r\n<td>Anti-statik Cihaz<\/td>\r\n<td>SS316<\/td>\r\n<\/tr>\r\n<tr>\r\n<td>7<\/td>\r\n<td>Conta<\/td>\r\n<td>Grafit + SS316<\/td>\r\n<\/tr>\r\n<tr>\r\n<td>8<\/td>\r\n<td>C\u0131vata<\/td>\r\n<td>ASTM A193 B7<\/td>\r\n<\/tr>\r\n<tr>\r\n<td>9<\/td>\r\n<td>F\u0131nd\u0131k<\/td>\r\n<td>ASTM A194 2H<\/td>\r\n<\/tr>\r\n<tr>\r\n<td>10<\/td>\r\n<td>O-ring<\/td>\r\n<td>Viton A<\/td>\r\n<\/tr>\r\n<tr>\r\n<td>11<\/td>\r\n<td>Hangwheel<\/td>\r\n<td>ASTM A276 304<\/td>\r\n<\/tr>\r\n<\/tbody>\r\n<\/table>\r\n<\/figure>","protected":false},"excerpt":{"rendered":"<p>2 in\u00e7 K\u00fcresel Vanalar normalde API 6D, API 608 standard\u0131na g\u00f6re y\u00fczer k\u00fcresel vanalard\u0131r. 2 \u0130n\u00e7 K\u00fcresel Vana Nedir? \u2026 <a title=\"2 in\u00e7 K\u00fcresel Vana\" class=\"read-more\" href=\"https:\/\/zecovalve.com\/tr\/urun\/2-inch-ball-valve\" aria-label=\"2 in\u00e7 K\u00fcresel Vana hakk\u0131nda daha fazlas\u0131\">Daha fazla bilgi edinin<\/a><\/p>","protected":false},"featured_media":19557,"comment_status":"closed","ping_status":"closed","template":"","meta":{"_generate-full-width-content":"","kt_blocks_editor_width":""},"product_cat":[2047,2462],"product_tag":[2804,3920,3913,3922,3921],"class_list":["post-19486","product","type-product","status-publish","has-post-thumbnail","hentry","product_cat-ball-valve","product_cat-ball-valve-by-size","product_tag-2-inch-ball-valve","product_tag-api-6d-ball-valve","product_tag-full-port-ball-valve","product_tag-metal-seat-ball-valve","product_tag-metal-seated-ball-valve","sales-flash-overlay","woocommerce-text-align-center","woocommerce-image-align-center","do-quantity-buttons"],"featured_image_src_large":["https:\/\/zecovalve.com\/wp-content\/uploads\/2022\/07\/2-Inch-Ball-Valve-1-1024x768.jpg",1024,768,true],"author_info":[],"comment_info":0,"taxonomy_info":{"product_cat":[{"value":2047,"label":"Ball Valve"},{"value":2462,"label":"Ball Valve By Size"}],"product_tag":[{"value":2804,"label":"2 inch Ball Valve"},{"value":3920,"label":"API 6D Ball Valve"},{"value":3913,"label":"Full Port Ball Valve"},{"value":3922,"label":"Metal Seat Ball Valve"},{"value":3921,"label":"Metal Seated Ball Valve"}]},"yoast_head":"<!-- This site is optimized with the Yoast SEO Premium plugin v15.4 - https:\/\/yoast.com\/wordpress\/plugins\/seo\/ -->\n<title>2 inch Ball Valve - 2 Ball Valve Manufacturer | ZECO Valve<\/title>\n<meta name=\"robots\" content=\"index, follow, max-snippet:-1, max-image-preview:large, max-video-preview:-1\" \/>\n<link rel=\"canonical\" href=\"https:\/\/zecovalve.com\/tr\/urun\/2-inch-ball-valve\" \/>\n<meta property=\"og:locale\" content=\"tr_TR\" \/>\n<meta property=\"og:type\" content=\"article\" \/>\n<meta property=\"og:title\" content=\"2 inch Ball Valve - 2 Ball Valve Manufacturer | ZECO Valve\" \/>\n<meta property=\"og:description\" content=\"2 inch Ball Valves are normally floating ball valves according to API 6D, API 608 standard What is 2 Inch Ball Valve? ... Read more\" \/>\n<meta property=\"og:url\" content=\"https:\/\/zecovalve.com\/tr\/urun\/2-inch-ball-valve\" \/>\n<meta property=\"og:site_name\" content=\"ZECO Valve\" \/>\n<meta property=\"article:modified_time\" content=\"2022-09-22T06:28:53+00:00\" \/>\n<meta property=\"og:image\" content=\"https:\/\/zecovalve.com\/wp-content\/uploads\/2022\/07\/2-Inch-Ball-Valve-1-scaled.jpg\" \/>\n\t<meta property=\"og:image:width\" content=\"2560\" \/>\n\t<meta property=\"og:image:height\" content=\"1920\" \/>\n<meta name=\"twitter:card\" content=\"summary_large_image\" \/>\n<meta name=\"twitter:label1\" content=\"Yazan:\">\n\t<meta name=\"twitter:data1\" content=\"Jerry\">\n\t<meta name=\"twitter:label2\" content=\"Tahmini okuma s\u00fcresi\">\n\t<meta name=\"twitter:data2\" content=\"1 dakika\">\n<script type=\"application\/ld+json\" class=\"yoast-schema-graph\">{\"@context\":\"https:\/\/schema.org\",\"@graph\":[{\"@type\":\"WebSite\",\"@id\":\"https:\/\/zecovalve.com\/#website\",\"url\":\"https:\/\/zecovalve.com\/\",\"name\":\"ZECO Valve\",\"description\":\"Industrial Ball Valve, Gate Valve and Globe Valve Manufacturer\",\"potentialAction\":[{\"@type\":\"SearchAction\",\"target\":\"https:\/\/zecovalve.com\/?s={search_term_string}\",\"query-input\":\"required name=search_term_string\"}],\"inLanguage\":\"tr\"},{\"@type\":\"ImageObject\",\"@id\":\"https:\/\/zecovalve.com\/product\/2-inch-ball-valve#primaryimage\",\"inLanguage\":\"tr\",\"url\":\"https:\/\/zecovalve.com\/wp-content\/uploads\/2022\/07\/2-Inch-Ball-Valve-1-scaled.jpg\",\"width\":2560,\"height\":1920,\"caption\":\"2 Inch Ball Valve\"},{\"@type\":\"WebPage\",\"@id\":\"https:\/\/zecovalve.com\/product\/2-inch-ball-valve#webpage\",\"url\":\"https:\/\/zecovalve.com\/product\/2-inch-ball-valve\",\"name\":\"2 inch Ball Valve - 2 Ball Valve Manufacturer | ZECO Valve\",\"isPartOf\":{\"@id\":\"https:\/\/zecovalve.com\/#website\"},\"primaryImageOfPage\":{\"@id\":\"https:\/\/zecovalve.com\/product\/2-inch-ball-valve#primaryimage\"},\"datePublished\":\"2022-07-10T09:37:28+00:00\",\"dateModified\":\"2022-09-22T06:28:53+00:00\",\"breadcrumb\":{\"@id\":\"https:\/\/zecovalve.com\/product\/2-inch-ball-valve#breadcrumb\"},\"inLanguage\":\"tr\",\"potentialAction\":[{\"@type\":\"ReadAction\",\"target\":[\"https:\/\/zecovalve.com\/product\/2-inch-ball-valve\"]}]},{\"@type\":\"BreadcrumbList\",\"@id\":\"https:\/\/zecovalve.com\/product\/2-inch-ball-valve#breadcrumb\",\"itemListElement\":[{\"@type\":\"ListItem\",\"position\":1,\"item\":{\"@type\":\"WebPage\",\"@id\":\"https:\/\/zecovalve.com\/\",\"url\":\"https:\/\/zecovalve.com\/\",\"name\":\"Home\"}},{\"@type\":\"ListItem\",\"position\":2,\"item\":{\"@type\":\"WebPage\",\"@id\":\"https:\/\/zecovalve.com\/product-category\",\"url\":\"https:\/\/zecovalve.com\/product-category\",\"name\":\"Industrial Valve Manufacturer | Water Valve Manufacturer\"}},{\"@type\":\"ListItem\",\"position\":3,\"item\":{\"@type\":\"WebPage\",\"@id\":\"https:\/\/zecovalve.com\/product\/2-inch-ball-valve\",\"url\":\"https:\/\/zecovalve.com\/product\/2-inch-ball-valve\",\"name\":\"2 inch Ball Valve\"}}]}]}<\/script>\n<!-- \/ Yoast SEO Premium plugin. -->","_links":{"self":[{"href":"https:\/\/zecovalve.com\/tr\/wp-json\/wp\/v2\/product\/19486","targetHints":{"allow":["GET"]}}],"collection":[{"href":"https:\/\/zecovalve.com\/tr\/wp-json\/wp\/v2\/product"}],"about":[{"href":"https:\/\/zecovalve.com\/tr\/wp-json\/wp\/v2\/types\/product"}],"replies":[{"embeddable":true,"href":"https:\/\/zecovalve.com\/tr\/wp-json\/wp\/v2\/comments?post=19486"}],"wp:featuredmedia":[{"embeddable":true,"href":"https:\/\/zecovalve.com\/tr\/wp-json\/wp\/v2\/media\/19557"}],"wp:attachment":[{"href":"https:\/\/zecovalve.com\/tr\/wp-json\/wp\/v2\/media?parent=19486"}],"wp:term":[{"taxonomy":"product_cat","embeddable":true,"href":"https:\/\/zecovalve.com\/tr\/wp-json\/wp\/v2\/product_cat?post=19486"},{"taxonomy":"product_tag","embeddable":true,"href":"https:\/\/zecovalve.com\/tr\/wp-json\/wp\/v2\/product_tag?post=19486"}],"curies":[{"name":"wp","href":"https:\/\/api.w.org\/{rel}","templated":true}]}}