{"id":19525,"date":"2022-07-11T11:54:01","date_gmt":"2022-07-11T11:54:01","guid":{"rendered":"https:\/\/zecovalve.com\/?post_type=product&#038;p=19525"},"modified":"2023-06-26T06:47:07","modified_gmt":"2023-06-26T06:47:07","slug":"automatic-air-vent-valve","status":"publish","type":"product","link":"https:\/\/zecovalve.com\/tr\/urun\/automatic-air-vent-valve","title":{"rendered":"Otomatik Hava Tahliye Valfi"},"content":{"rendered":"<p>ZECO Valve profesyonel bir Otomatik Havaland\u0131rma Valfi \u00fcreticisidir.<\/p>\r\n\r\n\r\n\r\n<figure id=\"attachment_16152\" class=\"wp-block-image size-full is-resized\"><img loading=\"lazy\" decoding=\"async\" class=\"wp-image-19526\" src=\"https:\/\/zecovalve.com\/wp-content\/uploads\/2022\/07\/Automatic-Air-Vent-Valve.jpg\" alt=\"\" width=\"250\" height=\"250\" srcset=\"https:\/\/zecovalve.com\/wp-content\/uploads\/2022\/07\/Automatic-Air-Vent-Valve.jpg 500w, https:\/\/zecovalve.com\/wp-content\/uploads\/2022\/07\/Automatic-Air-Vent-Valve-300x300.jpg 300w, https:\/\/zecovalve.com\/wp-content\/uploads\/2022\/07\/Automatic-Air-Vent-Valve-150x150.jpg 150w, https:\/\/zecovalve.com\/wp-content\/uploads\/2022\/07\/Automatic-Air-Vent-Valve-400x400.jpg 400w, https:\/\/zecovalve.com\/wp-content\/uploads\/2022\/07\/Automatic-Air-Vent-Valve-100x100.jpg 100w\" sizes=\"auto, (max-width: 250px) 100vw, 250px\" \/><\/figure>\r\n\r\n\r\n<div class=\"gb-button-wrapper gb-button-wrapper-6d8495a3\">\r\n\r\n\r\n<p><a class=\"gb-button gb-button-3d442e11 gb-button-text\" href=\"https:\/\/zecovalve.com\/tr\/contact\/\" target=\"_blank\" rel=\"noopener noreferrer\"><strong>VANA FI\u0307YATI ALIN<\/strong><\/a><\/p>\r\n<\/div>\r\n\r\n\r\n\r\n\r\n<h2 class=\"wp-block-heading\" id=\"h-what-is-an-automatic-air-vent-valve\">Otomatik Hava Tahliye Vanas\u0131 Nedir?<\/h2>\r\n\r\n\r\n\r\n<p>Otomatik Hava Tahliye Vanas\u0131 \u0131s\u0131tma sistemlerinde kullan\u0131lmak \u00fczere tasarlanm\u0131\u015ft\u0131r.<\/p>\r\n\r\n\r\n\r\n<h2 class=\"wp-block-heading\" id=\"how-does-an-air-vent-valve-work\">Otomatik Hava Tahliye Vanas\u0131 nas\u0131l \u00e7al\u0131\u015f\u0131r?<\/h2>\r\n\r\n\r\n\r\n<p>Otomatik Hava Tahliye Vanas\u0131, \u0131s\u0131tma sisteminden otomatik olarak havay\u0131 bo\u015faltmak i\u00e7in \u0131s\u0131tma sistemine, genellikle silindir dolaplar\u0131n\u0131n i\u00e7ine monte edilir. Cihaz, basit bir valfe ba\u011fl\u0131 bir polipropilen \u015famand\u0131radan olu\u015fur. \u015eamand\u0131ra haznesindeki hava birikmesi belirli bir seviyeyi a\u015ft\u0131\u011f\u0131nda \u015famand\u0131ra d\u00fc\u015fer, valf a\u00e7\u0131l\u0131r ve hazne i\u00e7inde s\u0131k\u0131\u015fan hava serbest b\u0131rak\u0131l\u0131r. Hava tahliye edildi\u011finde yerini su al\u0131r ve \u015famand\u0131ray\u0131 tekrar yukar\u0131 konuma hareket ettirerek vanay\u0131 kapat\u0131r.<\/p>\r\n\r\n\r\n\r\n<h2 class=\"wp-block-heading\" id=\"what-are-air-vent-valves-used-for\">Otomatik Hava Tahliye Vanalar\u0131 ne i\u00e7in kullan\u0131l\u0131r?<\/h2>\r\n\r\n\r\n\r\n<p>Kapal\u0131 bir \u0131s\u0131tma sisteminde hava s\u0131k\u0131\u015ft\u0131\u011f\u0131nda, a\u015f\u0131r\u0131 g\u00fcr\u00fclt\u00fc, korozyon ve sistemin etkili ve verimli \u00e7al\u0131\u015fmas\u0131n\u0131 engelleyebilecek hava kilitleriyle ilgili artan bak\u0131m maliyetleri gibi \u00e7ok \u00e7e\u015fitli sorunlara neden olabilir. Otomatik Hava Tahliyesi, \u0131s\u0131tma sistemindeki havay\u0131 otomatik olarak bo\u015faltmak i\u00e7in \u0131s\u0131tma sistemine, genellikle silindir dolaplar\u0131n\u0131n i\u00e7ine monte edilir.<\/p>\r\n\r\n\r\n\r\n<h2 class=\"wp-block-heading\" id=\"applications-of-air-vent-valve\">Otomatik Hava Tahliye Vanalar\u0131n\u0131n Uygulamalar\u0131<\/h2>\r\n\r\n\r\n\r\n<p>Otomatik hava tahliye vanalar\u0131, sistem suyla doldurulurken havan\u0131n verimli ve otomatik olarak tahliye edilmesini gerektiren \u0131s\u0131tma sistemleri ve di\u011fer kapal\u0131 devre s\u0131cak su sistemleri i\u00e7in en uygun olan\u0131d\u0131r. Hava kilidi olu\u015fumunu \u00f6nlemek ve sistemdeki sudan havan\u0131n \u00e7\u0131kmas\u0131n\u0131 te\u015fvik etmek amac\u0131yla vanan\u0131n alt k\u0131sm\u0131na vakum kesici tak\u0131lm\u0131\u015ft\u0131r.<\/p>\r\n\r\n\r\n\r\n<h2 class=\"wp-block-heading\" id=\"h-features-of-automatic-air-vent-valves\">Otomatik Hava Tahliye Vanalar\u0131n\u0131n \u00d6zellikleri:<\/h2>\r\n\r\n\r\n\r\n<ul class=\"wp-block-list\">\r\n<li>Kapal\u0131 \u0131s\u0131tma sistemlerinde s\u0131k\u0131\u015fan havay\u0131 otomatik olarak tahliye eder<\/li>\r\n<li>Sa\u011flam kat\u0131 pirin\u00e7 yap\u0131 ve \u0131s\u0131ya dayan\u0131kl\u0131 polipropilen \u015famand\u0131ra<\/li>\r\n<li>\u00c7e\u015fitli ba\u011flant\u0131 u\u00e7lar\u0131yla mevcuttur<\/li>\r\n<\/ul>\r\n\r\n\r\n\r\n<h2 class=\"wp-block-heading\" id=\"h-material-of-automatic-air-vent-valves\">Otomatik Havaland\u0131rma Valflerinin Malzemesi:<\/h2>\r\n\r\n\r\n\r\n<figure class=\"wp-block-table\">\r\n<table>\r\n<tbody>\r\n<tr>\r\n<td>Hay\u0131r<\/td>\r\n<td>Par\u00e7a<\/td>\r\n<td>Malzeme<\/td>\r\n<\/tr>\r\n<tr>\r\n<td>1<\/td>\r\n<td>V\u00fccut<\/td>\r\n<td>Pirin\u00e7 CW 617N<\/td>\r\n<\/tr>\r\n<tr>\r\n<td>2<\/td>\r\n<td>Bone<\/td>\r\n<td>Pirin\u00e7 CW 617N<\/td>\r\n<\/tr>\r\n<tr>\r\n<td>3<\/td>\r\n<td>Batmadan y\u00fczmek<\/td>\r\n<td>Polietilen<\/td>\r\n<\/tr>\r\n<tr>\r\n<td>4<\/td>\r\n<td>Kap<\/td>\r\n<td>Polietilen<\/td>\r\n<\/tr>\r\n<tr>\r\n<td>5<\/td>\r\n<td>Y\u0131kay\u0131c\u0131<\/td>\r\n<td>Pirin\u00e7<\/td>\r\n<\/tr>\r\n<tr>\r\n<td>6<\/td>\r\n<td>Kav\u015fak noktas\u0131<\/td>\r\n<td>Asetal Re\u00e7ine<\/td>\r\n<\/tr>\r\n<tr>\r\n<td>7<\/td>\r\n<td>Kol<\/td>\r\n<td>Asetal Re\u00e7ine<\/td>\r\n<\/tr>\r\n<tr>\r\n<td>8<\/td>\r\n<td>Durmak<\/td>\r\n<td>Asetal Re\u00e7ine<\/td>\r\n<\/tr>\r\n<\/tbody>\r\n<\/table>\r\n<\/figure>","protected":false},"excerpt":{"rendered":"<p>ZECO Valve profesyonel bir Otomatik Havaland\u0131rma Valfi \u00fcreticisidir. Otomatik Hava Tahliye Vanas\u0131 Nedir? Otomatik Hava Tahliye Vanas\u0131\u2026 <a title=\"Otomatik Hava Tahliye Valfi\" class=\"read-more\" href=\"https:\/\/zecovalve.com\/tr\/urun\/automatic-air-vent-valve\" aria-label=\"Otomatik Hava Tahliye Valfi hakk\u0131nda daha fazla bilgi\">Daha fazla bilgi edinin<\/a><\/p>","protected":false},"featured_media":27972,"comment_status":"closed","ping_status":"closed","template":"","meta":{"_generate-full-width-content":"","kt_blocks_editor_width":""},"product_cat":[2520],"product_tag":[2796,2765],"class_list":["post-19525","product","type-product","status-publish","has-post-thumbnail","hentry","product_cat-air-valve","product_tag-air-vent-valve","product_tag-vent-valve","sales-flash-overlay","woocommerce-text-align-center","woocommerce-image-align-center","do-quantity-buttons"],"featured_image_src_large":["https:\/\/zecovalve.com\/wp-content\/uploads\/2022\/07\/Automatic-Air-Vent-Valve-1.jpg",800,600,false],"author_info":[],"comment_info":0,"taxonomy_info":{"product_cat":[{"value":2520,"label":"Air Valve Manufacturer and Supplier"}],"product_tag":[{"value":2796,"label":"Air Vent Valve"},{"value":2765,"label":"Vent Valve"}]},"yoast_head":"<!-- This site is optimized with the Yoast SEO Premium plugin v15.4 - https:\/\/yoast.com\/wordpress\/plugins\/seo\/ -->\n<title>Automatic Air Vent Valve - Air Vent Valve | ZECO Valve<\/title>\n<meta name=\"robots\" content=\"index, follow, max-snippet:-1, max-image-preview:large, max-video-preview:-1\" \/>\n<link rel=\"canonical\" href=\"https:\/\/zecovalve.com\/tr\/urun\/automatic-air-vent-valve\" \/>\n<meta property=\"og:locale\" content=\"tr_TR\" \/>\n<meta property=\"og:type\" content=\"article\" \/>\n<meta property=\"og:title\" content=\"Automatic Air Vent Valve - Air Vent Valve | ZECO Valve\" \/>\n<meta property=\"og:description\" content=\"ZECO Valve is an professional Automatic Air Vent Valve manufacturer. What is an Automatic Air Vent Valve? Automatic Air Vent Valve is ... Read more\" \/>\n<meta property=\"og:url\" content=\"https:\/\/zecovalve.com\/tr\/urun\/automatic-air-vent-valve\" \/>\n<meta property=\"og:site_name\" content=\"ZECO Valve\" \/>\n<meta property=\"article:modified_time\" content=\"2023-06-26T06:47:07+00:00\" \/>\n<meta property=\"og:image\" content=\"https:\/\/zecovalve.com\/wp-content\/uploads\/2022\/07\/Automatic-Air-Vent-Valve-1.jpg\" \/>\n\t<meta property=\"og:image:width\" content=\"800\" \/>\n\t<meta property=\"og:image:height\" content=\"600\" \/>\n<meta name=\"twitter:card\" content=\"summary_large_image\" \/>\n<meta name=\"twitter:label1\" content=\"Yazan:\">\n\t<meta name=\"twitter:data1\" content=\"Jerry\">\n\t<meta name=\"twitter:label2\" content=\"Tahmini okuma s\u00fcresi\">\n\t<meta name=\"twitter:data2\" content=\"1 dakika\">\n<script type=\"application\/ld+json\" class=\"yoast-schema-graph\">{\"@context\":\"https:\/\/schema.org\",\"@graph\":[{\"@type\":\"WebSite\",\"@id\":\"https:\/\/zecovalve.com\/#website\",\"url\":\"https:\/\/zecovalve.com\/\",\"name\":\"ZECO Valve\",\"description\":\"Industrial Ball Valve, Gate Valve and Globe Valve Manufacturer\",\"potentialAction\":[{\"@type\":\"SearchAction\",\"target\":\"https:\/\/zecovalve.com\/?s={search_term_string}\",\"query-input\":\"required name=search_term_string\"}],\"inLanguage\":\"tr\"},{\"@type\":\"ImageObject\",\"@id\":\"https:\/\/zecovalve.com\/product\/automatic-air-vent-valve#primaryimage\",\"inLanguage\":\"tr\",\"url\":\"https:\/\/zecovalve.com\/wp-content\/uploads\/2022\/07\/Automatic-Air-Vent-Valve-1.jpg\",\"width\":800,\"height\":600,\"caption\":\"Automatic Air Vent Valve\"},{\"@type\":\"WebPage\",\"@id\":\"https:\/\/zecovalve.com\/product\/automatic-air-vent-valve#webpage\",\"url\":\"https:\/\/zecovalve.com\/product\/automatic-air-vent-valve\",\"name\":\"Automatic Air Vent Valve - Air Vent Valve | ZECO Valve\",\"isPartOf\":{\"@id\":\"https:\/\/zecovalve.com\/#website\"},\"primaryImageOfPage\":{\"@id\":\"https:\/\/zecovalve.com\/product\/automatic-air-vent-valve#primaryimage\"},\"datePublished\":\"2022-07-11T11:54:01+00:00\",\"dateModified\":\"2023-06-26T06:47:07+00:00\",\"breadcrumb\":{\"@id\":\"https:\/\/zecovalve.com\/product\/automatic-air-vent-valve#breadcrumb\"},\"inLanguage\":\"tr\",\"potentialAction\":[{\"@type\":\"ReadAction\",\"target\":[\"https:\/\/zecovalve.com\/product\/automatic-air-vent-valve\"]}]},{\"@type\":\"BreadcrumbList\",\"@id\":\"https:\/\/zecovalve.com\/product\/automatic-air-vent-valve#breadcrumb\",\"itemListElement\":[{\"@type\":\"ListItem\",\"position\":1,\"item\":{\"@type\":\"WebPage\",\"@id\":\"https:\/\/zecovalve.com\/\",\"url\":\"https:\/\/zecovalve.com\/\",\"name\":\"Home\"}},{\"@type\":\"ListItem\",\"position\":2,\"item\":{\"@type\":\"WebPage\",\"@id\":\"https:\/\/zecovalve.com\/product-category\",\"url\":\"https:\/\/zecovalve.com\/product-category\",\"name\":\"Industrial Valve Manufacturer | Water Valve Manufacturer\"}},{\"@type\":\"ListItem\",\"position\":3,\"item\":{\"@type\":\"WebPage\",\"@id\":\"https:\/\/zecovalve.com\/product\/automatic-air-vent-valve\",\"url\":\"https:\/\/zecovalve.com\/product\/automatic-air-vent-valve\",\"name\":\"Automatic Air Vent Valve\"}}]}]}<\/script>\n<!-- \/ Yoast SEO Premium plugin. -->","_links":{"self":[{"href":"https:\/\/zecovalve.com\/tr\/wp-json\/wp\/v2\/product\/19525","targetHints":{"allow":["GET"]}}],"collection":[{"href":"https:\/\/zecovalve.com\/tr\/wp-json\/wp\/v2\/product"}],"about":[{"href":"https:\/\/zecovalve.com\/tr\/wp-json\/wp\/v2\/types\/product"}],"replies":[{"embeddable":true,"href":"https:\/\/zecovalve.com\/tr\/wp-json\/wp\/v2\/comments?post=19525"}],"wp:featuredmedia":[{"embeddable":true,"href":"https:\/\/zecovalve.com\/tr\/wp-json\/wp\/v2\/media\/27972"}],"wp:attachment":[{"href":"https:\/\/zecovalve.com\/tr\/wp-json\/wp\/v2\/media?parent=19525"}],"wp:term":[{"taxonomy":"product_cat","embeddable":true,"href":"https:\/\/zecovalve.com\/tr\/wp-json\/wp\/v2\/product_cat?post=19525"},{"taxonomy":"product_tag","embeddable":true,"href":"https:\/\/zecovalve.com\/tr\/wp-json\/wp\/v2\/product_tag?post=19525"}],"curies":[{"name":"wp","href":"https:\/\/api.w.org\/{rel}","templated":true}]}}