{"id":19527,"date":"2022-07-11T12:30:10","date_gmt":"2022-07-11T12:30:10","guid":{"rendered":"https:\/\/zecovalve.com\/?post_type=product&#038;p=19527"},"modified":"2023-06-26T06:47:53","modified_gmt":"2023-06-26T06:47:53","slug":"auto-air-vent-valve","status":"publish","type":"product","link":"https:\/\/zecovalve.com\/tr\/urun\/auto-air-vent-valve","title":{"rendered":"Otomatik Hava Tahliye Valfi"},"content":{"rendered":"<p>ZECO Valve profesyonel bir Otomatik Havaland\u0131rma Valfi \u00fcreticisidir.<\/p>\r\n\r\n\r\n\r\n<figure id=\"attachment_16152\" class=\"wp-block-image size-full is-resized\"><img loading=\"lazy\" decoding=\"async\" class=\"wp-image-19528\" src=\"https:\/\/zecovalve.com\/wp-content\/uploads\/2022\/07\/Auto-Air-Vent-Valve.webp\" alt=\"Otomatik Hava Tahliye Valfi\" width=\"256\" height=\"256\" \/><\/figure>\r\n\r\n\r\n<div class=\"gb-button-wrapper gb-button-wrapper-6d8495a3\">\r\n\r\n\r\n<p><a class=\"gb-button gb-button-3d442e11 gb-button-text\" href=\"https:\/\/zecovalve.com\/tr\/contact\/\" target=\"_blank\" rel=\"noopener noreferrer\"><strong>VANA FI\u0307YATI ALIN<\/strong><\/a><\/p>\r\n<\/div>\r\n\r\n\r\n\r\n\r\n<h2 class=\"wp-block-heading\" id=\"h-what-is-an-auto-air-vent-valve\">Otomatik Hava Tahliye Vanas\u0131 Nedir?<\/h2>\r\n\r\n\r\n\r\n<p>Otomatik Hava Tahliye Vanas\u0131 \u0131s\u0131tma sistemlerinde kullan\u0131lmak \u00fczere tasarlanm\u0131\u015ft\u0131r.<\/p>\r\n\r\n\r\n\r\n<h2 class=\"wp-block-heading\" id=\"how-does-an-air-vent-valve-work\">Otomatik Havaland\u0131rma Valfi nas\u0131l \u00e7al\u0131\u015f\u0131r?<\/h2>\r\n\r\n\r\n\r\n<p>Otomatik Havaland\u0131rma valfi, boru hatt\u0131 sisteminden havay\u0131 bo\u015faltmak i\u00e7in kullan\u0131lan bir cihazd\u0131r. \u015eamand\u0131ra prensibine dayanmaktad\u0131r. \u015eamand\u0131ra, i\u011fneyi veya fi\u015fi \u00e7\u0131k\u0131\u015fa do\u011fru bast\u0131rarak y\u00fczer. Is\u0131tma veya su besleme sisteminden gelen hava y\u00fckselir, \u015famand\u0131ra d\u00fc\u015fer ve \u00e7\u0131k\u0131\u015f\u0131 a\u00e7ar. Hava d\u0131\u015far\u0131 \u00e7\u0131kar \u00e7\u0131kmaz \u015famand\u0131ra tekrar y\u00fczeye \u00e7\u0131kt\u0131 ve \u00e7\u0131k\u0131\u015f\u0131 kapatt\u0131. Bundan dolay\u0131 bu \u00fcr\u00fcnlere otomatik hava menfezi veya hava valfi ad\u0131 verilmektedir. Do\u011fru, kanalizasyon sisteminde de hava valfleri var ama orada farkl\u0131 bir i\u015flevi yerine getiriyorlar.<\/p>\r\n\r\n\r\n\r\n<h2 class=\"wp-block-heading\" id=\"applications-of-air-vent-valve\">Otomatik Hava Tahliye Vanalar\u0131n\u0131n Uygulamalar\u0131<\/h2>\r\n\r\n\r\n\r\n<p>Otomatik Hava Tahliye Vanalar\u0131, s\u0131cak veya so\u011fuk su da\u011f\u0131t\u0131m sistemlerinde ve konut ve ticari sistemlerin h\u0131zl\u0131 havaland\u0131r\u0131lmas\u0131 i\u00e7in manuel havaland\u0131rma \u00f6zelli\u011fine sahip modellerde kullan\u0131l\u0131r.<\/p>\r\n\r\n\r\n\r\n<h2 class=\"wp-block-heading\" id=\"h-features-of-auto-air-vent-valves\">Otomatik Hava Tahliye Vanalar\u0131n\u0131n \u00d6zellikleri:<\/h2>\r\n\r\n\r\n\r\n<ul class=\"wp-block-list\">\r\n<li>Nikel kapl\u0131 pirin\u00e7ten g\u00f6vde.<\/li>\r\n<li>Polietilenik re\u00e7ine i\u00e7inde y\u00fczer.<\/li>\r\n<li>Maksimum \u00e7al\u0131\u015fma s\u0131cakl\u0131\u011f\u0131: 110\u00b0C.<\/li>\r\n<li>Maksimum bo\u015faltma bas\u0131nc\u0131: 6 bar.<\/li>\r\n<li>Di\u015fler: ISO 228 (DIN EN ISO 228 ve BS EN ISO 228&#039;e e\u015fde\u011fer).<\/li>\r\n<li>1\/2\u2033 \u2013 3\/4\u2033 \u2013 1\u2033 boyutlar\u0131nda NPT di\u015fli mevcuttur<\/li>\r\n<\/ul>\r\n\r\n\r\n\r\n<h2 class=\"wp-block-heading\" id=\"h-material-of-auto-air-vent-valves\">Otomatik Havaland\u0131rma Valflerinin Malzemesi:<\/h2>\r\n\r\n\r\n\r\n<figure class=\"wp-block-table\">\r\n<table>\r\n<tbody>\r\n<tr>\r\n<td>Hay\u0131r<\/td>\r\n<td>Par\u00e7a<\/td>\r\n<td>Malzeme<\/td>\r\n<\/tr>\r\n<tr>\r\n<td>1<\/td>\r\n<td>V\u00fccut<\/td>\r\n<td>Nikel kaplamal\u0131 pirin\u00e7<\/td>\r\n<\/tr>\r\n<tr>\r\n<td>2<\/td>\r\n<td>Bone<\/td>\r\n<td>Nikel kaplamal\u0131 pirin\u00e7<\/td>\r\n<\/tr>\r\n<tr>\r\n<td>3<\/td>\r\n<td>Batmadan y\u00fczmek<\/td>\r\n<td>Polietilen<\/td>\r\n<\/tr>\r\n<tr>\r\n<td>4<\/td>\r\n<td>Kap<\/td>\r\n<td>Polietilen<\/td>\r\n<\/tr>\r\n<tr>\r\n<td>5<\/td>\r\n<td>Y\u0131kay\u0131c\u0131<\/td>\r\n<td>Nikel kaplamal\u0131 pirin\u00e7<\/td>\r\n<\/tr>\r\n<tr>\r\n<td>6<\/td>\r\n<td>Kav\u015fak noktas\u0131<\/td>\r\n<td>Asetal Re\u00e7ine<\/td>\r\n<\/tr>\r\n<tr>\r\n<td>7<\/td>\r\n<td>Kol<\/td>\r\n<td>Asetal Re\u00e7ine<\/td>\r\n<\/tr>\r\n<tr>\r\n<td>8<\/td>\r\n<td>Durmak<\/td>\r\n<td>Asetal Re\u00e7ine<\/td>\r\n<\/tr>\r\n<\/tbody>\r\n<\/table>\r\n<\/figure>","protected":false},"excerpt":{"rendered":"<p>ZECO Valve profesyonel bir Otomatik Havaland\u0131rma Valfi \u00fcreticisidir. Otomatik Hava Tahliye Vanas\u0131 Nedir? Otomatik Hava Tahliye Vanas\u0131\u2026 <a title=\"Otomatik Hava Tahliye Valfi\" class=\"read-more\" href=\"https:\/\/zecovalve.com\/tr\/urun\/auto-air-vent-valve\" aria-label=\"Otomatik Hava Tahliye Valfi hakk\u0131nda daha fazlas\u0131\">Daha fazla bilgi edinin<\/a><\/p>","protected":false},"featured_media":27973,"comment_status":"closed","ping_status":"closed","template":"","meta":{"_generate-full-width-content":"","kt_blocks_editor_width":""},"product_cat":[2520],"product_tag":[2796,2765],"class_list":["post-19527","product","type-product","status-publish","has-post-thumbnail","hentry","product_cat-air-valve","product_tag-air-vent-valve","product_tag-vent-valve","sales-flash-overlay","woocommerce-text-align-center","woocommerce-image-align-center","do-quantity-buttons"],"featured_image_src_large":["https:\/\/zecovalve.com\/wp-content\/uploads\/2022\/07\/Auto-Air-Vent-Valve.jpg",800,600,false],"author_info":[],"comment_info":0,"taxonomy_info":{"product_cat":[{"value":2520,"label":"Air Valve Manufacturer and Supplier"}],"product_tag":[{"value":2796,"label":"Air Vent Valve"},{"value":2765,"label":"Vent Valve"}]},"yoast_head":"<!-- This site is optimized with the Yoast SEO Premium plugin v15.4 - https:\/\/yoast.com\/wordpress\/plugins\/seo\/ -->\n<title>Auto Air Vent Valve - Air Vent Valve | ZECO Valve<\/title>\n<meta name=\"robots\" content=\"index, follow, max-snippet:-1, max-image-preview:large, max-video-preview:-1\" \/>\n<link rel=\"canonical\" href=\"https:\/\/zecovalve.com\/tr\/urun\/auto-air-vent-valve\" \/>\n<meta property=\"og:locale\" content=\"tr_TR\" \/>\n<meta property=\"og:type\" content=\"article\" \/>\n<meta property=\"og:title\" content=\"Auto Air Vent Valve - Air Vent Valve | ZECO Valve\" \/>\n<meta property=\"og:description\" content=\"ZECO Valve is an professional Auto Air Vent Valve manufacturer. What is an Auto Air Vent Valve? Auto Air Vent Valve is ... Read more\" \/>\n<meta property=\"og:url\" content=\"https:\/\/zecovalve.com\/tr\/urun\/auto-air-vent-valve\" \/>\n<meta property=\"og:site_name\" content=\"ZECO Valve\" \/>\n<meta property=\"article:modified_time\" content=\"2023-06-26T06:47:53+00:00\" \/>\n<meta property=\"og:image\" content=\"https:\/\/zecovalve.com\/wp-content\/uploads\/2022\/07\/Auto-Air-Vent-Valve.jpg\" \/>\n\t<meta property=\"og:image:width\" content=\"800\" \/>\n\t<meta property=\"og:image:height\" content=\"600\" \/>\n<meta name=\"twitter:card\" content=\"summary_large_image\" \/>\n<meta name=\"twitter:label1\" content=\"Yazan:\">\n\t<meta name=\"twitter:data1\" content=\"Jerry\">\n\t<meta name=\"twitter:label2\" content=\"Tahmini okuma s\u00fcresi\">\n\t<meta name=\"twitter:data2\" content=\"1 dakika\">\n<script type=\"application\/ld+json\" class=\"yoast-schema-graph\">{\"@context\":\"https:\/\/schema.org\",\"@graph\":[{\"@type\":\"WebSite\",\"@id\":\"https:\/\/zecovalve.com\/#website\",\"url\":\"https:\/\/zecovalve.com\/\",\"name\":\"ZECO Valve\",\"description\":\"Industrial Ball Valve, Gate Valve and Globe Valve Manufacturer\",\"potentialAction\":[{\"@type\":\"SearchAction\",\"target\":\"https:\/\/zecovalve.com\/?s={search_term_string}\",\"query-input\":\"required name=search_term_string\"}],\"inLanguage\":\"tr\"},{\"@type\":\"ImageObject\",\"@id\":\"https:\/\/zecovalve.com\/product\/auto-air-vent-valve#primaryimage\",\"inLanguage\":\"tr\",\"url\":\"https:\/\/zecovalve.com\/wp-content\/uploads\/2022\/07\/Auto-Air-Vent-Valve.jpg\",\"width\":800,\"height\":600,\"caption\":\"Auto Air Vent Valve\"},{\"@type\":\"WebPage\",\"@id\":\"https:\/\/zecovalve.com\/product\/auto-air-vent-valve#webpage\",\"url\":\"https:\/\/zecovalve.com\/product\/auto-air-vent-valve\",\"name\":\"Auto Air Vent Valve - Air Vent Valve | ZECO Valve\",\"isPartOf\":{\"@id\":\"https:\/\/zecovalve.com\/#website\"},\"primaryImageOfPage\":{\"@id\":\"https:\/\/zecovalve.com\/product\/auto-air-vent-valve#primaryimage\"},\"datePublished\":\"2022-07-11T12:30:10+00:00\",\"dateModified\":\"2023-06-26T06:47:53+00:00\",\"breadcrumb\":{\"@id\":\"https:\/\/zecovalve.com\/product\/auto-air-vent-valve#breadcrumb\"},\"inLanguage\":\"tr\",\"potentialAction\":[{\"@type\":\"ReadAction\",\"target\":[\"https:\/\/zecovalve.com\/product\/auto-air-vent-valve\"]}]},{\"@type\":\"BreadcrumbList\",\"@id\":\"https:\/\/zecovalve.com\/product\/auto-air-vent-valve#breadcrumb\",\"itemListElement\":[{\"@type\":\"ListItem\",\"position\":1,\"item\":{\"@type\":\"WebPage\",\"@id\":\"https:\/\/zecovalve.com\/\",\"url\":\"https:\/\/zecovalve.com\/\",\"name\":\"Home\"}},{\"@type\":\"ListItem\",\"position\":2,\"item\":{\"@type\":\"WebPage\",\"@id\":\"https:\/\/zecovalve.com\/product-category\",\"url\":\"https:\/\/zecovalve.com\/product-category\",\"name\":\"Industrial Valve Manufacturer | Water Valve Manufacturer\"}},{\"@type\":\"ListItem\",\"position\":3,\"item\":{\"@type\":\"WebPage\",\"@id\":\"https:\/\/zecovalve.com\/product\/auto-air-vent-valve\",\"url\":\"https:\/\/zecovalve.com\/product\/auto-air-vent-valve\",\"name\":\"Auto Air Vent Valve\"}}]}]}<\/script>\n<!-- \/ Yoast SEO Premium plugin. -->","_links":{"self":[{"href":"https:\/\/zecovalve.com\/tr\/wp-json\/wp\/v2\/product\/19527","targetHints":{"allow":["GET"]}}],"collection":[{"href":"https:\/\/zecovalve.com\/tr\/wp-json\/wp\/v2\/product"}],"about":[{"href":"https:\/\/zecovalve.com\/tr\/wp-json\/wp\/v2\/types\/product"}],"replies":[{"embeddable":true,"href":"https:\/\/zecovalve.com\/tr\/wp-json\/wp\/v2\/comments?post=19527"}],"wp:featuredmedia":[{"embeddable":true,"href":"https:\/\/zecovalve.com\/tr\/wp-json\/wp\/v2\/media\/27973"}],"wp:attachment":[{"href":"https:\/\/zecovalve.com\/tr\/wp-json\/wp\/v2\/media?parent=19527"}],"wp:term":[{"taxonomy":"product_cat","embeddable":true,"href":"https:\/\/zecovalve.com\/tr\/wp-json\/wp\/v2\/product_cat?post=19527"},{"taxonomy":"product_tag","embeddable":true,"href":"https:\/\/zecovalve.com\/tr\/wp-json\/wp\/v2\/product_tag?post=19527"}],"curies":[{"name":"wp","href":"https:\/\/api.w.org\/{rel}","templated":true}]}}