{"id":19530,"date":"2022-07-11T13:22:59","date_gmt":"2022-07-11T13:22:59","guid":{"rendered":"https:\/\/zecovalve.com\/?post_type=product&#038;p=19530"},"modified":"2023-06-26T06:08:28","modified_gmt":"2023-06-26T06:08:28","slug":"manual-balancing-valve","status":"publish","type":"product","link":"https:\/\/zecovalve.com\/tr\/urun\/manual-balancing-valve","title":{"rendered":"Manuel Balans Vanas\u0131"},"content":{"rendered":"<p>Sabit ak\u0131\u015f prensibiyle tasarlanan \u0131s\u0131tma ve so\u011futma sistemleri b\u00fcy\u00fck miktarda suyu sirk\u00fcle eder. Bunu olabildi\u011fince verimli bir \u015fekilde yapmak i\u00e7in sistemin farkl\u0131 b\u00f6l\u00fcmlerindeki tasar\u0131m ak\u0131\u015flar\u0131n\u0131n do\u011fru oldu\u011fundan emin olmak \u00f6nemlidir. Bu tip sistemlerde manuel balans vanalar\u0131 en iyi se\u00e7enektir.<\/p>\r\n\r\n\r\n\r\n<figure id=\"attachment_17032\" class=\"wp-block-image\"><img loading=\"lazy\" decoding=\"async\" width=\"300\" height=\"273\" class=\"wp-image-17032\" src=\"https:\/\/zecovalve.com\/wp-content\/uploads\/2022\/06\/bronze-flow-balancing-valve-300x273.jpg\" alt=\"Pirin\u00e7 Ak\u0131\u015f Dengeleme Vanas\u0131\" srcset=\"https:\/\/zecovalve.com\/wp-content\/uploads\/2022\/06\/bronze-flow-balancing-valve-300x273.jpg 300w, https:\/\/zecovalve.com\/wp-content\/uploads\/2022\/06\/bronze-flow-balancing-valve.jpg 330w\" sizes=\"auto, (max-width: 300px) 100vw, 300px\" \/><\/figure>\r\n\r\n\r\n<div class=\"gb-button-wrapper gb-button-wrapper-6d8495a3\">\r\n\r\n\r\n<p><a class=\"gb-button gb-button-3d442e11 gb-button-text\" href=\"https:\/\/zecovalve.com\/tr\/contact\/\" target=\"_blank\" rel=\"noopener noreferrer\"><strong>VANA FI\u0307YATI ALIN<\/strong><\/a><\/p>\r\n<\/div>\r\n\r\n\r\n\r\n\r\n<h2 class=\"wp-block-heading\">Manuel Balans Vanas\u0131 Nedir?<\/h2>\r\n\r\n\r\n\r\n<p>ZECO manuel balans vanas\u0131 bir\u00e7ok uygulamada do\u011fru hidronik balanslama i\u00e7in tasarlanm\u0131\u015ft\u0131r. \u00c7o\u011funlukla evsel su ile \u0131s\u0131tma veya so\u011futma sistemlerinde kullan\u0131l\u0131r.<\/p>\r\n\r\n\r\n\r\n<h2 class=\"wp-block-heading\" id=\"h-festures-of-manual-balancing-valve\">Manuel Balans Vanas\u0131n\u0131n \u00d6zellikleri<\/h2>\r\n\r\n\r\n\r\n<h3 class=\"wp-block-heading\">Geni\u015f \u00fcr\u00fcn yelpazesi<\/h3>\r\n\r\n\r\n\r\n<p>DN 15&#039;ten DN 50&#039;ye kadar boyutlardaki vanalar, i\u00e7 di\u015fli, d\u0131\u015f di\u015fli veya flan\u015fl\u0131 montaj se\u00e7enekleri ve \u00f6l\u00e7\u00fcm aletleri ve aksesuarlar\u0131n\u0131n mevcut olmas\u0131yla, gereksinimlerinize uygun bir ZECO manuel dengeleme vanas\u0131 her zaman mevcuttur.<\/p>\r\n\r\n\r\n\r\n<h3 class=\"wp-block-heading\">Kompakt yap\u0131<\/h3>\r\n\r\n\r\n\r\n<p>T\u00fcm ZECO balans vanalar\u0131 minimum yer kaplayacak ve kurulumu kolay olacak \u015fekilde tasarlanm\u0131\u015ft\u0131r.<\/p>\r\n\r\n\r\n\r\n<h2 class=\"wp-block-heading\" id=\"h-manual-balancing-valve-working-principle\">Manuel Balans Vanas\u0131n\u0131n \u00c7al\u0131\u015fma Prensibi<\/h2>\r\n\r\n\r\n\r\n<figure class=\"wp-block-image\"><img loading=\"lazy\" decoding=\"async\" width=\"300\" height=\"225\" class=\"wp-image-17065\" src=\"https:\/\/zecovalve.com\/wp-content\/uploads\/2022\/06\/bronze-flow-balancing-valve-3-300x225.png\" alt=\"\" srcset=\"https:\/\/zecovalve.com\/wp-content\/uploads\/2022\/06\/bronze-flow-balancing-valve-3-300x225.png 300w, https:\/\/zecovalve.com\/wp-content\/uploads\/2022\/06\/bronze-flow-balancing-valve-3.png 600w\" sizes=\"auto, (max-width: 300px) 100vw, 300px\" \/><\/figure>\r\n\r\n\r\n\r\n<p>Manuel balans vanas\u0131 \u00f6zel fonksiyonlu bir vanad\u0131r. \u0130yi ak\u0131\u015f \u00f6zelliklerine sahiptir. Ayr\u0131ca ak\u0131\u015f \u00f6l\u00e7\u00fcm\u00fc i\u00e7in vana a\u00e7ma indeksi, a\u00e7ma kilitleme cihaz\u0131 ve bas\u0131n\u00e7 \u00f6l\u00e7\u00fcm vanas\u0131 bulunmaktad\u0131r. \u00d6zel ak\u0131ll\u0131 cihaz kullan\u0131larak, \u00f6l\u00e7\u00fclen bas\u0131n\u00e7 fark\u0131 sinyaline g\u00f6re vana tipi ve a\u00e7\u0131lma de\u011feri girilerek denge vanas\u0131ndan akan ak\u0131\u015f de\u011feri do\u011frudan g\u00f6r\u00fcnt\u00fclenebilir. Her bran\u015fmana ve kullan\u0131c\u0131 giri\u015fine uygun \u00f6zelliklerde balans vanas\u0131 tak\u0131l\u0131p \u00f6zel ak\u0131ll\u0131 cihazla bir kez hata ay\u0131kland\u0131\u011f\u0131 s\u00fcrece her kullan\u0131c\u0131n\u0131n debisi ayarlanan de\u011fere ula\u015fabilir.<\/p>\r\n\r\n\r\n\r\n<h2 class=\"wp-block-heading\" id=\"h-manual-balancing-valve-installation-and-commissioning\">Manuel Balans Vanas\u0131 Montaj\u0131 ve Devreye Al\u0131nmas\u0131<\/h2>\r\n\r\n\r\n\r\n<figure class=\"wp-block-image\"><img loading=\"lazy\" decoding=\"async\" width=\"300\" height=\"225\" class=\"wp-image-17066\" src=\"https:\/\/zecovalve.com\/wp-content\/uploads\/2022\/06\/pressure-control-valve-300x225.png\" alt=\"\" srcset=\"https:\/\/zecovalve.com\/wp-content\/uploads\/2022\/06\/pressure-control-valve-300x225.png 300w, https:\/\/zecovalve.com\/wp-content\/uploads\/2022\/06\/pressure-control-valve.png 600w\" sizes=\"auto, (max-width: 300px) 100vw, 300px\" \/><\/figure>\r\n\r\n\r\n\r\n<p>Bu vana su besleme borusuna veya su d\u00f6n\u00fc\u015f borusuna monte edilebilir. Genel olarak su d\u00f6n\u00fc\u015f borusuna, \u00f6zellikle de y\u00fcksek s\u0131cakl\u0131k d\u00f6ng\u00fcs\u00fcne tak\u0131lmas\u0131 tavsiye edilir.<\/p>\r\n\r\n\r\n\r\n<h2 class=\"wp-block-heading\" id=\"h-manual-balancing-valve-material-and-standard\">Manuel Balans Vanalar\u0131 \u00dcr\u00fcne Genel Bak\u0131\u015f<\/h2>\r\n\r\n\r\n\r\n<p>Boyut Aral\u0131\u011f\u0131: 3\/4\u2033~2\u2033<\/p>\r\n\r\n\r\n\r\n<p>Bas\u0131n\u00e7 De\u011feri: 10bar ~ 16bar<\/p>\r\n\r\n\r\n\r\n<p>Y\u00fcz Y\u00fcze Boyutlar: EN 558-1, ASME B 16.10<\/p>\r\n\r\n\r\n\r\n<p>Flan\u015f Ucu Boyutu: BS 21<\/p>\r\n\r\n\r\n\r\n<p>Muayene ve Test: ISO 5208 \/ EN 12226-2<\/p>\r\n<div class=\"over-tabs\">\r\n<table width=\"1389\">\r\n<tbody>\r\n<tr class=\"firstRow\">\r\n<td>Par\u00e7a<\/td>\r\n<td>Malzeme<\/td>\r\n<td>Standart<\/td>\r\n<\/tr>\r\n<tr>\r\n<td>V\u00fccut<\/td>\r\n<td>CuZn39Pb1 \/ C37000<\/td>\r\n<td>EN12167\/ASTM B135<\/td>\r\n<\/tr>\r\n<tr>\r\n<td>Bone<\/td>\r\n<td>CuZn39Pb1 \/ C37000<\/td>\r\n<td>EN12167\/ASTM B135<\/td>\r\n<\/tr>\r\n<tr>\r\n<td>D\u00f6\u015feme<\/td>\r\n<td>CuZn39Pb1 \/ C37000<\/td>\r\n<td>EN12167\/ASTM B135<\/td>\r\n<\/tr>\r\n<tr>\r\n<td>\u00d6l\u00e7\u00fcm Portu<\/td>\r\n<td>CuZn39Pb1 \/ C37000<\/td>\r\n<td>EN12167\/ASTM B135<\/td>\r\n<\/tr>\r\n<tr>\r\n<td>O-Ring<\/td>\r\n<td>EPDM \/ NBR<\/td>\r\n<td>ISO 4633<\/td>\r\n<\/tr>\r\n<tr>\r\n<td>El \u00c7ark\u0131<\/td>\r\n<td>Naylon<\/td>\r\n<td>ISO 4633<\/td>\r\n<\/tr>\r\n<tr>\r\n<td colspan=\"3\">Listelenmeyen malzeme se\u00e7enekleri i\u00e7in fabrikaya dan\u0131\u015f\u0131n. ZECO 50&#039;den fazla farkl\u0131 ala\u015f\u0131mdan vanalar \u00fcretmektedir.<\/td>\r\n<\/tr>\r\n<\/tbody>\r\n<\/table>\r\n<h2>Manuel Balans Vanalar\u0131n\u0131n Boyutlar\u0131<\/h2>\r\n<\/div>\r\n<figure class=\"wp-block-table\">\r\n<table>\r\n<tbody>\r\n<tr>\r\n<td>NPS<\/td>\r\n<td>\u0130\u00e7inde<\/td>\r\n<td>3\/4<\/td>\r\n<td>1<\/td>\r\n<td>1 1\/4<\/td>\r\n<td>1 1\/2<\/td>\r\n<td>2<\/td>\r\n<\/tr>\r\n<tr>\r\n<td>A<\/td>\r\n<td>mm<\/td>\r\n<td>86.5<\/td>\r\n<td>105<\/td>\r\n<td>123.5<\/td>\r\n<td>125<\/td>\r\n<td>144<\/td>\r\n<\/tr>\r\n<tr>\r\n<td>H<\/td>\r\n<td>mm<\/td>\r\n<td>102<\/td>\r\n<td>105<\/td>\r\n<td>110<\/td>\r\n<td>120<\/td>\r\n<td>127<\/td>\r\n<\/tr>\r\n<tr>\r\n<td>G<\/td>\r\n<td>mm<\/td>\r\n<td>G3\/4<\/td>\r\n<td>G1<\/td>\r\n<td>G1 1\/4<\/td>\r\n<td>G1 1\/2<\/td>\r\n<td>G2<\/td>\r\n<\/tr>\r\n<tr>\r\n<td>GB<\/td>\r\n<td>mm<\/td>\r\n<td>32.5<\/td>\r\n<td>40.5<\/td>\r\n<td>49.5<\/td>\r\n<td>57<\/td>\r\n<td>69.5<\/td>\r\n<\/tr>\r\n<tr>\r\n<td>KVS<\/td>\r\n<td>m3\/saat<\/td>\r\n<td>5.77<\/td>\r\n<td>8.7<\/td>\r\n<td>14.2<\/td>\r\n<td>19.2<\/td>\r\n<td>33<\/td>\r\n<\/tr>\r\n<\/tbody>\r\n<\/table>\r\n<\/figure>","protected":false},"excerpt":{"rendered":"<p>Sabit ak\u0131\u015f prensibiyle tasarlanan \u0131s\u0131tma ve so\u011futma sistemleri b\u00fcy\u00fck miktarda suyu sirk\u00fcle eder. Bunu m\u00fcmk\u00fcn oldu\u011funca verimli bir \u015fekilde yapmak i\u00e7in\u2026 <a title=\"Manuel Balans Vanas\u0131\" class=\"read-more\" href=\"https:\/\/zecovalve.com\/tr\/urun\/manual-balancing-valve\" aria-label=\"Manuel Balans Vanas\u0131 hakk\u0131nda daha fazlas\u0131\">Daha fazla bilgi edinin<\/a><\/p>","protected":false},"featured_media":27965,"comment_status":"closed","ping_status":"closed","template":"","meta":{"_generate-full-width-content":"","kt_blocks_editor_width":""},"product_cat":[2512],"product_tag":[2724],"class_list":["post-19530","product","type-product","status-publish","has-post-thumbnail","hentry","product_cat-balancing-valve","product_tag-balancing-valve","sales-flash-overlay","woocommerce-text-align-center","woocommerce-image-align-center","do-quantity-buttons"],"featured_image_src_large":["https:\/\/zecovalve.com\/wp-content\/uploads\/2022\/07\/Manual-Balancing-Valve.jpg",800,600,false],"author_info":[],"comment_info":0,"taxonomy_info":{"product_cat":[{"value":2512,"label":"Balancing Valve"}],"product_tag":[{"value":2724,"label":"Balancing Valve"}]},"yoast_head":"<!-- This site is optimized with the Yoast SEO Premium plugin v15.4 - https:\/\/yoast.com\/wordpress\/plugins\/seo\/ -->\n<title>Manual Balancing Valve - Balancing Valve | ZECO Valve<\/title>\n<meta name=\"robots\" content=\"index, follow, max-snippet:-1, max-image-preview:large, max-video-preview:-1\" \/>\n<link rel=\"canonical\" href=\"https:\/\/zecovalve.com\/tr\/urun\/manual-balancing-valve\" \/>\n<meta property=\"og:locale\" content=\"tr_TR\" \/>\n<meta property=\"og:type\" content=\"article\" \/>\n<meta property=\"og:title\" content=\"Manual Balancing Valve - Balancing Valve | ZECO Valve\" \/>\n<meta property=\"og:description\" content=\"Heating and cooling systems designed with a constant flow principle circulate large amounts of water. To do that as efficiently as possible, ... Read more\" \/>\n<meta property=\"og:url\" content=\"https:\/\/zecovalve.com\/tr\/urun\/manual-balancing-valve\" \/>\n<meta property=\"og:site_name\" content=\"ZECO Valve\" \/>\n<meta property=\"article:modified_time\" content=\"2023-06-26T06:08:28+00:00\" \/>\n<meta property=\"og:image\" content=\"https:\/\/zecovalve.com\/wp-content\/uploads\/2022\/07\/Manual-Balancing-Valve.jpg\" \/>\n\t<meta property=\"og:image:width\" content=\"800\" \/>\n\t<meta property=\"og:image:height\" content=\"600\" \/>\n<meta name=\"twitter:card\" content=\"summary_large_image\" \/>\n<meta name=\"twitter:label1\" content=\"Yazan:\">\n\t<meta name=\"twitter:data1\" content=\"Jerry\">\n\t<meta name=\"twitter:label2\" content=\"Tahmini okuma s\u00fcresi\">\n\t<meta name=\"twitter:data2\" content=\"2 dakika\">\n<script type=\"application\/ld+json\" class=\"yoast-schema-graph\">{\"@context\":\"https:\/\/schema.org\",\"@graph\":[{\"@type\":\"WebSite\",\"@id\":\"https:\/\/zecovalve.com\/#website\",\"url\":\"https:\/\/zecovalve.com\/\",\"name\":\"ZECO Valve\",\"description\":\"Industrial Ball Valve, Gate Valve and Globe Valve Manufacturer\",\"potentialAction\":[{\"@type\":\"SearchAction\",\"target\":\"https:\/\/zecovalve.com\/?s={search_term_string}\",\"query-input\":\"required name=search_term_string\"}],\"inLanguage\":\"tr\"},{\"@type\":\"ImageObject\",\"@id\":\"https:\/\/zecovalve.com\/product\/manual-balancing-valve#primaryimage\",\"inLanguage\":\"tr\",\"url\":\"https:\/\/zecovalve.com\/wp-content\/uploads\/2022\/07\/Manual-Balancing-Valve.jpg\",\"width\":800,\"height\":600,\"caption\":\"Manual Balancing Valve\"},{\"@type\":\"WebPage\",\"@id\":\"https:\/\/zecovalve.com\/product\/manual-balancing-valve#webpage\",\"url\":\"https:\/\/zecovalve.com\/product\/manual-balancing-valve\",\"name\":\"Manual Balancing Valve - Balancing Valve | ZECO Valve\",\"isPartOf\":{\"@id\":\"https:\/\/zecovalve.com\/#website\"},\"primaryImageOfPage\":{\"@id\":\"https:\/\/zecovalve.com\/product\/manual-balancing-valve#primaryimage\"},\"datePublished\":\"2022-07-11T13:22:59+00:00\",\"dateModified\":\"2023-06-26T06:08:28+00:00\",\"breadcrumb\":{\"@id\":\"https:\/\/zecovalve.com\/product\/manual-balancing-valve#breadcrumb\"},\"inLanguage\":\"tr\",\"potentialAction\":[{\"@type\":\"ReadAction\",\"target\":[\"https:\/\/zecovalve.com\/product\/manual-balancing-valve\"]}]},{\"@type\":\"BreadcrumbList\",\"@id\":\"https:\/\/zecovalve.com\/product\/manual-balancing-valve#breadcrumb\",\"itemListElement\":[{\"@type\":\"ListItem\",\"position\":1,\"item\":{\"@type\":\"WebPage\",\"@id\":\"https:\/\/zecovalve.com\/\",\"url\":\"https:\/\/zecovalve.com\/\",\"name\":\"Home\"}},{\"@type\":\"ListItem\",\"position\":2,\"item\":{\"@type\":\"WebPage\",\"@id\":\"https:\/\/zecovalve.com\/product-category\",\"url\":\"https:\/\/zecovalve.com\/product-category\",\"name\":\"Industrial Valve Manufacturer | Water Valve Manufacturer\"}},{\"@type\":\"ListItem\",\"position\":3,\"item\":{\"@type\":\"WebPage\",\"@id\":\"https:\/\/zecovalve.com\/product\/manual-balancing-valve\",\"url\":\"https:\/\/zecovalve.com\/product\/manual-balancing-valve\",\"name\":\"Manual Balancing Valve\"}}]}]}<\/script>\n<!-- \/ Yoast SEO Premium plugin. -->","_links":{"self":[{"href":"https:\/\/zecovalve.com\/tr\/wp-json\/wp\/v2\/product\/19530","targetHints":{"allow":["GET"]}}],"collection":[{"href":"https:\/\/zecovalve.com\/tr\/wp-json\/wp\/v2\/product"}],"about":[{"href":"https:\/\/zecovalve.com\/tr\/wp-json\/wp\/v2\/types\/product"}],"replies":[{"embeddable":true,"href":"https:\/\/zecovalve.com\/tr\/wp-json\/wp\/v2\/comments?post=19530"}],"wp:featuredmedia":[{"embeddable":true,"href":"https:\/\/zecovalve.com\/tr\/wp-json\/wp\/v2\/media\/27965"}],"wp:attachment":[{"href":"https:\/\/zecovalve.com\/tr\/wp-json\/wp\/v2\/media?parent=19530"}],"wp:term":[{"taxonomy":"product_cat","embeddable":true,"href":"https:\/\/zecovalve.com\/tr\/wp-json\/wp\/v2\/product_cat?post=19530"},{"taxonomy":"product_tag","embeddable":true,"href":"https:\/\/zecovalve.com\/tr\/wp-json\/wp\/v2\/product_tag?post=19530"}],"curies":[{"name":"wp","href":"https:\/\/api.w.org\/{rel}","templated":true}]}}