{"id":19533,"date":"2022-07-12T03:03:24","date_gmt":"2022-07-12T03:03:24","guid":{"rendered":"https:\/\/zecovalve.com\/?post_type=product&#038;p=19533"},"modified":"2022-07-14T06:30:23","modified_gmt":"2022-07-14T06:30:23","slug":"1-inch-brass-ball-valve-price","status":"publish","type":"product","link":"https:\/\/zecovalve.com\/tr\/urun\/1-inch-brass-ball-valve-price","title":{"rendered":"1 in\u00e7 Pirin\u00e7 K\u00fcresel Vana"},"content":{"rendered":"<p>1 in\u00e7 Pirin\u00e7 K\u00fcresel Vana sunuyoruz.<\/p>\r\n\r\n\r\n\r\n<figure class=\"wp-block-image size-full is-resized\"><img loading=\"lazy\" decoding=\"async\" class=\"wp-image-19482\" src=\"https:\/\/zecovalve.com\/wp-content\/uploads\/2022\/07\/Globe-Valve-Check-Valve.jpg\" alt=\"Pirin\u00e7 K\u00fcresel Vana\" width=\"400\" height=\"300\" srcset=\"https:\/\/zecovalve.com\/wp-content\/uploads\/2022\/07\/Globe-Valve-Check-Valve.jpg 800w, https:\/\/zecovalve.com\/wp-content\/uploads\/2022\/07\/Globe-Valve-Check-Valve-300x225.jpg 300w, https:\/\/zecovalve.com\/wp-content\/uploads\/2022\/07\/Globe-Valve-Check-Valve-768x576.jpg 768w, https:\/\/zecovalve.com\/wp-content\/uploads\/2022\/07\/Globe-Valve-Check-Valve-600x450.jpg 600w\" sizes=\"auto, (max-width: 400px) 100vw, 400px\" \/><\/figure>\r\n\r\n\r\n<div class=\"gb-button-wrapper gb-button-wrapper-6d8495a3\">\r\n\r\n\r\n<p><a class=\"gb-button gb-button-3d442e11 gb-button-text\" href=\"https:\/\/zecovalve.com\/tr\/contact\/\" target=\"_blank\" rel=\"noopener noreferrer\"><strong>1 \u0130n\u00e7 P\u0130R\u0130N\u00c7 K\u00dcRESEL VANA F\u0130YAT ALIN<\/strong><\/a><\/p>\r\n<\/div>\r\n\r\n\r\n\r\n\r\n<h2 class=\"wp-block-heading\">Yakla\u015f\u0131k. Fiyat: US$ 2,5~15 \/ Adet<\/h2>\r\n\r\n\r\n\r\n<h2 class=\"wp-block-heading\">1 \u0130n\u00e7 Pirin\u00e7 K\u00fcresel Vana \u00dcr\u00fcn Bilgisi<\/h2>\r\n\r\n\r\n\r\n<p>ZECO 1 in\u00e7 Vidal\u0131 Tip \u0130ki Par\u00e7al\u0131 Tasar\u0131m D\u00f6vme Pirin\u00e7 K\u00fcresel Vana, ZF-101, ZECO&#039;nun \u00fcst\u00fcn kaliteli bir \u00fcr\u00fcn\u00fcd\u00fcr. T\u00fcm ZECO1 in\u00e7 Vidal\u0131 Tip \u0130ki Par\u00e7al\u0131 Tasar\u0131m D\u00f6vme Pirin\u00e7 K\u00fcresel Vana, ZF-101, onlar\u0131 bu son derece zorlu alanda standartlara uygun hale getiren, kalite garantili malzeme ve ileri teknikler kullan\u0131larak \u00fcretilmektedir. ZECO 1 in\u00e7 Vidal\u0131 Tip \u0130ki Par\u00e7al\u0131 Tasar\u0131m D\u00f6vme Pirin\u00e7 K\u00fcresel Vana ZF-101&#039;in \u00fcretiminde kullan\u0131lan malzemeler, ayr\u0131nt\u0131l\u0131 pazar ara\u015ft\u0131rmalar\u0131 yap\u0131ld\u0131ktan sonra se\u00e7ilen en g\u00fcvenilir ve resmi tedarik\u00e7ilerden temin edilmektedir. ZECO \u00fcr\u00fcnleri piyasada y\u00fcksek kaliteleri nedeniyle geni\u015f \u00e7apta tan\u0131nmaktad\u0131r. M\u00fckemmel kalitede ZECO Pirin\u00e7 K\u00fcresel Vanalar dizisi sa\u011flamaya \u00f6zel olarak \u00e7al\u0131\u015f\u0131yoruz.<\/p>\r\n\r\n\r\n\r\n<h2 class=\"wp-block-heading\">1 \u0130n\u00e7 Pirin\u00e7 K\u00fcresel Vanan\u0131n \u00d6zellikleri<\/h2>\r\n\r\n\r\n\r\n<ul class=\"wp-block-list\">\r\n<li>Ayarlanabilir g\u00f6vde salmastra bilezi\u011fi daha uzun servis \u00f6mr\u00fc sa\u011flar.<\/li>\r\n<li>Alttan y\u00fcklemeli patlamaya dayan\u0131kl\u0131 g\u00f6vde.<\/li>\r\n<li>PTFE g\u00f6vde salmastra contas\u0131 ve yuvalar\u0131.<\/li>\r\n<li>\u0130\u015flenmi\u015f krom kapl\u0131 pirin\u00e7 top.<\/li>\r\n<\/ul>\r\n\r\n\r\n\r\n<h2 class=\"wp-block-heading\" id=\"h-product-details-of-1-inch-brass-ball-valve\">1 \u0130n\u00e7 Pirin\u00e7 K\u00fcresel Vana \u00dcr\u00fcn Detaylar\u0131<\/h2>\r\n\r\n\r\n\r\n<figure class=\"wp-block-table\">\r\n<table>\r\n<tbody>\r\n<tr>\r\n<td>minimum sipari\u015f miktar\u0131<\/td>\r\n<td>200 Adet<\/td>\r\n<\/tr>\r\n<tr>\r\n<td>Medya<\/td>\r\n<td>Su, Hava<\/td>\r\n<\/tr>\r\n<tr>\r\n<td>Boyut<\/td>\r\n<td>1 \u0130N\u00c7<\/td>\r\n<\/tr>\r\n<tr>\r\n<td>Valf Boyutu<\/td>\r\n<td>1 \u0130N\u00c7<\/td>\r\n<\/tr>\r\n<tr>\r\n<td>Bas\u0131n\u00e7<\/td>\r\n<td>Al\u00e7ak Bas\u0131n\u00e7, Orta Bas\u0131n\u00e7, Y\u00fcksek Bas\u0131n\u00e7<\/td>\r\n<\/tr>\r\n<tr>\r\n<td>Medyan\u0131n S\u0131cakl\u0131\u011f\u0131<\/td>\r\n<td>Orta S\u0131cakl\u0131k, Y\u00fcksek S\u0131cakl\u0131k, Normal S\u0131cakl\u0131k, D\u00fc\u015f\u00fck S\u0131cakl\u0131k<\/td>\r\n<\/tr>\r\n<tr>\r\n<td>Ba\u011flant\u0131 noktas\u0131 boyutu<\/td>\r\n<td>25mm<\/td>\r\n<\/tr>\r\n<tr>\r\n<td>Durum<\/td>\r\n<td>Yeni<\/td>\r\n<\/tr>\r\n<tr>\r\n<td>Model<\/td>\r\n<td>ZF-101<\/td>\r\n<\/tr>\r\n<tr>\r\n<td>Ambalaj t\u00fcr\u00fc<\/td>\r\n<td>B\u0130R KARTONDA 200 ADET<\/td>\r\n<\/tr>\r\n<tr>\r\n<td>Delik Tipi<\/td>\r\n<td>TAM GE\u00c7\u0130\u015eL\u0130<\/td>\r\n<\/tr>\r\n<tr>\r\n<td>Sap Malzemesi<\/td>\r\n<td>Han\u0131m<\/td>\r\n<\/tr>\r\n<tr>\r\n<td>Kulp Kapa\u011f\u0131<\/td>\r\n<td>Plastik Kaplama<\/td>\r\n<\/tr>\r\n<tr>\r\n<td>Bitirme T\u00fcr\u00fc<\/td>\r\n<td>Pirin\u00e7 Krom Kaplama<\/td>\r\n<\/tr>\r\n<tr>\r\n<td>Yang\u0131n G\u00fcvenli\u011fi<\/td>\r\n<td>Evet<\/td>\r\n<\/tr>\r\n<tr>\r\n<td>Malzeme<\/td>\r\n<td>Pirin\u00e7<\/td>\r\n<\/tr>\r\n<tr>\r\n<td>G\u00f6vde Tipi<\/td>\r\n<td>Pirin\u00e7<\/td>\r\n<\/tr>\r\n<tr>\r\n<td>Uygulama<\/td>\r\n<td>Su, Gaz, Petrol<\/td>\r\n<\/tr>\r\n<tr>\r\n<td>Renk<\/td>\r\n<td>G\u00fcm\u00fc\u015f<\/td>\r\n<\/tr>\r\n<tr>\r\n<td>Markal\u0131<\/td>\r\n<td>Markal\u0131<\/td>\r\n<\/tr>\r\n<tr>\r\n<td>Nominal Bas\u0131n\u00e7 \u00c7ubu\u011fu<\/td>\r\n<td>10~25 Bar, 1000WOG<\/td>\r\n<\/tr>\r\n<tr>\r\n<td>K\u00f6k Conta<\/td>\r\n<td>PTFE<\/td>\r\n<\/tr>\r\n<tr>\r\n<td>\u0130plik<\/td>\r\n<td>BSP<\/td>\r\n<\/tr>\r\n<tr>\r\n<td>\u00c7al\u0131\u015fma s\u0131cakl\u0131\u011f\u0131<\/td>\r\n<td>-10 ila 100 derece C<\/td>\r\n<\/tr>\r\n<tr>\r\n<td>Konu boyutu<\/td>\r\n<td>1 \u0130N\u00c7<\/td>\r\n<\/tr>\r\n<\/tbody>\r\n<\/table>\r\n<\/figure>","protected":false},"excerpt":{"rendered":"<p>1 in\u00e7 Pirin\u00e7 K\u00fcresel Vana sunuyoruz. Yakla\u015f\u0131k. Fiyat: US$ 2.5~15 \/ Adet 1 \u0130n\u00e7 Pirin\u00e7 K\u00fcresel Vana \u00dcr\u00fcn Bilgisi ZECO 1 in\u00e7\u2026 <a title=\"1 in\u00e7 Pirin\u00e7 K\u00fcresel Vana\" class=\"read-more\" href=\"https:\/\/zecovalve.com\/tr\/urun\/1-inch-brass-ball-valve-price\" aria-label=\"1 in\u00e7 Pirin\u00e7 K\u00fcresel Vana hakk\u0131nda daha fazlas\u0131\">Daha fazla bilgi edinin<\/a><\/p>","protected":false},"featured_media":19482,"comment_status":"closed","ping_status":"closed","template":"","meta":{"_generate-full-width-content":"","kt_blocks_editor_width":""},"product_cat":[2047,2461],"product_tag":[3054,2802,2833],"class_list":["post-19533","product","type-product","status-publish","has-post-thumbnail","hentry","product_cat-ball-valve","product_cat-ball-valve-by-material","product_tag-1-ball-valve","product_tag-ball-valve-price","product_tag-brass-ball-valve","sales-flash-overlay","woocommerce-text-align-center","woocommerce-image-align-center","do-quantity-buttons"],"featured_image_src_large":["https:\/\/zecovalve.com\/wp-content\/uploads\/2022\/07\/Globe-Valve-Check-Valve.jpg",800,600,false],"author_info":[],"comment_info":0,"taxonomy_info":{"product_cat":[{"value":2047,"label":"Ball Valve"},{"value":2461,"label":"Ball Valve By Material"}],"product_tag":[{"value":3054,"label":"1\" Ball Valve"},{"value":2802,"label":"Ball Valve Price"},{"value":2833,"label":"Brass Ball Valve"}]},"yoast_head":"<!-- This site is optimized with the Yoast SEO Premium plugin v15.4 - https:\/\/yoast.com\/wordpress\/plugins\/seo\/ -->\n<title>1 Inch Brass Ball Valve - Competitive Brass Ball Valve Price | ZECO<\/title>\n<meta name=\"robots\" content=\"index, follow, max-snippet:-1, max-image-preview:large, max-video-preview:-1\" \/>\n<link rel=\"canonical\" href=\"https:\/\/zecovalve.com\/tr\/urun\/1-inch-brass-ball-valve-price\" \/>\n<meta property=\"og:locale\" content=\"tr_TR\" \/>\n<meta property=\"og:type\" content=\"article\" \/>\n<meta property=\"og:title\" content=\"1 Inch Brass Ball Valve - Competitive Brass Ball Valve Price | ZECO\" \/>\n<meta property=\"og:description\" content=\"We are offering 1 inch Brass Ball Valve. Approx. Price:\u00a0US$\u00a02.5~15\u00a0\/ Piece Product Information of 1 Inch Brass Ball Valve ZECO 1 inch ... Read more\" \/>\n<meta property=\"og:url\" content=\"https:\/\/zecovalve.com\/tr\/urun\/1-inch-brass-ball-valve-price\" \/>\n<meta property=\"og:site_name\" content=\"ZECO Valve\" \/>\n<meta property=\"article:modified_time\" content=\"2022-07-14T06:30:23+00:00\" \/>\n<meta property=\"og:image\" content=\"https:\/\/zecovalve.com\/wp-content\/uploads\/2022\/07\/Globe-Valve-Check-Valve.jpg\" \/>\n\t<meta property=\"og:image:width\" content=\"800\" \/>\n\t<meta property=\"og:image:height\" content=\"600\" \/>\n<meta name=\"twitter:card\" content=\"summary_large_image\" \/>\n<meta name=\"twitter:label1\" content=\"Yazan:\">\n\t<meta name=\"twitter:data1\" content=\"Jerry\">\n\t<meta name=\"twitter:label2\" content=\"Tahmini okuma s\u00fcresi\">\n\t<meta name=\"twitter:data2\" content=\"1 dakika\">\n<script type=\"application\/ld+json\" class=\"yoast-schema-graph\">{\"@context\":\"https:\/\/schema.org\",\"@graph\":[{\"@type\":\"WebSite\",\"@id\":\"https:\/\/zecovalve.com\/#website\",\"url\":\"https:\/\/zecovalve.com\/\",\"name\":\"ZECO Valve\",\"description\":\"Industrial Ball Valve, Gate Valve and Globe Valve Manufacturer\",\"potentialAction\":[{\"@type\":\"SearchAction\",\"target\":\"https:\/\/zecovalve.com\/?s={search_term_string}\",\"query-input\":\"required name=search_term_string\"}],\"inLanguage\":\"tr\"},{\"@type\":\"ImageObject\",\"@id\":\"https:\/\/zecovalve.com\/product\/1-inch-brass-ball-valve-price#primaryimage\",\"inLanguage\":\"tr\",\"url\":\"https:\/\/zecovalve.com\/wp-content\/uploads\/2022\/07\/Globe-Valve-Check-Valve.jpg\",\"width\":800,\"height\":600,\"caption\":\"Brass Ball Valve\"},{\"@type\":\"WebPage\",\"@id\":\"https:\/\/zecovalve.com\/product\/1-inch-brass-ball-valve-price#webpage\",\"url\":\"https:\/\/zecovalve.com\/product\/1-inch-brass-ball-valve-price\",\"name\":\"1 Inch Brass Ball Valve - Competitive Brass Ball Valve Price | ZECO\",\"isPartOf\":{\"@id\":\"https:\/\/zecovalve.com\/#website\"},\"primaryImageOfPage\":{\"@id\":\"https:\/\/zecovalve.com\/product\/1-inch-brass-ball-valve-price#primaryimage\"},\"datePublished\":\"2022-07-12T03:03:24+00:00\",\"dateModified\":\"2022-07-14T06:30:23+00:00\",\"breadcrumb\":{\"@id\":\"https:\/\/zecovalve.com\/product\/1-inch-brass-ball-valve-price#breadcrumb\"},\"inLanguage\":\"tr\",\"potentialAction\":[{\"@type\":\"ReadAction\",\"target\":[\"https:\/\/zecovalve.com\/product\/1-inch-brass-ball-valve-price\"]}]},{\"@type\":\"BreadcrumbList\",\"@id\":\"https:\/\/zecovalve.com\/product\/1-inch-brass-ball-valve-price#breadcrumb\",\"itemListElement\":[{\"@type\":\"ListItem\",\"position\":1,\"item\":{\"@type\":\"WebPage\",\"@id\":\"https:\/\/zecovalve.com\/\",\"url\":\"https:\/\/zecovalve.com\/\",\"name\":\"Home\"}},{\"@type\":\"ListItem\",\"position\":2,\"item\":{\"@type\":\"WebPage\",\"@id\":\"https:\/\/zecovalve.com\/product-category\",\"url\":\"https:\/\/zecovalve.com\/product-category\",\"name\":\"Industrial Valve Manufacturer | Water Valve Manufacturer\"}},{\"@type\":\"ListItem\",\"position\":3,\"item\":{\"@type\":\"WebPage\",\"@id\":\"https:\/\/zecovalve.com\/product\/1-inch-brass-ball-valve-price\",\"url\":\"https:\/\/zecovalve.com\/product\/1-inch-brass-ball-valve-price\",\"name\":\"1 inch Brass Ball Valve\"}}]}]}<\/script>\n<!-- \/ Yoast SEO Premium plugin. -->","_links":{"self":[{"href":"https:\/\/zecovalve.com\/tr\/wp-json\/wp\/v2\/product\/19533","targetHints":{"allow":["GET"]}}],"collection":[{"href":"https:\/\/zecovalve.com\/tr\/wp-json\/wp\/v2\/product"}],"about":[{"href":"https:\/\/zecovalve.com\/tr\/wp-json\/wp\/v2\/types\/product"}],"replies":[{"embeddable":true,"href":"https:\/\/zecovalve.com\/tr\/wp-json\/wp\/v2\/comments?post=19533"}],"wp:featuredmedia":[{"embeddable":true,"href":"https:\/\/zecovalve.com\/tr\/wp-json\/wp\/v2\/media\/19482"}],"wp:attachment":[{"href":"https:\/\/zecovalve.com\/tr\/wp-json\/wp\/v2\/media?parent=19533"}],"wp:term":[{"taxonomy":"product_cat","embeddable":true,"href":"https:\/\/zecovalve.com\/tr\/wp-json\/wp\/v2\/product_cat?post=19533"},{"taxonomy":"product_tag","embeddable":true,"href":"https:\/\/zecovalve.com\/tr\/wp-json\/wp\/v2\/product_tag?post=19533"}],"curies":[{"name":"wp","href":"https:\/\/api.w.org\/{rel}","templated":true}]}}