{"id":19855,"date":"2022-07-14T03:07:09","date_gmt":"2022-07-14T03:07:09","guid":{"rendered":"https:\/\/zecovalve.com\/?post_type=product&#038;p=19855"},"modified":"2022-07-14T06:31:12","modified_gmt":"2022-07-14T06:31:12","slug":"2-inch-brass-ball-valve","status":"publish","type":"product","link":"https:\/\/zecovalve.com\/tr\/urun\/2-inch-brass-ball-valve","title":{"rendered":"2 in\u00e7 Pirin\u00e7 K\u00fcresel Vana"},"content":{"rendered":"<figure class=\"wp-block-image size-full is-resized\"><img loading=\"lazy\" decoding=\"async\" class=\"wp-image-19482\" src=\"https:\/\/zecovalve.com\/wp-content\/uploads\/2022\/07\/Globe-Valve-Check-Valve.jpg\" alt=\"Pirin\u00e7 K\u00fcresel Vana\" width=\"400\" height=\"300\" srcset=\"https:\/\/zecovalve.com\/wp-content\/uploads\/2022\/07\/Globe-Valve-Check-Valve.jpg 800w, https:\/\/zecovalve.com\/wp-content\/uploads\/2022\/07\/Globe-Valve-Check-Valve-300x225.jpg 300w, https:\/\/zecovalve.com\/wp-content\/uploads\/2022\/07\/Globe-Valve-Check-Valve-768x576.jpg 768w, https:\/\/zecovalve.com\/wp-content\/uploads\/2022\/07\/Globe-Valve-Check-Valve-600x450.jpg 600w\" sizes=\"auto, (max-width: 400px) 100vw, 400px\" \/><\/figure>\r\n\r\n\r\n<div class=\"gb-button-wrapper gb-button-wrapper-6d8495a3\">\r\n\r\n\r\n<p><a class=\"gb-button gb-button-3d442e11 gb-button-text\" href=\"https:\/\/zecovalve.com\/tr\/contact\/\" target=\"_blank\" rel=\"noopener noreferrer\"><strong>2 in\u00e7 P\u0130R\u0130N\u00c7 K\u00dcRESEL VANA F\u0130YATINI ALIN<\/strong><\/a><\/p>\r\n<\/div>\r\n\r\n\r\n\r\n\r\n<h2 class=\"wp-block-heading\" id=\"h-what-is-a-2-inch-brass-ball-valve\">2 in\u00e7 Pirin\u00e7 K\u00fcresel Vana nedir?<\/h2>\r\n\r\n\r\n\r\n<p>Pirin\u00e7 k\u00fcresel vanalar, ticari ve end\u00fcstriyel uygulamalarda \u00e7ok \u00e7e\u015fitli s\u0131v\u0131lar ve gazlar i\u00e7in b\u00fcy\u00fck \u00f6l\u00e7\u00fcde kullan\u0131l\u0131r. ZECO 2\u2033 pirin\u00e7 k\u00fcresel vana, s\u0131v\u0131lar\u0131n, ya\u011flar\u0131n, gazlar\u0131n ge\u00e7i\u015fini kontrol etmek i\u00e7in kullan\u0131l\u0131r ve vanay\u0131 kolayl\u0131kla a\u00e7\u0131p kapatmak i\u00e7in rahat bir tutamakla donat\u0131lm\u0131\u015ft\u0131r.<\/p>\r\n\r\n\r\n\r\n<h2 class=\"wp-block-heading\">2 in\u00e7 Pirin\u00e7 K\u00fcresel Vana Teknik \u00d6zellikleri<\/h2>\r\n\r\n\r\n\r\n<ul class=\"wp-block-list\">\r\n<li>Her iki u\u00e7ta 2\u2033 NPT di\u015fli<\/li>\r\n<li>600 WOG \/ 150 SWP<\/li>\r\n<li>1\/4 D\u00f6n\u00fc\u015fl\u00fc \u00c7elik Sap<\/li>\r\n<li>Patlamaya Dayan\u0131kl\u0131 G\u00f6vde<\/li>\r\n<li>Teflon Koltuklar<\/li>\r\n<li>Di\u015fli U\u00e7lar ANSI B2.1 ile Uyumludur<\/li>\r\n<\/ul>\r\n\r\n\r\n\r\n<figure id=\"attrTable\" class=\"wp-block-table is-style-stripes\">\r\n<table>\r\n<tbody>\r\n<tr>\r\n<td>A\u011f\u0131rl\u0131k<\/td>\r\n<td>3,3 lbs<\/td>\r\n<\/tr>\r\n<tr>\r\n<td>\u00dcr\u00fcn Ad\u0131<\/td>\r\n<td>2 in\u00e7. NPTF Pirin\u00e7 Tam Port K\u00fcresel Vana<\/td>\r\n<\/tr>\r\n<tr>\r\n<td>Ba\u011flant\u0131 Boyutu<\/td>\r\n<td>2 in\u00e7.<\/td>\r\n<\/tr>\r\n<tr>\r\n<td>Liman A\u00e7\u0131l\u0131\u015f\u0131<\/td>\r\n<td>Tam liman<\/td>\r\n<\/tr>\r\n<tr>\r\n<td>Top Malzemesi<\/td>\r\n<td>Paslanmaz \u00e7elik<\/td>\r\n<\/tr>\r\n<tr>\r\n<td>Bas\u0131n\u00e7 S\u0131n\u0131f\u0131<\/td>\r\n<td>600 PSI \u015eoksuz WOG<\/td>\r\n<\/tr>\r\n<tr>\r\n<td>Ba\u011flant\u0131 T\u00fcr\u00fc<\/td>\r\n<td>NPTF<\/td>\r\n<\/tr>\r\n<tr>\r\n<td>Bas\u0131n\u00e7 De\u011feri (PSI)<\/td>\r\n<td>600<\/td>\r\n<\/tr>\r\n<tr>\r\n<td>Operasyon T\u00fcr\u00fc<\/td>\r\n<td>1\/4 tur<\/td>\r\n<\/tr>\r\n<tr>\r\n<td>K\u00f6k Malzemesi<\/td>\r\n<td>Kur\u015funsuz pirin\u00e7<\/td>\r\n<\/tr>\r\n<tr>\r\n<td>Muhafaza Malzemesi<\/td>\r\n<td>Kur\u015funsuz pirin\u00e7<\/td>\r\n<\/tr>\r\n<tr>\r\n<td>Conta Malzemesi<\/td>\r\n<td>PTFE<\/td>\r\n<\/tr>\r\n<tr>\r\n<td>S\u0131cakl\u0131k Derecesi<\/td>\r\n<td>-30 ila 150\u00b0C (-20 ila 300\u00b0F)<\/td>\r\n<\/tr>\r\n<\/tbody>\r\n<\/table>\r\n<\/figure>\r\n\r\n\r\n\r\n<h2 class=\"wp-block-heading\">2 in\u00e7 Pirin\u00e7 K\u00fcresel Vana Avantajlar\u0131<\/h2>\r\n\r\n\r\n\r\n<p>Standart vanalardan daha b\u00fcy\u00fck bir g\u00f6vde i\u00e7in tam portlu tasar\u0131m, ak\u0131\u015fa kar\u015f\u0131 \u00e7ok az diren\u00e7 sunar veya hi\u00e7 diren\u00e7 g\u00f6stermez. S\u0131hhi tesisat, sulama sistemleri ve daha fazlas\u0131 ile kullan\u0131m i\u00e7in kur\u015funsuz pirin\u00e7 yap\u0131.<\/p>\r\n\r\n\r\n\r\n<h2 class=\"wp-block-heading\">2 in\u00e7 Pirin\u00e7 K\u00fcresel Vana Uygulamalar\u0131<\/h2>\r\n\r\n\r\n\r\n<p>S\u0131hhi tesisat, sulama ve daha fazlas\u0131 dahil olmak \u00fczere \u00e7e\u015fitli uygulamalar i\u00e7in 2 in\u00e7 boru i\u00e7in s\u0131v\u0131 ak\u0131\u015f\u0131n\u0131 kontrol eder ve \u00e7ok az veya hi\u00e7 ak\u0131\u015f kayb\u0131 gerektirmeyen uygulamalar i\u00e7in idealdir.<\/p>","protected":false},"excerpt":{"rendered":"<p>2 in\u00e7 Pirin\u00e7 K\u00fcresel Vana Nedir? Pirin\u00e7 k\u00fcresel vanalar, ticari ve end\u00fcstriyel uygulamalarda tam bir ... <a title=\"2 in\u00e7 Pirin\u00e7 K\u00fcresel Vana\" class=\"read-more\" href=\"https:\/\/zecovalve.com\/tr\/urun\/2-inch-brass-ball-valve\" aria-label=\"2 in\u00e7 Pirin\u00e7 K\u00fcresel Vana hakk\u0131nda daha fazla bilgi\">Daha fazla bilgi edinin<\/a><\/p>","protected":false},"featured_media":19482,"comment_status":"closed","ping_status":"closed","template":"","meta":{"_generate-full-width-content":"","kt_blocks_editor_width":""},"product_cat":[2047],"product_tag":[2804,2802,2833],"class_list":["post-19855","product","type-product","status-publish","has-post-thumbnail","hentry","product_cat-ball-valve","product_tag-2-inch-ball-valve","product_tag-ball-valve-price","product_tag-brass-ball-valve","sales-flash-overlay","woocommerce-text-align-center","woocommerce-image-align-center","do-quantity-buttons"],"featured_image_src_large":["https:\/\/zecovalve.com\/wp-content\/uploads\/2022\/07\/Globe-Valve-Check-Valve.jpg",800,600,false],"author_info":[],"comment_info":0,"taxonomy_info":{"product_cat":[{"value":2047,"label":"Ball Valve"}],"product_tag":[{"value":2804,"label":"2 inch Ball Valve"},{"value":2802,"label":"Ball Valve Price"},{"value":2833,"label":"Brass Ball Valve"}]},"yoast_head":"<!-- This site is optimized with the Yoast SEO Premium plugin v15.4 - https:\/\/yoast.com\/wordpress\/plugins\/seo\/ -->\n<title>2 Inch Brass Ball Valve Manufacturer | Competitive Ball Valve Price | ZECO<\/title>\n<meta name=\"robots\" content=\"index, follow, max-snippet:-1, max-image-preview:large, max-video-preview:-1\" \/>\n<link rel=\"canonical\" href=\"https:\/\/zecovalve.com\/tr\/urun\/2-inch-brass-ball-valve\" \/>\n<meta property=\"og:locale\" content=\"tr_TR\" \/>\n<meta property=\"og:type\" content=\"article\" \/>\n<meta property=\"og:title\" content=\"2 Inch Brass Ball Valve Manufacturer | Competitive Ball Valve Price | ZECO\" \/>\n<meta property=\"og:description\" content=\"What is a 2 inch Brass Ball Valve? Brass ball valves are greatly used in commercial and industrial applications for a full ... Read more\" \/>\n<meta property=\"og:url\" content=\"https:\/\/zecovalve.com\/tr\/urun\/2-inch-brass-ball-valve\" \/>\n<meta property=\"og:site_name\" content=\"ZECO Valve\" \/>\n<meta property=\"article:modified_time\" content=\"2022-07-14T06:31:12+00:00\" \/>\n<meta property=\"og:image\" content=\"https:\/\/zecovalve.com\/wp-content\/uploads\/2022\/07\/Globe-Valve-Check-Valve.jpg\" \/>\n\t<meta property=\"og:image:width\" content=\"800\" \/>\n\t<meta property=\"og:image:height\" content=\"600\" \/>\n<meta name=\"twitter:card\" content=\"summary_large_image\" \/>\n<meta name=\"twitter:label1\" content=\"Yazan:\">\n\t<meta name=\"twitter:data1\" content=\"Jerry\">\n\t<meta name=\"twitter:label2\" content=\"Tahmini okuma s\u00fcresi\">\n\t<meta name=\"twitter:data2\" content=\"1 dakika\">\n<script type=\"application\/ld+json\" class=\"yoast-schema-graph\">{\"@context\":\"https:\/\/schema.org\",\"@graph\":[{\"@type\":\"WebSite\",\"@id\":\"https:\/\/zecovalve.com\/#website\",\"url\":\"https:\/\/zecovalve.com\/\",\"name\":\"ZECO Valve\",\"description\":\"Industrial Ball Valve, Gate Valve and Globe Valve Manufacturer\",\"potentialAction\":[{\"@type\":\"SearchAction\",\"target\":\"https:\/\/zecovalve.com\/?s={search_term_string}\",\"query-input\":\"required name=search_term_string\"}],\"inLanguage\":\"tr\"},{\"@type\":\"ImageObject\",\"@id\":\"https:\/\/zecovalve.com\/product\/2-inch-brass-ball-valve#primaryimage\",\"inLanguage\":\"tr\",\"url\":\"https:\/\/zecovalve.com\/wp-content\/uploads\/2022\/07\/Globe-Valve-Check-Valve.jpg\",\"width\":800,\"height\":600,\"caption\":\"Brass Ball Valve\"},{\"@type\":\"WebPage\",\"@id\":\"https:\/\/zecovalve.com\/product\/2-inch-brass-ball-valve#webpage\",\"url\":\"https:\/\/zecovalve.com\/product\/2-inch-brass-ball-valve\",\"name\":\"2 Inch Brass Ball Valve Manufacturer | Competitive Ball Valve Price | ZECO\",\"isPartOf\":{\"@id\":\"https:\/\/zecovalve.com\/#website\"},\"primaryImageOfPage\":{\"@id\":\"https:\/\/zecovalve.com\/product\/2-inch-brass-ball-valve#primaryimage\"},\"datePublished\":\"2022-07-14T03:07:09+00:00\",\"dateModified\":\"2022-07-14T06:31:12+00:00\",\"breadcrumb\":{\"@id\":\"https:\/\/zecovalve.com\/product\/2-inch-brass-ball-valve#breadcrumb\"},\"inLanguage\":\"tr\",\"potentialAction\":[{\"@type\":\"ReadAction\",\"target\":[\"https:\/\/zecovalve.com\/product\/2-inch-brass-ball-valve\"]}]},{\"@type\":\"BreadcrumbList\",\"@id\":\"https:\/\/zecovalve.com\/product\/2-inch-brass-ball-valve#breadcrumb\",\"itemListElement\":[{\"@type\":\"ListItem\",\"position\":1,\"item\":{\"@type\":\"WebPage\",\"@id\":\"https:\/\/zecovalve.com\/\",\"url\":\"https:\/\/zecovalve.com\/\",\"name\":\"Home\"}},{\"@type\":\"ListItem\",\"position\":2,\"item\":{\"@type\":\"WebPage\",\"@id\":\"https:\/\/zecovalve.com\/product-category\",\"url\":\"https:\/\/zecovalve.com\/product-category\",\"name\":\"Industrial Valve Manufacturer | Water Valve Manufacturer\"}},{\"@type\":\"ListItem\",\"position\":3,\"item\":{\"@type\":\"WebPage\",\"@id\":\"https:\/\/zecovalve.com\/product\/2-inch-brass-ball-valve\",\"url\":\"https:\/\/zecovalve.com\/product\/2-inch-brass-ball-valve\",\"name\":\"2 inch Brass Ball Valve\"}}]}]}<\/script>\n<!-- \/ Yoast SEO Premium plugin. -->","_links":{"self":[{"href":"https:\/\/zecovalve.com\/tr\/wp-json\/wp\/v2\/product\/19855","targetHints":{"allow":["GET"]}}],"collection":[{"href":"https:\/\/zecovalve.com\/tr\/wp-json\/wp\/v2\/product"}],"about":[{"href":"https:\/\/zecovalve.com\/tr\/wp-json\/wp\/v2\/types\/product"}],"replies":[{"embeddable":true,"href":"https:\/\/zecovalve.com\/tr\/wp-json\/wp\/v2\/comments?post=19855"}],"wp:featuredmedia":[{"embeddable":true,"href":"https:\/\/zecovalve.com\/tr\/wp-json\/wp\/v2\/media\/19482"}],"wp:attachment":[{"href":"https:\/\/zecovalve.com\/tr\/wp-json\/wp\/v2\/media?parent=19855"}],"wp:term":[{"taxonomy":"product_cat","embeddable":true,"href":"https:\/\/zecovalve.com\/tr\/wp-json\/wp\/v2\/product_cat?post=19855"},{"taxonomy":"product_tag","embeddable":true,"href":"https:\/\/zecovalve.com\/tr\/wp-json\/wp\/v2\/product_tag?post=19855"}],"curies":[{"name":"wp","href":"https:\/\/api.w.org\/{rel}","templated":true}]}}