{"id":19857,"date":"2022-07-14T03:35:13","date_gmt":"2022-07-14T03:35:13","guid":{"rendered":"https:\/\/zecovalve.com\/?post_type=product&#038;p=19857"},"modified":"2022-07-14T06:31:27","modified_gmt":"2022-07-14T06:31:27","slug":"2-brass-ball-valve","status":"publish","type":"product","link":"https:\/\/zecovalve.com\/tr\/urun\/2-brass-ball-valve","title":{"rendered":"2\u2033 Pirin\u00e7 K\u00fcresel Vana"},"content":{"rendered":"<figure class=\"wp-block-image size-full is-resized\"><img loading=\"lazy\" decoding=\"async\" class=\"wp-image-19482\" src=\"https:\/\/zecovalve.com\/wp-content\/uploads\/2022\/07\/Globe-Valve-Check-Valve.jpg\" alt=\"Pirin\u00e7 K\u00fcresel Vana\" width=\"400\" height=\"300\" srcset=\"https:\/\/zecovalve.com\/wp-content\/uploads\/2022\/07\/Globe-Valve-Check-Valve.jpg 800w, https:\/\/zecovalve.com\/wp-content\/uploads\/2022\/07\/Globe-Valve-Check-Valve-300x225.jpg 300w, https:\/\/zecovalve.com\/wp-content\/uploads\/2022\/07\/Globe-Valve-Check-Valve-768x576.jpg 768w, https:\/\/zecovalve.com\/wp-content\/uploads\/2022\/07\/Globe-Valve-Check-Valve-600x450.jpg 600w\" sizes=\"auto, (max-width: 400px) 100vw, 400px\" \/><\/figure>\r\n\r\n\r\n<div class=\"gb-button-wrapper gb-button-wrapper-6d8495a3\">\r\n\r\n\r\n<p><a class=\"gb-button gb-button-3d442e11 gb-button-text\" href=\"https:\/\/zecovalve.com\/tr\/contact\/\" target=\"_blank\" rel=\"noopener noreferrer\"><strong>2\u2033 P\u0130R\u0130N\u00c7 K\u00dcRESEL VANA F\u0130YAT ALIN<\/strong><\/a><\/p>\r\n<\/div>\r\n\r\n\r\n\r\n\r\n<h2 class=\"wp-block-heading\" id=\"h-what-is-a-2-brass-ball-valve\">2\u2033 Pirin\u00e7 K\u00fcresel Vana Nedir?<\/h2>\r\n\r\n\r\n\r\n<p>Tam portlu kur\u015funsuz pirin\u00e7 k\u00fcresel vanalar hava, ya\u011f, su ve yap\u0131 malzemeleriyle uyumlu di\u011fer ortamlarla kullan\u0131lmak \u00fczere tasarlanm\u0131\u015ft\u0131r. \u0130\u00e7me suyu veya di\u011fer genel end\u00fcstriyel uygulamalar i\u00e7in kur\u015funsuz ve NSF onayl\u0131 yap\u0131n\u0131n gerekli oldu\u011fu yerler i\u00e7in idealdir. Vanalar, paslanmaz \u00e7elik kolla manuel olarak \u00e7al\u0131\u015ft\u0131r\u0131labilir veya standart ISO5211 montaj pedi kullan\u0131larak do\u011frudan haval\u0131 veya elektrikli akt\u00fcat\u00f6rlere monte edilebilir. Valfin \u00e7eyrek tur d\u00f6nd\u00fcr\u00fclmesi, bilyan\u0131n kapal\u0131 konumdan tam a\u00e7\u0131k konuma d\u00f6nmesini sa\u011flar. Mandal kilitleme cihaz\u0131, valfin a\u00e7\u0131k veya kapal\u0131 konumda pedle kilitlenmesine olanak tan\u0131r.<\/p>\r\n\r\n\r\n\r\n<h2 class=\"wp-block-heading\">2\u2033 Pirin\u00e7 K\u00fcresel Vanan\u0131n Teknik \u00d6zellikleri<\/h2>\r\n\r\n\r\n\r\n<figure class=\"wp-block-table\">\r\n<table>\r\n<tbody>\r\n<tr>\r\n<th>Boru Boyutu<\/th>\r\n<td>2\u2033 NPT di\u015fi<\/td>\r\n<\/tr>\r\n<tr>\r\n<th>Ba\u011flant\u0131 noktas\u0131 boyutu<\/th>\r\n<td>Tam Ba\u011flant\u0131 Noktas\u0131, delik 2,0 in\u00e7, Cv 240<\/td>\r\n<\/tr>\r\n<tr>\r\n<th>Bas\u0131n\u00e7 Derecesi<\/th>\r\n<td>600 PSI CWP \u015foksuz (P\/T tablosuna bak\u0131n) 29\u2033Hg&#039;ye kadar vakum hizmeti, Buhar Hizmeti 150PSI<\/td>\r\n<\/tr>\r\n<tr>\r\n<th>Tutamak<\/th>\r\n<td>Vinil kavramal\u0131 paslanmaz \u00e7elik<\/td>\r\n<\/tr>\r\n<tr>\r\n<th>Vana G\u00f6vdesi<\/th>\r\n<td>Kur\u015funsuz Pirin\u00e7 C69300<\/td>\r\n<\/tr>\r\n<tr>\r\n<th>Top ve K\u00f6k<\/th>\r\n<td>316 Paslanmaz \u00e7elik<\/td>\r\n<\/tr>\r\n<tr>\r\n<th>K\u00f6k Contalar\u0131<\/th>\r\n<td>\u00c7ift FKM (viton) contal\u0131 PTFE (Teflon)<\/td>\r\n<\/tr>\r\n<tr>\r\n<th>Top Koltuklar\u0131<\/th>\r\n<td>FKM (viton) ile enerjilendirilmi\u015f PTFE (Teflon)<\/td>\r\n<\/tr>\r\n<tr>\r\n<th>S\u0131cakl\u0131k Aral\u0131\u011f\u0131<\/th>\r\n<td>0 ila 366\u00b0F (-20 ila 186\u00b0C)<\/td>\r\n<\/tr>\r\n<tr>\r\n<th>Mola Torku<\/th>\r\n<td>170 in\u00e7 lb (0 PSI, 68\u00b0F), 19,2 Nm (0 bar, 20\u00b0C)<\/td>\r\n<\/tr>\r\n<tr>\r\n<th>ISO5211 Ba\u011flant\u0131s\u0131<\/th>\r\n<td>F05\/F07, 11mm kare g\u00f6vde<\/td>\r\n<\/tr>\r\n<\/tbody>\r\n<\/table>\r\n<\/figure>\r\n\r\n\r\n\r\n<h2 class=\"wp-block-heading\">2\u2033 Pirin\u00e7 K\u00fcresel Vanan\u0131n Avantajlar\u0131<\/h2>\r\n\r\n\r\n\r\n<ul class=\"wp-block-list\">\r\n<li>\u00c7evre dostu kur\u015funsuz pirin\u00e7 yap\u0131<\/li>\r\n<li>S\u0131n\u0131rs\u0131z ak\u0131\u015f i\u00e7in Tam Port<\/li>\r\n<li>316 paslanmaz \u00e7elik bilye ve g\u00f6vde<\/li>\r\n<li>Kan\u0131t sap\u0131n\u0131 \u00fcfleyin<\/li>\r\n<li>Daha uzun \u00e7evrim \u00f6mr\u00fc ve azalt\u0131lm\u0131\u015f tork i\u00e7in enerjilendirilmi\u015f PTFE bilya yuvalar\u0131<\/li>\r\n<li>\u00dc\u00e7l\u00fc PTFE\/Viton s\u0131zd\u0131rmaz g\u00f6vde conta tasar\u0131m\u0131<\/li>\r\n<li>Mandal kilitleme kolu (asma kilitlenebilir)<\/li>\r\n<li>Akt\u00fcat\u00f6re haz\u0131r ISO5211 do\u011frudan montaj pedi<\/li>\r\n<li>\u0130\u00e7me\/i\u00e7me suyuyla kullan\u0131m i\u00e7in NSF372 ve NSF61 sertifikas\u0131na sahiptir<\/li>\r\n<\/ul>\r\n\r\n\r\n\r\n<h2 class=\"wp-block-heading\">2\u2033 Pirin\u00e7 K\u00fcresel Vana Uygulamalar\u0131<\/h2>\r\n\r\n\r\n\r\n<p>S\u0131hhi tesisat, sulama ve daha fazlas\u0131n\u0131 i\u00e7eren \u00e7e\u015fitli uygulamalar i\u00e7in 2 in\u00e7 boru i\u00e7in s\u0131v\u0131 ak\u0131\u015f\u0131n\u0131 kontrol eder ve \u00e7ok az veya hi\u00e7 ak\u0131\u015f kayb\u0131 gerektirmeyen uygulamalar i\u00e7in idealdir.<\/p>","protected":false},"excerpt":{"rendered":"<p>2\u2033 Pirin\u00e7 K\u00fcresel Vana Nedir? Tam portlu kur\u015funsuz pirin\u00e7 k\u00fcresel vanalar hava, ya\u011f, su ile kullan\u0131lmak \u00fczere tasarlanm\u0131\u015ft\u0131r\u2026 <a title=\"2\u2033 Pirin\u00e7 K\u00fcresel Vana\" class=\"read-more\" href=\"https:\/\/zecovalve.com\/tr\/urun\/2-brass-ball-valve\" aria-label=\"2\u2033 Pirin\u00e7 K\u00fcresel Vana hakk\u0131nda daha fazlas\u0131\">Daha fazla bilgi edinin<\/a><\/p>","protected":false},"featured_media":19482,"comment_status":"closed","ping_status":"closed","template":"","meta":{"_generate-full-width-content":"","kt_blocks_editor_width":""},"product_cat":[2047],"product_tag":[2804,2802,2833],"class_list":["post-19857","product","type-product","status-publish","has-post-thumbnail","hentry","product_cat-ball-valve","product_tag-2-inch-ball-valve","product_tag-ball-valve-price","product_tag-brass-ball-valve","sales-flash-overlay","woocommerce-text-align-center","woocommerce-image-align-center","do-quantity-buttons"],"featured_image_src_large":["https:\/\/zecovalve.com\/wp-content\/uploads\/2022\/07\/Globe-Valve-Check-Valve.jpg",800,600,false],"author_info":[],"comment_info":0,"taxonomy_info":{"product_cat":[{"value":2047,"label":"Ball Valve"}],"product_tag":[{"value":2804,"label":"2 inch Ball Valve"},{"value":2802,"label":"Ball Valve Price"},{"value":2833,"label":"Brass Ball Valve"}]},"yoast_head":"<!-- This site is optimized with the Yoast SEO Premium plugin v15.4 - https:\/\/yoast.com\/wordpress\/plugins\/seo\/ -->\n<title>2&quot; Brass Ball Valve - Competitive Ball Valve Price | ZECO Valve<\/title>\n<meta name=\"robots\" content=\"index, follow, max-snippet:-1, max-image-preview:large, max-video-preview:-1\" \/>\n<link rel=\"canonical\" href=\"https:\/\/zecovalve.com\/tr\/urun\/2-brass-ball-valve\" \/>\n<meta property=\"og:locale\" content=\"tr_TR\" \/>\n<meta property=\"og:type\" content=\"article\" \/>\n<meta property=\"og:title\" content=\"2&quot; Brass Ball Valve - Competitive Ball Valve Price | ZECO Valve\" \/>\n<meta property=\"og:description\" content=\"What is a 2&#8243; Brass Ball Valve? Full port lead free brass ball valves are designed for use with air, oil, water ... Read more\" \/>\n<meta property=\"og:url\" content=\"https:\/\/zecovalve.com\/tr\/urun\/2-brass-ball-valve\" \/>\n<meta property=\"og:site_name\" content=\"ZECO Valve\" \/>\n<meta property=\"article:modified_time\" content=\"2022-07-14T06:31:27+00:00\" \/>\n<meta property=\"og:image\" content=\"https:\/\/zecovalve.com\/wp-content\/uploads\/2022\/07\/Globe-Valve-Check-Valve.jpg\" \/>\n\t<meta property=\"og:image:width\" content=\"800\" \/>\n\t<meta property=\"og:image:height\" content=\"600\" \/>\n<meta name=\"twitter:card\" content=\"summary_large_image\" \/>\n<meta name=\"twitter:label1\" content=\"Yazan:\">\n\t<meta name=\"twitter:data1\" content=\"Jerry\">\n\t<meta name=\"twitter:label2\" content=\"Tahmini okuma s\u00fcresi\">\n\t<meta name=\"twitter:data2\" content=\"1 dakika\">\n<script type=\"application\/ld+json\" class=\"yoast-schema-graph\">{\"@context\":\"https:\/\/schema.org\",\"@graph\":[{\"@type\":\"WebSite\",\"@id\":\"https:\/\/zecovalve.com\/#website\",\"url\":\"https:\/\/zecovalve.com\/\",\"name\":\"ZECO Valve\",\"description\":\"Industrial Ball Valve, Gate Valve and Globe Valve Manufacturer\",\"potentialAction\":[{\"@type\":\"SearchAction\",\"target\":\"https:\/\/zecovalve.com\/?s={search_term_string}\",\"query-input\":\"required name=search_term_string\"}],\"inLanguage\":\"tr\"},{\"@type\":\"ImageObject\",\"@id\":\"https:\/\/zecovalve.com\/product\/2-brass-ball-valve#primaryimage\",\"inLanguage\":\"tr\",\"url\":\"https:\/\/zecovalve.com\/wp-content\/uploads\/2022\/07\/Globe-Valve-Check-Valve.jpg\",\"width\":800,\"height\":600,\"caption\":\"Brass Ball Valve\"},{\"@type\":\"WebPage\",\"@id\":\"https:\/\/zecovalve.com\/product\/2-brass-ball-valve#webpage\",\"url\":\"https:\/\/zecovalve.com\/product\/2-brass-ball-valve\",\"name\":\"2\\\" Brass Ball Valve - Competitive Ball Valve Price | ZECO Valve\",\"isPartOf\":{\"@id\":\"https:\/\/zecovalve.com\/#website\"},\"primaryImageOfPage\":{\"@id\":\"https:\/\/zecovalve.com\/product\/2-brass-ball-valve#primaryimage\"},\"datePublished\":\"2022-07-14T03:35:13+00:00\",\"dateModified\":\"2022-07-14T06:31:27+00:00\",\"breadcrumb\":{\"@id\":\"https:\/\/zecovalve.com\/product\/2-brass-ball-valve#breadcrumb\"},\"inLanguage\":\"tr\",\"potentialAction\":[{\"@type\":\"ReadAction\",\"target\":[\"https:\/\/zecovalve.com\/product\/2-brass-ball-valve\"]}]},{\"@type\":\"BreadcrumbList\",\"@id\":\"https:\/\/zecovalve.com\/product\/2-brass-ball-valve#breadcrumb\",\"itemListElement\":[{\"@type\":\"ListItem\",\"position\":1,\"item\":{\"@type\":\"WebPage\",\"@id\":\"https:\/\/zecovalve.com\/\",\"url\":\"https:\/\/zecovalve.com\/\",\"name\":\"Home\"}},{\"@type\":\"ListItem\",\"position\":2,\"item\":{\"@type\":\"WebPage\",\"@id\":\"https:\/\/zecovalve.com\/product-category\",\"url\":\"https:\/\/zecovalve.com\/product-category\",\"name\":\"Industrial Valve Manufacturer | Water Valve Manufacturer\"}},{\"@type\":\"ListItem\",\"position\":3,\"item\":{\"@type\":\"WebPage\",\"@id\":\"https:\/\/zecovalve.com\/product\/2-brass-ball-valve\",\"url\":\"https:\/\/zecovalve.com\/product\/2-brass-ball-valve\",\"name\":\"2&#8243; Brass Ball Valve\"}}]}]}<\/script>\n<!-- \/ Yoast SEO Premium plugin. -->","_links":{"self":[{"href":"https:\/\/zecovalve.com\/tr\/wp-json\/wp\/v2\/product\/19857","targetHints":{"allow":["GET"]}}],"collection":[{"href":"https:\/\/zecovalve.com\/tr\/wp-json\/wp\/v2\/product"}],"about":[{"href":"https:\/\/zecovalve.com\/tr\/wp-json\/wp\/v2\/types\/product"}],"replies":[{"embeddable":true,"href":"https:\/\/zecovalve.com\/tr\/wp-json\/wp\/v2\/comments?post=19857"}],"wp:featuredmedia":[{"embeddable":true,"href":"https:\/\/zecovalve.com\/tr\/wp-json\/wp\/v2\/media\/19482"}],"wp:attachment":[{"href":"https:\/\/zecovalve.com\/tr\/wp-json\/wp\/v2\/media?parent=19857"}],"wp:term":[{"taxonomy":"product_cat","embeddable":true,"href":"https:\/\/zecovalve.com\/tr\/wp-json\/wp\/v2\/product_cat?post=19857"},{"taxonomy":"product_tag","embeddable":true,"href":"https:\/\/zecovalve.com\/tr\/wp-json\/wp\/v2\/product_tag?post=19857"}],"curies":[{"name":"wp","href":"https:\/\/api.w.org\/{rel}","templated":true}]}}