{"id":19860,"date":"2022-07-14T06:29:32","date_gmt":"2022-07-14T06:29:32","guid":{"rendered":"https:\/\/zecovalve.com\/?post_type=product&#038;p=19860"},"modified":"2022-07-14T06:29:46","modified_gmt":"2022-07-14T06:29:46","slug":"3-brass-ball-valve","status":"publish","type":"product","link":"https:\/\/zecovalve.com\/tr\/urun\/3-brass-ball-valve","title":{"rendered":"3\u2033 Pirin\u00e7 K\u00fcresel Vana"},"content":{"rendered":"<figure class=\"wp-block-image size-full is-resized\"><img loading=\"lazy\" decoding=\"async\" class=\"wp-image-19482\" src=\"https:\/\/zecovalve.com\/wp-content\/uploads\/2022\/07\/Globe-Valve-Check-Valve.jpg\" alt=\"Pirin\u00e7 K\u00fcresel Vana\" width=\"400\" height=\"300\" srcset=\"https:\/\/zecovalve.com\/wp-content\/uploads\/2022\/07\/Globe-Valve-Check-Valve.jpg 800w, https:\/\/zecovalve.com\/wp-content\/uploads\/2022\/07\/Globe-Valve-Check-Valve-300x225.jpg 300w, https:\/\/zecovalve.com\/wp-content\/uploads\/2022\/07\/Globe-Valve-Check-Valve-768x576.jpg 768w, https:\/\/zecovalve.com\/wp-content\/uploads\/2022\/07\/Globe-Valve-Check-Valve-600x450.jpg 600w\" sizes=\"auto, (max-width: 400px) 100vw, 400px\" \/><\/figure>\r\n\r\n\r\n<div class=\"gb-button-wrapper gb-button-wrapper-6d8495a3\">\r\n\r\n\r\n<p><a class=\"gb-button gb-button-3d442e11 gb-button-text\" href=\"https:\/\/zecovalve.com\/tr\/contact\/\" target=\"_blank\" rel=\"noopener noreferrer\"><strong>3\u2033 P\u0130R\u0130N\u00c7 K\u00dcRESEL VANA F\u0130YAT ALIN<\/strong><\/a><\/p>\r\n<\/div>\r\n\r\n\r\n\r\n\r\n<h2 class=\"wp-block-heading\" id=\"h-what-is-a-3-brass-ball-valve\">3\u2033 Pirin\u00e7 K\u00fcresel Vana Nedir?<\/h2>\r\n\r\n\r\n\r\n<p>3\u2033 Pirin\u00e7 Tam Yollu K\u00fcresel Vana \u2013 Pirin\u00e7 k\u00fcresel vana, FNPT di\u015fli, s\u0131cakl\u0131k aral\u0131\u011f\u0131 -60\u00b0F \u2013 400\u00b0F, patlamaya dayan\u0131kl\u0131 g\u00f6vde, krom kaplamal\u0131 pirin\u00e7 bilya. Vana yaln\u0131zca tamamen a\u00e7\u0131k veya kapal\u0131 konumda kullan\u0131lmal\u0131d\u0131r.<\/p>\r\n\r\n\r\n\r\n<p>Tam Ge\u00e7i\u015fli Pirin\u00e7 K\u00fcresel Vana Di\u015fi Ulusal Boru Di\u015fli, Kol Sapl\u0131.<\/p>\r\n\r\n\r\n\r\n<h2 class=\"wp-block-heading\">3\u2033 Pirin\u00e7 K\u00fcresel Vana Teknik \u00d6zellikleri<\/h2>\r\n\r\n\r\n\r\n<figure class=\"wp-block-table\">\r\n<table>\r\n<tbody>\r\n<tr>\r\n<td>Malzeme<\/td>\r\n<td>Pirin\u00e7<\/td>\r\n<\/tr>\r\n<tr>\r\n<td>Valf Boyutu<\/td>\r\n<td>3 in\u00e7<\/td>\r\n<\/tr>\r\n<tr>\r\n<td>Bas\u0131n\u00e7<\/td>\r\n<td>Al\u00e7ak Bas\u0131n\u00e7, Orta Bas\u0131n\u00e7, Y\u00fcksek Bas\u0131n\u00e7<\/td>\r\n<\/tr>\r\n<tr>\r\n<td>S\u0131cakl\u0131k Aral\u0131\u011f\u0131<\/td>\r\n<td>-60\u00b0 F \u2013 400\u00b0 F<\/td>\r\n<\/tr>\r\n<tr>\r\n<td>Anavatan<\/td>\r\n<td>\u00c7in<\/td>\r\n<\/tr>\r\n<tr>\r\n<td>Medya<\/td>\r\n<td>Hava su<\/td>\r\n<\/tr>\r\n<tr>\r\n<td>Medyan\u0131n S\u0131cakl\u0131\u011f\u0131<\/td>\r\n<td>D\u00fc\u015f\u00fck S\u0131cakl\u0131k, Orta S\u0131cakl\u0131k, Y\u00fcksek S\u0131cakl\u0131k<\/td>\r\n<\/tr>\r\n<tr>\r\n<td>Kullan\u0131m\/Uygulama<\/td>\r\n<td>End\u00fcstriyel\/ S\u0131hhi Tesisat<\/td>\r\n<\/tr>\r\n<tr>\r\n<td>Model numaras\u0131<\/td>\r\n<td>ZF01<\/td>\r\n<\/tr>\r\n<tr>\r\n<td>Durum<\/td>\r\n<td>Yeni<\/td>\r\n<\/tr>\r\n<tr>\r\n<td>minimum sipari\u015f miktar\u0131<\/td>\r\n<td>10<\/td>\r\n<\/tr>\r\n<\/tbody>\r\n<\/table>\r\n<\/figure>\r\n\r\n\r\n\r\n<h2 class=\"wp-block-heading\">3\u2033 Pirin\u00e7 K\u00fcresel Vanan\u0131n Avantajlar\u0131<\/h2>\r\n\r\n\r\n\r\n<ul class=\"wp-block-list\">\r\n<li>Her t\u00fcrl\u00fc s\u0131v\u0131 ve gaz i\u00e7in uygundur<\/li>\r\n<li>B\u00fcy\u00fck tam boyutlu ba\u011flant\u0131 noktalar\u0131 sayesinde minimum bas\u0131n\u00e7 kayb\u0131<\/li>\r\n<li>Alttan y\u00fcklemeli, bas\u0131n\u00e7 tutma sap\u0131<\/li>\r\n<li>600psi&#039;de (42 bar) 1\/4\u2033-2\u2033 bas\u0131n\u00e7 de\u011ferleri<\/li>\r\n<li>400 psi WOG&#039;da (\u015foksuz) ve 150 WSP (10,34 bar) doymu\u015f buharda 2-1\/2&quot;-4&quot;.<\/li>\r\n<li>\u0130\u015flenmemi\u015f PTFE g\u00f6vde salmastra contas\u0131, bask\u0131 rondelas\u0131 ve yuvalar<\/li>\r\n<li>A\u011f\u0131r hizmet tipi kaplamal\u0131 karbon \u00e7elik kulplarda sar\u0131 vinil izolat\u00f6r<\/li>\r\n<li>H\u0131zl\u0131 1\/4 tur a\u00e7ma veya kapama i\u015flemi<\/li>\r\n<li>Kur\u015funsuz De\u011fil<\/li>\r\n<li>Benzin i\u00e7in iyi<\/li>\r\n<\/ul>\r\n\r\n\r\n\r\n<h2 class=\"wp-block-heading\">3\u2033 Pirin\u00e7 K\u00fcresel Vana Uygulamalar\u0131<\/h2>\r\n\r\n\r\n\r\n<p>Tam Ge\u00e7i\u015fli, 3\u2033 Pirin\u00e7 K\u00fcresel Vanalar, konut ve ticari uygulamalardaki her t\u00fcrl\u00fc s\u0131v\u0131 ve gaz i\u00e7in uygundur.<\/p>","protected":false},"excerpt":{"rendered":"<p>3\u2033 Pirin\u00e7 K\u00fcresel Vana Nedir? 3\u2033 Pirin\u00e7 Tam Yollu K\u00fcresel Vana \u2013 Pirin\u00e7 k\u00fcresel vana, FNPT di\u015fli, s\u0131cakl\u0131k aral\u0131\u011f\u0131 -60\u00b0F \u2026 <a title=\"3\u2033 Pirin\u00e7 K\u00fcresel Vana\" class=\"read-more\" href=\"https:\/\/zecovalve.com\/tr\/urun\/3-brass-ball-valve\" aria-label=\"3\u2033 Pirin\u00e7 K\u00fcresel Vana hakk\u0131nda daha fazlas\u0131\">Daha fazla bilgi edinin<\/a><\/p>","protected":false},"featured_media":19482,"comment_status":"closed","ping_status":"closed","template":"","meta":{"_generate-full-width-content":"","kt_blocks_editor_width":""},"product_cat":[2047,2461],"product_tag":[2802,2833],"class_list":["post-19860","product","type-product","status-publish","has-post-thumbnail","hentry","product_cat-ball-valve","product_cat-ball-valve-by-material","product_tag-ball-valve-price","product_tag-brass-ball-valve","sales-flash-overlay","woocommerce-text-align-center","woocommerce-image-align-center","do-quantity-buttons"],"featured_image_src_large":["https:\/\/zecovalve.com\/wp-content\/uploads\/2022\/07\/Globe-Valve-Check-Valve.jpg",800,600,false],"author_info":[],"comment_info":0,"taxonomy_info":{"product_cat":[{"value":2047,"label":"Ball Valve"},{"value":2461,"label":"Ball Valve By Material"}],"product_tag":[{"value":2802,"label":"Ball Valve Price"},{"value":2833,"label":"Brass Ball Valve"}]},"yoast_head":"<!-- This site is optimized with the Yoast SEO Premium plugin v15.4 - https:\/\/yoast.com\/wordpress\/plugins\/seo\/ -->\n<title>3&quot; Brass Ball Valve - Competitive Ball Valve Price | ZECO Valve<\/title>\n<meta name=\"robots\" content=\"index, follow, max-snippet:-1, max-image-preview:large, max-video-preview:-1\" \/>\n<link rel=\"canonical\" href=\"https:\/\/zecovalve.com\/tr\/urun\/3-brass-ball-valve\" \/>\n<meta property=\"og:locale\" content=\"tr_TR\" \/>\n<meta property=\"og:type\" content=\"article\" \/>\n<meta property=\"og:title\" content=\"3&quot; Brass Ball Valve - Competitive Ball Valve Price | ZECO Valve\" \/>\n<meta property=\"og:description\" content=\"What is a 3&#8243; Brass Ball Valve? 3\u2033 Brass Full Port Ball Valve \u2013 Brass ball valve, FNPT threaded, temperature range -60\u00b0F ... Read more\" \/>\n<meta property=\"og:url\" content=\"https:\/\/zecovalve.com\/tr\/urun\/3-brass-ball-valve\" \/>\n<meta property=\"og:site_name\" content=\"ZECO Valve\" \/>\n<meta property=\"article:modified_time\" content=\"2022-07-14T06:29:46+00:00\" \/>\n<meta property=\"og:image\" content=\"https:\/\/zecovalve.com\/wp-content\/uploads\/2022\/07\/Globe-Valve-Check-Valve.jpg\" \/>\n\t<meta property=\"og:image:width\" content=\"800\" \/>\n\t<meta property=\"og:image:height\" content=\"600\" \/>\n<meta name=\"twitter:card\" content=\"summary_large_image\" \/>\n<meta name=\"twitter:label1\" content=\"Yazan:\">\n\t<meta name=\"twitter:data1\" content=\"Jerry\">\n\t<meta name=\"twitter:label2\" content=\"Tahmini okuma s\u00fcresi\">\n\t<meta name=\"twitter:data2\" content=\"1 dakika\">\n<script type=\"application\/ld+json\" class=\"yoast-schema-graph\">{\"@context\":\"https:\/\/schema.org\",\"@graph\":[{\"@type\":\"WebSite\",\"@id\":\"https:\/\/zecovalve.com\/#website\",\"url\":\"https:\/\/zecovalve.com\/\",\"name\":\"ZECO Valve\",\"description\":\"Industrial Ball Valve, Gate Valve and Globe Valve Manufacturer\",\"potentialAction\":[{\"@type\":\"SearchAction\",\"target\":\"https:\/\/zecovalve.com\/?s={search_term_string}\",\"query-input\":\"required name=search_term_string\"}],\"inLanguage\":\"tr\"},{\"@type\":\"ImageObject\",\"@id\":\"https:\/\/zecovalve.com\/product\/3-brass-ball-valve#primaryimage\",\"inLanguage\":\"tr\",\"url\":\"https:\/\/zecovalve.com\/wp-content\/uploads\/2022\/07\/Globe-Valve-Check-Valve.jpg\",\"width\":800,\"height\":600,\"caption\":\"Brass Ball Valve\"},{\"@type\":\"WebPage\",\"@id\":\"https:\/\/zecovalve.com\/product\/3-brass-ball-valve#webpage\",\"url\":\"https:\/\/zecovalve.com\/product\/3-brass-ball-valve\",\"name\":\"3\\\" Brass Ball Valve - Competitive Ball Valve Price | ZECO Valve\",\"isPartOf\":{\"@id\":\"https:\/\/zecovalve.com\/#website\"},\"primaryImageOfPage\":{\"@id\":\"https:\/\/zecovalve.com\/product\/3-brass-ball-valve#primaryimage\"},\"datePublished\":\"2022-07-14T06:29:32+00:00\",\"dateModified\":\"2022-07-14T06:29:46+00:00\",\"breadcrumb\":{\"@id\":\"https:\/\/zecovalve.com\/product\/3-brass-ball-valve#breadcrumb\"},\"inLanguage\":\"tr\",\"potentialAction\":[{\"@type\":\"ReadAction\",\"target\":[\"https:\/\/zecovalve.com\/product\/3-brass-ball-valve\"]}]},{\"@type\":\"BreadcrumbList\",\"@id\":\"https:\/\/zecovalve.com\/product\/3-brass-ball-valve#breadcrumb\",\"itemListElement\":[{\"@type\":\"ListItem\",\"position\":1,\"item\":{\"@type\":\"WebPage\",\"@id\":\"https:\/\/zecovalve.com\/\",\"url\":\"https:\/\/zecovalve.com\/\",\"name\":\"Home\"}},{\"@type\":\"ListItem\",\"position\":2,\"item\":{\"@type\":\"WebPage\",\"@id\":\"https:\/\/zecovalve.com\/product-category\",\"url\":\"https:\/\/zecovalve.com\/product-category\",\"name\":\"Industrial Valve Manufacturer | Water Valve Manufacturer\"}},{\"@type\":\"ListItem\",\"position\":3,\"item\":{\"@type\":\"WebPage\",\"@id\":\"https:\/\/zecovalve.com\/product\/3-brass-ball-valve\",\"url\":\"https:\/\/zecovalve.com\/product\/3-brass-ball-valve\",\"name\":\"3&#8243; Brass Ball Valve\"}}]}]}<\/script>\n<!-- \/ Yoast SEO Premium plugin. -->","_links":{"self":[{"href":"https:\/\/zecovalve.com\/tr\/wp-json\/wp\/v2\/product\/19860","targetHints":{"allow":["GET"]}}],"collection":[{"href":"https:\/\/zecovalve.com\/tr\/wp-json\/wp\/v2\/product"}],"about":[{"href":"https:\/\/zecovalve.com\/tr\/wp-json\/wp\/v2\/types\/product"}],"replies":[{"embeddable":true,"href":"https:\/\/zecovalve.com\/tr\/wp-json\/wp\/v2\/comments?post=19860"}],"wp:featuredmedia":[{"embeddable":true,"href":"https:\/\/zecovalve.com\/tr\/wp-json\/wp\/v2\/media\/19482"}],"wp:attachment":[{"href":"https:\/\/zecovalve.com\/tr\/wp-json\/wp\/v2\/media?parent=19860"}],"wp:term":[{"taxonomy":"product_cat","embeddable":true,"href":"https:\/\/zecovalve.com\/tr\/wp-json\/wp\/v2\/product_cat?post=19860"},{"taxonomy":"product_tag","embeddable":true,"href":"https:\/\/zecovalve.com\/tr\/wp-json\/wp\/v2\/product_tag?post=19860"}],"curies":[{"name":"wp","href":"https:\/\/api.w.org\/{rel}","templated":true}]}}