{"id":19862,"date":"2022-07-14T07:26:02","date_gmt":"2022-07-14T07:26:02","guid":{"rendered":"https:\/\/zecovalve.com\/?post_type=product&#038;p=19862"},"modified":"2022-07-14T07:29:38","modified_gmt":"2022-07-14T07:29:38","slug":"3-way-brass-ball-valve","status":"publish","type":"product","link":"https:\/\/zecovalve.com\/tr\/urun\/3-way-brass-ball-valve","title":{"rendered":"3 Yollu Pirin\u00e7 K\u00fcresel Vana"},"content":{"rendered":"<p>3 yollu pirin\u00e7 k\u00fcresel vanalar, birden fazla medya kayna\u011f\u0131n\u0131n oldu\u011fu uygulamalarda veya medyay\u0131 iki farkl\u0131 y\u00f6ne y\u00f6nlendirmek i\u00e7in kullan\u0131l\u0131r.<\/p>\r\n\r\n\r\n\r\n<figure class=\"wp-block-image size-full\"><img loading=\"lazy\" decoding=\"async\" width=\"230\" height=\"350\" class=\"wp-image-19863\" src=\"https:\/\/zecovalve.com\/wp-content\/uploads\/2022\/07\/3-Way-Brass-Ball-Valve.png\" alt=\"\" srcset=\"https:\/\/zecovalve.com\/wp-content\/uploads\/2022\/07\/3-Way-Brass-Ball-Valve.png 230w, https:\/\/zecovalve.com\/wp-content\/uploads\/2022\/07\/3-Way-Brass-Ball-Valve-197x300.png 197w\" sizes=\"auto, (max-width: 230px) 100vw, 230px\" \/><\/figure>\r\n\r\n\r\n<div class=\"gb-button-wrapper gb-button-wrapper-6d8495a3\">\r\n\r\n\r\n<p><a class=\"gb-button gb-button-3d442e11 gb-button-text\" href=\"https:\/\/zecovalve.com\/tr\/contact\/\" target=\"_blank\" rel=\"noopener noreferrer\"><strong>3 YOLLU P\u0130R\u0130N\u00c7 K\u00dcRESEL VANA F\u0130YAT ALIN<\/strong><\/a><\/p>\r\n<\/div>\r\n\r\n\r\n\r\n\r\n<h2 class=\"wp-block-heading\" id=\"h-what-is-a-3-way-brass-ball-valve\">3 Yollu Pirin\u00e7 K\u00fcresel Vana Nedir?<\/h2>\r\n\r\n\r\n\r\n<p>3 Yollu Pirin\u00e7 K\u00fcresel Vanalar, ak\u0131\u015f\u0131 gerekti\u011fi gibi farkl\u0131 y\u00f6nlere y\u00f6nlendirmek i\u00e7in tasarlanm\u0131\u015ft\u0131r. T\u00fcm vanalar \u201cL\u201d stilindedir ancak \u201cT\u201d stili de mevcuttur. Bu vanalar \u00e7e\u015fitli kimyasal ve s\u0131v\u0131 uygulamalarda kullan\u0131m i\u00e7in idealdir. Kilitleme kollar\u0131 ve di\u015fi FPT ba\u011flant\u0131 noktalar\u0131 standartt\u0131r. T\u00fcm vanalar manuel olarak \u00e7al\u0131\u015ft\u0131r\u0131l\u0131r ancak gerekirse akt\u00fcat\u00f6rler veya konum g\u00f6stergeleri i\u00e7in montaj pedleri i\u00e7erir.<\/p>\r\n\r\n\r\n\r\n<h2 class=\"wp-block-heading\">3 Yollu Pirin\u00e7 K\u00fcresel Vana Nerelerde Kullan\u0131l\u0131r?<\/h2>\r\n\r\n\r\n\r\n<p>\u00dc\u00e7 yollu pirin\u00e7 k\u00fcresel vanalar\u0131n \u00fc\u00e7 ba\u011flant\u0131 noktas\u0131 vard\u0131r ve manuel olarak \u00e7al\u0131\u015ft\u0131r\u0131labilir veya elektrikli veya pn\u00f6matik bir akt\u00fcat\u00f6rle otomatikle\u015ftirilebilir. Topun i\u00e7inden ge\u00e7en delik iki \u00e7e\u015fittir: \u201cL\u201d ve \u201cT\u201d portu. \u00dc\u00e7 yollu vanalar \u015funlar\u0131 yapabilir:<\/p>\r\n\r\n\r\n\r\n<ul class=\"wp-block-list\">\r\n<li>Ak\u0131\u015f\u0131 kesin veya kapat\u0131n<\/li>\r\n<li>Ak\u0131\u015f\u0131 iki farkl\u0131 kaynak aras\u0131nda de\u011fi\u015ftirin<\/li>\r\n<li>\u0130ki farkl\u0131 kaynaktan gelen ak\u0131\u015f\u0131 birle\u015ftirin<\/li>\r\n<li>\u0130ki farkl\u0131 var\u0131\u015f noktas\u0131 aras\u0131ndaki alternatif ak\u0131\u015f<\/li>\r\n<li>Bir kaynaktan gelen ak\u0131\u015f\u0131 ba\u015fka bir hedefe y\u00f6nlendirin<\/li>\r\n<li>Tek kaynaktan gelen ak\u0131\u015f\u0131n iki giden hedef aras\u0131nda b\u00f6l\u00fcnmesi<\/li>\r\n<\/ul>\r\n\r\n\r\n\r\n<h2 class=\"wp-block-heading\">3 Yollu Pirin\u00e7 K\u00fcresel Vana Teknik \u00d6zellikleri<\/h2>\r\n\r\n\r\n\r\n<figure class=\"wp-block-table is-style-stripes\">\r\n<table>\r\n<tbody>\r\n<tr>\r\n<td>G\u00f6vde Malzemesi<\/td>\r\n<td>Pirin\u00e7<\/td>\r\n<\/tr>\r\n<tr>\r\n<td>K\u00f6k Malzemesi<\/td>\r\n<td>Pirin\u00e7<\/td>\r\n<\/tr>\r\n<tr>\r\n<td>Top Malzemesi<\/td>\r\n<td>Krom Kaplama Pirin\u00e7<\/td>\r\n<\/tr>\r\n<tr>\r\n<td>Koltuk Malzemesi<\/td>\r\n<td>PTFE<\/td>\r\n<\/tr>\r\n<tr>\r\n<td>K\u00f6k Conta Malzemesi<\/td>\r\n<td>PTFE, Viton\u00ae O-halkal\u0131 veya RPTFE<\/td>\r\n<\/tr>\r\n<tr>\r\n<td>U\u00e7 Ba\u011flant\u0131lar\u0131<\/td>\r\n<td>NPT Di\u015fli (1\/4\u2033 ila 3\u2033)<\/td>\r\n<\/tr>\r\n<tr>\r\n<td>S\u0131cakl\u0131k aral\u0131\u011f\u0131:<\/td>\r\n<td>-30 ila 320\u00b0F<\/td>\r\n<\/tr>\r\n<tr>\r\n<td>Bas\u0131n\u00e7 Aral\u0131\u011f\u0131:<\/td>\r\n<td>400 PSIG&#039;ye kadar<\/td>\r\n<\/tr>\r\n<\/tbody>\r\n<\/table>\r\n<\/figure>\r\n\r\n\r\n\r\n<h2 class=\"wp-block-heading\">3 Yollu Pirin\u00e7 K\u00fcresel Vanalar\u0131n Avantajlar\u0131<\/h2>\r\n\r\n\r\n\r\n<ul class=\"wp-block-list\">\r\n<li>Standart ba\u011flant\u0131 noktas\u0131<\/li>\r\n<li>Patlamaya dayan\u0131kl\u0131 g\u00f6vde<\/li>\r\n<li>Canl\u0131 y\u00fckl\u00fc Piramidal g\u00f6vde conta tasar\u0131m\u0131<\/li>\r\n<li>Akt\u00fcat\u00f6rler i\u00e7in entegre montaj pedi<\/li>\r\n<li>Kompakt montaj<\/li>\r\n<li>Eksiksiz aksesuar serisi<\/li>\r\n<\/ul>\r\n\r\n\r\n\r\n<h2 class=\"wp-block-heading\">3 Yollu Pirin\u00e7 K\u00fcresel Vana Uygulamalar\u0131<\/h2>\r\n\r\n\r\n\r\n<ul class=\"wp-block-list\">\r\n<li>Hava Kurutma Ekipmanlar\u0131<\/li>\r\n<li>Kirlilik Kontrol Ekipmanlar\u0131<\/li>\r\n<li>Proses Kontrol Uygulamalar\u0131<\/li>\r\n<li>\u00c7ama\u015f\u0131rhane Ekipmanlar\u0131<\/li>\r\n<li>Tekstil Boyama ve Kurutma<\/li>\r\n<li>\u015ei\u015feleme ve Da\u011f\u0131t\u0131m Ekipmanlar\u0131<\/li>\r\n<\/ul>","protected":false},"excerpt":{"rendered":"<p>3 yollu pirin\u00e7 k\u00fcresel vanalar, birden fazla medya kayna\u011f\u0131n\u0131n oldu\u011fu uygulamalarda veya medyay\u0131 iki y\u00f6nde y\u00f6nlendirmek i\u00e7in kullan\u0131l\u0131r. <a title=\"3 Yollu Pirin\u00e7 K\u00fcresel Vana\" class=\"read-more\" href=\"https:\/\/zecovalve.com\/tr\/urun\/3-way-brass-ball-valve\" aria-label=\"3 Yollu Pirin\u00e7 K\u00fcresel Vana hakk\u0131nda daha fazlas\u0131\">Daha fazla bilgi edinin<\/a><\/p>","protected":false},"featured_media":19863,"comment_status":"closed","ping_status":"closed","template":"","meta":{"_generate-full-width-content":"","kt_blocks_editor_width":""},"product_cat":[2047],"product_tag":[2802,2833],"class_list":["post-19862","product","type-product","status-publish","has-post-thumbnail","hentry","product_cat-ball-valve","product_tag-ball-valve-price","product_tag-brass-ball-valve","sales-flash-overlay","woocommerce-text-align-center","woocommerce-image-align-center","do-quantity-buttons"],"featured_image_src_large":["https:\/\/zecovalve.com\/wp-content\/uploads\/2022\/07\/3-Way-Brass-Ball-Valve.png",230,350,false],"author_info":[],"comment_info":0,"taxonomy_info":{"product_cat":[{"value":2047,"label":"Ball Valve"}],"product_tag":[{"value":2802,"label":"Ball Valve Price"},{"value":2833,"label":"Brass Ball Valve"}]},"yoast_head":"<!-- This site is optimized with the Yoast SEO Premium plugin v15.4 - https:\/\/yoast.com\/wordpress\/plugins\/seo\/ -->\n<title>3 Way Brass Ball Valve - Competitive Ball Valve Price | ZECO Valve<\/title>\n<meta name=\"robots\" content=\"index, follow, max-snippet:-1, max-image-preview:large, max-video-preview:-1\" \/>\n<link rel=\"canonical\" href=\"https:\/\/zecovalve.com\/tr\/urun\/3-way-brass-ball-valve\" \/>\n<meta property=\"og:locale\" content=\"tr_TR\" \/>\n<meta property=\"og:type\" content=\"article\" \/>\n<meta property=\"og:title\" content=\"3 Way Brass Ball Valve - Competitive Ball Valve Price | ZECO Valve\" \/>\n<meta property=\"og:description\" content=\"3 way brass ball valves are used in applications with more than one source of media or to divert media in two ... Read more\" \/>\n<meta property=\"og:url\" content=\"https:\/\/zecovalve.com\/tr\/urun\/3-way-brass-ball-valve\" \/>\n<meta property=\"og:site_name\" content=\"ZECO Valve\" \/>\n<meta property=\"article:modified_time\" content=\"2022-07-14T07:29:38+00:00\" \/>\n<meta property=\"og:image\" content=\"https:\/\/zecovalve.com\/wp-content\/uploads\/2022\/07\/3-Way-Brass-Ball-Valve.png\" \/>\n\t<meta property=\"og:image:width\" content=\"230\" \/>\n\t<meta property=\"og:image:height\" content=\"350\" \/>\n<meta name=\"twitter:card\" content=\"summary_large_image\" \/>\n<meta name=\"twitter:label1\" content=\"Yazan:\">\n\t<meta name=\"twitter:data1\" content=\"Jerry\">\n\t<meta name=\"twitter:label2\" content=\"Tahmini okuma s\u00fcresi\">\n\t<meta name=\"twitter:data2\" content=\"1 dakika\">\n<script type=\"application\/ld+json\" class=\"yoast-schema-graph\">{\"@context\":\"https:\/\/schema.org\",\"@graph\":[{\"@type\":\"WebSite\",\"@id\":\"https:\/\/zecovalve.com\/#website\",\"url\":\"https:\/\/zecovalve.com\/\",\"name\":\"ZECO Valve\",\"description\":\"Industrial Ball Valve, Gate Valve and Globe Valve Manufacturer\",\"potentialAction\":[{\"@type\":\"SearchAction\",\"target\":\"https:\/\/zecovalve.com\/?s={search_term_string}\",\"query-input\":\"required name=search_term_string\"}],\"inLanguage\":\"tr\"},{\"@type\":\"ImageObject\",\"@id\":\"https:\/\/zecovalve.com\/product\/3-way-brass-ball-valve#primaryimage\",\"inLanguage\":\"tr\",\"url\":\"https:\/\/zecovalve.com\/wp-content\/uploads\/2022\/07\/3-Way-Brass-Ball-Valve.png\",\"width\":230,\"height\":350},{\"@type\":\"WebPage\",\"@id\":\"https:\/\/zecovalve.com\/product\/3-way-brass-ball-valve#webpage\",\"url\":\"https:\/\/zecovalve.com\/product\/3-way-brass-ball-valve\",\"name\":\"3 Way Brass Ball Valve - Competitive Ball Valve Price | ZECO Valve\",\"isPartOf\":{\"@id\":\"https:\/\/zecovalve.com\/#website\"},\"primaryImageOfPage\":{\"@id\":\"https:\/\/zecovalve.com\/product\/3-way-brass-ball-valve#primaryimage\"},\"datePublished\":\"2022-07-14T07:26:02+00:00\",\"dateModified\":\"2022-07-14T07:29:38+00:00\",\"breadcrumb\":{\"@id\":\"https:\/\/zecovalve.com\/product\/3-way-brass-ball-valve#breadcrumb\"},\"inLanguage\":\"tr\",\"potentialAction\":[{\"@type\":\"ReadAction\",\"target\":[\"https:\/\/zecovalve.com\/product\/3-way-brass-ball-valve\"]}]},{\"@type\":\"BreadcrumbList\",\"@id\":\"https:\/\/zecovalve.com\/product\/3-way-brass-ball-valve#breadcrumb\",\"itemListElement\":[{\"@type\":\"ListItem\",\"position\":1,\"item\":{\"@type\":\"WebPage\",\"@id\":\"https:\/\/zecovalve.com\/\",\"url\":\"https:\/\/zecovalve.com\/\",\"name\":\"Home\"}},{\"@type\":\"ListItem\",\"position\":2,\"item\":{\"@type\":\"WebPage\",\"@id\":\"https:\/\/zecovalve.com\/product-category\",\"url\":\"https:\/\/zecovalve.com\/product-category\",\"name\":\"Industrial Valve Manufacturer | Water Valve Manufacturer\"}},{\"@type\":\"ListItem\",\"position\":3,\"item\":{\"@type\":\"WebPage\",\"@id\":\"https:\/\/zecovalve.com\/product\/3-way-brass-ball-valve\",\"url\":\"https:\/\/zecovalve.com\/product\/3-way-brass-ball-valve\",\"name\":\"3 Way Brass Ball Valve\"}}]}]}<\/script>\n<!-- \/ Yoast SEO Premium plugin. -->","_links":{"self":[{"href":"https:\/\/zecovalve.com\/tr\/wp-json\/wp\/v2\/product\/19862","targetHints":{"allow":["GET"]}}],"collection":[{"href":"https:\/\/zecovalve.com\/tr\/wp-json\/wp\/v2\/product"}],"about":[{"href":"https:\/\/zecovalve.com\/tr\/wp-json\/wp\/v2\/types\/product"}],"replies":[{"embeddable":true,"href":"https:\/\/zecovalve.com\/tr\/wp-json\/wp\/v2\/comments?post=19862"}],"wp:featuredmedia":[{"embeddable":true,"href":"https:\/\/zecovalve.com\/tr\/wp-json\/wp\/v2\/media\/19863"}],"wp:attachment":[{"href":"https:\/\/zecovalve.com\/tr\/wp-json\/wp\/v2\/media?parent=19862"}],"wp:term":[{"taxonomy":"product_cat","embeddable":true,"href":"https:\/\/zecovalve.com\/tr\/wp-json\/wp\/v2\/product_cat?post=19862"},{"taxonomy":"product_tag","embeddable":true,"href":"https:\/\/zecovalve.com\/tr\/wp-json\/wp\/v2\/product_tag?post=19862"}],"curies":[{"name":"wp","href":"https:\/\/api.w.org\/{rel}","templated":true}]}}