{"id":19864,"date":"2022-07-14T07:38:29","date_gmt":"2022-07-14T07:38:29","guid":{"rendered":"https:\/\/zecovalve.com\/?post_type=product&#038;p=19864"},"modified":"2022-07-14T08:10:54","modified_gmt":"2022-07-14T08:10:54","slug":"1-4-brass-ball-valve","status":"publish","type":"product","link":"https:\/\/zecovalve.com\/tr\/urun\/1-4-brass-ball-valve","title":{"rendered":"1\/4\u2033 Pirin\u00e7 K\u00fcresel Vana"},"content":{"rendered":"<figure class=\"wp-block-image size-full is-resized\"><img loading=\"lazy\" decoding=\"async\" class=\"wp-image-19482\" src=\"https:\/\/zecovalve.com\/wp-content\/uploads\/2022\/07\/Globe-Valve-Check-Valve.jpg\" alt=\"Pirin\u00e7 K\u00fcresel Vana\" width=\"400\" height=\"300\" srcset=\"https:\/\/zecovalve.com\/wp-content\/uploads\/2022\/07\/Globe-Valve-Check-Valve.jpg 800w, https:\/\/zecovalve.com\/wp-content\/uploads\/2022\/07\/Globe-Valve-Check-Valve-300x225.jpg 300w, https:\/\/zecovalve.com\/wp-content\/uploads\/2022\/07\/Globe-Valve-Check-Valve-768x576.jpg 768w, https:\/\/zecovalve.com\/wp-content\/uploads\/2022\/07\/Globe-Valve-Check-Valve-600x450.jpg 600w\" sizes=\"auto, (max-width: 400px) 100vw, 400px\" \/><\/figure>\r\n\r\n\r\n<div class=\"gb-button-wrapper gb-button-wrapper-6d8495a3\">\r\n\r\n\r\n<p><a class=\"gb-button gb-button-3d442e11 gb-button-text\" href=\"https:\/\/zecovalve.com\/tr\/contact\/\" target=\"_blank\" rel=\"noopener noreferrer\"><strong>1\/4\u2033 P\u0130R\u0130N\u00c7 K\u00dcRESEL VANA F\u0130YAT ALIN<\/strong><\/a><\/p>\r\n<\/div>\r\n\r\n\r\n\r\n\r\n<h2 class=\"wp-block-heading\" id=\"h-what-is-a-1-2-brass-ball-valve\">1\/4\u2033 Pirin\u00e7 K\u00fcresel Vana Nedir?<\/h2>\r\n\r\n\r\n\r\n<p>Bak\u0131r sistemdeki ak\u0131\u015f\u0131 ba\u015flatmak veya durdurmak i\u00e7in bu ZECO 1\/2\u2033 Pirin\u00e7 K\u00fcresel Vanay\u0131 di\u015fli ba\u011flant\u0131larla kullan\u0131n. Di\u015fli ba\u011flant\u0131lar, bak\u0131m i\u00e7in s\u00f6k\u00fclebilecek g\u00fc\u00e7l\u00fc contalar yapmak i\u00e7in m\u00fckemmeldir. Bu tam ge\u00e7i\u015fli k\u00fcresel vanan\u0131n kur\u015funsuz oldu\u011fu onaylanm\u0131\u015ft\u0131r; bu, \u0131slak y\u00fczeylerin ortalama 0,25%&#039;den daha az kur\u015fun i\u00e7erdi\u011fi anlam\u0131na gelir. ZECO Valve, mevcut en iyi pirin\u00e7 k\u00fcresel vanalardan baz\u0131lar\u0131n\u0131 sunmaktad\u0131r, o y\u00fczden bug\u00fcn bir tane edinin!<\/p>\r\n\r\n\r\n\r\n<h2 class=\"wp-block-heading\">1\/4\u2033 Pirin\u00e7 K\u00fcresel Vana Teknik \u00d6zellikleri<\/h2>\r\n\r\n\r\n\r\n<figure class=\"wp-block-table is-style-stripes\">\r\n<table>\r\n<tbody>\r\n<tr>\r\n<td>\u00d6\u011fe<\/td>\r\n<td>K\u00fcresel Vana<\/td>\r\n<td>Koltuk Malzemesi<\/td>\r\n<td>PTFE<\/td>\r\n<\/tr>\r\n<tr>\r\n<td>G\u00f6vde Malzemesi<\/td>\r\n<td>Pirin\u00e7<\/td>\r\n<td>K\u00f6k Tipi<\/td>\r\n<td>Patlama Korumal\u0131<\/td>\r\n<\/tr>\r\n<tr>\r\n<td>G\u00f6vde Stili<\/td>\r\n<td>\u00c7izgide<\/td>\r\n<td>Kulp Tipi<\/td>\r\n<td>Kol<\/td>\r\n<\/tr>\r\n<tr>\r\n<td>Valf Yap\u0131s\u0131<\/td>\r\n<td>2 par\u00e7a<\/td>\r\n<td>Sap Malzemesi<\/td>\r\n<td>Korozyona Diren\u00e7li Kaplamal\u0131 \u00c7elik<\/td>\r\n<\/tr>\r\n<tr>\r\n<td>Boru Boyutu<\/td>\r\n<td>1\/4 in\u00e7<\/td>\r\n<td>K\u00f6k Malzemesi<\/td>\r\n<td>Pirin\u00e7<\/td>\r\n<\/tr>\r\n<tr>\r\n<td>Ba\u011flant\u0131 T\u00fcr\u00fc<\/td>\r\n<td>FNPT x FNPT<\/td>\r\n<td>\u00d6zellikler<\/td>\r\n<td>Genel Ama\u00e7l\u0131<\/td>\r\n<\/tr>\r\n<tr>\r\n<td>Liman<\/td>\r\n<td>Tam dolu<\/td>\r\n<td>K\u00fcresel Vana \u00dcr\u00fcn Grubu<\/td>\r\n<td>Manuel<\/td>\r\n<\/tr>\r\n<tr>\r\n<td>Maks. Bas\u0131n\u00e7<\/td>\r\n<td>600 psi CWP<\/td>\r\n<td>Valf Temel G\u00f6vde Malzemesi<\/td>\r\n<td>Pirin\u00e7<\/td>\r\n<\/tr>\r\n<tr>\r\n<td>S\u0131cakl\u0131k Menzil<\/td>\r\n<td>0 Derece ila 400 Derece F<\/td>\r\n<td>Top Malzemesi<\/td>\r\n<td>Krom Kaplama Pirin\u00e7<\/td>\r\n<\/tr>\r\n<\/tbody>\r\n<\/table>\r\n<\/figure>\r\n\r\n\r\n\r\n<h2 class=\"wp-block-heading\">1\/4\u2033 Pirin\u00e7 K\u00fcresel Vanalar\u0131n Avantajlar\u0131<\/h2>\r\n\r\n\r\n\r\n<ul class=\"wp-block-list\">\r\n<li>\u00c7evre dostu kur\u015funsuz pirin\u00e7 yap\u0131<\/li>\r\n<li>S\u0131n\u0131rs\u0131z ak\u0131\u015f i\u00e7in Tam Port<\/li>\r\n<li>Kan\u0131t sap\u0131n\u0131 \u00fcfleyin<\/li>\r\n<li>Daha uzun \u00e7evrim \u00f6mr\u00fc ve azalt\u0131lm\u0131\u015f tork i\u00e7in enerjilendirilmi\u015f PTFE bilya yuvalar\u0131<\/li>\r\n<li>\u00dc\u00e7l\u00fc PTFE\/Viton s\u0131zd\u0131rmaz g\u00f6vde conta tasar\u0131m\u0131<\/li>\r\n<li>Mandal kilitleme kolu (asma kilitlenebilir)<\/li>\r\n<li>Akt\u00fcat\u00f6re haz\u0131r ISO5211 do\u011frudan montaj pedi<\/li>\r\n<\/ul>\r\n\r\n\r\n\r\n<h2 class=\"wp-block-heading\">1\/4\u2033 Pirin\u00e7 K\u00fcresel Vana Uygulamalar\u0131<\/h2>\r\n\r\n\r\n\r\n<ul class=\"wp-block-list\">\r\n<li>Su (buhar yok)<\/li>\r\n<li>Do\u011fal<\/li>\r\n<li>Gazl\u0131 ve agresif olmayan<\/li>\r\n<li>S\u0131v\u0131 ortam<\/li>\r\n<li>Mineral ya\u011flar<\/li>\r\n<li>Yak\u0131t ve bas\u0131n\u00e7l\u0131 hava<\/li>\r\n<li>Vakum (maks. -0,9 bar)<\/li>\r\n<\/ul>","protected":false},"excerpt":{"rendered":"<p>1\/4\u2033 Pirin\u00e7 K\u00fcresel Vana Nedir? Ak\u0131\u015f\u0131 ba\u015flatmak veya durdurmak i\u00e7in di\u015fli ba\u011flant\u0131lara sahip bu ZECO 1\/2\u2033 Pirin\u00e7 K\u00fcresel Vanay\u0131 kullan\u0131n\u2026 <a title=\"1\/4\u2033 Pirin\u00e7 K\u00fcresel Vana\" class=\"read-more\" href=\"https:\/\/zecovalve.com\/tr\/urun\/1-4-brass-ball-valve\" aria-label=\"1\/4\u2033 Pirin\u00e7 K\u00fcresel Vana hakk\u0131nda daha fazlas\u0131\">Daha fazla bilgi edinin<\/a><\/p>","protected":false},"featured_media":19482,"comment_status":"closed","ping_status":"closed","template":"","meta":{"_generate-full-width-content":"","kt_blocks_editor_width":""},"product_cat":[2047,2461],"product_tag":[2802,2833],"class_list":["post-19864","product","type-product","status-publish","has-post-thumbnail","hentry","product_cat-ball-valve","product_cat-ball-valve-by-material","product_tag-ball-valve-price","product_tag-brass-ball-valve","sales-flash-overlay","woocommerce-text-align-center","woocommerce-image-align-center","do-quantity-buttons"],"featured_image_src_large":["https:\/\/zecovalve.com\/wp-content\/uploads\/2022\/07\/Globe-Valve-Check-Valve.jpg",800,600,false],"author_info":[],"comment_info":0,"taxonomy_info":{"product_cat":[{"value":2047,"label":"Ball Valve"},{"value":2461,"label":"Ball Valve By Material"}],"product_tag":[{"value":2802,"label":"Ball Valve Price"},{"value":2833,"label":"Brass Ball Valve"}]},"yoast_head":"<!-- This site is optimized with the Yoast SEO Premium plugin v15.4 - https:\/\/yoast.com\/wordpress\/plugins\/seo\/ -->\n<title>1\/4&quot; Brass Ball Valve - Competitive Ball Valve Price | ZECO Valve<\/title>\n<meta name=\"robots\" content=\"index, follow, max-snippet:-1, max-image-preview:large, max-video-preview:-1\" \/>\n<link rel=\"canonical\" href=\"https:\/\/zecovalve.com\/tr\/urun\/1-4-brass-ball-valve\" \/>\n<meta property=\"og:locale\" content=\"tr_TR\" \/>\n<meta property=\"og:type\" content=\"article\" \/>\n<meta property=\"og:title\" content=\"1\/4&quot; Brass Ball Valve - Competitive Ball Valve Price | ZECO Valve\" \/>\n<meta property=\"og:description\" content=\"What is a 1\/4&#8243; Brass Ball Valve? Use this ZECO 1\/2&#8243; Brass Ball Valve with threaded connections to start or stop flow ... Read more\" \/>\n<meta property=\"og:url\" content=\"https:\/\/zecovalve.com\/tr\/urun\/1-4-brass-ball-valve\" \/>\n<meta property=\"og:site_name\" content=\"ZECO Valve\" \/>\n<meta property=\"article:modified_time\" content=\"2022-07-14T08:10:54+00:00\" \/>\n<meta property=\"og:image\" content=\"https:\/\/zecovalve.com\/wp-content\/uploads\/2022\/07\/Globe-Valve-Check-Valve.jpg\" \/>\n\t<meta property=\"og:image:width\" content=\"800\" \/>\n\t<meta property=\"og:image:height\" content=\"600\" \/>\n<meta name=\"twitter:card\" content=\"summary_large_image\" \/>\n<meta name=\"twitter:label1\" content=\"Yazan:\">\n\t<meta name=\"twitter:data1\" content=\"Jerry\">\n\t<meta name=\"twitter:label2\" content=\"Tahmini okuma s\u00fcresi\">\n\t<meta name=\"twitter:data2\" content=\"1 dakika\">\n<script type=\"application\/ld+json\" class=\"yoast-schema-graph\">{\"@context\":\"https:\/\/schema.org\",\"@graph\":[{\"@type\":\"WebSite\",\"@id\":\"https:\/\/zecovalve.com\/#website\",\"url\":\"https:\/\/zecovalve.com\/\",\"name\":\"ZECO Valve\",\"description\":\"Industrial Ball Valve, Gate Valve and Globe Valve Manufacturer\",\"potentialAction\":[{\"@type\":\"SearchAction\",\"target\":\"https:\/\/zecovalve.com\/?s={search_term_string}\",\"query-input\":\"required name=search_term_string\"}],\"inLanguage\":\"tr\"},{\"@type\":\"ImageObject\",\"@id\":\"https:\/\/zecovalve.com\/product\/1-4-brass-ball-valve#primaryimage\",\"inLanguage\":\"tr\",\"url\":\"https:\/\/zecovalve.com\/wp-content\/uploads\/2022\/07\/Globe-Valve-Check-Valve.jpg\",\"width\":800,\"height\":600,\"caption\":\"Brass Ball Valve\"},{\"@type\":\"WebPage\",\"@id\":\"https:\/\/zecovalve.com\/product\/1-4-brass-ball-valve#webpage\",\"url\":\"https:\/\/zecovalve.com\/product\/1-4-brass-ball-valve\",\"name\":\"1\/4\\\" Brass Ball Valve - Competitive Ball Valve Price | ZECO Valve\",\"isPartOf\":{\"@id\":\"https:\/\/zecovalve.com\/#website\"},\"primaryImageOfPage\":{\"@id\":\"https:\/\/zecovalve.com\/product\/1-4-brass-ball-valve#primaryimage\"},\"datePublished\":\"2022-07-14T07:38:29+00:00\",\"dateModified\":\"2022-07-14T08:10:54+00:00\",\"breadcrumb\":{\"@id\":\"https:\/\/zecovalve.com\/product\/1-4-brass-ball-valve#breadcrumb\"},\"inLanguage\":\"tr\",\"potentialAction\":[{\"@type\":\"ReadAction\",\"target\":[\"https:\/\/zecovalve.com\/product\/1-4-brass-ball-valve\"]}]},{\"@type\":\"BreadcrumbList\",\"@id\":\"https:\/\/zecovalve.com\/product\/1-4-brass-ball-valve#breadcrumb\",\"itemListElement\":[{\"@type\":\"ListItem\",\"position\":1,\"item\":{\"@type\":\"WebPage\",\"@id\":\"https:\/\/zecovalve.com\/\",\"url\":\"https:\/\/zecovalve.com\/\",\"name\":\"Home\"}},{\"@type\":\"ListItem\",\"position\":2,\"item\":{\"@type\":\"WebPage\",\"@id\":\"https:\/\/zecovalve.com\/product-category\",\"url\":\"https:\/\/zecovalve.com\/product-category\",\"name\":\"Industrial Valve Manufacturer | Water Valve Manufacturer\"}},{\"@type\":\"ListItem\",\"position\":3,\"item\":{\"@type\":\"WebPage\",\"@id\":\"https:\/\/zecovalve.com\/product\/1-4-brass-ball-valve\",\"url\":\"https:\/\/zecovalve.com\/product\/1-4-brass-ball-valve\",\"name\":\"1\/4&#8243; Brass Ball Valve\"}}]}]}<\/script>\n<!-- \/ Yoast SEO Premium plugin. -->","_links":{"self":[{"href":"https:\/\/zecovalve.com\/tr\/wp-json\/wp\/v2\/product\/19864","targetHints":{"allow":["GET"]}}],"collection":[{"href":"https:\/\/zecovalve.com\/tr\/wp-json\/wp\/v2\/product"}],"about":[{"href":"https:\/\/zecovalve.com\/tr\/wp-json\/wp\/v2\/types\/product"}],"replies":[{"embeddable":true,"href":"https:\/\/zecovalve.com\/tr\/wp-json\/wp\/v2\/comments?post=19864"}],"wp:featuredmedia":[{"embeddable":true,"href":"https:\/\/zecovalve.com\/tr\/wp-json\/wp\/v2\/media\/19482"}],"wp:attachment":[{"href":"https:\/\/zecovalve.com\/tr\/wp-json\/wp\/v2\/media?parent=19864"}],"wp:term":[{"taxonomy":"product_cat","embeddable":true,"href":"https:\/\/zecovalve.com\/tr\/wp-json\/wp\/v2\/product_cat?post=19864"},{"taxonomy":"product_tag","embeddable":true,"href":"https:\/\/zecovalve.com\/tr\/wp-json\/wp\/v2\/product_tag?post=19864"}],"curies":[{"name":"wp","href":"https:\/\/api.w.org\/{rel}","templated":true}]}}