{"id":19868,"date":"2022-07-15T03:28:56","date_gmt":"2022-07-15T03:28:56","guid":{"rendered":"https:\/\/zecovalve.com\/?post_type=product&#038;p=19868"},"modified":"2022-10-31T05:45:45","modified_gmt":"2022-10-31T05:45:45","slug":"1-inch-ball-valve","status":"publish","type":"product","link":"https:\/\/zecovalve.com\/tr\/urun\/1-inch-ball-valve","title":{"rendered":"1 in\u00e7 K\u00fcresel Vana"},"content":{"rendered":"<div class=\"wp-block-columns is-layout-flex wp-container-core-columns-is-layout-9d6595d7 wp-block-columns-is-layout-flex\">\r\n<div class=\"wp-block-column is-layout-flow wp-block-column-is-layout-flow\"><div class=\"wp-block-image\">\r\n<figure class=\"aligncenter size-full is-resized\"><img loading=\"lazy\" decoding=\"async\" class=\"wp-image-19482\" src=\"https:\/\/zecovalve.com\/wp-content\/uploads\/2022\/07\/Globe-Valve-Check-Valve.jpg\" alt=\"Pirin\u00e7 K\u00fcresel Vana\" width=\"400\" height=\"300\" srcset=\"https:\/\/zecovalve.com\/wp-content\/uploads\/2022\/07\/Globe-Valve-Check-Valve.jpg 800w, https:\/\/zecovalve.com\/wp-content\/uploads\/2022\/07\/Globe-Valve-Check-Valve-300x225.jpg 300w, https:\/\/zecovalve.com\/wp-content\/uploads\/2022\/07\/Globe-Valve-Check-Valve-768x576.jpg 768w, https:\/\/zecovalve.com\/wp-content\/uploads\/2022\/07\/Globe-Valve-Check-Valve-600x450.jpg 600w\" sizes=\"auto, (max-width: 400px) 100vw, 400px\" \/><\/figure>\r\n<\/div><\/div>\r\n\r\n\r\n\r\n<div class=\"wp-block-column is-layout-flow wp-block-column-is-layout-flow\"><div class=\"wp-block-image\">\r\n<figure class=\"aligncenter size-full is-resized\"><img loading=\"lazy\" decoding=\"async\" class=\"wp-image-19544\" src=\"https:\/\/zecovalve.com\/wp-content\/uploads\/2022\/07\/3-WAY-BALL-VALVE-T-L-TYPE.png\" alt=\"3 Yollu K\u00fcresel Vana\" width=\"400\" height=\"300\" \/><\/figure>\r\n<\/div><\/div>\r\n\r\n\r\n\r\n<div class=\"wp-block-column is-layout-flow wp-block-column-is-layout-flow\"><div class=\"wp-block-image\">\r\n<figure class=\"aligncenter size-full is-resized\"><img loading=\"lazy\" decoding=\"async\" class=\"wp-image-17821\" src=\"https:\/\/zecovalve.com\/wp-content\/uploads\/2022\/06\/3-pc-ball-valve.jpg\" alt=\"\" width=\"400\" height=\"400\" srcset=\"https:\/\/zecovalve.com\/wp-content\/uploads\/2022\/06\/3-pc-ball-valve.jpg 600w, https:\/\/zecovalve.com\/wp-content\/uploads\/2022\/06\/3-pc-ball-valve-300x300.jpg 300w, https:\/\/zecovalve.com\/wp-content\/uploads\/2022\/06\/3-pc-ball-valve-150x150.jpg 150w, https:\/\/zecovalve.com\/wp-content\/uploads\/2022\/06\/3-pc-ball-valve-400x400.jpg 400w, https:\/\/zecovalve.com\/wp-content\/uploads\/2022\/06\/3-pc-ball-valve-100x100.jpg 100w\" sizes=\"auto, (max-width: 400px) 100vw, 400px\" \/><\/figure>\r\n<\/div><\/div>\r\n<\/div>\r\n\r\n\r\n<div class=\"gb-button-wrapper gb-button-wrapper-6d8495a3\">\r\n\r\n\r\n<p><a class=\"gb-button gb-button-3d442e11 gb-button-text\" href=\"mailto:commercial@zecovalve.com\" target=\"_blank\" rel=\"noopener noreferrer\"><strong>1 in\u00e7 K\u00dcRESEL VANA F\u0130YATINI ALIN<\/strong><\/a><\/p>\r\n<\/div>\r\n\r\n\r\n\r\n\r\n<h2 class=\"wp-block-heading\" id=\"h-what-is-a-1-inch-ball-valve\">1 in\u00e7 K\u00fcresel Vana nedir?<\/h2>\r\n\r\n\r\n\r\n<p>1 in\u00e7 k\u00fcresel vanalar\u0131m\u0131z do\u011frudan Yancheng merkezimizden tasarlanmakta, \u00fcretilmekte ve da\u011f\u0131t\u0131lmaktad\u0131r.<\/p>\r\n\r\n\r\n\r\n<p>General Industrial Serisi iki par\u00e7al\u0131 standart portlu pirin\u00e7 \u00e7ubuk stok g\u00f6vdeli, 316 paslanmaz \u00e7elik bilyeli ve g\u00f6vdeli k\u00fcresel vana. Yatak ve g\u00f6vde contalar\u0131 cam takviyeli P.T.F.E. (Teflon\u00ae)'dir. Boru ba\u011flant\u0131lar\u0131 NPT (National Pipe Taper) di\u015fi vidal\u0131 u\u00e7lard\u0131r. S\u0131cakl\u0131k Aral\u0131\u011f\u0131 -50\u00b0F ila 450\u00b0F (-45,5\u00b0C ila (232,2\u00b0C). Vana G\u00f6vdesi Bas\u0131n\u00e7 De\u011feri 720 psi C.W.P. (So\u011fuk \u00c7al\u0131\u015fma Bas\u0131nc\u0131), Maksimum Bas\u0131n\u00e7 Diferansiyeli 400 psi - ayr\u0131ca Diferansiyel Bas\u0131n\u00e7 S\u0131cakl\u0131k Tablosuna bak\u0131n), Doymu\u015f Buhar 150 PSI ve 20 Mikron vakum de\u011feri. Kendini dengeleyen g\u00f6vde contas\u0131 tasar\u0131m\u0131.<\/p>\r\n\r\n\r\n\r\n<h2 class=\"wp-block-heading\">1 in\u00e7 K\u00fcresel Vana Genel Standard\u0131<\/h2>\r\n\r\n\r\n\r\n<figure class=\"wp-block-table is-style-stripes\">\r\n<table>\r\n<tbody>\r\n<tr>\r\n<td>Tasar\u0131m<\/td>\r\n<td>BS 5351, ASME B16.34, ISO 17292, API 6D, API 608<\/td>\r\n<\/tr>\r\n<tr>\r\n<td>\u00dcst Flan\u015f<\/td>\r\n<td>ISO 5211<\/td>\r\n<\/tr>\r\n<tr>\r\n<td>Yang\u0131n G\u00fcvenli\u011fi<\/td>\r\n<td>API 6FA, API 607, ISO 10497, BS 6755<\/td>\r\n<\/tr>\r\n<tr>\r\n<td>Bas\u0131n\u00e7 Testi<\/td>\r\n<td>API 598, ISO 5208, API 6D<\/td>\r\n<\/tr>\r\n<tr>\r\n<td>Y\u00fcz Y\u00fcze<\/td>\r\n<td>ASME B16.10, API 6D<\/td>\r\n<\/tr>\r\n<tr>\r\n<td>U\u00e7 Ba\u011flant\u0131s\u0131<\/td>\r\n<td>ASME B16.5 uyar\u0131nca RF, RTJ, <br \/>ASME B16.11 uyar\u0131nca SW, <br \/>ASME B16.25 uyar\u0131nca BW, <br \/>ASME B1.20.1 uyar\u0131nca NPT, <br \/>BS21, ISO 228\/1, DIN 259 uyar\u0131nca BSPP, <br \/>BS21, ISO 7\/1 uyar\u0131nca BSPT<\/td>\r\n<\/tr>\r\n<\/tbody>\r\n<\/table>\r\n<\/figure>\r\n\r\n\r\n\r\n<h2 class=\"wp-block-heading\">1 in\u00e7 K\u00fcresel Vanalar\u0131n \u00d6zellikleri<\/h2>\r\n\r\n\r\n\r\n<figure class=\"wp-block-table is-style-stripes\">\r\n<table>\r\n<tbody>\r\n<tr>\r\n<td>Valf Tipi<\/td>\r\n<td>\u0130ki Y\u00f6nl\u00fc \/ 3 Y\u00f6nl\u00fc<\/td>\r\n<\/tr>\r\n<tr>\r\n<td>Valf Stili<\/td>\r\n<td>\u0130ki Par\u00e7al\u0131 G\u00f6vde \/ \u00dc\u00e7 Par\u00e7al\u0131 G\u00f6vde - Standart Port \/ \u0130ndirgenmi\u015f Port<\/td>\r\n<\/tr>\r\n<tr>\r\n<td>Valf Ba\u011flant\u0131 Boyutu<\/td>\r\n<td>1\u2033 NPT di\u015fi \/ RF \/ RTJ \/ SW \/ BW<\/td>\r\n<\/tr>\r\n<tr>\r\n<td>Valf Ba\u011flant\u0131 Noktas\u0131 Boyutu<\/td>\r\n<td>0.80<\/td>\r\n<\/tr>\r\n<tr>\r\n<td>Valf G\u00f6vde Malzemesi<\/td>\r\n<td>Pirin\u00e7 \/ Paslanmaz \u00c7elik \/ Karbon \u00c7elik \/ D\u00f6vme \u00c7elik<\/td>\r\n<\/tr>\r\n<tr>\r\n<td>Vana K\u00fcre ve K\u00f6k Malzemesi<\/td>\r\n<td>Pirin\u00e7 \/ Paslanmaz \u00c7elik \/ D\u00f6vme \u00c7elik<\/td>\r\n<\/tr>\r\n<tr>\r\n<td>Valf Conta Malzemesi<\/td>\r\n<td>P.T.F.E. (Cam Dolgulu Takviyeli Teflon\u00ae) \/ DEVLON \/ PEEK<\/td>\r\n<\/tr>\r\n<tr>\r\n<td>Valf S\u0131cakl\u0131k Aral\u0131\u011f\u0131<\/td>\r\n<td>-50\u00b0F ila 450\u00b0F (-45,5\u00b0C ila 232,2\u00b0C)<\/td>\r\n<\/tr>\r\n<tr>\r\n<td>Valf Bas\u0131n\u00e7 De\u011feri<\/td>\r\n<td>SINIF 150 - SINIF 2500<\/td>\r\n<\/tr>\r\n<tr>\r\n<td>Valf Vakum De\u011feri<\/td>\r\n<td>20 Mikron<\/td>\r\n<\/tr>\r\n<tr>\r\n<td>Valf Operat\u00f6r Tipi<\/td>\r\n<td>Kollu Kol \/ ELEKTR\u0130KL\u0130 \/ PN\u00d6MAT\u0130K<\/td>\r\n<\/tr>\r\n<\/tbody>\r\n<\/table>\r\n<\/figure>\r\n\r\n\r\n\r\n<h2 class=\"wp-block-heading\">1 \u0130n\u00e7 K\u00fcresel Vana \u00d6l\u00e7\u00fcleri<\/h2>\r\n\r\n\r\n\r\n<figure class=\"wp-block-table\">\r\n<table>\r\n<tbody>\r\n<tr>\r\n<td class=\"has-text-align-center\" data-align=\"center\">\u0130n\u00e7<\/td>\r\n<td class=\"has-text-align-center\" data-align=\"center\">L-Serisi 150<\/td>\r\n<td class=\"has-text-align-center\" data-align=\"center\">L-Serisi 300<\/td>\r\n<td class=\"has-text-align-center\" data-align=\"center\">L-Serisi 600<\/td>\r\n<td class=\"has-text-align-center\" data-align=\"center\">L-Serisi 800<\/td>\r\n<\/tr>\r\n<tr>\r\n<td class=\"has-text-align-center\" data-align=\"center\">1\u2033<\/td>\r\n<td class=\"has-text-align-center\" data-align=\"center\">127<\/td>\r\n<td class=\"has-text-align-center\" data-align=\"center\">165<\/td>\r\n<td class=\"has-text-align-center\" data-align=\"center\">216<\/td>\r\n<td class=\"has-text-align-center\" data-align=\"center\">110<\/td>\r\n<\/tr>\r\n<\/tbody>\r\n<\/table>\r\n<\/figure>\r\n\r\n\r\n\r\n<h2 class=\"wp-block-heading\">Bir \u0130n\u00e7 K\u00fcresel Vana G\u00f6vde Yap\u0131lar\u0131<\/h2>\r\n\r\n\r\n\r\n<ul class=\"wp-block-list\">\r\n<li>Y\u00fczen Top<\/li>\r\n<li>G\u00fcd\u00fcml\u00fc Top<\/li>\r\n<li>B\u00f6l\u00fcnm\u00fc\u015f G\u00f6vde 2-3 Par\u00e7a veya 1 Par\u00e7a (Yandan Giri\u015f)<\/li>\r\n<li>\u00c7ift y\u00f6nl\u00fc<\/li>\r\n<li>Patlama \u00d6nleyici K\u00f6k<\/li>\r\n<li>Antiestatik K\u00f6k<\/li>\r\n<li>Otomatik Ayarlanabilir Salmastra \/ Bak\u0131m Gerektirmez<\/li>\r\n<li>Standart Yap\u0131 Yang\u0131n Kasas\u0131<\/li>\r\n<li>Kendinden Bo\u015fluklu Bas\u0131n\u00e7 Tahliye<\/li>\r\n<li>D\u00fc\u015f\u00fck Emisyonlu Tasar\u0131m<\/li>\r\n<\/ul>\r\n\r\n\r\n\r\n<h2 class=\"wp-block-heading\">Bir \u0130n\u00e7 K\u00fcresel Vanalar\u0131n Avantajlar\u0131<\/h2>\r\n\r\n\r\n\r\n<ul class=\"wp-block-list\">\r\n<li>K\u00f6k Konfig\u00fcrasyonu: Patlamaya dayan\u0131kl\u0131<\/li>\r\n<li>G\u00f6vdede stresi \u00f6nlemek i\u00e7in g\u00f6vde \u00fczerinde seyahat duraklar\u0131<\/li>\r\n<li>24 saat 100% s\u0131zd\u0131rmazl\u0131k testi garantili<\/li>\r\n<li>Metalden metale hareketli par\u00e7a yok<\/li>\r\n<li>Hi\u00e7bir zaman bak\u0131m gerektirmez<\/li>\r\n<\/ul>\r\n\r\n\r\n\r\n<h2 class=\"wp-block-heading\">1 in\u00e7 K\u00fcresel Vana Uygulamalar\u0131<\/h2>\r\n\r\n\r\n\r\n<p>ZECO Tam Portlu, 1 in\u00e7 K\u00fcresel Vanalar, konut ve ticari uygulamalarda \u00e7ok \u00e7e\u015fitli s\u0131v\u0131lar ve gazlar i\u00e7in uygundur.<\/p>","protected":false},"excerpt":{"rendered":"<p>1 in\u00e7 K\u00fcresel Vana Nedir? 1 in\u00e7 k\u00fcresel vanalar\u0131m\u0131z do\u011frudan Yancheng merkezimizden tasarlanmakta, \u00fcretilmekte ve da\u011f\u0131t\u0131lmaktad\u0131r. \u2026 <a title=\"1 in\u00e7 K\u00fcresel Vana\" class=\"read-more\" href=\"https:\/\/zecovalve.com\/tr\/urun\/1-inch-ball-valve\" aria-label=\"1 in\u00e7 K\u00fcresel Vana hakk\u0131nda daha fazla bilgi\">Daha fazla bilgi edinin<\/a><\/p>","protected":false},"featured_media":17821,"comment_status":"closed","ping_status":"closed","template":"","meta":{"_generate-full-width-content":"","kt_blocks_editor_width":""},"product_cat":[2047,2462],"product_tag":[3054,3254,2833,3244,2832],"class_list":["post-19868","product","type-product","status-publish","has-post-thumbnail","hentry","product_cat-ball-valve","product_cat-ball-valve-by-size","product_tag-1-ball-valve","product_tag-ball-valve-stainless-steel","product_tag-brass-ball-valve","product_tag-stainless-ball-valve","product_tag-stainless-steel-ball-valve","sales-flash-overlay","woocommerce-text-align-center","woocommerce-image-align-center","do-quantity-buttons"],"featured_image_src_large":["https:\/\/zecovalve.com\/wp-content\/uploads\/2022\/06\/3-pc-ball-valve.jpg",600,600,false],"author_info":[],"comment_info":0,"taxonomy_info":{"product_cat":[{"value":2047,"label":"Ball Valve"},{"value":2462,"label":"Ball Valve By Size"}],"product_tag":[{"value":3054,"label":"1\" Ball Valve"},{"value":3254,"label":"Ball Valve Stainless Steel"},{"value":2833,"label":"Brass Ball Valve"},{"value":3244,"label":"Stainless Ball Valve"},{"value":2832,"label":"Stainless Steel Ball Valve"}]},"yoast_head":"<!-- This site is optimized with the Yoast SEO Premium plugin v15.4 - https:\/\/yoast.com\/wordpress\/plugins\/seo\/ -->\n<title>1&quot; Ball Valve | 1 inch Stainless Steel Ball Valve &amp; Brass Ball Valve - ZECO<\/title>\n<meta name=\"robots\" content=\"index, follow, max-snippet:-1, max-image-preview:large, max-video-preview:-1\" \/>\n<link rel=\"canonical\" href=\"https:\/\/zecovalve.com\/tr\/urun\/1-inch-ball-valve\" \/>\n<meta property=\"og:locale\" content=\"tr_TR\" \/>\n<meta property=\"og:type\" content=\"article\" \/>\n<meta property=\"og:title\" content=\"1&quot; Ball Valve | 1 inch Stainless Steel Ball Valve &amp; Brass Ball Valve - ZECO\" \/>\n<meta property=\"og:description\" content=\"What is a 1 inch Ball Valve? Our 1 inch ball valves are designed, manufactured, and distributed directly from our Yancheng headquarters. ... Read more\" \/>\n<meta property=\"og:url\" content=\"https:\/\/zecovalve.com\/tr\/urun\/1-inch-ball-valve\" \/>\n<meta property=\"og:site_name\" content=\"ZECO Valve\" \/>\n<meta property=\"article:modified_time\" content=\"2022-10-31T05:45:45+00:00\" \/>\n<meta property=\"og:image\" content=\"https:\/\/zecovalve.com\/wp-content\/uploads\/2022\/06\/3-pc-ball-valve.jpg\" \/>\n\t<meta property=\"og:image:width\" content=\"600\" \/>\n\t<meta property=\"og:image:height\" content=\"600\" \/>\n<meta name=\"twitter:card\" content=\"summary_large_image\" \/>\n<meta name=\"twitter:label1\" content=\"Yazan:\">\n\t<meta name=\"twitter:data1\" content=\"Jerry\">\n\t<meta name=\"twitter:label2\" content=\"Tahmini okuma s\u00fcresi\">\n\t<meta name=\"twitter:data2\" content=\"2 dakika\">\n<script type=\"application\/ld+json\" class=\"yoast-schema-graph\">{\"@context\":\"https:\/\/schema.org\",\"@graph\":[{\"@type\":\"WebSite\",\"@id\":\"https:\/\/zecovalve.com\/#website\",\"url\":\"https:\/\/zecovalve.com\/\",\"name\":\"ZECO Valve\",\"description\":\"Industrial Ball Valve, Gate Valve and Globe Valve Manufacturer\",\"potentialAction\":[{\"@type\":\"SearchAction\",\"target\":\"https:\/\/zecovalve.com\/?s={search_term_string}\",\"query-input\":\"required name=search_term_string\"}],\"inLanguage\":\"tr\"},{\"@type\":\"ImageObject\",\"@id\":\"https:\/\/zecovalve.com\/product\/1-inch-ball-valve#primaryimage\",\"inLanguage\":\"tr\",\"url\":\"https:\/\/zecovalve.com\/wp-content\/uploads\/2022\/06\/3-pc-ball-valve.jpg\",\"width\":600,\"height\":600},{\"@type\":\"WebPage\",\"@id\":\"https:\/\/zecovalve.com\/product\/1-inch-ball-valve#webpage\",\"url\":\"https:\/\/zecovalve.com\/product\/1-inch-ball-valve\",\"name\":\"1\\\" Ball Valve | 1 inch Stainless Steel Ball Valve & Brass Ball Valve - ZECO\",\"isPartOf\":{\"@id\":\"https:\/\/zecovalve.com\/#website\"},\"primaryImageOfPage\":{\"@id\":\"https:\/\/zecovalve.com\/product\/1-inch-ball-valve#primaryimage\"},\"datePublished\":\"2022-07-15T03:28:56+00:00\",\"dateModified\":\"2022-10-31T05:45:45+00:00\",\"breadcrumb\":{\"@id\":\"https:\/\/zecovalve.com\/product\/1-inch-ball-valve#breadcrumb\"},\"inLanguage\":\"tr\",\"potentialAction\":[{\"@type\":\"ReadAction\",\"target\":[\"https:\/\/zecovalve.com\/product\/1-inch-ball-valve\"]}]},{\"@type\":\"BreadcrumbList\",\"@id\":\"https:\/\/zecovalve.com\/product\/1-inch-ball-valve#breadcrumb\",\"itemListElement\":[{\"@type\":\"ListItem\",\"position\":1,\"item\":{\"@type\":\"WebPage\",\"@id\":\"https:\/\/zecovalve.com\/\",\"url\":\"https:\/\/zecovalve.com\/\",\"name\":\"Home\"}},{\"@type\":\"ListItem\",\"position\":2,\"item\":{\"@type\":\"WebPage\",\"@id\":\"https:\/\/zecovalve.com\/product-category\",\"url\":\"https:\/\/zecovalve.com\/product-category\",\"name\":\"Industrial Valve Manufacturer | Water Valve Manufacturer\"}},{\"@type\":\"ListItem\",\"position\":3,\"item\":{\"@type\":\"WebPage\",\"@id\":\"https:\/\/zecovalve.com\/product\/1-inch-ball-valve\",\"url\":\"https:\/\/zecovalve.com\/product\/1-inch-ball-valve\",\"name\":\"1 inch Ball Valve\"}}]}]}<\/script>\n<!-- \/ Yoast SEO Premium plugin. -->","_links":{"self":[{"href":"https:\/\/zecovalve.com\/tr\/wp-json\/wp\/v2\/product\/19868","targetHints":{"allow":["GET"]}}],"collection":[{"href":"https:\/\/zecovalve.com\/tr\/wp-json\/wp\/v2\/product"}],"about":[{"href":"https:\/\/zecovalve.com\/tr\/wp-json\/wp\/v2\/types\/product"}],"replies":[{"embeddable":true,"href":"https:\/\/zecovalve.com\/tr\/wp-json\/wp\/v2\/comments?post=19868"}],"wp:featuredmedia":[{"embeddable":true,"href":"https:\/\/zecovalve.com\/tr\/wp-json\/wp\/v2\/media\/17821"}],"wp:attachment":[{"href":"https:\/\/zecovalve.com\/tr\/wp-json\/wp\/v2\/media?parent=19868"}],"wp:term":[{"taxonomy":"product_cat","embeddable":true,"href":"https:\/\/zecovalve.com\/tr\/wp-json\/wp\/v2\/product_cat?post=19868"},{"taxonomy":"product_tag","embeddable":true,"href":"https:\/\/zecovalve.com\/tr\/wp-json\/wp\/v2\/product_tag?post=19868"}],"curies":[{"name":"wp","href":"https:\/\/api.w.org\/{rel}","templated":true}]}}