{"id":19871,"date":"2022-07-15T05:56:20","date_gmt":"2022-07-15T05:56:20","guid":{"rendered":"https:\/\/zecovalve.com\/?post_type=product&#038;p=19871"},"modified":"2022-09-07T02:14:59","modified_gmt":"2022-09-07T02:14:59","slug":"1-stainless-steel-ball-valve","status":"publish","type":"product","link":"https:\/\/zecovalve.com\/tr\/urun\/1-stainless-steel-ball-valve","title":{"rendered":"1\u2033 Paslanmaz \u00c7elik K\u00fcresel Vana"},"content":{"rendered":"<figure class=\"wp-block-image size-full is-resized\"><img loading=\"lazy\" decoding=\"async\" class=\"wp-image-19872\" src=\"https:\/\/zecovalve.com\/wp-content\/uploads\/2022\/07\/1-stainless-steel-ball-valve.jpg\" alt=\"\" width=\"250\" height=\"205\" srcset=\"https:\/\/zecovalve.com\/wp-content\/uploads\/2022\/07\/1-stainless-steel-ball-valve.jpg 1000w, https:\/\/zecovalve.com\/wp-content\/uploads\/2022\/07\/1-stainless-steel-ball-valve-300x246.jpg 300w, https:\/\/zecovalve.com\/wp-content\/uploads\/2022\/07\/1-stainless-steel-ball-valve-768x631.jpg 768w, https:\/\/zecovalve.com\/wp-content\/uploads\/2022\/07\/1-stainless-steel-ball-valve-600x493.jpg 600w\" sizes=\"auto, (max-width: 250px) 100vw, 250px\" \/><\/figure>\r\n\r\n\r\n<div class=\"gb-button-wrapper gb-button-wrapper-6d8495a3\">\r\n\r\n\r\n<p><a class=\"gb-button gb-button-3d442e11 gb-button-text\" href=\"https:\/\/zecovalve.com\/tr\/contact\/\" target=\"_blank\" rel=\"noopener noreferrer\"><strong>1 \u2033 PASLANMAZ \u00c7ELIK K\u00dcRESEL VANA FIYATI ALIN<\/strong><\/a><\/p>\r\n<\/div>\r\n\r\n\r\n\r\n\r\n<h2 class=\"wp-block-heading\" id=\"h-what-is-a-1-stainless-steel-ball-valve\">1\u2033 Paslanmaz \u00c7elik K\u00fcresel Vana nedir?<\/h2>\r\n\r\n\r\n\r\n<p>1\u2033 paslanmaz \u00e7elik k\u00fcresel vana, pirin\u00e7 ve bak\u0131rdan daha y\u00fcksek korozyon direnci i\u00e7in yap\u0131lm\u0131\u015ft\u0131r.<\/p>\r\n\r\n\r\n\r\n<h2 class=\"wp-block-heading\">1 \u0130n\u00e7 Paslanmaz \u00c7elik K\u00fcresel Vanalar\u0131n Malzemesi<\/h2>\r\n\r\n\r\n\r\n<ul class=\"wp-block-list\">\r\n<li>G\u00f6vde ve Kapak - ASTM A351-CF8M\/ASTM A216-WCB<\/li>\r\n<li>Bilyal\u0131 - ASTM A351-CF8M<\/li>\r\n<li>G\u00f6vde - ASTM A276-316<\/li>\r\n<li>Rakor - AISI 304<\/li>\r\n<li>Yuva - PTFE\/RTFE<\/li>\r\n<li>Conta, Salmastra ve Bask\u0131 Pulu - PTFE<\/li>\r\n<li>Yayl\u0131 Pul ve Somun - AISI 304<\/li>\r\n<li>Kulp ve Kilitleme Cihaz\u0131 - Paslanmaz \u00c7elik<\/li>\r\n<li>Kulp K\u0131l\u0131f\u0131 - PVC<\/li>\r\n<\/ul>\r\n\r\n\r\n\r\n<h2 class=\"wp-block-heading\">1 \u0130n\u00e7 Paslanmaz K\u00fcresel Vana \u00d6zellikleri<\/h2>\r\n\r\n\r\n\r\n<figure class=\"wp-block-table is-style-stripes\">\r\n<table>\r\n<tbody>\r\n<tr>\r\n<td>Kulp Tipi<\/td>\r\n<td>KOL<\/td>\r\n<\/tr>\r\n<tr>\r\n<td>Malzeme<\/td>\r\n<td>Paslanmaz \u00c7elik<\/td>\r\n<\/tr>\r\n<tr>\r\n<td>\u0130plik T\u00fcr\u00fc<\/td>\r\n<td>ASME B1.20.1 (NPT) DIN2999 ve BS21 ISO7\/1 ve EN10226\u2033<\/td>\r\n<\/tr>\r\n<tr>\r\n<td>Maksimum \u00c7al\u0131\u015fma Bas\u0131nc\u0131<\/td>\r\n<td>1000 PSI<\/td>\r\n<\/tr>\r\n<tr>\r\n<td>Maksimum \u00c7al\u0131\u015fma S\u0131cakl\u0131\u011f\u0131<\/td>\r\n<td>300 Fahrenheit derece<\/td>\r\n<\/tr>\r\n<tr>\r\n<td>\u00dcr\u00fcn Tipi<\/td>\r\n<td>K\u00fcresel Vanalar<\/td>\r\n<\/tr>\r\n<tr>\r\n<td>Valf Yap\u0131s\u0131<\/td>\r\n<td>\u0130ki Par\u00e7a<\/td>\r\n<\/tr>\r\n<tr>\r\n<td>Boyut<\/td>\r\n<td>1 in\u00e7<\/td>\r\n<\/tr>\r\n<\/tbody>\r\n<\/table>\r\n<\/figure>\r\n\r\n\r\n\r\n<h2 class=\"wp-block-heading\">1\u2033 Paslanmaz \u00c7elik K\u00fcresel Vanalar\u0131n Avantajlar\u0131<\/h2>\r\n\r\n\r\n\r\n<ul class=\"wp-block-list\">\r\n<li>Homewerks'ten paslanmaz \u00e7elik inline k\u00fcresel vana<\/li>\r\n<li>Dayan\u0131kl\u0131 paslanmaz \u00e7elik, iki par\u00e7al\u0131 g\u00f6vde ve patlamaya dayan\u0131kl\u0131 g\u00f6vde<\/li>\r\n<li>Kur\u015funsuz ve \u0130\u00e7me Suyu Standartlar\u0131n\u0131 Kar\u015f\u0131lar<\/li>\r\n<li>FIP x FIP ba\u011flant\u0131lar\u0131<\/li>\r\n<li>Tutamakl\u0131 kol, kolay, \u00e7eyrek turlu kullan\u0131m sa\u011flar<\/li>\r\n<li>Bu Vana su ak\u0131\u015f\u0131n\u0131 k\u0131smak i\u00e7in tasarlanmam\u0131\u015ft\u0131r - sadece tam a\u00e7\u0131k veya tam kapal\u0131 konumda kullan\u0131n<\/li>\r\n<li>100% s\u0131z\u0131nt\u0131 testi<\/li>\r\n<li>Hava veya Gaz i\u00e7in Maksimum Bas\u0131n\u00e7 150 PSI<\/li>\r\n<\/ul>\r\n\r\n\r\n\r\n<h2 class=\"wp-block-heading\">1\u2033 Paslanmaz \u00c7elik K\u00fcresel Vana Uygulamalar\u0131<\/h2>\r\n\r\n\r\n\r\n<p>1\u2033 paslanmaz \u00e7elik k\u00fcresel vanalar su, ya\u011f, gaz\/hava, hafif alkaliler, asitler, biyodizel, yak\u0131tlar ve alkol dahil ancak bunlarla s\u0131n\u0131rl\u0131 olmayan uygulamalarda iyi \u00e7al\u0131\u015f\u0131r.<\/p>","protected":false},"excerpt":{"rendered":"<p>1\u2033 Paslanmaz \u00c7elik K\u00fcresel Vana Nedir? 1\u2033 paslanmaz \u00e7elik k\u00fcresel vana, pirin\u00e7ten daha y\u00fcksek korozyon direnci i\u00e7in yap\u0131lm\u0131\u015ft\u0131r ve\u2026 <a title=\"1\u2033 Paslanmaz \u00c7elik K\u00fcresel Vana\" class=\"read-more\" href=\"https:\/\/zecovalve.com\/tr\/urun\/1-stainless-steel-ball-valve\" aria-label=\"1\u2033 Paslanmaz \u00c7elik K\u00fcresel Vana hakk\u0131nda daha fazla bilgi\">Daha fazla bilgi edinin<\/a><\/p>","protected":false},"featured_media":19872,"comment_status":"closed","ping_status":"closed","template":"","meta":{"_generate-full-width-content":"","kt_blocks_editor_width":""},"product_cat":[2047,2462],"product_tag":[3054,2802,3254,3244,2832],"class_list":["post-19871","product","type-product","status-publish","has-post-thumbnail","hentry","product_cat-ball-valve","product_cat-ball-valve-by-size","product_tag-1-ball-valve","product_tag-ball-valve-price","product_tag-ball-valve-stainless-steel","product_tag-stainless-ball-valve","product_tag-stainless-steel-ball-valve","sales-flash-overlay","woocommerce-text-align-center","woocommerce-image-align-center","do-quantity-buttons"],"featured_image_src_large":["https:\/\/zecovalve.com\/wp-content\/uploads\/2022\/07\/1-stainless-steel-ball-valve.jpg",1000,821,false],"author_info":[],"comment_info":0,"taxonomy_info":{"product_cat":[{"value":2047,"label":"Ball Valve"},{"value":2462,"label":"Ball Valve By Size"}],"product_tag":[{"value":3054,"label":"1\" Ball Valve"},{"value":2802,"label":"Ball Valve Price"},{"value":3254,"label":"Ball Valve Stainless Steel"},{"value":3244,"label":"Stainless Ball Valve"},{"value":2832,"label":"Stainless Steel Ball Valve"}]},"yoast_head":"<!-- This site is optimized with the Yoast SEO Premium plugin v15.4 - https:\/\/yoast.com\/wordpress\/plugins\/seo\/ -->\n<title>1&quot; Stainless Steel Ball Valve - Competitive Ball Valve Price | ZECO Valve<\/title>\n<meta name=\"robots\" content=\"index, follow, max-snippet:-1, max-image-preview:large, max-video-preview:-1\" \/>\n<link rel=\"canonical\" href=\"https:\/\/zecovalve.com\/tr\/urun\/1-stainless-steel-ball-valve\" \/>\n<meta property=\"og:locale\" content=\"tr_TR\" \/>\n<meta property=\"og:type\" content=\"article\" \/>\n<meta property=\"og:title\" content=\"1&quot; Stainless Steel Ball Valve - Competitive Ball Valve Price | ZECO Valve\" \/>\n<meta property=\"og:description\" content=\"What is a 1&#8243; Stainless Steel Ball Valve? 1&#8243; stainless steel ball valve is made for higher corrosion resistance than brass and ... Read more\" \/>\n<meta property=\"og:url\" content=\"https:\/\/zecovalve.com\/tr\/urun\/1-stainless-steel-ball-valve\" \/>\n<meta property=\"og:site_name\" content=\"ZECO Valve\" \/>\n<meta property=\"article:modified_time\" content=\"2022-09-07T02:14:59+00:00\" \/>\n<meta property=\"og:image\" content=\"https:\/\/zecovalve.com\/wp-content\/uploads\/2022\/07\/1-stainless-steel-ball-valve.jpg\" \/>\n\t<meta property=\"og:image:width\" content=\"1000\" \/>\n\t<meta property=\"og:image:height\" content=\"821\" \/>\n<meta name=\"twitter:card\" content=\"summary_large_image\" \/>\n<meta name=\"twitter:label1\" content=\"Yazan:\">\n\t<meta name=\"twitter:data1\" content=\"Jerry\">\n\t<meta name=\"twitter:label2\" content=\"Tahmini okuma s\u00fcresi\">\n\t<meta name=\"twitter:data2\" content=\"1 dakika\">\n<script type=\"application\/ld+json\" class=\"yoast-schema-graph\">{\"@context\":\"https:\/\/schema.org\",\"@graph\":[{\"@type\":\"WebSite\",\"@id\":\"https:\/\/zecovalve.com\/#website\",\"url\":\"https:\/\/zecovalve.com\/\",\"name\":\"ZECO Valve\",\"description\":\"Industrial Ball Valve, Gate Valve and Globe Valve Manufacturer\",\"potentialAction\":[{\"@type\":\"SearchAction\",\"target\":\"https:\/\/zecovalve.com\/?s={search_term_string}\",\"query-input\":\"required name=search_term_string\"}],\"inLanguage\":\"tr\"},{\"@type\":\"ImageObject\",\"@id\":\"https:\/\/zecovalve.com\/product\/1-stainless-steel-ball-valve#primaryimage\",\"inLanguage\":\"tr\",\"url\":\"https:\/\/zecovalve.com\/wp-content\/uploads\/2022\/07\/1-stainless-steel-ball-valve.jpg\",\"width\":1000,\"height\":821},{\"@type\":\"WebPage\",\"@id\":\"https:\/\/zecovalve.com\/product\/1-stainless-steel-ball-valve#webpage\",\"url\":\"https:\/\/zecovalve.com\/product\/1-stainless-steel-ball-valve\",\"name\":\"1\\\" Stainless Steel Ball Valve - Competitive Ball Valve Price | ZECO Valve\",\"isPartOf\":{\"@id\":\"https:\/\/zecovalve.com\/#website\"},\"primaryImageOfPage\":{\"@id\":\"https:\/\/zecovalve.com\/product\/1-stainless-steel-ball-valve#primaryimage\"},\"datePublished\":\"2022-07-15T05:56:20+00:00\",\"dateModified\":\"2022-09-07T02:14:59+00:00\",\"breadcrumb\":{\"@id\":\"https:\/\/zecovalve.com\/product\/1-stainless-steel-ball-valve#breadcrumb\"},\"inLanguage\":\"tr\",\"potentialAction\":[{\"@type\":\"ReadAction\",\"target\":[\"https:\/\/zecovalve.com\/product\/1-stainless-steel-ball-valve\"]}]},{\"@type\":\"BreadcrumbList\",\"@id\":\"https:\/\/zecovalve.com\/product\/1-stainless-steel-ball-valve#breadcrumb\",\"itemListElement\":[{\"@type\":\"ListItem\",\"position\":1,\"item\":{\"@type\":\"WebPage\",\"@id\":\"https:\/\/zecovalve.com\/\",\"url\":\"https:\/\/zecovalve.com\/\",\"name\":\"Home\"}},{\"@type\":\"ListItem\",\"position\":2,\"item\":{\"@type\":\"WebPage\",\"@id\":\"https:\/\/zecovalve.com\/product-category\",\"url\":\"https:\/\/zecovalve.com\/product-category\",\"name\":\"Industrial Valve Manufacturer | Water Valve Manufacturer\"}},{\"@type\":\"ListItem\",\"position\":3,\"item\":{\"@type\":\"WebPage\",\"@id\":\"https:\/\/zecovalve.com\/product\/1-stainless-steel-ball-valve\",\"url\":\"https:\/\/zecovalve.com\/product\/1-stainless-steel-ball-valve\",\"name\":\"1&#8243; Stainless Steel Ball Valve\"}}]}]}<\/script>\n<!-- \/ Yoast SEO Premium plugin. -->","_links":{"self":[{"href":"https:\/\/zecovalve.com\/tr\/wp-json\/wp\/v2\/product\/19871","targetHints":{"allow":["GET"]}}],"collection":[{"href":"https:\/\/zecovalve.com\/tr\/wp-json\/wp\/v2\/product"}],"about":[{"href":"https:\/\/zecovalve.com\/tr\/wp-json\/wp\/v2\/types\/product"}],"replies":[{"embeddable":true,"href":"https:\/\/zecovalve.com\/tr\/wp-json\/wp\/v2\/comments?post=19871"}],"wp:featuredmedia":[{"embeddable":true,"href":"https:\/\/zecovalve.com\/tr\/wp-json\/wp\/v2\/media\/19872"}],"wp:attachment":[{"href":"https:\/\/zecovalve.com\/tr\/wp-json\/wp\/v2\/media?parent=19871"}],"wp:term":[{"taxonomy":"product_cat","embeddable":true,"href":"https:\/\/zecovalve.com\/tr\/wp-json\/wp\/v2\/product_cat?post=19871"},{"taxonomy":"product_tag","embeddable":true,"href":"https:\/\/zecovalve.com\/tr\/wp-json\/wp\/v2\/product_tag?post=19871"}],"curies":[{"name":"wp","href":"https:\/\/api.w.org\/{rel}","templated":true}]}}