{"id":19873,"date":"2022-07-15T06:10:04","date_gmt":"2022-07-15T06:10:04","guid":{"rendered":"https:\/\/zecovalve.com\/?post_type=product&#038;p=19873"},"modified":"2022-09-22T06:28:36","modified_gmt":"2022-09-22T06:28:36","slug":"1-threaded-ball-valve","status":"publish","type":"product","link":"https:\/\/zecovalve.com\/tr\/urun\/1-threaded-ball-valve","title":{"rendered":"1\u2033 Di\u015fli K\u00fcresel Vana"},"content":{"rendered":"<figure class=\"wp-block-image size-full is-resized\"><img loading=\"lazy\" decoding=\"async\" class=\"alignnone size-medium wp-image-16473\" src=\"https:\/\/zecovalve.com\/wp-content\/uploads\/2022\/06\/3pc-ball-valve-5-300x225.jpg\" alt=\"\" width=\"300\" height=\"225\" srcset=\"https:\/\/zecovalve.com\/wp-content\/uploads\/2022\/06\/3pc-ball-valve-5-300x225.jpg 300w, https:\/\/zecovalve.com\/wp-content\/uploads\/2022\/06\/3pc-ball-valve-5-768x576.jpg 768w, https:\/\/zecovalve.com\/wp-content\/uploads\/2022\/06\/3pc-ball-valve-5-600x450.jpg 600w, https:\/\/zecovalve.com\/wp-content\/uploads\/2022\/06\/3pc-ball-valve-5.jpg 800w\" sizes=\"auto, (max-width: 300px) 100vw, 300px\" \/><\/figure>\r\n\r\n\r\n<div class=\"gb-button-wrapper gb-button-wrapper-6d8495a3\">\r\n\r\n\r\n<p><a class=\"gb-button gb-button-3d442e11 gb-button-text\" href=\"https:\/\/zecovalve.com\/tr\/contact\/\" target=\"_blank\" rel=\"noopener noreferrer\"><strong>1\u2033 DI\u015eLI K\u00dcRESEL VANA FIYATI ALIN<\/strong><\/a><\/p>\r\n<\/div>\r\n\r\n\r\n\r\n\r\n<h2 class=\"wp-block-heading\" id=\"h-what-is-a-1-threaded-ball-valve\">1\u2033 Di\u015fli K\u00fcresel Vana nedir?<\/h2>\r\n\r\n\r\n\r\n<p>Tameson'un 25 mm nominal \u00e7apa sahip bu 2 yollu k\u00fcresel vanas\u0131, a\u00e7ma\/kapama ak\u0131\u015f kontrol\u00fc i\u00e7in tasarlanm\u0131\u015ft\u0131r.<\/p>\r\n\r\n\r\n\r\n<p>Vana G 1 in\u00e7 di\u015fli ba\u011flant\u0131 noktalar\u0131na sahiptir. Bu BSPP'dir (\u0130ngiliz Standart Boru Paraleli. 1 in\u00e7 ba\u011flant\u0131 par\u00e7alar\u0131 yelpazemiz ile vana herhangi bir boruya monte edilebilir.<\/p>\r\n\r\n\r\n\r\n<p>G 1 in\u00e7 ba\u011flant\u0131 noktalar\u0131na ve a\u00e7ma\/kapama ak\u0131\u015f kontrol\u00fc i\u00e7in bir tutama\u011fa sahip 2 Yollu erkek di\u015fli pirin\u00e7 k\u00fcresel vana. 25 mm nominal \u00e7ap ve maksimum 40 bar (580 psi) bas\u0131n\u00e7.<\/p>\r\n\r\n\r\n\r\n<h2 class=\"wp-block-heading\">1\u2033 Di\u015fli K\u00fcresel Vana nas\u0131l \u00e7al\u0131\u015f\u0131r?<\/h2>\r\n\r\n\r\n\r\n<p>Vanay\u0131 \u00e7al\u0131\u015ft\u0131rmak i\u00e7in kolu kullan\u0131n. Kol 90 derece d\u00f6nd\u00fcr\u00fcld\u00fc\u011f\u00fcnde vana a\u00e7\u0131l\u0131r veya kapan\u0131r. Kol boruya dik konumdaysa vana kapal\u0131d\u0131r. Bu vana elektrikli veya pn\u00f6matik kontrol i\u00e7in uygun de\u011fildir. Bu ama\u00e7la, ISO-Top flan\u015fl\u0131 (ISO 5211) vanalar \u00f6nerilir. Bu vana elektrik veya pn\u00f6matik kontrol i\u00e7in uygun de\u011fildir. Bu ama\u00e7la, ISO-Top flan\u015fl\u0131 (ISO 5211) vanalar tavsiye edilir.<\/p>\r\n\r\n\r\n\r\n<h2 class=\"wp-block-heading\">1\u2033 Di\u015fli K\u00fcresel Vanalar\u0131n Avantajlar\u0131<\/h2>\r\n\r\n\r\n\r\n<ul class=\"wp-block-list\">\r\n<li>Y\u00fckseltilmi\u015f tutamak duraklar\u0131.<\/li>\r\n<li>Patlamaya dayan\u0131kl\u0131 g\u00f6vde tasar\u0131m\u0131.<\/li>\r\n<li>Ayarlanabilir salmastra bilezi\u011fi.<\/li>\r\n<li>\u00c7inko fosfat korozyon korumas\u0131.<\/li>\r\n<li>API 607'ye g\u00f6re yang\u0131n g\u00fcvenli\u011fi (-24 son eki gerektirir).<\/li>\r\n<\/ul>\r\n\r\n\r\n\r\n<h2 class=\"wp-block-heading\">1\u2033 Di\u015fli K\u00fcresel Vana Uygulamalar\u0131<\/h2>\r\n\r\n\r\n\r\n<p>1\u2033 di\u015fli k\u00fcresel vana, konut ve ticari i\u00e7me suyu uygulamalar\u0131nda kullan\u0131l\u0131r, \u00e7ok \u00e7e\u015fitli s\u0131v\u0131lar ve gazlar i\u00e7in uygundur.<\/p>\r\n\r\n\r\n\r\n<p>Vana -10 ila 95 \u00b0C (14 ila 203 \u00b0F) s\u0131cakl\u0131k aral\u0131\u011f\u0131nda kullan\u0131labilir.<\/p>","protected":false},"excerpt":{"rendered":"<p>1\u2033 Di\u015fli K\u00fcresel Vana Nedir? Tameson&#039;un 25 mm nominal \u00e7apa sahip bu 2 yollu k\u00fcresel vanas\u0131, \u2026 <a title=\"1\u2033 Di\u015fli K\u00fcresel Vana\" class=\"read-more\" href=\"https:\/\/zecovalve.com\/tr\/urun\/1-threaded-ball-valve\" aria-label=\"1\u2033 Di\u015fli K\u00fcresel Vana hakk\u0131nda daha fazla bilgi\">Daha fazla bilgi edinin<\/a><\/p>","protected":false},"featured_media":16470,"comment_status":"closed","ping_status":"closed","template":"","meta":{"_generate-full-width-content":"","kt_blocks_editor_width":""},"product_cat":[2047,2462],"product_tag":[3054,2802,3922,3921],"class_list":["post-19873","product","type-product","status-publish","has-post-thumbnail","hentry","product_cat-ball-valve","product_cat-ball-valve-by-size","product_tag-1-ball-valve","product_tag-ball-valve-price","product_tag-metal-seat-ball-valve","product_tag-metal-seated-ball-valve","sales-flash-overlay","woocommerce-text-align-center","woocommerce-image-align-center","do-quantity-buttons"],"featured_image_src_large":["https:\/\/zecovalve.com\/wp-content\/uploads\/2022\/06\/3pc-ball-valve-2.jpg",800,600,false],"author_info":[],"comment_info":0,"taxonomy_info":{"product_cat":[{"value":2047,"label":"Ball Valve"},{"value":2462,"label":"Ball Valve By Size"}],"product_tag":[{"value":3054,"label":"1\" Ball Valve"},{"value":2802,"label":"Ball Valve Price"},{"value":3922,"label":"Metal Seat Ball Valve"},{"value":3921,"label":"Metal Seated Ball Valve"}]},"yoast_head":"<!-- This site is optimized with the Yoast SEO Premium plugin v15.4 - https:\/\/yoast.com\/wordpress\/plugins\/seo\/ -->\n<title>1&quot; Thread Ball Valve - Competitive Ball Valve Price | ZECO Valve<\/title>\n<meta name=\"robots\" content=\"index, follow, max-snippet:-1, max-image-preview:large, max-video-preview:-1\" \/>\n<link rel=\"canonical\" href=\"https:\/\/zecovalve.com\/tr\/urun\/1-threaded-ball-valve\" \/>\n<meta property=\"og:locale\" content=\"tr_TR\" \/>\n<meta property=\"og:type\" content=\"article\" \/>\n<meta property=\"og:title\" content=\"1&quot; Thread Ball Valve - Competitive Ball Valve Price | ZECO Valve\" \/>\n<meta property=\"og:description\" content=\"What is a 1&#8243; Threaded Ball Valve? This 2-way ball valve from Tameson with a nominal diameter of 25 mm is designed ... Read more\" \/>\n<meta property=\"og:url\" content=\"https:\/\/zecovalve.com\/tr\/urun\/1-threaded-ball-valve\" \/>\n<meta property=\"og:site_name\" content=\"ZECO Valve\" \/>\n<meta property=\"article:modified_time\" content=\"2022-09-22T06:28:36+00:00\" \/>\n<meta property=\"og:image\" content=\"https:\/\/zecovalve.com\/wp-content\/uploads\/2022\/06\/3pc-ball-valve-2.jpg\" \/>\n\t<meta property=\"og:image:width\" content=\"800\" \/>\n\t<meta property=\"og:image:height\" content=\"600\" \/>\n<meta name=\"twitter:card\" content=\"summary_large_image\" \/>\n<meta name=\"twitter:label1\" content=\"Yazan:\">\n\t<meta name=\"twitter:data1\" content=\"Jerry\">\n\t<meta name=\"twitter:label2\" content=\"Tahmini okuma s\u00fcresi\">\n\t<meta name=\"twitter:data2\" content=\"1 dakika\">\n<script type=\"application\/ld+json\" class=\"yoast-schema-graph\">{\"@context\":\"https:\/\/schema.org\",\"@graph\":[{\"@type\":\"WebSite\",\"@id\":\"https:\/\/zecovalve.com\/#website\",\"url\":\"https:\/\/zecovalve.com\/\",\"name\":\"ZECO Valve\",\"description\":\"Industrial Ball Valve, Gate Valve and Globe Valve Manufacturer\",\"potentialAction\":[{\"@type\":\"SearchAction\",\"target\":\"https:\/\/zecovalve.com\/?s={search_term_string}\",\"query-input\":\"required name=search_term_string\"}],\"inLanguage\":\"tr\"},{\"@type\":\"ImageObject\",\"@id\":\"https:\/\/zecovalve.com\/product\/1-threaded-ball-valve#primaryimage\",\"inLanguage\":\"tr\",\"url\":\"https:\/\/zecovalve.com\/wp-content\/uploads\/2022\/06\/3pc-ball-valve-2.jpg\",\"width\":800,\"height\":600},{\"@type\":\"WebPage\",\"@id\":\"https:\/\/zecovalve.com\/product\/1-threaded-ball-valve#webpage\",\"url\":\"https:\/\/zecovalve.com\/product\/1-threaded-ball-valve\",\"name\":\"1\\\" Thread Ball Valve - Competitive Ball Valve Price | ZECO Valve\",\"isPartOf\":{\"@id\":\"https:\/\/zecovalve.com\/#website\"},\"primaryImageOfPage\":{\"@id\":\"https:\/\/zecovalve.com\/product\/1-threaded-ball-valve#primaryimage\"},\"datePublished\":\"2022-07-15T06:10:04+00:00\",\"dateModified\":\"2022-09-22T06:28:36+00:00\",\"breadcrumb\":{\"@id\":\"https:\/\/zecovalve.com\/product\/1-threaded-ball-valve#breadcrumb\"},\"inLanguage\":\"tr\",\"potentialAction\":[{\"@type\":\"ReadAction\",\"target\":[\"https:\/\/zecovalve.com\/product\/1-threaded-ball-valve\"]}]},{\"@type\":\"BreadcrumbList\",\"@id\":\"https:\/\/zecovalve.com\/product\/1-threaded-ball-valve#breadcrumb\",\"itemListElement\":[{\"@type\":\"ListItem\",\"position\":1,\"item\":{\"@type\":\"WebPage\",\"@id\":\"https:\/\/zecovalve.com\/\",\"url\":\"https:\/\/zecovalve.com\/\",\"name\":\"Home\"}},{\"@type\":\"ListItem\",\"position\":2,\"item\":{\"@type\":\"WebPage\",\"@id\":\"https:\/\/zecovalve.com\/product-category\",\"url\":\"https:\/\/zecovalve.com\/product-category\",\"name\":\"Industrial Valve Manufacturer | Water Valve Manufacturer\"}},{\"@type\":\"ListItem\",\"position\":3,\"item\":{\"@type\":\"WebPage\",\"@id\":\"https:\/\/zecovalve.com\/product\/1-threaded-ball-valve\",\"url\":\"https:\/\/zecovalve.com\/product\/1-threaded-ball-valve\",\"name\":\"1&#8243; Threaded Ball Valve\"}}]}]}<\/script>\n<!-- \/ Yoast SEO Premium plugin. -->","_links":{"self":[{"href":"https:\/\/zecovalve.com\/tr\/wp-json\/wp\/v2\/product\/19873","targetHints":{"allow":["GET"]}}],"collection":[{"href":"https:\/\/zecovalve.com\/tr\/wp-json\/wp\/v2\/product"}],"about":[{"href":"https:\/\/zecovalve.com\/tr\/wp-json\/wp\/v2\/types\/product"}],"replies":[{"embeddable":true,"href":"https:\/\/zecovalve.com\/tr\/wp-json\/wp\/v2\/comments?post=19873"}],"wp:featuredmedia":[{"embeddable":true,"href":"https:\/\/zecovalve.com\/tr\/wp-json\/wp\/v2\/media\/16470"}],"wp:attachment":[{"href":"https:\/\/zecovalve.com\/tr\/wp-json\/wp\/v2\/media?parent=19873"}],"wp:term":[{"taxonomy":"product_cat","embeddable":true,"href":"https:\/\/zecovalve.com\/tr\/wp-json\/wp\/v2\/product_cat?post=19873"},{"taxonomy":"product_tag","embeddable":true,"href":"https:\/\/zecovalve.com\/tr\/wp-json\/wp\/v2\/product_tag?post=19873"}],"curies":[{"name":"wp","href":"https:\/\/api.w.org\/{rel}","templated":true}]}}