{"id":19960,"date":"2022-07-18T07:06:57","date_gmt":"2022-07-18T07:06:57","guid":{"rendered":"https:\/\/zecovalve.com\/?post_type=product&#038;p=19960"},"modified":"2022-07-26T05:46:47","modified_gmt":"2022-07-26T05:46:47","slug":"3-piece-ball-valve-stainless-steel","status":"publish","type":"product","link":"https:\/\/zecovalve.com\/tr\/urun\/3-piece-ball-valve-stainless-steel","title":{"rendered":"3 Par\u00e7al\u0131 K\u00fcresel Vana Paslanmaz \u00c7elik"},"content":{"rendered":"Tam portlu 3 par\u00e7al\u0131 k\u00fcresel vana paslanmaz \u00e7elik, kolay bak\u0131m i\u00e7in d\u0131\u015far\u0131 a\u00e7\u0131l\u0131r bir tasar\u0131ma sahiptir. Bu vanalarda ISO 5211 montaj pedi ve RTFE yatak ve contalar bulunur.\r\n\r\n\r\n\r\n\r\n<figure class=\"wp-block-image size-full is-resized\"><img loading=\"lazy\" decoding=\"async\" class=\"wp-image-19959\" src=\"https:\/\/zecovalve.com\/wp-content\/uploads\/2022\/07\/3PC-ball-valve.jpg\" alt=\"\" width=\"375\" height=\"277\" srcset=\"https:\/\/zecovalve.com\/wp-content\/uploads\/2022\/07\/3PC-ball-valve.jpg 500w, https:\/\/zecovalve.com\/wp-content\/uploads\/2022\/07\/3PC-ball-valve-300x221.jpg 300w\" sizes=\"auto, (max-width: 375px) 100vw, 375px\" \/><\/figure>\r\n\r\n\r\n<div class=\"gb-button-wrapper gb-button-wrapper-6d8495a3\">\r\n\r\n<a class=\"gb-button gb-button-3d442e11 gb-button-text\" href=\"https:\/\/zecovalve.com\/tr\/contact\/\" target=\"_blank\" rel=\"noopener noreferrer\"><strong>3 PAR\u00c7ALI K\u00dcRESEL VANA PASLANMAZ \u00c7ELIK FIYATI ALIN<\/strong><\/a>\r\n\r\n<\/div>\r\n\r\n\r\n\r\n\r\n<h2 class=\"wp-block-heading\" id=\"h-what-is-a-3-piece-ball-valve-stainless-steel\">3 Par\u00e7al\u0131 K\u00fcresel Vana Paslanmaz \u00c7elik Nedir?<\/h2>\r\n\r\n\r\n\r\n\r\nKolay \u00e7al\u0131\u015ft\u0131rma i\u00e7in ISO 5211 do\u011frudan montaj pedi ile tamamlanm\u0131\u015f 3 par\u00e7al\u0131 K\u00fcresel Vana Paslanmaz \u00c7elik.\r\n\r\n\r\n\r\n\r\n\r\nHijyenik ortamlar i\u00e7in uygun olan vana, A351 CF8M G\u00f6vde, Ra 40uin\/25uin i\u00e7 y\u00fczeyli 316 paslanmaz \u00e7elik bilyeden olu\u015fur. Vana, ge\u00e7i\u015f yolunda \u00f6l\u00fc alan b\u0131rakmayan ger\u00e7ek bir t\u00fcp portuna sahiptir.\r\n\r\n\r\n\r\n\r\n\r\nU\u00e7 ba\u011flant\u0131lar\u0131 kaynak ucu veya geni\u015fletilmi\u015f kaynak ucu olarak mevcuttur.\r\n\r\n\r\n\r\n\r\n<h2 class=\"wp-block-heading\">3 Par\u00e7a K\u00fcresel Vana Paslanmaz \u00c7elik \u00d6zellikleri<\/h2>\r\n\r\n\r\n\r\n<ul class=\"wp-block-list\">\r\n \t<li>U\u00e7 Ba\u011flant\u0131 Al\u0131n Kaynakl\u0131 OD, RF, NPT, BSPT<\/li>\r\n \t<li>G\u00f6vde Malzemesi Paslanmaz \u00c7elik<\/li>\r\n \t<li>Conta Malzemesi PTFE<\/li>\r\n \t<li>Koltuk Malzemesi Bo\u015fluk Dolgulu<\/li>\r\n \t<li>Boyut 1\/2\u2033 (DN15), 3\/4\u2033 (DN20), 1\u2033 (DN25), 1 1\/2\u2033 (DN40), 2\u2033 (DN50), 2 1\/2\u2033 (DN65), 3\u2033 (DN80), 4\u2033 (DN100)<\/li>\r\n \t<li>Tasar\u0131m 3 Par\u00e7a, Tam Delik<\/li>\r\n \t<li>End\u00fcstri \/ Onaylar Hijyenik<\/li>\r\n \t<li>Kol Kilitlenebilir Manuel Kol<\/li>\r\n \t<li>S\u0131cakl\u0131k Aral\u0131\u011f\u0131 -10\u00baC ila 180\u00baC<\/li>\r\n \t<li>Kadar Bas\u0131n\u00e7: 1000 PSI (1\/2\u2033 ila 1\u2033), 800 PSI (1 1\/2\u2033 ila 2\u2033), 600 PSI (2 1\/2\u2033 ila 4\u2033)<\/li>\r\n \t<li>\u00c7al\u0131\u015ft\u0131r\u0131labilir mi? Evet - Do\u011frudan Montaj Pedi i\u00e7erir<\/li>\r\n<\/ul>\r\n\r\n\r\n\r\n<h2 class=\"wp-block-heading\" id=\"h-features-of-3-piece-ball-valve-stainless-steel\">3 Par\u00e7a K\u00fcresel Vana Paslanmaz \u00c7elik \u00d6zellikleri<\/h2>\r\n\r\n\r\n\r\n<ul class=\"wp-block-list\">\r\n \t<li>3 Par\u00e7al\u0131, Tam Ge\u00e7i\u015fli S\u0131hhi K\u00fcresel Vana<\/li>\r\n \t<li>A351 CF8M Paslanmaz \u00c7elik G\u00f6vde<\/li>\r\n \t<li>316 Paslanmaz \u00c7elik Bilye<\/li>\r\n \t<li>Bo\u015fluk Dolgulu Koltuklar<\/li>\r\n \t<li>1000 PSI (1\/2\u2033 ila 4\u2033)<\/li>\r\n \t<li>800 PSI (1\/2\u2033 ila 4\u2033)<\/li>\r\n \t<li>600 PSI (1\/2\u2033 ila 4\u2033)<\/li>\r\n<\/ul>\r\n\r\n\r\n\r\n<h2 class=\"wp-block-heading\" id=\"h-material-of-3-piece-ball-valve-stainless-steel\">3 Par\u00e7al\u0131 K\u00fcresel Vana Malzemesi Paslanmaz \u00c7elik<\/h2>\r\n\r\n\r\n<div class=\"wp-block-image\">\r\n<figure class=\"aligncenter size-full\"><img loading=\"lazy\" decoding=\"async\" width=\"500\" height=\"230\" class=\"wp-image-19961\" src=\"https:\/\/zecovalve.com\/wp-content\/uploads\/2022\/07\/3-Piece-Ball-Valve-Stainless-Steel.png\" alt=\"\" srcset=\"https:\/\/zecovalve.com\/wp-content\/uploads\/2022\/07\/3-Piece-Ball-Valve-Stainless-Steel.png 500w, https:\/\/zecovalve.com\/wp-content\/uploads\/2022\/07\/3-Piece-Ball-Valve-Stainless-Steel-300x138.png 300w\" sizes=\"auto, (max-width: 500px) 100vw, 500px\" \/><\/figure>\r\n<\/div>\r\n\r\n\r\n<figure class=\"wp-block-table is-style-stripes\">\r\n<table>\r\n<tbody>\r\n<tr>\r\n<td>Hay\u0131r<\/td>\r\n<td>Par\u00e7a<\/td>\r\n<td>Malzeme<\/td>\r\n<\/tr>\r\n<tr>\r\n<td>1<\/td>\r\n<td>Konut<\/td>\r\n<td>Paslanmaz \u00c7elik<\/td>\r\n<\/tr>\r\n<tr>\r\n<td>2<\/td>\r\n<td>Flan\u015f<\/td>\r\n<td>Paslanmaz \u00c7elik<\/td>\r\n<\/tr>\r\n<tr>\r\n<td>3<\/td>\r\n<td>Top<\/td>\r\n<td>Paslanmaz \u00c7elik<\/td>\r\n<\/tr>\r\n<tr>\r\n<td>4<\/td>\r\n<td>Top Yuvas\u0131<\/td>\r\n<td>PTFE<\/td>\r\n<\/tr>\r\n<tr>\r\n<td>5<\/td>\r\n<td>Muhafaza Contas\u0131<\/td>\r\n<td>PTFE<\/td>\r\n<\/tr>\r\n<tr>\r\n<td>6<\/td>\r\n<td>K\u00f6k<\/td>\r\n<td>AISI 316<\/td>\r\n<\/tr>\r\n<tr>\r\n<td>7<\/td>\r\n<td>Koltuk Halkas\u0131<\/td>\r\n<td>PTFE<\/td>\r\n<\/tr>\r\n<tr>\r\n<td>8<\/td>\r\n<td>K\u00f6k Conta<\/td>\r\n<td>PTFE<\/td>\r\n<\/tr>\r\n<tr>\r\n<td>9<\/td>\r\n<td>Soket<\/td>\r\n<td>Paslanmaz \u00c7elik<\/td>\r\n<\/tr>\r\n<tr>\r\n<td>10<\/td>\r\n<td>Tutamak<\/td>\r\n<td>Paslanmaz \u00c7elik<\/td>\r\n<\/tr>\r\n<tr>\r\n<td>11<\/td>\r\n<td>K\u00f6k Y\u00fcz\u00fck<\/td>\r\n<td>Paslanmaz \u00c7elik<\/td>\r\n<\/tr>\r\n<tr>\r\n<td>12<\/td>\r\n<td>K\u00f6k Somun<\/td>\r\n<td>Paslanmaz \u00c7elik<\/td>\r\n<\/tr>\r\n<tr>\r\n<td>13<\/td>\r\n<td>El K\u0131l\u0131f\u0131<\/td>\r\n<td>PVC<\/td>\r\n<\/tr>\r\n<tr>\r\n<td>14<\/td>\r\n<td>G\u00fcvenlik Cihaz\u0131<\/td>\r\n<td>Paslanmaz \u00c7elik<\/td>\r\n<\/tr>\r\n<tr>\r\n<td>15<\/td>\r\n<td>Vidalar<\/td>\r\n<td>Paslanmaz \u00c7elik<\/td>\r\n<\/tr>\r\n<tr>\r\n<td>16<\/td>\r\n<td>Y\u0131kay\u0131c\u0131<\/td>\r\n<td>Paslanmaz \u00c7elik<\/td>\r\n<\/tr>\r\n<tr>\r\n<td>17<\/td>\r\n<td>F\u0131nd\u0131k<\/td>\r\n<td>Paslanmaz \u00c7elik<\/td>\r\n<\/tr>\r\n<\/tbody>\r\n<\/table>\r\n<\/figure>","protected":false},"excerpt":{"rendered":"<p>Tam portlu 3 par\u00e7al\u0131 k\u00fcresel vana paslanmaz \u00e7elik, kolay bak\u0131m i\u00e7in d\u0131\u015far\u0131 a\u00e7\u0131lan bir tasar\u0131ma sahiptir. Bu vanalar ISO 5211 montaj\u0131na sahiptir\u2026 <a title=\"3 Par\u00e7al\u0131 K\u00fcresel Vana Paslanmaz \u00c7elik\" class=\"read-more\" href=\"https:\/\/zecovalve.com\/tr\/urun\/3-piece-ball-valve-stainless-steel\" aria-label=\"3 Par\u00e7al\u0131 K\u00fcresel Vana Paslanmaz \u00c7elik hakk\u0131nda daha fazla bilgi\">Daha fazla bilgi edinin<\/a><\/p>","protected":false},"featured_media":19959,"comment_status":"closed","ping_status":"closed","template":"","meta":{"_generate-full-width-content":"","kt_blocks_editor_width":""},"product_cat":[2047],"product_tag":[3089,3254,3244,2832],"class_list":["post-19960","product","type-product","status-publish","has-post-thumbnail","hentry","product_cat-ball-valve","product_tag-3-piece-ball-valve","product_tag-ball-valve-stainless-steel","product_tag-stainless-ball-valve","product_tag-stainless-steel-ball-valve","sales-flash-overlay","woocommerce-text-align-center","woocommerce-image-align-center","do-quantity-buttons"],"featured_image_src_large":["https:\/\/zecovalve.com\/wp-content\/uploads\/2022\/07\/3PC-ball-valve.jpg",500,369,false],"author_info":[],"comment_info":0,"taxonomy_info":{"product_cat":[{"value":2047,"label":"Ball Valve"}],"product_tag":[{"value":3089,"label":"3 Piece Ball Valve"},{"value":3254,"label":"Ball Valve Stainless Steel"},{"value":3244,"label":"Stainless Ball Valve"},{"value":2832,"label":"Stainless Steel Ball Valve"}]},"yoast_head":"<!-- This site is optimized with the Yoast SEO Premium plugin v15.4 - https:\/\/yoast.com\/wordpress\/plugins\/seo\/ -->\n<title>3 Piece Ball Valve Stainless Steel - Stainless Steel Ball Valve | ZECO Valve<\/title>\n<meta name=\"robots\" content=\"index, follow, max-snippet:-1, max-image-preview:large, max-video-preview:-1\" \/>\n<link rel=\"canonical\" href=\"https:\/\/zecovalve.com\/tr\/urun\/3-piece-ball-valve-stainless-steel\" \/>\n<meta property=\"og:locale\" content=\"tr_TR\" \/>\n<meta property=\"og:type\" content=\"article\" \/>\n<meta property=\"og:title\" content=\"3 Piece Ball Valve Stainless Steel - Stainless Steel Ball Valve | ZECO Valve\" \/>\n<meta property=\"og:description\" content=\"Full port 3-piece ball valve stainless steel feature a swing out design for easy maintenance. These valves have an ISO 5211 mounting ... Read more\" \/>\n<meta property=\"og:url\" content=\"https:\/\/zecovalve.com\/tr\/urun\/3-piece-ball-valve-stainless-steel\" \/>\n<meta property=\"og:site_name\" content=\"ZECO Valve\" \/>\n<meta property=\"article:modified_time\" content=\"2022-07-26T05:46:47+00:00\" \/>\n<meta property=\"og:image\" content=\"https:\/\/zecovalve.com\/wp-content\/uploads\/2022\/07\/3PC-ball-valve.jpg\" \/>\n\t<meta property=\"og:image:width\" content=\"500\" \/>\n\t<meta property=\"og:image:height\" content=\"369\" \/>\n<meta name=\"twitter:card\" content=\"summary_large_image\" \/>\n<meta name=\"twitter:label1\" content=\"Yazan:\">\n\t<meta name=\"twitter:data1\" content=\"Jerry\">\n\t<meta name=\"twitter:label2\" content=\"Tahmini okuma s\u00fcresi\">\n\t<meta name=\"twitter:data2\" content=\"1 dakika\">\n<script type=\"application\/ld+json\" class=\"yoast-schema-graph\">{\"@context\":\"https:\/\/schema.org\",\"@graph\":[{\"@type\":\"WebSite\",\"@id\":\"https:\/\/zecovalve.com\/#website\",\"url\":\"https:\/\/zecovalve.com\/\",\"name\":\"ZECO Valve\",\"description\":\"Industrial Ball Valve, Gate Valve and Globe Valve Manufacturer\",\"potentialAction\":[{\"@type\":\"SearchAction\",\"target\":\"https:\/\/zecovalve.com\/?s={search_term_string}\",\"query-input\":\"required name=search_term_string\"}],\"inLanguage\":\"tr\"},{\"@type\":\"ImageObject\",\"@id\":\"https:\/\/zecovalve.com\/product\/3-piece-ball-valve-stainless-steel#primaryimage\",\"inLanguage\":\"tr\",\"url\":\"https:\/\/zecovalve.com\/wp-content\/uploads\/2022\/07\/3PC-ball-valve.jpg\",\"width\":500,\"height\":369},{\"@type\":\"WebPage\",\"@id\":\"https:\/\/zecovalve.com\/product\/3-piece-ball-valve-stainless-steel#webpage\",\"url\":\"https:\/\/zecovalve.com\/product\/3-piece-ball-valve-stainless-steel\",\"name\":\"3 Piece Ball Valve Stainless Steel - Stainless Steel Ball Valve | ZECO Valve\",\"isPartOf\":{\"@id\":\"https:\/\/zecovalve.com\/#website\"},\"primaryImageOfPage\":{\"@id\":\"https:\/\/zecovalve.com\/product\/3-piece-ball-valve-stainless-steel#primaryimage\"},\"datePublished\":\"2022-07-18T07:06:57+00:00\",\"dateModified\":\"2022-07-26T05:46:47+00:00\",\"breadcrumb\":{\"@id\":\"https:\/\/zecovalve.com\/product\/3-piece-ball-valve-stainless-steel#breadcrumb\"},\"inLanguage\":\"tr\",\"potentialAction\":[{\"@type\":\"ReadAction\",\"target\":[\"https:\/\/zecovalve.com\/product\/3-piece-ball-valve-stainless-steel\"]}]},{\"@type\":\"BreadcrumbList\",\"@id\":\"https:\/\/zecovalve.com\/product\/3-piece-ball-valve-stainless-steel#breadcrumb\",\"itemListElement\":[{\"@type\":\"ListItem\",\"position\":1,\"item\":{\"@type\":\"WebPage\",\"@id\":\"https:\/\/zecovalve.com\/\",\"url\":\"https:\/\/zecovalve.com\/\",\"name\":\"Home\"}},{\"@type\":\"ListItem\",\"position\":2,\"item\":{\"@type\":\"WebPage\",\"@id\":\"https:\/\/zecovalve.com\/product-category\",\"url\":\"https:\/\/zecovalve.com\/product-category\",\"name\":\"Industrial Valve Manufacturer | Water Valve Manufacturer\"}},{\"@type\":\"ListItem\",\"position\":3,\"item\":{\"@type\":\"WebPage\",\"@id\":\"https:\/\/zecovalve.com\/product\/3-piece-ball-valve-stainless-steel\",\"url\":\"https:\/\/zecovalve.com\/product\/3-piece-ball-valve-stainless-steel\",\"name\":\"3 Piece Ball Valve Stainless Steel\"}}]}]}<\/script>\n<!-- \/ Yoast SEO Premium plugin. -->","_links":{"self":[{"href":"https:\/\/zecovalve.com\/tr\/wp-json\/wp\/v2\/product\/19960","targetHints":{"allow":["GET"]}}],"collection":[{"href":"https:\/\/zecovalve.com\/tr\/wp-json\/wp\/v2\/product"}],"about":[{"href":"https:\/\/zecovalve.com\/tr\/wp-json\/wp\/v2\/types\/product"}],"replies":[{"embeddable":true,"href":"https:\/\/zecovalve.com\/tr\/wp-json\/wp\/v2\/comments?post=19960"}],"wp:featuredmedia":[{"embeddable":true,"href":"https:\/\/zecovalve.com\/tr\/wp-json\/wp\/v2\/media\/19959"}],"wp:attachment":[{"href":"https:\/\/zecovalve.com\/tr\/wp-json\/wp\/v2\/media?parent=19960"}],"wp:term":[{"taxonomy":"product_cat","embeddable":true,"href":"https:\/\/zecovalve.com\/tr\/wp-json\/wp\/v2\/product_cat?post=19960"},{"taxonomy":"product_tag","embeddable":true,"href":"https:\/\/zecovalve.com\/tr\/wp-json\/wp\/v2\/product_tag?post=19960"}],"curies":[{"name":"wp","href":"https:\/\/api.w.org\/{rel}","templated":true}]}}