{"id":19963,"date":"2022-07-18T07:24:10","date_gmt":"2022-07-18T07:24:10","guid":{"rendered":"https:\/\/zecovalve.com\/?post_type=product&#038;p=19963"},"modified":"2022-09-22T03:25:29","modified_gmt":"2022-09-22T03:25:29","slug":"3-pieces-ball-valve","status":"publish","type":"product","link":"https:\/\/zecovalve.com\/tr\/urun\/3-pieces-ball-valve","title":{"rendered":"3 Adet K\u00fcresel Vana"},"content":{"rendered":"3 par\u00e7al\u0131 k\u00fcresel vana ortak bir k\u00fcresel vana yap\u0131s\u0131d\u0131r, g\u00f6vdesi sol ve sa\u011f kaput ve orta vana g\u00f6vdesi olmak \u00fczere \u00fc\u00e7 par\u00e7aya ayr\u0131lm\u0131\u015ft\u0131r.\r\n\r\n\r\n\r\n\r\n<figure class=\"wp-block-image size-full is-resized\"><img loading=\"lazy\" decoding=\"async\" class=\"wp-image-16508\" src=\"https:\/\/zecovalve.com\/wp-content\/uploads\/2022\/06\/trunnion-mounted-ball-valve-2.jpg\" alt=\"\" width=\"400\" height=\"300\" srcset=\"https:\/\/zecovalve.com\/wp-content\/uploads\/2022\/06\/trunnion-mounted-ball-valve-2.jpg 800w, https:\/\/zecovalve.com\/wp-content\/uploads\/2022\/06\/trunnion-mounted-ball-valve-2-300x225.jpg 300w, https:\/\/zecovalve.com\/wp-content\/uploads\/2022\/06\/trunnion-mounted-ball-valve-2-768x576.jpg 768w, https:\/\/zecovalve.com\/wp-content\/uploads\/2022\/06\/trunnion-mounted-ball-valve-2-600x450.jpg 600w\" sizes=\"auto, (max-width: 400px) 100vw, 400px\" \/><\/figure>\r\n\r\n\r\n<div class=\"gb-button-wrapper gb-button-wrapper-6d8495a3\">\r\n\r\n<a class=\"gb-button gb-button-3d442e11 gb-button-text\" href=\"https:\/\/zecovalve.com\/tr\/contact\/\" target=\"_blank\" rel=\"noopener noreferrer\"><strong>3 ADET K\u00dcRESEL VANA FIYATI ALIN<\/strong><\/a>\r\n\r\n<\/div>\r\n\r\n\r\n\r\n\r\n<h2 class=\"wp-block-heading\" id=\"h-what-is-a-3-pieces-ball-valve\">3 Par\u00e7al\u0131 K\u00fcresel Vana Nedir?<\/h2>\r\n\r\n\r\n\r\n\r\nK\u00fcresel vanalar bir, iki veya \u00fc\u00e7 par\u00e7adan olu\u015fur. Tek par\u00e7a sadece 1 g\u00f6vde par\u00e7as\u0131 ile \u00fcretilir, \u0130ki par\u00e7al\u0131 k\u00fcresel vanalar iki ayr\u0131 par\u00e7adan olu\u015fur ve aralar\u0131ndaki ba\u011flant\u0131 di\u015fli veya bir c\u0131vata ve flan\u015f tertibat\u0131d\u0131r. Tahmin edebilece\u011finiz gibi, 3 par\u00e7al\u0131 bir k\u00fcresel vana \u00fc\u00e7 par\u00e7adan, iki u\u00e7 kapaktan ve bir g\u00f6vdeden olu\u015fur\r\n\r\n\r\n\r\n\r\n<h2 class=\"wp-block-heading\" id=\"h-features-of-3-pieces-ball-valve\">3 Adet K\u00fcresel Vana \u00d6zellikleri<\/h2>\r\n\r\n\r\n\r\n<ul class=\"wp-block-list\">\r\n \t<li>3 par\u00e7al\u0131 k\u00fcresel vanalar, 1 par\u00e7al\u0131 ve 2 par\u00e7al\u0131 k\u00fcresel vanalara k\u0131yasla en eksiksiz ba\u011flant\u0131ya sahiptir.<\/li>\r\n \t<li>G\u00f6vdelerin \u00fc\u00e7 par\u00e7as\u0131, kurulum ve s\u00f6kme i\u00e7in uygun olan c\u0131vatalarla ba\u011flanm\u0131\u015ft\u0131r.<\/li>\r\n \t<li>S\u0131k anahtarlama ve h\u0131zl\u0131 a\u015f\u0131nma durumunda, 3 par\u00e7al\u0131 k\u00fcresel vanalar \u00f6ncelikli olarak d\u00fc\u015f\u00fcn\u00fclmelidir.<\/li>\r\n \t<li>3 par\u00e7al\u0131 k\u00fcresel vanan\u0131n yolluk boyutu, daha g\u00fc\u00e7l\u00fc sirk\u00fclasyona sahip olan 1 par\u00e7al\u0131 k\u00fcresel vanadan daha b\u00fcy\u00fckt\u00fcr.<\/li>\r\n \t<li>Ak\u0131\u015fkan direnci k\u00fc\u00e7\u00fckt\u00fcr ve katsay\u0131s\u0131 ayn\u0131 boru uzunlu\u011funa e\u015fittir.<\/li>\r\n \t<li>H\u0131zl\u0131 a\u00e7\u0131l\u0131r ve kapan\u0131r, kullan\u0131m\u0131 kolayd\u0131r. Tam a\u00e7\u0131ktan tam kapal\u0131ya kadar, uzaktan kumanda i\u00e7in uygun olan kolun veya tahrik cihaz\u0131n\u0131n 90 \u00b0 d\u00f6nd\u00fcr\u00fclmesi yeterlidir.<\/li>\r\n \t<li>Milimetreden metreye kadar geni\u015f bir \u00e7ap aral\u0131\u011f\u0131na ve y\u00fcksek vakumdan y\u00fcksek bas\u0131nca kadar geni\u015f bir bas\u0131n\u00e7 aral\u0131\u011f\u0131na uygulanabilir.<\/li>\r\n<\/ul>\r\n\r\n\r\n\r\n<h2 class=\"wp-block-heading\">2 ve 3 par\u00e7al\u0131 k\u00fcresel vanalar aras\u0131ndaki b\u00fcy\u00fck fark nedir?<\/h2>\r\n\r\n\r\n\r\n\r\n\u0130ki par\u00e7al\u0131 k\u00fcresel vanalar da bak\u0131m d\u00fc\u015f\u00fcn\u00fclerek tasarlanm\u0131\u015ft\u0131r. \u0130kisi aras\u0131ndaki en b\u00fcy\u00fck fark, 3 par\u00e7al\u0131 vanadaki g\u00f6vdenin iki u\u00e7 kapa\u011f\u0131 bozmadan \u00e7\u0131kar\u0131labilmesidir. \u0130ki par\u00e7al\u0131 bir k\u00fcresel vana genellikle buna izin vermez ve tek par\u00e7al\u0131 bir k\u00fcresel vana ile bu hi\u00e7 m\u00fcmk\u00fcn de\u011fildir.\r\n\r\n\r\n\r\n\r\n\r\nAyr\u0131ca bir fiyat fark\u0131 da vard\u0131r. Daha \u00f6nce de belirtildi\u011fi gibi, tek par\u00e7al\u0131 valfler genellikle at\u0131labilir t\u00fcrdendir. \u00dc\u00e7 par\u00e7al\u0131 valfler ba\u015flang\u0131\u00e7ta daha pahal\u0131ya mal olur, ancak uzun vadede bak\u0131m i\u00e7in harcanan zaman ve valfin tamam\u0131n\u0131n de\u011fi\u015ftirilmesine k\u0131yasla yatak ve contalar\u0131n de\u011fi\u015ftirilebilmesi a\u00e7\u0131s\u0131ndan tasarruf sa\u011flayabilir.\r\n\r\n\r\n\r\n\r\n<h2 class=\"wp-block-heading\">1 Par\u00e7al\u0131, 2 Par\u00e7al\u0131 ve 3 Par\u00e7al\u0131 K\u00fcresel Vana Kar\u015f\u0131la\u015ft\u0131rmas\u0131<\/h2>\r\n\r\n\r\n\r\n<figure class=\"wp-block-table is-style-stripes\">\r\n<table>\r\n<tbody>\r\n<tr>\r\n<td><\/td>\r\n<td><strong>1 Par\u00e7al\u0131 K\u00fcresel Vanalar<\/strong><\/td>\r\n<td><strong>2 Par\u00e7al\u0131 K\u00fcresel Vanalar<\/strong><\/td>\r\n<td><strong>3 Par\u00e7al\u0131 K\u00fcresel Vanalar<\/strong><\/td>\r\n<\/tr>\r\n<tr>\r\n<td><strong>Yayg\u0131n Uygulamalar<\/strong><\/td>\r\n<td>G\u0131da servis ekipmanlar\u0131S\u0131v\u0131 dolumuOtomotiv s\u0131v\u0131 dolumu<\/td>\r\n<td>G\u0131da servis ekipmanlar\u0131S\u0131v\u0131 dolumuOtomotiv s\u0131v\u0131 dolumu<\/td>\r\n<td>\u00dcretim tesisleri<\/td>\r\n<\/tr>\r\n<tr>\r\n<td><strong>Avantajlar<\/strong><\/td>\r\n<td>En ekonomik se\u00e7enekD\u00fc\u015f\u00fck maliyetle de\u011fi\u015ftirilebilir<\/td>\r\n<td>Sat\u0131n al\u0131nmas\u0131 veya de\u011fi\u015ftirilmesi 3 par\u00e7al\u0131 valflere g\u00f6re daha ekonomiktirTam port olarak mevcuttur<\/td>\r\n<td>Bak\u0131m i\u00e7in kolay s\u00f6k\u00fclebilirY\u00fcksek d\u00f6ng\u00fcl\u00fc veya ekstrem uygulamalar i\u00e7in uzun vadeli maliyet tasarrufuTam portta mevcutturBa\u011flant\u0131 se\u00e7enekleri aras\u0131nda FNPT, soket kayna\u011f\u0131 ve boru soket kayna\u011f\u0131 bulunur<\/td>\r\n<\/tr>\r\n<tr>\r\n<td><strong>Dezavantajlar<\/strong><\/td>\r\n<td>Onar\u0131lmak \u00fczere tasarlanmam\u0131\u015ft\u0131r<\/td>\r\n<td>S\u0131n\u0131rl\u0131 tamir edilebilirlik<\/td>\r\n<td>Daha y\u00fcksek \u00f6n maliyet<\/td>\r\n<\/tr>\r\n<\/tbody>\r\n<\/table>\r\n<\/figure>","protected":false},"excerpt":{"rendered":"<p>3 par\u00e7al\u0131 k\u00fcresel vana ortak bir k\u00fcresel vana yap\u0131s\u0131d\u0131r, g\u00f6vdesi \u00fc\u00e7 par\u00e7aya b\u00f6l\u00fcnm\u00fc\u015ft\u00fcr, bunlar sol ve \u2026 <a title=\"3 Adet K\u00fcresel Vana\" class=\"read-more\" href=\"https:\/\/zecovalve.com\/tr\/urun\/3-pieces-ball-valve\" aria-label=\"3 Par\u00e7al\u0131 K\u00fcresel Vana hakk\u0131nda daha fazla bilgi\">Daha fazla bilgi edinin<\/a><\/p>","protected":false},"featured_media":16508,"comment_status":"closed","ping_status":"closed","template":"","meta":{"_generate-full-width-content":"","kt_blocks_editor_width":""},"product_cat":[2047],"product_tag":[3089,3920,3896],"class_list":["post-19963","product","type-product","status-publish","has-post-thumbnail","hentry","product_cat-ball-valve","product_tag-3-piece-ball-valve","product_tag-api-6d-ball-valve","product_tag-flanged-ball-valve","sales-flash-overlay","woocommerce-text-align-center","woocommerce-image-align-center","do-quantity-buttons"],"featured_image_src_large":["https:\/\/zecovalve.com\/wp-content\/uploads\/2022\/06\/trunnion-mounted-ball-valve-2.jpg",800,600,false],"author_info":[],"comment_info":0,"taxonomy_info":{"product_cat":[{"value":2047,"label":"Ball Valve"}],"product_tag":[{"value":3089,"label":"3 Piece Ball Valve"},{"value":3920,"label":"API 6D Ball Valve"},{"value":3896,"label":"Flanged Ball Valve"}]},"yoast_head":"<!-- This site is optimized with the Yoast SEO Premium plugin v15.4 - https:\/\/yoast.com\/wordpress\/plugins\/seo\/ -->\n<title>3 Pieces Ball Valve - Trunnion Ball Valve Manfacturer | ZECO Valve<\/title>\n<meta name=\"robots\" content=\"index, follow, max-snippet:-1, max-image-preview:large, max-video-preview:-1\" \/>\n<link rel=\"canonical\" href=\"https:\/\/zecovalve.com\/tr\/urun\/3-pieces-ball-valve\" \/>\n<meta property=\"og:locale\" content=\"tr_TR\" \/>\n<meta property=\"og:type\" content=\"article\" \/>\n<meta property=\"og:title\" content=\"3 Pieces Ball Valve - Trunnion Ball Valve Manfacturer | ZECO Valve\" \/>\n<meta property=\"og:description\" content=\"The 3 pieces ball valve is a common ball valve structure, its body is divided into three parts, which are left and ... Read more\" \/>\n<meta property=\"og:url\" content=\"https:\/\/zecovalve.com\/tr\/urun\/3-pieces-ball-valve\" \/>\n<meta property=\"og:site_name\" content=\"ZECO Valve\" \/>\n<meta property=\"article:modified_time\" content=\"2022-09-22T03:25:29+00:00\" \/>\n<meta property=\"og:image\" content=\"https:\/\/zecovalve.com\/wp-content\/uploads\/2022\/06\/trunnion-mounted-ball-valve-2.jpg\" \/>\n\t<meta property=\"og:image:width\" content=\"800\" \/>\n\t<meta property=\"og:image:height\" content=\"600\" \/>\n<meta name=\"twitter:card\" content=\"summary_large_image\" \/>\n<meta name=\"twitter:label1\" content=\"Yazan:\">\n\t<meta name=\"twitter:data1\" content=\"Jerry\">\n\t<meta name=\"twitter:label2\" content=\"Tahmini okuma s\u00fcresi\">\n\t<meta name=\"twitter:data2\" content=\"2 dakika\">\n<script type=\"application\/ld+json\" class=\"yoast-schema-graph\">{\"@context\":\"https:\/\/schema.org\",\"@graph\":[{\"@type\":\"WebSite\",\"@id\":\"https:\/\/zecovalve.com\/#website\",\"url\":\"https:\/\/zecovalve.com\/\",\"name\":\"ZECO Valve\",\"description\":\"Industrial Ball Valve, Gate Valve and Globe Valve Manufacturer\",\"potentialAction\":[{\"@type\":\"SearchAction\",\"target\":\"https:\/\/zecovalve.com\/?s={search_term_string}\",\"query-input\":\"required name=search_term_string\"}],\"inLanguage\":\"tr\"},{\"@type\":\"ImageObject\",\"@id\":\"https:\/\/zecovalve.com\/product\/3-pieces-ball-valve#primaryimage\",\"inLanguage\":\"tr\",\"url\":\"https:\/\/zecovalve.com\/wp-content\/uploads\/2022\/06\/trunnion-mounted-ball-valve-2.jpg\",\"width\":800,\"height\":600},{\"@type\":\"WebPage\",\"@id\":\"https:\/\/zecovalve.com\/product\/3-pieces-ball-valve#webpage\",\"url\":\"https:\/\/zecovalve.com\/product\/3-pieces-ball-valve\",\"name\":\"3 Pieces Ball Valve - Trunnion Ball Valve Manfacturer | ZECO Valve\",\"isPartOf\":{\"@id\":\"https:\/\/zecovalve.com\/#website\"},\"primaryImageOfPage\":{\"@id\":\"https:\/\/zecovalve.com\/product\/3-pieces-ball-valve#primaryimage\"},\"datePublished\":\"2022-07-18T07:24:10+00:00\",\"dateModified\":\"2022-09-22T03:25:29+00:00\",\"breadcrumb\":{\"@id\":\"https:\/\/zecovalve.com\/product\/3-pieces-ball-valve#breadcrumb\"},\"inLanguage\":\"tr\",\"potentialAction\":[{\"@type\":\"ReadAction\",\"target\":[\"https:\/\/zecovalve.com\/product\/3-pieces-ball-valve\"]}]},{\"@type\":\"BreadcrumbList\",\"@id\":\"https:\/\/zecovalve.com\/product\/3-pieces-ball-valve#breadcrumb\",\"itemListElement\":[{\"@type\":\"ListItem\",\"position\":1,\"item\":{\"@type\":\"WebPage\",\"@id\":\"https:\/\/zecovalve.com\/\",\"url\":\"https:\/\/zecovalve.com\/\",\"name\":\"Home\"}},{\"@type\":\"ListItem\",\"position\":2,\"item\":{\"@type\":\"WebPage\",\"@id\":\"https:\/\/zecovalve.com\/product-category\",\"url\":\"https:\/\/zecovalve.com\/product-category\",\"name\":\"Industrial Valve Manufacturer | Water Valve Manufacturer\"}},{\"@type\":\"ListItem\",\"position\":3,\"item\":{\"@type\":\"WebPage\",\"@id\":\"https:\/\/zecovalve.com\/product\/3-pieces-ball-valve\",\"url\":\"https:\/\/zecovalve.com\/product\/3-pieces-ball-valve\",\"name\":\"3 Pieces Ball Valve\"}}]}]}<\/script>\n<!-- \/ Yoast SEO Premium plugin. -->","_links":{"self":[{"href":"https:\/\/zecovalve.com\/tr\/wp-json\/wp\/v2\/product\/19963","targetHints":{"allow":["GET"]}}],"collection":[{"href":"https:\/\/zecovalve.com\/tr\/wp-json\/wp\/v2\/product"}],"about":[{"href":"https:\/\/zecovalve.com\/tr\/wp-json\/wp\/v2\/types\/product"}],"replies":[{"embeddable":true,"href":"https:\/\/zecovalve.com\/tr\/wp-json\/wp\/v2\/comments?post=19963"}],"wp:featuredmedia":[{"embeddable":true,"href":"https:\/\/zecovalve.com\/tr\/wp-json\/wp\/v2\/media\/16508"}],"wp:attachment":[{"href":"https:\/\/zecovalve.com\/tr\/wp-json\/wp\/v2\/media?parent=19963"}],"wp:term":[{"taxonomy":"product_cat","embeddable":true,"href":"https:\/\/zecovalve.com\/tr\/wp-json\/wp\/v2\/product_cat?post=19963"},{"taxonomy":"product_tag","embeddable":true,"href":"https:\/\/zecovalve.com\/tr\/wp-json\/wp\/v2\/product_tag?post=19963"}],"curies":[{"name":"wp","href":"https:\/\/api.w.org\/{rel}","templated":true}]}}