{"id":26583,"date":"2022-08-05T15:27:29","date_gmt":"2022-08-05T15:27:29","guid":{"rendered":"https:\/\/zecovalve.com\/?post_type=product&#038;p=26583"},"modified":"2022-09-20T06:10:35","modified_gmt":"2022-09-20T06:10:35","slug":"fully-welded-ball-valve","status":"publish","type":"product","link":"https:\/\/zecovalve.com\/tr\/urun\/fully-welded-ball-valve","title":{"rendered":"Tamamen Kaynakl\u0131 K\u00fcresel Vana"},"content":{"rendered":"Tam kaynakl\u0131 k\u00fcresel vanalar, boru hatlar\u0131nda sa\u011flaml\u0131klar\u0131 ve az bak\u0131m gerektirmeleri nedeniyle kullan\u0131l\u0131r ve \u00e7o\u011funlukla yer alt\u0131 ve yer \u00fcst\u00fc uygulamalar\u0131 i\u00e7in tercih edilir.\r\n\r\n\r\n\r\n\r\n<figure class=\"wp-block-image size-full is-resized\"><img loading=\"lazy\" decoding=\"async\" class=\"wp-image-26581\" src=\"https:\/\/zecovalve.com\/wp-content\/uploads\/2022\/08\/A105-\u5168\u710a\u63a5\u7403\u9600.jpg\" alt=\"\" width=\"400\" height=\"400\" srcset=\"https:\/\/zecovalve.com\/wp-content\/uploads\/2022\/08\/A105-\u5168\u710a\u63a5\u7403\u9600.jpg 800w, https:\/\/zecovalve.com\/wp-content\/uploads\/2022\/08\/A105-\u5168\u710a\u63a5\u7403\u9600-300x300.jpg 300w, https:\/\/zecovalve.com\/wp-content\/uploads\/2022\/08\/A105-\u5168\u710a\u63a5\u7403\u9600-150x150.jpg 150w, https:\/\/zecovalve.com\/wp-content\/uploads\/2022\/08\/A105-\u5168\u710a\u63a5\u7403\u9600-768x768.jpg 768w, https:\/\/zecovalve.com\/wp-content\/uploads\/2022\/08\/A105-\u5168\u710a\u63a5\u7403\u9600-400x400.jpg 400w, https:\/\/zecovalve.com\/wp-content\/uploads\/2022\/08\/A105-\u5168\u710a\u63a5\u7403\u9600-600x600.jpg 600w, https:\/\/zecovalve.com\/wp-content\/uploads\/2022\/08\/A105-\u5168\u710a\u63a5\u7403\u9600-100x100.jpg 100w\" sizes=\"auto, (max-width: 400px) 100vw, 400px\" \/><\/figure>\r\n\r\n\r\n<div class=\"gb-button-wrapper gb-button-wrapper-6d8495a3\">\r\n\r\n<a class=\"gb-button gb-button-3d442e11 gb-button-text\" href=\"https:\/\/zecovalve.com\/tr\/contact\/\" target=\"_blank\" rel=\"noopener noreferrer\"><strong>TAMAMEN KAYNAKLI K\u00dcRESEL VANA FIYATI ALIN<\/strong><\/a>\r\n\r\n<\/div>\r\n\r\n\r\n\r\n\r\n<h2 class=\"wp-block-heading\" id=\"h-what-is-a-fully-welded-ball-valve\">Tam Kaynakl\u0131 K\u00fcresel Vana Nedir?<\/h2>\r\n\r\n\r\n\r\n\r\nTamamen kaynakl\u0131 bir vana, a\u011f\u0131rl\u0131\u011f\u0131 azaltmak ve mukavemeti art\u0131rmak i\u00e7in tamamen kaynakl\u0131 ve d\u00f6vme bir g\u00f6vde ile tasarlanm\u0131\u015ft\u0131r ve birka\u00e7 potansiyel s\u0131z\u0131nt\u0131 noktas\u0131n\u0131 ortadan kald\u0131r\u0131r. Bir\u00e7ok farkl\u0131 boru hatt\u0131 sisteminde ortam ak\u0131\u015f\u0131n\u0131 ba\u011flamak ve kapatmak i\u00e7in kullan\u0131l\u0131rlar. Tamamen kaynakl\u0131 k\u00fcresel vanalar genellikle a\u00e7\u0131k deniz petrol, kara petrokimya, kentsel \u0131s\u0131tma ve do\u011fal gaz, gemi yap\u0131m\u0131 ve enerji santralleri gibi bir\u00e7ok end\u00fcstride bulunan en yayg\u0131n tam kaynakl\u0131 vana t\u00fcr\u00fc olarak kabul edilir.\r\n\r\n\r\n\r\n\r\n\r\nTamamen kaynakl\u0131 k\u00fcresel vana, g\u00f6vdeden herhangi bir potansiyel s\u0131z\u0131nt\u0131y\u0131 \u00f6nlemek i\u00e7in c\u0131vata ve somun yerine d\u00f6vme malzeme, kaynakl\u0131 g\u00f6vde kullan\u0131r. Tamamen kaynakl\u0131 k\u00fcresel vana, s\u0131zd\u0131rmazl\u0131\u011f\u0131n \u00e7ok daha g\u00fcvenilir olmas\u0131n\u0131 sa\u011flar. Vanalar k\u00fcresel ve silindirik tipte olabilir. Genellikle, k\u00fcresel tipte g\u00f6vde \u00fczerinde yaln\u0131zca bir kaynak diki\u015fi vard\u0131r ve silindirik tipte g\u00f6vde \u00fczerinde iki kaynak diki\u015fi vard\u0131r.\r\n\r\n\r\n\r\n\r\n<h2 class=\"wp-block-heading\">Tam Kaynakl\u0131 K\u00fcresel Vana Yap\u0131s\u0131<\/h2>\r\n\r\n\r\n\r\n\r\nK\u00fcresel vanan\u0131n vana g\u00f6vdesi, montajdan sonra alt\u0131 adet k\u0131smen d\u00f6v\u00fclm\u00fc\u015f kabu\u011fun kaynaklanmas\u0131yla \u00fcretilir. Yap\u0131 kompaktt\u0131r ve t\u00fcm k\u00fcresel vana entegre edilmi\u015ftir. \u015eu anda, \u00fcretimde kullan\u0131lan b\u00fcy\u00fck kalibreli k\u00fcresel vanalar \u00e7o\u011funlukla b\u00f6l\u00fcnm\u00fc\u015f \u00fc\u00e7 par\u00e7al\u0131 yap\u0131lard\u0131r ve her par\u00e7a c\u0131vatalarla ba\u011flanm\u0131\u015ft\u0131r. \u00dc\u00e7 par\u00e7al\u0131 k\u00fcresel vana ile kar\u015f\u0131la\u015ft\u0131r\u0131ld\u0131\u011f\u0131nda, ayn\u0131 mukavemet alt\u0131nda, tamamen kaynakl\u0131 k\u00fcresel vana d\u00f6vme par\u00e7as\u0131n\u0131n duvar kal\u0131nl\u0131\u011f\u0131 \u00e7ok ince hale getirilebilir, vana a\u011f\u0131rl\u0131\u011f\u0131 d\u00f6rtte bir oran\u0131nda azalt\u0131labilir ve boru hatt\u0131 b\u00fck\u00fclmesine ve ekstr\u00fczyona kar\u015f\u0131 diren\u00e7 art\u0131r\u0131labilir.\r\n\r\n\r\n\r\n\r\n<h2 class=\"wp-block-heading\">Tam Kaynakl\u0131 K\u00fcresel Vana \u00dcr\u00fcn Yelpazesi<\/h2>\r\n\r\n\r\n\r\n<ul class=\"wp-block-list\">\r\n \t<li>G\u00f6vde malzemesi: d\u00fc\u015f\u00fck s\u0131cakl\u0131k karbon \u00e7eli\u011fi, karbon \u00e7eli\u011fi<\/li>\r\n \t<li>Nominal \u00e7ap: 2\u2033\uff5e60\u2033\uff08DN50~DN1500\uff09<\/li>\r\n \t<li>Bas\u0131n\u00e7 aral\u0131\u011f\u0131: Class150\uff5e2500\uff08PN10~PN420\uff09<\/li>\r\n \t<li>U\u00e7 ba\u011flant\u0131s\u0131: RF, RTJ, BW<\/li>\r\n \t<li>\u00c7al\u0131\u015fma s\u0131cakl\u0131\u011f\u0131: -46 \u2103 \uff5e + 200 \u2103<\/li>\r\n \t<li>Operasyon: \u0130ngiliz anahtar\u0131, sonsuz di\u015fli, elektrikli, pn\u00f6matik, gaz \u00fcst\u00fc ya\u011f akt\u00fcat\u00f6r\u00fc ve elektro-hidrolik akt\u00fcat\u00f6r.<\/li>\r\n<\/ul>\r\n\r\n\r\n\r\n<h2 class=\"wp-block-heading\">Tam Kaynakl\u0131 K\u00fcresel Vana \u00d6zellikleri<\/h2>\r\n\r\n\r\n\r\n<ul class=\"wp-block-list\">\r\n \t<li>Daha fazla proses ko\u015fulunu kar\u015f\u0131lamak i\u00e7in \u00e7e\u015fitli yumu\u015fak conta ve sert conta koltuk malzemeleri<\/li>\r\n \t<li>Vana, NACE standard\u0131n\u0131, ka\u00e7ak emisyon fonksiyonunu ve API 607'nin yang\u0131n testi sertifikas\u0131n\u0131 kar\u015f\u0131lar<\/li>\r\n \t<li>Koltuk \u00e7ift veya tek pistonlu olarak tasarlanabilir ve daha d\u00fc\u015f\u00fck \u00e7al\u0131\u015fma torkuna sahiptir<\/li>\r\n \t<li>Kolla \u00e7al\u0131\u015fan vanalarda kilitleme cihazlar\u0131 standartt\u0131r<\/li>\r\n \t<li>T\u00fcm vanalar, orta b\u00f6lmedeki bas\u0131nc\u0131n g\u00fcvenli\u011fini sa\u011flamak i\u00e7in kendinden bo\u015fluklu bas\u0131n\u00e7 tahliye fonksiyonuna sahiptir<\/li>\r\n \t<li>Karbon \u00e7eli\u011finden yap\u0131lm\u0131\u015f k\u00fcresel vanalarda, yap\u0131\u015fma ve tork art\u0131\u015f\u0131n\u0131 \u00f6nlemek i\u00e7in yatak halkas\u0131 ile vana g\u00f6vdesi ve salmastra kutusu aras\u0131ndaki temas konumuna paslanmaz \u00e7elikten bir tabaka kaplan\u0131r<\/li>\r\n \t<li>PMSS \u00f6zel yuva yap\u0131s\u0131, iki katmanl\u0131 conta, birinci yumu\u015fak conta ve ikinci sert conta \u00fcr\u00fcn\u00fcn daha iyi performans g\u00f6stermesini sa\u011flar<\/li>\r\n<\/ul>","protected":false},"excerpt":{"rendered":"<p>Tamamen kaynakl\u0131 k\u00fcresel vanalar, sa\u011flaml\u0131klar\u0131 ve az bak\u0131m gerektirmeleri nedeniyle boru hatlar\u0131nda kullan\u0131l\u0131r ve \u00e7o\u011funlukla yer alt\u0131 ve\u2026 <a title=\"Tamamen Kaynakl\u0131 K\u00fcresel Vana\" class=\"read-more\" href=\"https:\/\/zecovalve.com\/tr\/urun\/fully-welded-ball-valve\" aria-label=\"Tamamen Kaynakl\u0131 K\u00fcresel Vana hakk\u0131nda daha fazla bilgi\">Daha fazla bilgi edinin<\/a><\/p>","protected":false},"featured_media":26581,"comment_status":"closed","ping_status":"closed","template":"","meta":{"_generate-full-width-content":"","kt_blocks_editor_width":""},"product_cat":[2047,2459],"product_tag":[3913],"class_list":["post-26583","product","type-product","status-publish","has-post-thumbnail","hentry","product_cat-ball-valve","product_cat-ball-valve-by-form","product_tag-full-port-ball-valve","sales-flash-overlay","woocommerce-text-align-center","woocommerce-image-align-center","do-quantity-buttons"],"featured_image_src_large":["https:\/\/zecovalve.com\/wp-content\/uploads\/2022\/08\/A105-\u5168\u710a\u63a5\u7403\u9600.jpg",800,800,false],"author_info":[],"comment_info":0,"taxonomy_info":{"product_cat":[{"value":2047,"label":"Ball Valve"},{"value":2459,"label":"Ball Valve By Form"}],"product_tag":[{"value":3913,"label":"Full Port Ball Valve"}]},"yoast_head":"<!-- This site is optimized with the Yoast SEO Premium plugin v15.4 - https:\/\/yoast.com\/wordpress\/plugins\/seo\/ -->\n<title>Fully Welded Ball Valve - Welded Ball Valve | ZECO Valve<\/title>\n<meta name=\"robots\" content=\"index, follow, max-snippet:-1, max-image-preview:large, max-video-preview:-1\" \/>\n<link rel=\"canonical\" href=\"https:\/\/zecovalve.com\/tr\/urun\/fully-welded-ball-valve\" \/>\n<meta property=\"og:locale\" content=\"tr_TR\" \/>\n<meta property=\"og:type\" content=\"article\" \/>\n<meta property=\"og:title\" content=\"Fully Welded Ball Valve - Welded Ball Valve | ZECO Valve\" \/>\n<meta property=\"og:description\" content=\"Fully welded ball valves are used at pipelines for their strength and low maintenance purpose and are preferred mostly for underground and ... Read more\" \/>\n<meta property=\"og:url\" content=\"https:\/\/zecovalve.com\/tr\/urun\/fully-welded-ball-valve\" \/>\n<meta property=\"og:site_name\" content=\"ZECO Valve\" \/>\n<meta property=\"article:modified_time\" content=\"2022-09-20T06:10:35+00:00\" \/>\n<meta property=\"og:image\" content=\"https:\/\/zecovalve.com\/wp-content\/uploads\/2022\/08\/A105-\u5168\u710a\u63a5\u7403\u9600.jpg\" \/>\n\t<meta property=\"og:image:width\" content=\"800\" \/>\n\t<meta property=\"og:image:height\" content=\"800\" \/>\n<meta name=\"twitter:card\" content=\"summary_large_image\" \/>\n<meta name=\"twitter:label1\" content=\"Yazan:\">\n\t<meta name=\"twitter:data1\" content=\"Jerry\">\n\t<meta name=\"twitter:label2\" content=\"Tahmini okuma s\u00fcresi\">\n\t<meta name=\"twitter:data2\" content=\"2 dakika\">\n<script type=\"application\/ld+json\" class=\"yoast-schema-graph\">{\"@context\":\"https:\/\/schema.org\",\"@graph\":[{\"@type\":\"WebSite\",\"@id\":\"https:\/\/zecovalve.com\/#website\",\"url\":\"https:\/\/zecovalve.com\/\",\"name\":\"ZECO Valve\",\"description\":\"Industrial Ball Valve, Gate Valve and Globe Valve Manufacturer\",\"potentialAction\":[{\"@type\":\"SearchAction\",\"target\":\"https:\/\/zecovalve.com\/?s={search_term_string}\",\"query-input\":\"required name=search_term_string\"}],\"inLanguage\":\"tr\"},{\"@type\":\"ImageObject\",\"@id\":\"https:\/\/zecovalve.com\/product\/fully-welded-ball-valve#primaryimage\",\"inLanguage\":\"tr\",\"url\":\"https:\/\/zecovalve.com\/wp-content\/uploads\/2022\/08\/A105-\\u5168\\u710a\\u63a5\\u7403\\u9600.jpg\",\"width\":800,\"height\":800},{\"@type\":\"WebPage\",\"@id\":\"https:\/\/zecovalve.com\/product\/fully-welded-ball-valve#webpage\",\"url\":\"https:\/\/zecovalve.com\/product\/fully-welded-ball-valve\",\"name\":\"Fully Welded Ball Valve - Welded Ball Valve | ZECO Valve\",\"isPartOf\":{\"@id\":\"https:\/\/zecovalve.com\/#website\"},\"primaryImageOfPage\":{\"@id\":\"https:\/\/zecovalve.com\/product\/fully-welded-ball-valve#primaryimage\"},\"datePublished\":\"2022-08-05T15:27:29+00:00\",\"dateModified\":\"2022-09-20T06:10:35+00:00\",\"breadcrumb\":{\"@id\":\"https:\/\/zecovalve.com\/product\/fully-welded-ball-valve#breadcrumb\"},\"inLanguage\":\"tr\",\"potentialAction\":[{\"@type\":\"ReadAction\",\"target\":[\"https:\/\/zecovalve.com\/product\/fully-welded-ball-valve\"]}]},{\"@type\":\"BreadcrumbList\",\"@id\":\"https:\/\/zecovalve.com\/product\/fully-welded-ball-valve#breadcrumb\",\"itemListElement\":[{\"@type\":\"ListItem\",\"position\":1,\"item\":{\"@type\":\"WebPage\",\"@id\":\"https:\/\/zecovalve.com\/\",\"url\":\"https:\/\/zecovalve.com\/\",\"name\":\"Home\"}},{\"@type\":\"ListItem\",\"position\":2,\"item\":{\"@type\":\"WebPage\",\"@id\":\"https:\/\/zecovalve.com\/product-category\",\"url\":\"https:\/\/zecovalve.com\/product-category\",\"name\":\"Industrial Valve Manufacturer | Water Valve Manufacturer\"}},{\"@type\":\"ListItem\",\"position\":3,\"item\":{\"@type\":\"WebPage\",\"@id\":\"https:\/\/zecovalve.com\/product\/fully-welded-ball-valve\",\"url\":\"https:\/\/zecovalve.com\/product\/fully-welded-ball-valve\",\"name\":\"Fully Welded Ball Valve\"}}]}]}<\/script>\n<!-- \/ Yoast SEO Premium plugin. -->","_links":{"self":[{"href":"https:\/\/zecovalve.com\/tr\/wp-json\/wp\/v2\/product\/26583","targetHints":{"allow":["GET"]}}],"collection":[{"href":"https:\/\/zecovalve.com\/tr\/wp-json\/wp\/v2\/product"}],"about":[{"href":"https:\/\/zecovalve.com\/tr\/wp-json\/wp\/v2\/types\/product"}],"replies":[{"embeddable":true,"href":"https:\/\/zecovalve.com\/tr\/wp-json\/wp\/v2\/comments?post=26583"}],"wp:featuredmedia":[{"embeddable":true,"href":"https:\/\/zecovalve.com\/tr\/wp-json\/wp\/v2\/media\/26581"}],"wp:attachment":[{"href":"https:\/\/zecovalve.com\/tr\/wp-json\/wp\/v2\/media?parent=26583"}],"wp:term":[{"taxonomy":"product_cat","embeddable":true,"href":"https:\/\/zecovalve.com\/tr\/wp-json\/wp\/v2\/product_cat?post=26583"},{"taxonomy":"product_tag","embeddable":true,"href":"https:\/\/zecovalve.com\/tr\/wp-json\/wp\/v2\/product_tag?post=26583"}],"curies":[{"name":"wp","href":"https:\/\/api.w.org\/{rel}","templated":true}]}}