{"id":27080,"date":"2022-09-07T06:01:33","date_gmt":"2022-09-07T06:01:33","guid":{"rendered":"https:\/\/zecovalve.com\/?post_type=product&#038;p=27080"},"modified":"2022-09-07T06:45:02","modified_gmt":"2022-09-07T06:45:02","slug":"1-inch-motorized-ball-valve","status":"publish","type":"product","link":"https:\/\/zecovalve.com\/tr\/urun\/1-inch-motorized-ball-valve","title":{"rendered":"1 \u0130n\u00e7 Motorlu K\u00fcresel Vana"},"content":{"rendered":"1\" motorlu k\u00fcresel vanalar\u0131m\u0131z, biraz daha b\u00fcy\u00fck bir vanadan bekleyece\u011finiz g\u00fcvenilirlik ve sa\u011flaml\u0131kla birlikte gelir. Bunlar\u0131n say\u0131s\u0131z uygulamada kullan\u0131ld\u0131\u011f\u0131n\u0131 g\u00f6rd\u00fck. Tutarl\u0131l\u0131klar\u0131, suya dayan\u0131kl\u0131l\u0131klar\u0131 ve g\u00fcvenilirlikleri onlar\u0131 projeniz i\u00e7in m\u00fckemmel bir se\u00e7im haline getirir.\r\n\r\n\r\n\r\n\r\n<figure class=\"wp-block-image size-large is-resized\"><img loading=\"lazy\" decoding=\"async\" class=\"wp-image-27081\" src=\"https:\/\/zecovalve.com\/wp-content\/uploads\/2022\/09\/1-inch-motorized-ball-valve-898x1024.jpg\" alt=\"\" width=\"449\" height=\"512\" srcset=\"https:\/\/zecovalve.com\/wp-content\/uploads\/2022\/09\/1-inch-motorized-ball-valve-898x1024.jpg 898w, https:\/\/zecovalve.com\/wp-content\/uploads\/2022\/09\/1-inch-motorized-ball-valve-263x300.jpg 263w, https:\/\/zecovalve.com\/wp-content\/uploads\/2022\/09\/1-inch-motorized-ball-valve-768x876.jpg 768w, https:\/\/zecovalve.com\/wp-content\/uploads\/2022\/09\/1-inch-motorized-ball-valve-1347x1536.jpg 1347w, https:\/\/zecovalve.com\/wp-content\/uploads\/2022\/09\/1-inch-motorized-ball-valve-1796x2048.jpg 1796w, https:\/\/zecovalve.com\/wp-content\/uploads\/2022\/09\/1-inch-motorized-ball-valve-600x684.jpg 600w\" sizes=\"auto, (max-width: 449px) 100vw, 449px\" \/><\/figure>\r\n\r\n\r\n\r\n\r\n<div class=\"gb-button-wrapper gb-button-wrapper-6d8495a3\">\r\n\r\n<a class=\"gb-button gb-button-3d442e11 gb-button-text\" href=\"mailto:commercial@zecovalve.com\" target=\"_blank\" rel=\"noopener noreferrer\"><strong>1 IN\u00c7 MOTORLU K\u00dcRESEL VANA FIYATI ALIN<\/strong><\/a>\r\n\r\n<\/div>\r\n\r\n\r\n<h2 class=\"wp-block-heading\" id=\"h-what-is-motorized-ball-valve\">Motorlu K\u00fcresel Vana Nedir?<\/h2>\r\n\r\n\r\n\r\n\r\nAkt\u00fcat\u00f6rl\u00fc k\u00fcresel vanalar olarak da bilinen bu vanalar, y\u00fcksek ak\u0131\u015f h\u0131zlar\u0131 ve bas\u0131n\u00e7larla ba\u015fa \u00e7\u0131kabilen bir motora sahiptir. Hepsi ak\u0131\u015f\u0131 otomatik olarak ba\u015flatmak ve durdurmak i\u00e7in elektrikle \u00e7al\u0131\u015f\u0131r. Vanalar \u00e7al\u0131\u015ft\u0131r\u0131lmad\u0131k\u00e7a normalde kapal\u0131 veya \u00e7al\u0131\u015ft\u0131r\u0131lmad\u0131k\u00e7a normalde a\u00e7\u0131k olarak kablolanabilir. \u00c7al\u0131\u015fma i\u00e7in giri\u015f ve \u00e7\u0131k\u0131\u015f aras\u0131nda minimum bas\u0131n\u00e7 d\u00fc\u015f\u00fc\u015f\u00fc gerektirmezler.\r\n\r\n\r\n\r\n\r\n\r\nAkt\u00fcat\u00f6r, hareketi en aza indirmek ve a\u015f\u0131nmay\u0131 azaltmak i\u00e7in do\u011frudan vana g\u00f6vdesine monte edilmi\u015ftir. Akt\u00fcat\u00f6r\u00fcn \u00fcst\u00fcndeki g\u00f6rsel bir ak\u0131\u015f g\u00f6stergesi vanan\u0131n a\u00e7\u0131k veya kapal\u0131 oldu\u011funu g\u00f6sterir. Manuel ge\u00e7ersiz k\u0131lma, elektrik kesintileri s\u0131ras\u0131nda vanay\u0131 \u00e7al\u0131\u015ft\u0131rman\u0131za olanak tan\u0131r.\r\n\r\n\r\n\r\n\r\n\r\nMotorlu k\u00fcresel vanalar, pn\u00f6matik hava kayna\u011f\u0131na ihtiya\u00e7 duymadan otomatik bir proses kontrol sistemi i\u00e7inde bir ortam\u0131n, s\u0131v\u0131n\u0131n veya gaz\u0131n ak\u0131\u015f\u0131n\u0131 kontrol eder. Motorlu k\u00fcresel vanalar olarak da bilinen bu vanalar yemek servisi ekipmanlar\u0131nda, \u00fcretim tesislerinde ve sulama sistemlerinde yayg\u0131n olarak kullan\u0131l\u0131r.\r\n\r\n\r\n\r\n\r\n<h2 class=\"wp-block-heading\">1 \u0130n\u00e7 Motorlu K\u00fcresel Vana \u00d6zellikleri<\/h2>\r\n\r\n\r\n\r\n<ul class=\"wp-block-list\">\r\n \t<li>2 y\u00f6nl\u00fc, \u00e7ift y\u00f6nl\u00fc<\/li>\r\n \t<li>Normalde A\u00e7\u0131k<\/li>\r\n \t<li>Vanay\u0131 kapatmak i\u00e7in akt\u00fcat\u00f6re enerji verin<\/li>\r\n \t<li>Vanay\u0131 a\u00e7mak i\u00e7in enerjiyi kesin (vanalar dahili kapasit\u00f6rden gelen g\u00fc\u00e7le a\u00e7\u0131l\u0131r)<\/li>\r\n \t<li>G\u00f6rsel valf konum g\u00f6stergesi<\/li>\r\n \t<li>Yer\u00e7ekimi ile besleme uygulamalar\u0131 i\u00e7in m\u00fckemmel se\u00e7im<\/li>\r\n \t<li>Uzun aktivasyon s\u00fcreleri gerektiren uygulamalar i\u00e7in m\u00fckemmel se\u00e7im<\/li>\r\n<\/ul>\r\n\r\n\r\n\r\n<h2 class=\"wp-block-heading\">K\u00fcresel Vana Akt\u00fcat\u00f6rlerinin teknik verileri<\/h2>\r\n\r\n\r\n\r\n<ul class=\"wp-block-list\">\r\n \t<li>Sadece pozisyon de\u011fi\u015fti\u011finde d\u00fc\u015f\u00fck g\u00fc\u00e7 t\u00fcketimi. Akt\u00fcat\u00f6r\u00fc kapat\u0131r.<\/li>\r\n \t<li>Vanalar i\u00e7in uygun k\u00fc\u00e7\u00fck boyut<\/li>\r\n \t<li>G\u00fc\u00e7 t\u00fcketimi - A80 ECO - 10W, A83 - 6W<\/li>\r\n \t<li>Maksimum tork - 8 Nm<\/li>\r\n \t<li>A\u00e7ma\/kapama s\u00fcresi - A80 ECO - 10s, A83 - 8s<\/li>\r\n \t<li>Su ge\u00e7irmezlik s\u0131n\u0131f\u0131 - IP54<\/li>\r\n \t<li>G\u00f6vde rengi - A80 ECO - mavi, A83 - turuncu<\/li>\r\n \t<li>G\u00f6vde malzemesi - PA<\/li>\r\n \t<li>\u00c7elik mekanizmas\u0131<\/li>\r\n \t<li>Kapak \u00fczerinde mekanik konum g\u00f6stergesi (A80 ECO hari\u00e7)<\/li>\r\n \t<li>Tel uzunlu\u011fu 900 mm<\/li>\r\n \t<li>Ortam s\u0131cakl\u0131\u011f\u0131: -10 \u00b0C ila 50 \u00b0C<\/li>\r\n<\/ul>\r\n\r\n\r\n\r\n<h2 class=\"wp-block-heading\">1 \u0130n\u00e7 Motorlu K\u00fcresel Vana Bak\u0131m ve Onar\u0131m\u0131<\/h2>\r\n\r\n\r\n\r\n\r\nBoru ba\u011flant\u0131lar\u0131n\u0131 a\u00e7madan bu vanalar\u0131n bak\u0131m ve onar\u0131m\u0131n\u0131 yap\u0131n. Dahili bile\u015fenlere kolay eri\u015fim i\u00e7in hat i\u00e7inde s\u00f6k\u00fclebilen \u00fc\u00e7 par\u00e7al\u0131 c\u0131vatal\u0131 bir g\u00f6vdeye sahiptirler. Hepsi ak\u0131\u015f\u0131 otomatik olarak ba\u015flatmak ve durdurmak i\u00e7in elektrikle \u00e7al\u0131\u015f\u0131r. Vanalar\u0131n \u00e7al\u0131\u015fmas\u0131 i\u00e7in giri\u015f ve \u00e7\u0131k\u0131\u015f aras\u0131nda minimum bas\u0131n\u00e7 d\u00fc\u015f\u00fc\u015f\u00fc gerekmez. T\u00fcm\u00fc \u00e7al\u0131\u015ft\u0131r\u0131lmad\u0131k\u00e7a normalde kapal\u0131 veya \u00e7al\u0131\u015ft\u0131r\u0131lmad\u0131k\u00e7a normalde a\u00e7\u0131k olarak kablolanabilir. Tam portludurlar, bu nedenle ak\u0131\u015f\u0131 k\u0131s\u0131tlamazlar.","protected":false},"excerpt":{"rendered":"<p>1\u201d motorlu k\u00fcresel vanalar\u0131m\u0131z, biraz daha b\u00fcy\u00fck bir vanadan bekleyece\u011finiz g\u00fcvenilirlik ve sa\u011flaml\u0131kla birlikte gelir. G\u00f6rd\u00fck \u2026 <a title=\"1 \u0130n\u00e7 Motorlu K\u00fcresel Vana\" class=\"read-more\" href=\"https:\/\/zecovalve.com\/tr\/urun\/1-inch-motorized-ball-valve\" aria-label=\"1 \u0130n\u00e7 Motorlu K\u00fcresel Vana hakk\u0131nda daha fazla bilgi\">Daha fazla bilgi edinin<\/a><\/p>","protected":false},"featured_media":27081,"comment_status":"closed","ping_status":"closed","template":"","meta":{"_generate-full-width-content":"","kt_blocks_editor_width":""},"product_cat":[2047,2460],"product_tag":[3054,3295,3293,3869,3255,3291,3868,3294,2766,3292,2727],"class_list":["post-27080","product","type-product","status-publish","has-post-thumbnail","hentry","product_cat-ball-valve","product_cat-ball-valve-by-drive-mode","product_tag-1-ball-valve","product_tag-ball-valve-electric","product_tag-electric-actuated-ball-valve","product_tag-electric-actuator-ball-valve","product_tag-electric-ball-valve","product_tag-electrical-ball-valve","product_tag-electrically-actuated-ball-valve","product_tag-electronic-ball-valve","product_tag-motorised-valve","product_tag-motorized-ball-valve","product_tag-motorized-valve","sales-flash-overlay","woocommerce-text-align-center","woocommerce-image-align-center","do-quantity-buttons"],"featured_image_src_large":["https:\/\/zecovalve.com\/wp-content\/uploads\/2022\/09\/1-inch-motorized-ball-valve-898x1024.jpg",898,1024,true],"author_info":[],"comment_info":0,"taxonomy_info":{"product_cat":[{"value":2047,"label":"Ball Valve"},{"value":2460,"label":"Ball Valve By Drive Mode"}],"product_tag":[{"value":3054,"label":"1\" Ball Valve"},{"value":3295,"label":"Ball Valve Electric"},{"value":3293,"label":"Electric Actuated Ball Valve"},{"value":3869,"label":"Electric Actuator Ball Valve"},{"value":3255,"label":"Electric Ball Valve"},{"value":3291,"label":"Electrical Ball Valve"},{"value":3868,"label":"Electrically Actuated Ball Valve"},{"value":3294,"label":"Electronic Ball Valve"},{"value":2766,"label":"Motorised Valve"},{"value":3292,"label":"Motorized Ball Valve"},{"value":2727,"label":"Motorized Valve"}]},"yoast_head":"<!-- This site is optimized with the Yoast SEO Premium plugin v15.4 - https:\/\/yoast.com\/wordpress\/plugins\/seo\/ -->\n<title>1 Inch Motorized Ball Valve - Electric Ball Valve Manufacturer | ZECO Valve<\/title>\n<meta name=\"robots\" content=\"index, follow, max-snippet:-1, max-image-preview:large, max-video-preview:-1\" \/>\n<link rel=\"canonical\" href=\"https:\/\/zecovalve.com\/tr\/urun\/1-inch-motorized-ball-valve\" \/>\n<meta property=\"og:locale\" content=\"tr_TR\" \/>\n<meta property=\"og:type\" content=\"article\" \/>\n<meta property=\"og:title\" content=\"1 Inch Motorized Ball Valve - Electric Ball Valve Manufacturer | ZECO Valve\" \/>\n<meta property=\"og:description\" content=\"Our 1\u201d motorized ball valves come with the reliability and sturdiness you would expect with a slightly larger valve. We have seen ... Read more\" \/>\n<meta property=\"og:url\" content=\"https:\/\/zecovalve.com\/tr\/urun\/1-inch-motorized-ball-valve\" \/>\n<meta property=\"og:site_name\" content=\"ZECO Valve\" \/>\n<meta property=\"article:modified_time\" content=\"2022-09-07T06:45:02+00:00\" \/>\n<meta property=\"og:image\" content=\"https:\/\/zecovalve.com\/wp-content\/uploads\/2022\/09\/1-inch-motorized-ball-valve-scaled.jpg\" \/>\n\t<meta property=\"og:image:width\" content=\"2245\" \/>\n\t<meta property=\"og:image:height\" content=\"2560\" \/>\n<meta name=\"twitter:card\" content=\"summary_large_image\" \/>\n<meta name=\"twitter:label1\" content=\"Yazan:\">\n\t<meta name=\"twitter:data1\" content=\"Jerry\">\n\t<meta name=\"twitter:label2\" content=\"Tahmini okuma s\u00fcresi\">\n\t<meta name=\"twitter:data2\" content=\"2 dakika\">\n<script type=\"application\/ld+json\" class=\"yoast-schema-graph\">{\"@context\":\"https:\/\/schema.org\",\"@graph\":[{\"@type\":\"WebSite\",\"@id\":\"https:\/\/zecovalve.com\/#website\",\"url\":\"https:\/\/zecovalve.com\/\",\"name\":\"ZECO Valve\",\"description\":\"Industrial Ball Valve, Gate Valve and Globe Valve Manufacturer\",\"potentialAction\":[{\"@type\":\"SearchAction\",\"target\":\"https:\/\/zecovalve.com\/?s={search_term_string}\",\"query-input\":\"required name=search_term_string\"}],\"inLanguage\":\"tr\"},{\"@type\":\"ImageObject\",\"@id\":\"https:\/\/zecovalve.com\/product\/1-inch-motorized-ball-valve#primaryimage\",\"inLanguage\":\"tr\",\"url\":\"https:\/\/zecovalve.com\/wp-content\/uploads\/2022\/09\/1-inch-motorized-ball-valve-scaled.jpg\",\"width\":2245,\"height\":2560},{\"@type\":\"WebPage\",\"@id\":\"https:\/\/zecovalve.com\/product\/1-inch-motorized-ball-valve#webpage\",\"url\":\"https:\/\/zecovalve.com\/product\/1-inch-motorized-ball-valve\",\"name\":\"1 Inch Motorized Ball Valve - Electric Ball Valve Manufacturer | ZECO Valve\",\"isPartOf\":{\"@id\":\"https:\/\/zecovalve.com\/#website\"},\"primaryImageOfPage\":{\"@id\":\"https:\/\/zecovalve.com\/product\/1-inch-motorized-ball-valve#primaryimage\"},\"datePublished\":\"2022-09-07T06:01:33+00:00\",\"dateModified\":\"2022-09-07T06:45:02+00:00\",\"breadcrumb\":{\"@id\":\"https:\/\/zecovalve.com\/product\/1-inch-motorized-ball-valve#breadcrumb\"},\"inLanguage\":\"tr\",\"potentialAction\":[{\"@type\":\"ReadAction\",\"target\":[\"https:\/\/zecovalve.com\/product\/1-inch-motorized-ball-valve\"]}]},{\"@type\":\"BreadcrumbList\",\"@id\":\"https:\/\/zecovalve.com\/product\/1-inch-motorized-ball-valve#breadcrumb\",\"itemListElement\":[{\"@type\":\"ListItem\",\"position\":1,\"item\":{\"@type\":\"WebPage\",\"@id\":\"https:\/\/zecovalve.com\/\",\"url\":\"https:\/\/zecovalve.com\/\",\"name\":\"Home\"}},{\"@type\":\"ListItem\",\"position\":2,\"item\":{\"@type\":\"WebPage\",\"@id\":\"https:\/\/zecovalve.com\/product-category\",\"url\":\"https:\/\/zecovalve.com\/product-category\",\"name\":\"Industrial Valve Manufacturer | Water Valve Manufacturer\"}},{\"@type\":\"ListItem\",\"position\":3,\"item\":{\"@type\":\"WebPage\",\"@id\":\"https:\/\/zecovalve.com\/product\/1-inch-motorized-ball-valve\",\"url\":\"https:\/\/zecovalve.com\/product\/1-inch-motorized-ball-valve\",\"name\":\"1 Inch Motorized Ball Valve\"}}]}]}<\/script>\n<!-- \/ Yoast SEO Premium plugin. -->","_links":{"self":[{"href":"https:\/\/zecovalve.com\/tr\/wp-json\/wp\/v2\/product\/27080","targetHints":{"allow":["GET"]}}],"collection":[{"href":"https:\/\/zecovalve.com\/tr\/wp-json\/wp\/v2\/product"}],"about":[{"href":"https:\/\/zecovalve.com\/tr\/wp-json\/wp\/v2\/types\/product"}],"replies":[{"embeddable":true,"href":"https:\/\/zecovalve.com\/tr\/wp-json\/wp\/v2\/comments?post=27080"}],"wp:featuredmedia":[{"embeddable":true,"href":"https:\/\/zecovalve.com\/tr\/wp-json\/wp\/v2\/media\/27081"}],"wp:attachment":[{"href":"https:\/\/zecovalve.com\/tr\/wp-json\/wp\/v2\/media?parent=27080"}],"wp:term":[{"taxonomy":"product_cat","embeddable":true,"href":"https:\/\/zecovalve.com\/tr\/wp-json\/wp\/v2\/product_cat?post=27080"},{"taxonomy":"product_tag","embeddable":true,"href":"https:\/\/zecovalve.com\/tr\/wp-json\/wp\/v2\/product_tag?post=27080"}],"curies":[{"name":"wp","href":"https:\/\/api.w.org\/{rel}","templated":true}]}}