{"id":27268,"date":"2022-10-24T03:08:15","date_gmt":"2022-10-24T03:08:15","guid":{"rendered":"https:\/\/zecovalve.com\/?post_type=product&#038;p=27268"},"modified":"2023-06-17T02:45:07","modified_gmt":"2023-06-17T02:45:07","slug":"axial-check-valve","status":"publish","type":"product","link":"https:\/\/zecovalve.com\/tr\/urun\/axial-check-valve","title":{"rendered":"Eksenel \u00c7ekvalf"},"content":{"rendered":"<figure class=\"wp-block-image size-full is-resized\">\r\n<figure id=\"attachment_27935\" aria-describedby=\"caption-attachment-27935\" style=\"width: 290px\" class=\"wp-caption alignnone\"><img loading=\"lazy\" decoding=\"async\" class=\"wp-image-27935 size-medium\" src=\"https:\/\/zecovalve.com\/wp-content\/uploads\/2022\/10\/Axial-Check-Valve-2-300x225.jpg\" alt=\"Eksenel \u00c7ekvalf\" width=\"300\" height=\"225\" srcset=\"https:\/\/zecovalve.com\/wp-content\/uploads\/2022\/10\/Axial-Check-Valve-2-300x225.jpg 300w, https:\/\/zecovalve.com\/wp-content\/uploads\/2022\/10\/Axial-Check-Valve-2-768x576.jpg 768w, https:\/\/zecovalve.com\/wp-content\/uploads\/2022\/10\/Axial-Check-Valve-2-600x450.jpg 600w, https:\/\/zecovalve.com\/wp-content\/uploads\/2022\/10\/Axial-Check-Valve-2.jpg 800w\" sizes=\"auto, (max-width: 300px) 100vw, 300px\" \/><figcaption id=\"caption-attachment-27935\" class=\"wp-caption-text\">Eksenel \u00c7ekvalf<\/figcaption><\/figure>\r\n<\/figure>\r\n\r\n\r\n<div class=\"gb-button-wrapper gb-button-wrapper-6d8495a3\">\r\n\r\n\r\n<p><a class=\"gb-button gb-button-3d442e11 gb-button-text\" href=\"mailto:commercial@zecovalve.com\" target=\"_blank\" rel=\"noopener noreferrer\"><strong>EKSENEL \u00c7EK VALF FIYATI ALIN<\/strong><\/a><\/p>\r\n<\/div>\r\n\r\n\r\n\r\n\r\n<h2 class=\"wp-block-heading\" id=\"h-what-is-an-axial-flow-in-the-check-valve\">\u00c7ekvalfte Eksenel Ak\u0131\u015f Nedir?<\/h2>\r\n\r\n\r\n\r\n<p>\u00c7ekvalfte eksenel ak\u0131\u015f, eksene paralel akan s\u0131v\u0131 veya gaz anlam\u0131na gelir. Eksenel ak\u0131\u015fl\u0131 bir mekik yap\u0131 tasar\u0131m\u0131d\u0131r ve yayl\u0131 disk d\u00fczene\u011fi yast\u0131klama ve titre\u015fim \u00f6nleme i\u015flevlerine sahiptir. Ortam a\u015fa\u011f\u0131 do\u011fru akt\u0131\u011f\u0131nda, diski ve ak\u0131\u015fkan\u0131 eksenel ak\u0131\u015f kanal\u0131 sirk\u00fclasyonu yoluyla g\u00f6vde boyunca iterek a\u00e7acakt\u0131r. Ve buradaki yay, standart bir \u00e7ek valf a\u00e7\u0131ld\u0131\u011f\u0131nda disk ve g\u00f6vde aras\u0131ndaki darbe titre\u015fimini \u00f6nlemek i\u00e7in bir yast\u0131klama etkisine sahiptir. Ortam ters y\u00f6nde akt\u0131\u011f\u0131nda, disk \u00e7ok h\u0131zl\u0131 bir \u015fekilde kapan\u0131r ve disk ile valf yuvas\u0131, ak\u0131\u015fkan\u0131 ters ak\u0131\u015f y\u00f6n\u00fcnden kesmek i\u00e7in s\u0131k\u0131 bir \u015fekilde oturur.<\/p>\r\n\r\n\r\n\r\n<p>Eksenel ak\u0131\u015f \u00e7ek valfleri, bas\u0131n\u00e7 dalgalanmas\u0131na veya su darbesinden kaynaklanan hasara kar\u015f\u0131 h\u0131zl\u0131 tepki verir ve sessiz bir \u015fekilde \u00e7arpmaz ve \u00f6zellikle geri ak\u0131\u015f\u0131n d\u00fczenli bir kriz oldu\u011fu h\u0131zl\u0131 geri d\u00f6n\u00fc\u015fl\u00fc sistemler i\u00e7in tasarlanm\u0131\u015ft\u0131r.<\/p>\r\n\r\n\r\n\r\n<h2 class=\"wp-block-heading\">Eksenel Ak\u0131\u015f \u00c7ekvalfi Nedir?<\/h2>\r\n\r\n\r\n\r\n<p>Eksenel ak\u0131\u015f \u00e7ek valfi bir t\u00fcr sessiz \u00e7ek valftir. \u00c7ek valf, ortam\u0131n kendisi taraf\u0131ndan tahrik edilir ve valf diskini otomatik olarak a\u00e7ar ve kapat\u0131r. Genel olarak, s\u0131v\u0131 veya gazlar\u0131n geri ak\u0131\u015f\u0131n\u0131 \u00f6nlemek i\u00e7in kullan\u0131l\u0131r. Bir ak\u0131\u015f \u00e7ek valfi, tek y\u00f6nl\u00fc valf, geri d\u00f6n\u00fc\u015fs\u00fcz valf, geri ak\u0131\u015f valfi, geri durdurma valfi ve geri bas\u0131n\u00e7 valfi olarak adland\u0131r\u0131labilir. Eksenel ak\u0131\u015f \u00e7ek valfi 2008'den beri pop\u00fcler bir end\u00fcstriyel valf olmu\u015ftur. Bu valf, genel \u00e7ek valf i\u015flevine sahiptir ve \u015fok emici bir yay, birle\u015fik metal yatak ve sahada son kullan\u0131c\u0131 bak\u0131m\u0131 i\u00e7in kolay olan yumu\u015fak yatak yap\u0131s\u0131 ile tasarlanm\u0131\u015ft\u0131r.<\/p>\r\n\r\n\r\n\r\n<p>Eksenel ak\u0131\u015f \u00e7ek valfi \u00f6zel bir s\u0131zd\u0131rmazl\u0131k yap\u0131s\u0131na sahiptir. A\u015fa\u011f\u0131 ak\u0131\u015f bas\u0131nc\u0131 ister y\u00fcksek ister d\u00fc\u015f\u00fck olsun, vana kal\u0131c\u0131 olarak s\u0131k\u0131ca kapan\u0131r ve m\u00fckemmel kapatma performans\u0131na sahiptir. D\u00fc\u015f\u00fck geri bas\u0131n\u00e7ta genel \u00e7ek valfin kapatma performans\u0131 eksikli\u011finin dezavantaj\u0131n\u0131n \u00fcstesinden gelir. ZECO Vana, benzersiz bir eksenel ak\u0131\u015f mekik yap\u0131s\u0131na sahip bir eksenel ak\u0131\u015f \u00e7ek valfi \u00fcretmi\u015ftir. K\u00fc\u00e7\u00fck ak\u0131\u015f direnci, \u00f6nemli ak\u0131\u015f katsay\u0131s\u0131, kompakt tasar\u0131m vb. avantajlara sahiptir. Petrol ve gaz toplama ve iletim boru hatt\u0131 sistemleri i\u00e7in, \u00f6zellikle petrol iletim pompalar\u0131n\u0131n \u00e7\u0131k\u0131\u015f\u0131 i\u00e7in en iyi vanad\u0131r.<\/p>\r\n\r\n\r\n\r\n<h2 class=\"wp-block-heading\">Eksenel Ak\u0131\u015f \u00c7ekvalfinin \u00d6zellikleri<\/h2>\r\n\r\n\r\n\r\n<ul class=\"wp-block-list\">\r\n<li>VANA TASARIMI\r\n<ul>\r\n<li>API 6D ve m\u00fc\u015fteri gereksinimlerine g\u00f6re<\/li>\r\n<\/ul>\r\n<\/li>\r\n<li>SICAKLIK ARALI\u011eI\r\n<ul>\r\n<li>-150 ila 662\u00b0F (-101 ila 350\u00b0C)<\/li>\r\n<\/ul>\r\n<\/li>\r\n<li>BOYUT\r\n<ul>\r\n<li>NPS 2 - 56 (DN 50-1400)<\/li>\r\n<\/ul>\r\n<\/li>\r\n<li>BASIN\u00c7 DERECESI\r\n<ul>\r\n<li>ASME 150 - ASME 2500<\/li>\r\n<\/ul>\r\n<\/li>\r\n<li>Y\u00dcZ Y\u00dcZE\r\n<ul>\r\n<li>API 6D standard\u0131na g\u00f6re<\/li>\r\n<\/ul>\r\n<\/li>\r\n<li>U\u00c7 BA\u011eLANTILARI\r\n<ul>\r\n<li>B16.5 &amp;B16.47 uyar\u0131nca RF, RTJ<\/li>\r\n<li>BW, B16.25 uyar\u0131nca Al\u0131n Kaynakl\u0131<\/li>\r\n<\/ul>\r\n<\/li>\r\n<li>G\u00d6VDE TASARIMI\r\n<ul>\r\n<li>Tek par\u00e7a d\u00f6k\u00fcm \/ 20 in\u00e7ten b\u00fcy\u00fck boyutlar i\u00e7in iki par\u00e7a c\u0131vatal\u0131.<\/li>\r\n<li>D\u00f6vme c\u0131vatal\u0131 tek par\u00e7a\/\u00fc\u00e7 par\u00e7a<\/li>\r\n<\/ul>\r\n<\/li>\r\n<li>KOLTUK TASARIMI\r\n<ul>\r\n<li>Disk ve koltuk \u00fczerinde sert kaplama ile metal oturakl\u0131<\/li>\r\n<\/ul>\r\n<\/li>\r\n<\/ul>\r\n\r\n\r\n\r\n<h2 class=\"wp-block-heading\">Eksenel \u00c7ekvalfler nas\u0131l kullan\u0131l\u0131r?<\/h2>\r\n\r\n\r\n\r\n<p>Eksenel \u00e7ek valfler, geri ak\u0131\u015f\u0131n s\u00fcrekli bir endi\u015fe kayna\u011f\u0131 oldu\u011fu h\u0131zl\u0131 geri d\u00f6n\u00fc\u015fl\u00fc sistemler i\u00e7in \u00f6zel olarak tasarlanm\u0131\u015ft\u0131r. Vana \u00e7arpmadan kapand\u0131\u011f\u0131 i\u00e7in \u00e7arpmas\u0131z \u00e7ek vana olarak kategorize edilir, yani a\u015f\u0131r\u0131 bas\u0131n\u00e7 art\u0131\u015flar\u0131 olu\u015fmaz. \u00c7o\u011fu eksenel ak\u0131\u015f \u00e7ek valfi, ak\u0131\u015ftaki bir azalmaya h\u0131zl\u0131 ve dinamik tepki vermeyi kolayla\u015ft\u0131ran tek bir d\u00fc\u015f\u00fck k\u00fctleli disk ile yay y\u00fckl\u00fcd\u00fcr. Disk a\u00e7\u0131l\u0131rken tek bir disk ve yay olmas\u0131 nedeniyle kuvvet dengelenerek e\u015fit bir ak\u0131\u015f sa\u011flan\u0131r.<\/p>\r\n\r\n\r\n\r\n<h2 class=\"wp-block-heading\">Eksenel \u00c7ekvalflerin \u00d6zellikleri<\/h2>\r\n\r\n\r\n\r\n<ul class=\"wp-block-list\">\r\n<li>Eksenel ak\u0131\u015f\r\n<ul>\r\n<li>Tam portlu geni\u015fletilmi\u015f g\u00f6vdeden ge\u00e7en aerodinamik ak\u0131\u015f yolu t\u00fcrb\u00fclans\u0131 \u00f6nler, erozyonu ve titre\u015fimi engeller. Prosesin durma s\u00fcresi ve bak\u0131m maliyetleri ortadan kalkar.<\/li>\r\n<\/ul>\r\n<\/li>\r\n<li>D\u00fc\u015f\u00fck bas\u0131n\u00e7 kayb\u0131\r\n<ul>\r\n<li>Havaland\u0131rma \u015feklindeki g\u00f6vdenin tam a\u00e7\u0131k ak\u0131\u015f ge\u00e7i\u015fi ve y\u00fcksek bas\u0131n\u00e7 geri kazan\u0131m\u0131, \u00e7ok d\u00fc\u015f\u00fck bas\u0131n\u00e7 kayb\u0131na ve pompa ve kompres\u00f6rlerin i\u015fletme maliyetlerinin azalmas\u0131na neden olur.<\/li>\r\n<\/ul>\r\n<\/li>\r\n<li>S\u0131k\u0131 kapatma\r\n<ul>\r\n<li>S\u0131k\u0131 kapatma, disk ve yatak aras\u0131ndaki metal-metal s\u0131zd\u0131rmazl\u0131k sayesinde elde edilir. Bu s\u0131zd\u0131rmazl\u0131k, malzemenin erozyonundan ve deformasyonundan etkilenmez (yumu\u015fak bir contada oldu\u011fu gibi).<\/li>\r\n<\/ul>\r\n<\/li>\r\n<li>D\u00fc\u015f\u00fck \u00e7atlama bas\u0131nc\u0131\r\n<ul>\r\n<li>Bir kompres\u00f6r sisteminin ba\u015flatma s\u0131ras\u0131ndaki kararl\u0131l\u0131\u011f\u0131 d\u00fc\u015f\u00fck \u00e7atlama bas\u0131nc\u0131ndan yararlan\u0131r. Bu, her iki tarafta da ayn\u0131 etkili bas\u0131n\u00e7 alanlar\u0131na sahip b\u00fcy\u00fck bir disk ile elde edilir (hat temas s\u0131zd\u0131rmazl\u0131\u011f\u0131).<\/li>\r\n<\/ul>\r\n<\/li>\r\n<li>Kolay a\u00e7\u0131lma ve dengeli \u00e7al\u0131\u015fma\r\n<ul>\r\n<li>Havaland\u0131rma \u015feklindeki bo\u011faz alan\u0131ndaki d\u00fc\u015f\u00fck statik bas\u0131n\u00e7, disk \u00fczerinde bir bas\u0131n\u00e7 fark\u0131 yaratarak kolay bir a\u00e7\u0131lma sa\u011flar. Eksenel \u00e7ek valf, ak\u0131\u015ftaki de\u011fi\u015fikliklere sorunsuz bir \u015fekilde yan\u0131t verir ve olmas\u0131 gerekti\u011fi zaman sabit kal\u0131r.<\/li>\r\n<\/ul>\r\n<\/li>\r\n<li>\u00c7arpmas\u0131z \u00e7al\u0131\u015fma\r\n<ul>\r\n<li>Yay destekli tasar\u0131m, \u00e7oklu pompa sistemleri veya LNG trenleri gibi kritik uygulamalarda neredeyse hi\u00e7 geri ak\u0131\u015f ve bas\u0131n\u00e7 dalgalanmas\u0131 olmadan ultra h\u0131zl\u0131 kapanma sa\u011flar.<\/li>\r\n<\/ul>\r\n<\/li>\r\n<li>Bak\u0131m gerektirmez\r\n<ul>\r\n<li>\u0130\u00e7 yap\u0131, sa\u011flam temel makine m\u00fchendisli\u011fi ilkelerinin uygulanmas\u0131na dayanmaktad\u0131r. Sonu\u00e7 olarak, ZECO eksenel \u00e7ek valfleri herhangi bir bak\u0131m gerektirmez.<\/li>\r\n<\/ul>\r\n<\/li>\r\n<li>G\u00fcvenilir performans tahmini\r\n<ul>\r\n<li>Hem bas\u0131n\u00e7 d\u00fc\u015f\u00fc\u015f\u00fc hem de dinamik davran\u0131\u015f, tam \u00f6l\u00e7ekli laboratuvar ak\u0131\u015f testlerine ve tan\u0131nm\u0131\u015f bir ak\u0131\u015fkan hidroli\u011fi laboratuvar\u0131 ile i\u015fbirli\u011fi i\u00e7inde geli\u015ftirilen matematiksel bir modele dayanarak b\u00fcy\u00fck bir do\u011frulukla tahmin edilebilir.<\/li>\r\n<\/ul>\r\n<\/li>\r\n<\/ul>","protected":false},"excerpt":{"rendered":"<p>\u00c7ek Valfteki Eksenel Ak\u0131\u015f Nedir? \u00c7ek valfteki eksenel ak\u0131\u015f, ak\u0131\u015fkan\u0131n veya gaz\u0131n paralel akmas\u0131 anlam\u0131na gelir\u2026 <a title=\"Eksenel \u00c7ekvalf\" class=\"read-more\" href=\"https:\/\/zecovalve.com\/tr\/urun\/axial-check-valve\" aria-label=\"Eksenel \u00c7ekvalf hakk\u0131nda daha fazla bilgi\">Daha fazla bilgi edinin<\/a><\/p>","protected":false},"featured_media":27935,"comment_status":"closed","ping_status":"closed","template":"","meta":{"_generate-full-width-content":"","kt_blocks_editor_width":""},"product_cat":[2455],"product_tag":[2657,2661],"class_list":["post-27268","product","type-product","status-publish","has-post-thumbnail","hentry","product_cat-check-valve","product_tag-non-return-valve","product_tag-nrv-valve","sales-flash-overlay","woocommerce-text-align-center","woocommerce-image-align-center","do-quantity-buttons"],"featured_image_src_large":["https:\/\/zecovalve.com\/wp-content\/uploads\/2022\/10\/Axial-Check-Valve-2.jpg",800,600,false],"author_info":[],"comment_info":0,"taxonomy_info":{"product_cat":[{"value":2455,"label":"Check Valve"}],"product_tag":[{"value":2657,"label":"Non Return Valve"},{"value":2661,"label":"NRV Valve"}]},"yoast_head":"<!-- This site is optimized with the Yoast SEO Premium plugin v15.4 - https:\/\/yoast.com\/wordpress\/plugins\/seo\/ -->\n<title>Axial Check Valve - Axial Check Valve Factory | ZECO Valve<\/title>\n<meta name=\"robots\" content=\"index, follow, max-snippet:-1, max-image-preview:large, max-video-preview:-1\" \/>\n<link rel=\"canonical\" href=\"https:\/\/zecovalve.com\/tr\/urun\/axial-check-valve\" \/>\n<meta property=\"og:locale\" content=\"tr_TR\" \/>\n<meta property=\"og:type\" content=\"article\" \/>\n<meta property=\"og:title\" content=\"Axial Check Valve - Axial Check Valve Factory | ZECO Valve\" \/>\n<meta property=\"og:description\" content=\"What is an Axial Flow in the Check Valve? Axial flow in the check valve means the fluid or gas flowing parallel ... Read more\" \/>\n<meta property=\"og:url\" content=\"https:\/\/zecovalve.com\/tr\/urun\/axial-check-valve\" \/>\n<meta property=\"og:site_name\" content=\"ZECO Valve\" \/>\n<meta property=\"article:modified_time\" content=\"2023-06-17T02:45:07+00:00\" \/>\n<meta property=\"og:image\" content=\"https:\/\/zecovalve.com\/wp-content\/uploads\/2022\/10\/Axial-Check-Valve-2.jpg\" \/>\n\t<meta property=\"og:image:width\" content=\"800\" \/>\n\t<meta property=\"og:image:height\" content=\"600\" \/>\n<meta name=\"twitter:card\" content=\"summary_large_image\" \/>\n<meta name=\"twitter:label1\" content=\"Yazan:\">\n\t<meta name=\"twitter:data1\" content=\"Jerry\">\n\t<meta name=\"twitter:label2\" content=\"Tahmini okuma s\u00fcresi\">\n\t<meta name=\"twitter:data2\" content=\"3 dakika\">\n<script type=\"application\/ld+json\" class=\"yoast-schema-graph\">{\"@context\":\"https:\/\/schema.org\",\"@graph\":[{\"@type\":\"WebSite\",\"@id\":\"https:\/\/zecovalve.com\/#website\",\"url\":\"https:\/\/zecovalve.com\/\",\"name\":\"ZECO Valve\",\"description\":\"Industrial Ball Valve, Gate Valve and Globe Valve Manufacturer\",\"potentialAction\":[{\"@type\":\"SearchAction\",\"target\":\"https:\/\/zecovalve.com\/?s={search_term_string}\",\"query-input\":\"required name=search_term_string\"}],\"inLanguage\":\"tr\"},{\"@type\":\"ImageObject\",\"@id\":\"https:\/\/zecovalve.com\/product\/axial-check-valve#primaryimage\",\"inLanguage\":\"tr\",\"url\":\"https:\/\/zecovalve.com\/wp-content\/uploads\/2022\/10\/Axial-Check-Valve-2.jpg\",\"width\":800,\"height\":600,\"caption\":\"Axial Check Valve\"},{\"@type\":\"WebPage\",\"@id\":\"https:\/\/zecovalve.com\/product\/axial-check-valve#webpage\",\"url\":\"https:\/\/zecovalve.com\/product\/axial-check-valve\",\"name\":\"Axial Check Valve - Axial Check Valve Factory | ZECO Valve\",\"isPartOf\":{\"@id\":\"https:\/\/zecovalve.com\/#website\"},\"primaryImageOfPage\":{\"@id\":\"https:\/\/zecovalve.com\/product\/axial-check-valve#primaryimage\"},\"datePublished\":\"2022-10-24T03:08:15+00:00\",\"dateModified\":\"2023-06-17T02:45:07+00:00\",\"breadcrumb\":{\"@id\":\"https:\/\/zecovalve.com\/product\/axial-check-valve#breadcrumb\"},\"inLanguage\":\"tr\",\"potentialAction\":[{\"@type\":\"ReadAction\",\"target\":[\"https:\/\/zecovalve.com\/product\/axial-check-valve\"]}]},{\"@type\":\"BreadcrumbList\",\"@id\":\"https:\/\/zecovalve.com\/product\/axial-check-valve#breadcrumb\",\"itemListElement\":[{\"@type\":\"ListItem\",\"position\":1,\"item\":{\"@type\":\"WebPage\",\"@id\":\"https:\/\/zecovalve.com\/\",\"url\":\"https:\/\/zecovalve.com\/\",\"name\":\"Home\"}},{\"@type\":\"ListItem\",\"position\":2,\"item\":{\"@type\":\"WebPage\",\"@id\":\"https:\/\/zecovalve.com\/product-category\",\"url\":\"https:\/\/zecovalve.com\/product-category\",\"name\":\"Industrial Valve Manufacturer | Water Valve Manufacturer\"}},{\"@type\":\"ListItem\",\"position\":3,\"item\":{\"@type\":\"WebPage\",\"@id\":\"https:\/\/zecovalve.com\/product\/axial-check-valve\",\"url\":\"https:\/\/zecovalve.com\/product\/axial-check-valve\",\"name\":\"Axial Check Valve\"}}]}]}<\/script>\n<!-- \/ Yoast SEO Premium plugin. -->","_links":{"self":[{"href":"https:\/\/zecovalve.com\/tr\/wp-json\/wp\/v2\/product\/27268","targetHints":{"allow":["GET"]}}],"collection":[{"href":"https:\/\/zecovalve.com\/tr\/wp-json\/wp\/v2\/product"}],"about":[{"href":"https:\/\/zecovalve.com\/tr\/wp-json\/wp\/v2\/types\/product"}],"replies":[{"embeddable":true,"href":"https:\/\/zecovalve.com\/tr\/wp-json\/wp\/v2\/comments?post=27268"}],"wp:featuredmedia":[{"embeddable":true,"href":"https:\/\/zecovalve.com\/tr\/wp-json\/wp\/v2\/media\/27935"}],"wp:attachment":[{"href":"https:\/\/zecovalve.com\/tr\/wp-json\/wp\/v2\/media?parent=27268"}],"wp:term":[{"taxonomy":"product_cat","embeddable":true,"href":"https:\/\/zecovalve.com\/tr\/wp-json\/wp\/v2\/product_cat?post=27268"},{"taxonomy":"product_tag","embeddable":true,"href":"https:\/\/zecovalve.com\/tr\/wp-json\/wp\/v2\/product_tag?post=27268"}],"curies":[{"name":"wp","href":"https:\/\/api.w.org\/{rel}","templated":true}]}}