{"id":27269,"date":"2022-10-24T03:34:13","date_gmt":"2022-10-24T03:34:13","guid":{"rendered":"https:\/\/zecovalve.com\/?post_type=product&#038;p=27269"},"modified":"2023-06-17T02:28:44","modified_gmt":"2023-06-17T02:28:44","slug":"axial-flow-check-valve","status":"publish","type":"product","link":"https:\/\/zecovalve.com\/tr\/urun\/axial-flow-check-valve","title":{"rendered":"Eksenel Ak\u0131\u015f \u00c7ekvalfi"},"content":{"rendered":"<figure class=\"wp-block-image size-full is-resized\">\r\n<p><img loading=\"lazy\" decoding=\"async\" class=\"wp-image-27930 size-medium\" src=\"https:\/\/zecovalve.com\/wp-content\/uploads\/2022\/10\/Axial-Flow-Check-Valve-1-300x225.jpg\" alt=\"Eksenel Ak\u0131\u015f \u00c7ekvalfi\" width=\"300\" height=\"225\" srcset=\"https:\/\/zecovalve.com\/wp-content\/uploads\/2022\/10\/Axial-Flow-Check-Valve-1-300x225.jpg 300w, https:\/\/zecovalve.com\/wp-content\/uploads\/2022\/10\/Axial-Flow-Check-Valve-1-768x576.jpg 768w, https:\/\/zecovalve.com\/wp-content\/uploads\/2022\/10\/Axial-Flow-Check-Valve-1-600x450.jpg 600w, https:\/\/zecovalve.com\/wp-content\/uploads\/2022\/10\/Axial-Flow-Check-Valve-1.jpg 800w\" sizes=\"auto, (max-width: 300px) 100vw, 300px\" \/><\/p>\r\n<\/figure>\r\n\r\n\r\n<div class=\"gb-button-wrapper gb-button-wrapper-6d8495a3\">\r\n\r\n\r\n<p><a class=\"gb-button gb-button-3d442e11 gb-button-text\" href=\"mailto:commercial@zecovalve.com\" target=\"_blank\" rel=\"noopener noreferrer\"><strong>EKSENEL AKI\u015e \u00c7EK VALF FIYATI ALIN<\/strong><\/a><\/p>\r\n<\/div>\r\n\r\n\r\n<p>Eksenel \u00e7ek valf, d\u00fc\u015f\u00fck bas\u0131n\u00e7 kayb\u0131, kararl\u0131 \u00e7al\u0131\u015fma ve dinamik davran\u0131\u015f\u0131n gerekli oldu\u011fu d\u00f6nen ekipman ve sistemlerin korunmas\u0131 gibi kritik geri d\u00f6n\u00fc\u015fs\u00fcz uygulamalar i\u00e7in tercih edilen bir \u00e7\u00f6z\u00fcmd\u00fcr.<\/p>\r\n\r\n\r\n\r\n\r\n\r\n<h2 class=\"wp-block-heading\">Eksenel Ak\u0131\u015f \u00c7ekvalfi Nedir?<\/h2>\r\n\r\n\r\n\r\n<p>Eksenel ak\u0131\u015f \u00e7ek valfleri, bir boru sistemindeki farkl\u0131 ekipmanlara ciddi hasar verebilecek \"su darbesi\" olarak bilinen bir borudaki ak\u0131\u015f\u0131n h\u0131zl\u0131 bir \u015fekilde tersine d\u00f6nmesini \u00f6nlemek i\u00e7in tasarlanm\u0131\u015f bir t\u00fcr geri d\u00f6n\u00fc\u015fs\u00fcz valftir. Bu t\u00fcr bir vana, a\u015f\u0131r\u0131 bas\u0131n\u00e7 art\u0131\u015flar\u0131 yaratmadan yeterince h\u0131zl\u0131 kapan\u0131r ve \u00e7arpmay\u0131 \u00f6nler.<\/p>\r\n\r\n\r\n\r\n<p>Eksenel ak\u0131\u015f \u00e7ek valfinin aerodinamik tasar\u0131m\u0131, d\u00fc\u015f\u00fck ak\u0131\u015flarda ve ak\u0131\u015fkan h\u0131zlar\u0131nda tamamen a\u00e7\u0131lmas\u0131na ve d\u00fc\u015f\u00fck bir bas\u0131n\u00e7 d\u00fc\u015f\u00fc\u015f\u00fc elde edilmesine izin verir. Yay destekli sistemi ve metal-metal s\u0131zd\u0131rmazl\u0131k \u00f6zellikleri, \u00e7arpmadan kapanma ve az bak\u0131m gerektirir.<\/p>\r\n\r\n\r\n\r\n<h2 class=\"wp-block-heading\">Eksenel Ak\u0131\u015f \u00c7ekvalfinin \u00c7al\u0131\u015fma Prensibi<\/h2>\r\n\r\n\r\n\r\n<p>Vanan\u0131n yukar\u0131 ve a\u015fa\u011f\u0131 taraflar\u0131 aras\u0131ndaki bas\u0131n\u00e7 fark\u0131 yay\u0131n \u00e7atlama bas\u0131nc\u0131n\u0131 a\u015ft\u0131\u011f\u0131nda, obturat\u00f6r hareket edecek ve ak\u0131\u015fa izin verecektir. Vanan\u0131n ak\u0131\u015f alan\u0131, yatak \u00e7ap\u0131na kadar d\u00fczenli olarak azal\u0131r; bu venturi tasar\u0131m\u0131d\u0131r.<\/p>\r\n\r\n\r\n\r\n<p>Venturi tasar\u0131m\u0131n\u0131n bir sonucu olarak, azalt\u0131lm\u0131\u015f ak\u0131\u015f alan\u0131 kinetik bas\u0131nc\u0131 art\u0131r\u0131r ve statik bas\u0131nc\u0131 azaltarak vanan\u0131n h\u0131zl\u0131 bir \u015fekilde tamamen a\u00e7\u0131lmas\u0131n\u0131 sa\u011flar. Yay, normal ak\u0131\u015f ko\u015fullar\u0131 alt\u0131nda diskin tamamen a\u00e7\u0131lmas\u0131n\u0131 ve dayanak noktas\u0131na kar\u015f\u0131 sabit kalmas\u0131n\u0131 sa\u011flayacak \u015fekilde se\u00e7ilmi\u015ftir.<\/p>\r\n\r\n\r\n\r\n<p>Ak\u0131\u015fta g\u00f6zle g\u00f6r\u00fcl\u00fcr bir azalma meydana geldi\u011finde, yay azalan ak\u0131\u015f\u0131n kuvvetine kar\u015f\u0131 erken tepki verir.<\/p>\r\n\r\n\r\n<div class=\"wp-block-image\">\r\n<figure class=\"aligncenter size-full\"><img loading=\"lazy\" decoding=\"async\" width=\"720\" height=\"201\" class=\"wp-image-15758\" src=\"https:\/\/zecovalve.com\/wp-content\/uploads\/2022\/05\/zeco-axial-check-valve.jpg\" alt=\"\" srcset=\"https:\/\/zecovalve.com\/wp-content\/uploads\/2022\/05\/zeco-axial-check-valve.jpg 720w, https:\/\/zecovalve.com\/wp-content\/uploads\/2022\/05\/zeco-axial-check-valve-600x168.jpg 600w, https:\/\/zecovalve.com\/wp-content\/uploads\/2022\/05\/zeco-axial-check-valve-300x84.jpg 300w\" sizes=\"auto, (max-width: 720px) 100vw, 720px\" \/><\/figure>\r\n<\/div>\r\n\r\n\r\n<h2 class=\"wp-block-heading\">Eksenel Ak\u0131\u015f \u00c7ekvalfi neden kullan\u0131l\u0131r?<\/h2>\r\n\r\n\r\n\r\n<p>Bir boruda ak\u0131\u015f tersine d\u00f6nd\u00fc\u011f\u00fcnde, bu durum hidrolik \u015fok dalgalar\u0131n\u0131n ge\u00e7mesine neden olabilir (su darbesi olarak da bilinir). Bunu \u00f6nlemek i\u00e7in \u00f6nlemler al\u0131nmazsa bu durum boru hatt\u0131ndaki ekipmanlarda ciddi hasara neden olabilir. Ters ak\u0131\u015f s\u0131ras\u0131nda tamamen kapal\u0131 konumda do\u011fru \u00e7ek valfin kullan\u0131lmas\u0131, bunun meydana gelmesini ve sahada ciddi sorunlara yol a\u00e7mas\u0131n\u0131 \u00f6nleyebilir.<\/p>\r\n\r\n\r\n\r\n<p>Su darbesini \u00f6nleyen ve \u00e7arpmadan h\u0131zla kapanan vanalara \u00e7arpmas\u0131z \u00e7ekvalfler denir.<\/p>\r\n\r\n\r\n\r\n<h2 class=\"wp-block-heading\">Eksenel Ak\u0131\u015f \u00c7ekvalfleri nas\u0131l kullan\u0131l\u0131r?<\/h2>\r\n\r\n\r\n\r\n<p>Eksenel \u00e7ek valfler, geri ak\u0131\u015f\u0131n s\u00fcrekli bir endi\u015fe kayna\u011f\u0131 oldu\u011fu h\u0131zl\u0131 geri d\u00f6n\u00fc\u015fl\u00fc sistemler i\u00e7in \u00f6zel olarak tasarlanm\u0131\u015ft\u0131r. Vana \u00e7arpmadan kapand\u0131\u011f\u0131 i\u00e7in \u00e7arpmas\u0131z \u00e7ek vana olarak kategorize edilir, yani a\u015f\u0131r\u0131 bas\u0131n\u00e7 art\u0131\u015flar\u0131 olu\u015fmaz. \u00c7o\u011fu eksenel ak\u0131\u015f \u00e7ek valfi, ak\u0131\u015ftaki bir azalmaya h\u0131zl\u0131 ve dinamik tepki vermeyi kolayla\u015ft\u0131ran tek bir d\u00fc\u015f\u00fck k\u00fctleli disk ile yay y\u00fckl\u00fcd\u00fcr. Disk a\u00e7\u0131l\u0131rken tek bir disk ve yay olmas\u0131 nedeniyle kuvvet dengelenerek e\u015fit bir ak\u0131\u015f sa\u011flan\u0131r.<\/p>\r\n\r\n\r\n\r\n<h2 class=\"wp-block-heading\">Eksenel Ak\u0131\u015f \u00c7ekvalflerinin \u00d6zellikleri<\/h2>\r\n\r\n\r\n\r\n<p>Eksenel ak\u0131\u015f \u00e7ek valfleri, di\u011fer \u00e7ek valf t\u00fcrlerine g\u00f6re \u00e7e\u015fitli avantajlar sunar, \u00f6rne\u011fin:<\/p>\r\n\r\n\r\n\r\n<ul class=\"wp-block-list\">\r\n<li>H\u0131zl\u0131 kapanma hareketi (su darbesini \u00f6nler)<\/li>\r\n<li>Her uygulama i\u00e7in uygun \u015fekilde boyutland\u0131rma yetene\u011fi<\/li>\r\n<li>Dayan\u0131kl\u0131l\u0131k<\/li>\r\n<li>Daha uzun valf \u00f6mr\u00fc<\/li>\r\n<li>D\u00fc\u015f\u00fck bas\u0131n\u00e7 d\u00fc\u015f\u00fc\u015flerine ve y\u00fcksek ak\u0131\u015fa uyum sa\u011flama yetene\u011fi<\/li>\r\n<li>\u00c7arpma yapmayan a\u00e7ma ve kapama hareketi<\/li>\r\n<li>S\u0131f\u0131r s\u0131z\u0131nt\u0131ya yol a\u00e7an s\u0131k\u0131 kapatma<\/li>\r\n<li>\u00c7e\u015fitli u\u00e7tan uca se\u00e7enekler<\/li>\r\n<li>Hem yatay hem de dikey y\u00f6nde kurulabilme \u00f6zelli\u011fi<\/li>\r\n<\/ul>\r\n\r\n\r\n\r\n<p>Eksenel ak\u0131\u015f \u00e7ek valfleri, di\u011fer \u00e7ek valf t\u00fcrlerine g\u00f6re bir\u00e7ok avantaj sunar. Eksenel ak\u0131\u015f \u00e7ek valfleri hasar\u0131 \u00f6nleyerek ve pompalar\u0131n\u0131z\u0131n, valflerinizin, borular\u0131n\u0131z\u0131n ve di\u011fer sistem par\u00e7alar\u0131n\u0131z\u0131n \u00f6mr\u00fcn\u00fc uzatarak zamandan ve paradan tasarruf etmenizi sa\u011flar.<\/p>","protected":false},"excerpt":{"rendered":"<p>Eksenel \u00e7ek valf, d\u00f6nen ekipmanlar\u0131n ve sistemlerin korunmas\u0131 gibi kritik geri d\u00f6n\u00fc\u015fs\u00fcz uygulamalar i\u00e7in tercih edilen bir \u00e7\u00f6z\u00fcmd\u00fcr. <a title=\"Eksenel Ak\u0131\u015f \u00c7ekvalfi\" class=\"read-more\" href=\"https:\/\/zecovalve.com\/tr\/urun\/axial-flow-check-valve\" aria-label=\"Eksenel Ak\u0131\u015f \u00c7ekvalfi hakk\u0131nda daha fazla bilgi\">Daha fazla bilgi edinin<\/a><\/p>","protected":false},"featured_media":27930,"comment_status":"closed","ping_status":"closed","template":"","meta":{"_generate-full-width-content":"","kt_blocks_editor_width":""},"product_cat":[2455],"product_tag":[2657,2661],"class_list":["post-27269","product","type-product","status-publish","has-post-thumbnail","hentry","product_cat-check-valve","product_tag-non-return-valve","product_tag-nrv-valve","sales-flash-overlay","woocommerce-text-align-center","woocommerce-image-align-center","do-quantity-buttons"],"featured_image_src_large":["https:\/\/zecovalve.com\/wp-content\/uploads\/2022\/10\/Axial-Flow-Check-Valve-1.jpg",800,600,false],"author_info":[],"comment_info":0,"taxonomy_info":{"product_cat":[{"value":2455,"label":"Check Valve"}],"product_tag":[{"value":2657,"label":"Non Return Valve"},{"value":2661,"label":"NRV Valve"}]},"yoast_head":"<!-- This site is optimized with the Yoast SEO Premium plugin v15.4 - https:\/\/yoast.com\/wordpress\/plugins\/seo\/ -->\n<title>Axial Flow Check Valve - ZECO Valve<\/title>\n<meta name=\"robots\" content=\"index, follow, max-snippet:-1, max-image-preview:large, max-video-preview:-1\" \/>\n<link rel=\"canonical\" href=\"https:\/\/zecovalve.com\/tr\/urun\/axial-flow-check-valve\" \/>\n<meta property=\"og:locale\" content=\"tr_TR\" \/>\n<meta property=\"og:type\" content=\"article\" \/>\n<meta property=\"og:title\" content=\"Axial Flow Check Valve - ZECO Valve\" \/>\n<meta property=\"og:description\" content=\"An axial check valve is a preferred solution for critical non-return applications such as the protection of rotating equipment and systems where ... Read more\" \/>\n<meta property=\"og:url\" content=\"https:\/\/zecovalve.com\/tr\/urun\/axial-flow-check-valve\" \/>\n<meta property=\"og:site_name\" content=\"ZECO Valve\" \/>\n<meta property=\"article:modified_time\" content=\"2023-06-17T02:28:44+00:00\" \/>\n<meta property=\"og:image\" content=\"https:\/\/zecovalve.com\/wp-content\/uploads\/2022\/10\/Axial-Flow-Check-Valve-1.jpg\" \/>\n\t<meta property=\"og:image:width\" content=\"800\" \/>\n\t<meta property=\"og:image:height\" content=\"600\" \/>\n<meta name=\"twitter:card\" content=\"summary_large_image\" \/>\n<meta name=\"twitter:label1\" content=\"Yazan:\">\n\t<meta name=\"twitter:data1\" content=\"Jerry\">\n\t<meta name=\"twitter:label2\" content=\"Tahmini okuma s\u00fcresi\">\n\t<meta name=\"twitter:data2\" content=\"2 dakika\">\n<script type=\"application\/ld+json\" class=\"yoast-schema-graph\">{\"@context\":\"https:\/\/schema.org\",\"@graph\":[{\"@type\":\"WebSite\",\"@id\":\"https:\/\/zecovalve.com\/#website\",\"url\":\"https:\/\/zecovalve.com\/\",\"name\":\"ZECO Valve\",\"description\":\"Industrial Ball Valve, Gate Valve and Globe Valve Manufacturer\",\"potentialAction\":[{\"@type\":\"SearchAction\",\"target\":\"https:\/\/zecovalve.com\/?s={search_term_string}\",\"query-input\":\"required name=search_term_string\"}],\"inLanguage\":\"tr\"},{\"@type\":\"ImageObject\",\"@id\":\"https:\/\/zecovalve.com\/product\/axial-flow-check-valve#primaryimage\",\"inLanguage\":\"tr\",\"url\":\"https:\/\/zecovalve.com\/wp-content\/uploads\/2022\/10\/Axial-Flow-Check-Valve-1.jpg\",\"width\":800,\"height\":600,\"caption\":\"Axial Flow Check Valve\"},{\"@type\":\"WebPage\",\"@id\":\"https:\/\/zecovalve.com\/product\/axial-flow-check-valve#webpage\",\"url\":\"https:\/\/zecovalve.com\/product\/axial-flow-check-valve\",\"name\":\"Axial Flow Check Valve - ZECO Valve\",\"isPartOf\":{\"@id\":\"https:\/\/zecovalve.com\/#website\"},\"primaryImageOfPage\":{\"@id\":\"https:\/\/zecovalve.com\/product\/axial-flow-check-valve#primaryimage\"},\"datePublished\":\"2022-10-24T03:34:13+00:00\",\"dateModified\":\"2023-06-17T02:28:44+00:00\",\"breadcrumb\":{\"@id\":\"https:\/\/zecovalve.com\/product\/axial-flow-check-valve#breadcrumb\"},\"inLanguage\":\"tr\",\"potentialAction\":[{\"@type\":\"ReadAction\",\"target\":[\"https:\/\/zecovalve.com\/product\/axial-flow-check-valve\"]}]},{\"@type\":\"BreadcrumbList\",\"@id\":\"https:\/\/zecovalve.com\/product\/axial-flow-check-valve#breadcrumb\",\"itemListElement\":[{\"@type\":\"ListItem\",\"position\":1,\"item\":{\"@type\":\"WebPage\",\"@id\":\"https:\/\/zecovalve.com\/\",\"url\":\"https:\/\/zecovalve.com\/\",\"name\":\"Home\"}},{\"@type\":\"ListItem\",\"position\":2,\"item\":{\"@type\":\"WebPage\",\"@id\":\"https:\/\/zecovalve.com\/product-category\",\"url\":\"https:\/\/zecovalve.com\/product-category\",\"name\":\"Industrial Valve Manufacturer | Water Valve Manufacturer\"}},{\"@type\":\"ListItem\",\"position\":3,\"item\":{\"@type\":\"WebPage\",\"@id\":\"https:\/\/zecovalve.com\/product\/axial-flow-check-valve\",\"url\":\"https:\/\/zecovalve.com\/product\/axial-flow-check-valve\",\"name\":\"Axial Flow Check Valve\"}}]}]}<\/script>\n<!-- \/ Yoast SEO Premium plugin. -->","_links":{"self":[{"href":"https:\/\/zecovalve.com\/tr\/wp-json\/wp\/v2\/product\/27269","targetHints":{"allow":["GET"]}}],"collection":[{"href":"https:\/\/zecovalve.com\/tr\/wp-json\/wp\/v2\/product"}],"about":[{"href":"https:\/\/zecovalve.com\/tr\/wp-json\/wp\/v2\/types\/product"}],"replies":[{"embeddable":true,"href":"https:\/\/zecovalve.com\/tr\/wp-json\/wp\/v2\/comments?post=27269"}],"wp:featuredmedia":[{"embeddable":true,"href":"https:\/\/zecovalve.com\/tr\/wp-json\/wp\/v2\/media\/27930"}],"wp:attachment":[{"href":"https:\/\/zecovalve.com\/tr\/wp-json\/wp\/v2\/media?parent=27269"}],"wp:term":[{"taxonomy":"product_cat","embeddable":true,"href":"https:\/\/zecovalve.com\/tr\/wp-json\/wp\/v2\/product_cat?post=27269"},{"taxonomy":"product_tag","embeddable":true,"href":"https:\/\/zecovalve.com\/tr\/wp-json\/wp\/v2\/product_tag?post=27269"}],"curies":[{"name":"wp","href":"https:\/\/api.w.org\/{rel}","templated":true}]}}