{"id":27296,"date":"2022-11-01T07:47:56","date_gmt":"2022-11-01T07:47:56","guid":{"rendered":"https:\/\/zecovalve.com\/?post_type=product&#038;p=27296"},"modified":"2023-03-30T08:21:06","modified_gmt":"2023-03-30T08:21:06","slug":"v-ball-valve","status":"publish","type":"product","link":"https:\/\/zecovalve.com\/tr\/urun\/v-ball-valve","title":{"rendered":"V K\u00fcresel Vana"},"content":{"rendered":"<figure class=\"wp-block-image size-full is-resized\"><img loading=\"lazy\" decoding=\"async\" class=\"alignnone wp-image-27794 size-medium\" src=\"https:\/\/zecovalve.com\/wp-content\/uploads\/2022\/11\/V-Ball-Valve-1-300x225.jpg\" alt=\"\" width=\"300\" height=\"225\" srcset=\"https:\/\/zecovalve.com\/wp-content\/uploads\/2022\/11\/V-Ball-Valve-1-300x225.jpg 300w, https:\/\/zecovalve.com\/wp-content\/uploads\/2022\/11\/V-Ball-Valve-1-768x576.jpg 768w, https:\/\/zecovalve.com\/wp-content\/uploads\/2022\/11\/V-Ball-Valve-1-600x450.jpg 600w, https:\/\/zecovalve.com\/wp-content\/uploads\/2022\/11\/V-Ball-Valve-1.jpg 800w\" sizes=\"auto, (max-width: 300px) 100vw, 300px\" \/><\/figure>\r\n\r\n\r\n<div class=\"gb-button-wrapper gb-button-wrapper-6d8495a3\">\r\n\r\n\r\n<p><a class=\"gb-button gb-button-3d442e11 gb-button-text\" href=\"mailto:commercial@zecovalve.com\" target=\"_blank\" rel=\"noopener noreferrer\"><strong>V K\u00dcRESEL VANA FIYATI ALIN<\/strong><\/a><\/p>\r\n<\/div>\r\n\r\n\r\n\r\n\r\n<h2 class=\"wp-block-heading\" id=\"h-what-is-v-port-ball-valve\">V Portlu K\u00fcresel Vana Nedir?<\/h2>\r\n\r\n\r\n\r\n<p>V-portlu k\u00fcresel vana, v \u015feklinde contaya veya v \u015feklinde bilyeye sahip bir kontrol vanas\u0131d\u0131r. 'V' \u015fekli daha iyi ak\u0131\u015fkan kontrol\u00fc sa\u011flar. Kal\u0131planm\u0131\u015f v deli\u011fi, v-port k\u00fcresel vanalar\u0131 di\u011fer k\u00fcresel vana tiplerinden ay\u0131r\u0131r. V deli\u011fi 15\u2070, 30\u2070, 45\u2070, 60\u2070 veya 90\u2070 a\u00e7\u0131l\u0131 olarak mevcuttur.<\/p>\r\n\r\n\r\n\r\n<p>V portlu k\u00fcresel kontrol vanalar\u0131, do\u011frusal ak\u0131\u015f \u00f6zellikleri \u00fcrettikleri i\u00e7in genellikle ak\u0131\u015fkan kontrol\u00fc i\u00e7in tercih edilir. Bir v-port k\u00fcresel vanan\u0131n ak\u0131\u015f \u00f6zellikleri standart port k\u00fcresel vanalar\u0131nkinden farkl\u0131d\u0131r. Bir v-port k\u00fcresel vanadan ge\u00e7en ak\u0131\u015fkan ak\u0131\u015f\u0131, mil d\u00f6n\u00fc\u015f\u00fcndeki art\u0131\u015fla do\u011frusal olarak artar. V-bilyal\u0131 kontrol vanalar\u0131, vanalardan akan ak\u0131\u015fkanlar\u0131n y\u00fcksek h\u0131z\u0131na dayanmak i\u00e7in y\u00fcksek mukavemete sahiptir.<\/p>\r\n\r\n\r\n\r\n<h2 class=\"wp-block-heading\">V K\u00fcresel Vana Nas\u0131l \u00c7al\u0131\u015f\u0131r?<\/h2>\r\n\r\n\r\n\r\n<p>V k\u00fcresel vanalar kapal\u0131 konumdayken ve a\u00e7\u0131lma ba\u015flad\u0131\u011f\u0131nda, \u00f6nce 'v'nin k\u00fc\u00e7\u00fck ucu a\u00e7\u0131l\u0131r. Bu, bu a\u015famada istikrarl\u0131 ak\u0131\u015f kontrol\u00fc sa\u011flar. Y\u00fcksek ak\u0131\u015fkan h\u0131zlar\u0131 standart vanalara zarar verebilece\u011finden, tasar\u0131m genellikle daha sa\u011flam bir yap\u0131 gerektirir. Bir kontrol vanas\u0131 olmas\u0131na ra\u011fmen, v-portlu k\u00fcresel vanalar bir glob vana, bas\u0131n\u00e7 ayar vanas\u0131, dengeleme vanas\u0131 veya i\u011fneli vana kadar hassas kabul edilmez.<\/p>\r\n\r\n\r\n\r\n<h2 class=\"wp-block-heading\">V K\u00fcresel Vanalar Y\u00f6nl\u00fc m\u00fcd\u00fcr?<\/h2>\r\n\r\n\r\n\r\n<p>K\u00fcresel vanalar\u0131n \u00e7o\u011fu \u00e7ift y\u00f6nl\u00fcd\u00fcr ve vanan\u0131n yukar\u0131 ve a\u015fa\u011f\u0131 ak\u0131\u015f taraflar\u0131nda iki sabit veya y\u00fczer yatak bulunur.<\/p>\r\n\r\n\r\n\r\n<h2 class=\"wp-block-heading\">V K\u00fcresel Vanalar\u0131n Avantajlar\u0131<\/h2>\r\n\r\n\r\n\r\n<ul class=\"wp-block-list\">\r\n<li>D\u00fc\u015f\u00fck Bas\u0131n\u00e7 D\u00fc\u015f\u00fcm\u00fc\r\n<ul>\r\n<li>V-port tasar\u0131m\u0131, malzemenin vanadan do\u011frudan akmas\u0131n\u0131 sa\u011flayarak vana boyunca bas\u0131n\u00e7 d\u00fc\u015f\u00fc\u015f\u00fcn\u00fc en aza indirir. V-k\u00fcresel vanalar ayr\u0131ca benzer boyuttaki di\u011fer kontrol vanas\u0131 t\u00fcrlerine k\u0131yasla daha y\u00fcksek ak\u0131\u015f katsay\u0131lar\u0131na (Cv) sahiptir; bu, daha b\u00fcy\u00fck boyuttaki benzer bir kontrol vanas\u0131yla ayn\u0131 ak\u0131\u015f oranlar\u0131n\u0131 elde etmek i\u00e7in daha k\u00fc\u00e7\u00fck bir V-k\u00fcresel vanan\u0131n kullan\u0131labilece\u011fi anlam\u0131na gelir.<\/li>\r\n<\/ul>\r\n<\/li>\r\n<li>Kabarc\u0131k S\u0131k\u0131 Kapatma\r\n<ul>\r\n<li>V-port k\u00fcresel vanalar, mod\u00fclasyonlu ak\u0131\u015f kontrol\u00fcne ek olarak kabarc\u0131k ge\u00e7irmez bir kapatma sa\u011flayacak olan \"y\u00fczen bilye prensibini kullan\u0131r. Vana kapat\u0131ld\u0131\u011f\u0131nda, yukar\u0131 ak\u0131\u015f bas\u0131nc\u0131 bilyeyi a\u015fa\u011f\u0131 ak\u0131\u015f yuvas\u0131na do\u011fru iter ve b\u00f6ylece s\u0131zd\u0131rmazl\u0131\u011f\u0131 art\u0131r\u0131r. Bunlar \u00e7ift y\u00f6nl\u00fc ak\u0131\u015f\u0131 kontrol edebilir veya kapatabilir, bu da \u00f6zellikle gaz uygulamalar\u0131nda faydal\u0131 oldu\u011funu kan\u0131tlar. Kar\u015f\u0131la\u015ft\u0131r\u0131labilir kontrol valfleri genellikle ek kapatma valfleri gerektirir; V-bilyal\u0131 valfler bu ek valflere olan ihtiyac\u0131 ortadan kald\u0131rarak kullan\u0131c\u0131 maliyetinden tasarruf sa\u011flar ve sistemdeki toplam bile\u015fen say\u0131s\u0131n\u0131 azalt\u0131r.<\/li>\r\n<\/ul>\r\n<\/li>\r\n<li>Hassas Ak\u0131\u015f Kontrol\u00fc\r\n<ul>\r\n<li>Hassas i\u015flenmi\u015f V-bilyal\u0131 vanalar 60\u00b0 ve 90\u00b0 V a\u00e7\u0131kl\u0131klar\u0131 ile mevcuttur ve e\u015fit y\u00fczdeli ak\u0131\u015f \u00f6zellikleri sunar. K\u00fcre d\u00f6nd\u00fck\u00e7e, k\u00fcre 0\u00b0 ile 90\u00b0 aras\u0131nda herhangi bir yere konumland\u0131r\u0131larak istenen ak\u0131\u015f h\u0131zlar\u0131 elde edilebilir. Bu vanalarla daha k\u00fc\u00e7\u00fck akt\u00fcat\u00f6rlerin kullan\u0131labilmesi sayesinde tepki s\u00fcresi de artar.<\/li>\r\n<\/ul>\r\n<\/li>\r\n<li>Y\u00fcksek Kapatma Bas\u0131nc\u0131\r\n<ul>\r\n<li>V-k\u00fcresel vanalar \u00e7eyrek tur (90\u00b0) k\u00fcre d\u00f6n\u00fc\u015f\u00fcne sahiptir, bu da \u00e7ok daha y\u00fcksek \u00e7al\u0131\u015fma bas\u0131n\u00e7lar\u0131nda \u00e7al\u0131\u015fmalar\u0131n\u0131 ve kapanmalar\u0131n\u0131 sa\u011flar. Bu nedenle, daha k\u00fc\u00e7\u00fck ve daha d\u00fc\u015f\u00fck torklu akt\u00fcat\u00f6rler kullan\u0131labilir, bu da kullan\u0131c\u0131n\u0131n uygulamas\u0131nda maliyet tasarrufu ve daha y\u00fcksek verimlilik sa\u011flar.<\/li>\r\n<\/ul>\r\n<\/li>\r\n<\/ul>\r\n\r\n\r\n\r\n<h2 class=\"wp-block-heading\">V \u00c7entikli K\u00fcresel Vana Uygulamalar\u0131<\/h2>\r\n\r\n\r\n\r\n<p>Genel anlamda k\u00fcresel vanalar, iletim ve depolama, gaz i\u015fleme, end\u00fcstriyel ve daha pek \u00e7ok uygulama ve pazarda kullan\u0131lmaktad\u0131r. V-Port K\u00fcresel vanalar genellikle asit transferi, tar\u0131m, a\u011fart\u0131c\u0131 kimyasallar, su ar\u0131tma, li\u00e7 asidi, ila\u00e7, at\u0131k i\u015fleme ve g\u0131da i\u015flemede kullan\u0131l\u0131r.<\/p>","protected":false},"excerpt":{"rendered":"<p>V Portlu K\u00fcresel Vana Nedir? V-portlu k\u00fcresel vana, v-\u015fekilli contaya veya v-\u015fekilli bilyeye sahip bir kontrol vanas\u0131d\u0131r. \u2026 <a title=\"V K\u00fcresel Vana\" class=\"read-more\" href=\"https:\/\/zecovalve.com\/tr\/urun\/v-ball-valve\" aria-label=\"V K\u00fcresel Vana hakk\u0131nda daha fazla bilgi\">Daha fazla bilgi edinin<\/a><\/p>","protected":false},"featured_media":27794,"comment_status":"closed","ping_status":"closed","template":"","meta":{"_generate-full-width-content":"","kt_blocks_editor_width":""},"product_cat":[2047,2459],"product_tag":[3254,3244,2832],"class_list":["post-27296","product","type-product","status-publish","has-post-thumbnail","hentry","product_cat-ball-valve","product_cat-ball-valve-by-form","product_tag-ball-valve-stainless-steel","product_tag-stainless-ball-valve","product_tag-stainless-steel-ball-valve","sales-flash-overlay","woocommerce-text-align-center","woocommerce-image-align-center","do-quantity-buttons"],"featured_image_src_large":["https:\/\/zecovalve.com\/wp-content\/uploads\/2022\/11\/V-Ball-Valve-1.jpg",800,600,false],"author_info":[],"comment_info":0,"taxonomy_info":{"product_cat":[{"value":2047,"label":"Ball Valve"},{"value":2459,"label":"Ball Valve By Form"}],"product_tag":[{"value":3254,"label":"Ball Valve Stainless Steel"},{"value":3244,"label":"Stainless Ball Valve"},{"value":2832,"label":"Stainless Steel Ball Valve"}]},"yoast_head":"<!-- This site is optimized with the Yoast SEO Premium plugin v15.4 - https:\/\/yoast.com\/wordpress\/plugins\/seo\/ -->\n<title>V Ball Valve - V Notch Ball Valve Manufacturer | ZECO Valve<\/title>\n<meta name=\"robots\" content=\"index, follow, max-snippet:-1, max-image-preview:large, max-video-preview:-1\" \/>\n<link rel=\"canonical\" href=\"https:\/\/zecovalve.com\/tr\/urun\/v-ball-valve\" \/>\n<meta property=\"og:locale\" content=\"tr_TR\" \/>\n<meta property=\"og:type\" content=\"article\" \/>\n<meta property=\"og:title\" content=\"V Ball Valve - V Notch Ball Valve Manufacturer | ZECO Valve\" \/>\n<meta property=\"og:description\" content=\"What is V Port Ball Valve? A v-port ball valve is a control valve with a v-shaped seal or v-shaped ball. The ... Read more\" \/>\n<meta property=\"og:url\" content=\"https:\/\/zecovalve.com\/tr\/urun\/v-ball-valve\" \/>\n<meta property=\"og:site_name\" content=\"ZECO Valve\" \/>\n<meta property=\"article:modified_time\" content=\"2023-03-30T08:21:06+00:00\" \/>\n<meta property=\"og:image\" content=\"https:\/\/zecovalve.com\/wp-content\/uploads\/2022\/11\/V-Ball-Valve-1.jpg\" \/>\n\t<meta property=\"og:image:width\" content=\"800\" \/>\n\t<meta property=\"og:image:height\" content=\"600\" \/>\n<meta name=\"twitter:card\" content=\"summary_large_image\" \/>\n<meta name=\"twitter:label1\" content=\"Yazan:\">\n\t<meta name=\"twitter:data1\" content=\"Jerry\">\n\t<meta name=\"twitter:label2\" content=\"Tahmini okuma s\u00fcresi\">\n\t<meta name=\"twitter:data2\" content=\"2 dakika\">\n<script type=\"application\/ld+json\" class=\"yoast-schema-graph\">{\"@context\":\"https:\/\/schema.org\",\"@graph\":[{\"@type\":\"WebSite\",\"@id\":\"https:\/\/zecovalve.com\/#website\",\"url\":\"https:\/\/zecovalve.com\/\",\"name\":\"ZECO Valve\",\"description\":\"Industrial Ball Valve, Gate Valve and Globe Valve Manufacturer\",\"potentialAction\":[{\"@type\":\"SearchAction\",\"target\":\"https:\/\/zecovalve.com\/?s={search_term_string}\",\"query-input\":\"required name=search_term_string\"}],\"inLanguage\":\"tr\"},{\"@type\":\"ImageObject\",\"@id\":\"https:\/\/zecovalve.com\/product\/v-ball-valve#primaryimage\",\"inLanguage\":\"tr\",\"url\":\"https:\/\/zecovalve.com\/wp-content\/uploads\/2022\/11\/V-Ball-Valve-1.jpg\",\"width\":800,\"height\":600},{\"@type\":\"WebPage\",\"@id\":\"https:\/\/zecovalve.com\/product\/v-ball-valve#webpage\",\"url\":\"https:\/\/zecovalve.com\/product\/v-ball-valve\",\"name\":\"V Ball Valve - V Notch Ball Valve Manufacturer | ZECO Valve\",\"isPartOf\":{\"@id\":\"https:\/\/zecovalve.com\/#website\"},\"primaryImageOfPage\":{\"@id\":\"https:\/\/zecovalve.com\/product\/v-ball-valve#primaryimage\"},\"datePublished\":\"2022-11-01T07:47:56+00:00\",\"dateModified\":\"2023-03-30T08:21:06+00:00\",\"breadcrumb\":{\"@id\":\"https:\/\/zecovalve.com\/product\/v-ball-valve#breadcrumb\"},\"inLanguage\":\"tr\",\"potentialAction\":[{\"@type\":\"ReadAction\",\"target\":[\"https:\/\/zecovalve.com\/product\/v-ball-valve\"]}]},{\"@type\":\"BreadcrumbList\",\"@id\":\"https:\/\/zecovalve.com\/product\/v-ball-valve#breadcrumb\",\"itemListElement\":[{\"@type\":\"ListItem\",\"position\":1,\"item\":{\"@type\":\"WebPage\",\"@id\":\"https:\/\/zecovalve.com\/\",\"url\":\"https:\/\/zecovalve.com\/\",\"name\":\"Home\"}},{\"@type\":\"ListItem\",\"position\":2,\"item\":{\"@type\":\"WebPage\",\"@id\":\"https:\/\/zecovalve.com\/product-category\",\"url\":\"https:\/\/zecovalve.com\/product-category\",\"name\":\"Industrial Valve Manufacturer | Water Valve Manufacturer\"}},{\"@type\":\"ListItem\",\"position\":3,\"item\":{\"@type\":\"WebPage\",\"@id\":\"https:\/\/zecovalve.com\/product\/v-ball-valve\",\"url\":\"https:\/\/zecovalve.com\/product\/v-ball-valve\",\"name\":\"V Ball Valve\"}}]}]}<\/script>\n<!-- \/ Yoast SEO Premium plugin. -->","_links":{"self":[{"href":"https:\/\/zecovalve.com\/tr\/wp-json\/wp\/v2\/product\/27296","targetHints":{"allow":["GET"]}}],"collection":[{"href":"https:\/\/zecovalve.com\/tr\/wp-json\/wp\/v2\/product"}],"about":[{"href":"https:\/\/zecovalve.com\/tr\/wp-json\/wp\/v2\/types\/product"}],"replies":[{"embeddable":true,"href":"https:\/\/zecovalve.com\/tr\/wp-json\/wp\/v2\/comments?post=27296"}],"wp:featuredmedia":[{"embeddable":true,"href":"https:\/\/zecovalve.com\/tr\/wp-json\/wp\/v2\/media\/27794"}],"wp:attachment":[{"href":"https:\/\/zecovalve.com\/tr\/wp-json\/wp\/v2\/media?parent=27296"}],"wp:term":[{"taxonomy":"product_cat","embeddable":true,"href":"https:\/\/zecovalve.com\/tr\/wp-json\/wp\/v2\/product_cat?post=27296"},{"taxonomy":"product_tag","embeddable":true,"href":"https:\/\/zecovalve.com\/tr\/wp-json\/wp\/v2\/product_tag?post=27296"}],"curies":[{"name":"wp","href":"https:\/\/api.w.org\/{rel}","templated":true}]}}